{"id":111,"date":"2014-04-01T02:05:48","date_gmt":"2014-04-01T00:05:48","guid":{"rendered":"http:\/\/biharugra.reformatus.hu\/?page_id=111"},"modified":"2017-09-28T09:38:10","modified_gmt":"2017-09-28T08:38:10","slug":"igehirdetesek","status":"publish","type":"page","link":"https:\/\/biharugra.reformatus.hu\/?page_id=111","title":{"rendered":"Igehirdet\u00e9sek 2014"},"content":{"rendered":"<div class=\"entry-content\" itemprop=\"text\">\n<table class=\" table table-bordered table-striped\">\n<tr>\n<th style=\"text-align: center;\" colspan=\"4\" align=\"center\"><img data-recalc-dims=\"1\" decoding=\"async\" src=\"https:\/\/i0.wp.com\/biharugra.reformatus.hu\/wp-content\/uploads\/2015\/08\/Igehirdetesek-2014.jpg?w=640\" alt=\"Igehirdetesek-2014\"  class=\"aligncenter\">\n<\/th><\/tr>\n<tr>\n<td><span style=\"text-decoration: underline;\">d&#xE1;tum<\/span><\/td>\n<td><span style=\"text-decoration: underline;\">alkalom neve<\/span><\/td>\n<td><span style=\"text-decoration: underline;\">alapige<\/span><\/td>\n<td><span style=\"text-decoration: underline;\">let&#xF6;lt&#xE9;s<\/span><\/td>\n<\/tr>\n<tr>\n<td>2014.01.01<\/td>\n<td>&#xDA;j&#xE9;v reggele<\/td>\n<td>Zsolt 90:1-17; Zsolt 90:14<\/td>\n<td><a href=\"https:\/\/drive.google.com\/uc?export=download&amp;id=0B45EkTlhppYeYU93SFF2SWdmLVU\">let&#xF6;lt&#xE9;s<\/a><\/td>\n<\/tr>\n<tr>\n<td>2014.01.05<\/td>\n<td>Vas&#xE1;rnap<\/td>\n<td>1 S&#xE1;m 4:1-11; 1 S&#xE1;m 4:8<\/td>\n<td><a href=\"https:\/\/drive.google.com\/uc?export=download&amp;id=0B45EkTlhppYeVlhXYmZGYjJKQjQ\">let&#xF6;lt&#xE9;s<\/a><\/td>\n<\/tr>\n<tr>\n<td>2014.01.12<\/td>\n<td>Vas&#xE1;rnap<\/td>\n<td>1 S&#xE1;m 10:17-24; 1 S&#xE1;m 15:22-23<\/td>\n<td><a href=\"https:\/\/drive.google.com\/uc?export=download&amp;id=0B45EkTlhppYeZVNnZ0dVWGwtWWc\">let&#xF6;lt&#xE9;s<\/a><\/td>\n<\/tr>\n<tr>\n<td>2014.01.19<\/td>\n<td>Vas&#xE1;rnap<\/td>\n<td>1 S&#xE1;m 16:1-13; 1 S&#xE1;m 16:7<\/td>\n<td><a href=\"https:\/\/drive.google.com\/uc?export=download&amp;id=0B45EkTlhppYeVDk1dExWSlJoQU0\">let&#xF6;lt&#xE9;s<\/a><\/td>\n<\/tr>\n<tr>\n<td>2014.01.26<\/td>\n<td>Vas&#xE1;rnap<\/td>\n<td>1 Sam 17:31-46; 1 S&#xE1;m 17:47<\/td>\n<td><a href=\"https:\/\/drive.google.com\/uc?export=download&amp;id=0B45EkTlhppYebi1jWWtaZ0FQWUE\">let&#xF6;lt&#xE9;s<\/a><\/td>\n<\/tr>\n<tr>\n<td>2014.02.02<\/td>\n<td>Vas&#xE1;rnap<\/td>\n<td>1 S&#xE1;m 18:3-4; 1 S&#xE1;m 19:4-5; 1 S&#xE1;m 20:40-42<\/td>\n<td><a href=\"https:\/\/drive.google.com\/uc?export=download&amp;id=0B45EkTlhppYeWVVEQmVSY0RaWTA\">let&#xF6;lt&#xE9;s<\/a><\/td>\n<\/tr>\n<tr>\n<td>2014.02.09<\/td>\n<td>Vas&#xE1;rnap<\/td>\n<td>2 S&#xE1;m 12:1-7; Zsolt 51:1-14<\/td>\n<td><a href=\"https:\/\/drive.google.com\/uc?export=download&amp;id=0B45EkTlhppYecHl1ZkFFdDJmOWs\">let&#xF6;lt&#xE9;s<\/a><\/td>\n<\/tr>\n<tr>\n<td>2014.02.16<\/td>\n<td>Vas&#xE1;rnap<\/td>\n<td>2 S&#xE1;m 12:13-23; 2 S&#xE1;m 12:24-25<\/td>\n<td><a href=\"https:\/\/drive.google.com\/uc?export=download&amp;id=0B45EkTlhppYeVW8yNlcwS1lMdjA\">let&#xF6;lt&#xE9;s<\/a><\/td>\n<\/tr>\n<tr>\n<td>2014.02.23<\/td>\n<td>Vas&#xE1;rnap<\/td>\n<td>2 S&#xE1;m 24:10-19; 2 S&#xE1;m 24:14<\/td>\n<td><a href=\"https:\/\/drive.google.com\/uc?export=download&amp;id=0B-MokdnsLM8Bc0FMNG1lTFVLV3c\">let&#xF6;lt&#xE9;s<\/a><\/td>\n<\/tr>\n<tr>\n<td>2014.03.02<\/td>\n<td>Vas&#xE1;rnap<\/td>\n<td>1 M&#xF3;z 6:9-22; 1 M&#xF3;z 7:7<\/td>\n<td><a href=\"https:\/\/drive.google.com\/uc?export=download&amp;id=0B-MokdnsLM8BWWJnZ0VIVWJrWlk\">let&#xF6;lt&#xE9;s<\/a><\/td>\n<\/tr>\n<tr>\n<td>2014.03.09<\/td>\n<td>B&#xF6;jt<\/td>\n<td>Eszter 4; &#xC9;zs 45:15<\/td>\n<td><a href=\"https:\/\/drive.google.com\/uc?export=download&amp;id=0B-MokdnsLM8Bb1dxSzYxRnlNcHc\">let&#xF6;lt&#xE9;s<\/a><\/td>\n<\/tr>\n<tr>\n<td>2014.03.16<\/td>\n<td>Vas&#xE1;rnap<\/td>\n<td>Zsid 11:32-38; Pr&#xE9;d 9:12<\/td>\n<td><a href=\"https:\/\/drive.google.com\/uc?export=download&amp;id=0B-MokdnsLM8BRUx4bHgyUmxxLXM\">let&#xF6;lt&#xE9;s<\/a><\/td>\n<\/tr>\n<tr>\n<td>2014.03.30<\/td>\n<td>Vas&#xE1;rnap<\/td>\n<td>Ef 5:21-33; P&#xE9;ld 30:18-19<\/td>\n<td><a href=\"https:\/\/drive.google.com\/uc?export=download&amp;id=0B45EkTlhppYeZVRCNnhvQi16V3M\">let&#xF6;lt&#xE9;s<\/a><\/td>\n<\/tr>\n<tr>\n<td>2014.04.06<\/td>\n<td>Vas&#xE1;rnap<\/td>\n<td>1 M&#xF3;z 2:18-25; 1 Kor 7:4<\/td>\n<td><a href=\"https:\/\/drive.google.com\/uc?export=download&amp;id=0B45EkTlhppYeUDFkYzZSUFJ4UW8\">let&#xF6;lt&#xE9;s<\/a><\/td>\n<\/tr>\n<tr>\n<td>2014.04.13<\/td>\n<td>Vir&#xE1;gvas&#xE1;rnap<\/td>\n<td>Lk 12:35-40; Zak 9:9<\/td>\n<td><a href=\"https:\/\/drive.google.com\/uc?export=download&amp;id=0B45EkTlhppYeeVUzcmR6X0drMUE\">let&#xF6;lt&#xE9;s<\/a><\/td>\n<\/tr>\n<tr>\n<td>2014.04.18<\/td>\n<td>Nagyp&#xE9;ntek<\/td>\n<td>Mt 27:1-5,11-26; Rm 5:10<\/td>\n<td><a href=\"https:\/\/drive.google.com\/uc?export=download&amp;id=0B45EkTlhppYeYVdVUFBFNkpIRTA\">let&#xF6;lt&#xE9;s<\/a><\/td>\n<\/tr>\n<tr>\n<td>2014.04.20<\/td>\n<td>H&#xFA;sv&#xE9;t 1.<\/td>\n<td>1 Kor 15:1-22; 1 Kor 15:19<\/td>\n<td><a href=\"https:\/\/drive.google.com\/uc?export=download&amp;id=0B45EkTlhppYeQ2Z6aVVuNWN5SlE\">let&#xF6;lt&#xE9;s<\/a><\/td>\n<\/tr>\n<tr>\n<td>2014.04.21<\/td>\n<td>H&#xFA;sv&#xE9;t 2.<\/td>\n<td>Lk 24:36-48; Rm 10:9-10<\/td>\n<td><a href=\"https:\/\/drive.google.com\/uc?export=download&amp;id=0B45EkTlhppYeSjRPdUJUcS1aYUk\">let&#xF6;lt&#xE9;s<\/a><\/td>\n<\/tr>\n<tr>\n<td>2014.04.27<\/td>\n<td>Vas&#xE1;rnap<\/td>\n<td>Kol 3:8-25; Kol 3:12-13<\/td>\n<td><a href=\"https:\/\/drive.google.com\/uc?export=download&amp;id=0B45EkTlhppYebU8tWWNNTXlmN3M\">let&#xF6;lt&#xE9;s<\/a><\/td>\n<\/tr>\n<tr>\n<td>2014.05.04<\/td>\n<td>Any&#xE1;k napja<\/td>\n<td>1 Kir 3:16-28; Tit 2:4-5<\/td>\n<td><a href=\"https:\/\/drive.google.com\/uc?export=download&amp;id=0B45EkTlhppYeQXdoWF83Qm91ZVU\">let&#xF6;lt&#xE9;s<\/a><\/td>\n<\/tr>\n<tr>\n<td>2014.05.11<\/td>\n<td>Vas&#xE1;rnap<\/td>\n<td>Mt 11:16-24; Mt 11:15<\/td>\n<td><a href=\"https:\/\/drive.google.com\/uc?export=download&amp;id=0B45EkTlhppYeZG8tT0V4ZXYtNHc\">let&#xF6;lt&#xE9;s<\/a><\/td>\n<\/tr>\n<tr>\n<td>2014.05.18<\/td>\n<td>Vas&#xE1;rnap<\/td>\n<td>Lk 11:1-13; Lk 11:5-8<\/td>\n<td><a href=\"https:\/\/drive.google.com\/uc?export=download&amp;id=0B45EkTlhppYeVW1mZ09UckJ3ek0\">let&#xF6;lt&#xE9;s<\/a><\/td>\n<\/tr>\n<tr>\n<td>2014.05.25<\/td>\n<td>Vas&#xE1;rnap<\/td>\n<td>Lk 16:1-13; Lk 16:10<\/td>\n<td><a href=\"https:\/\/drive.google.com\/uc?export=download&amp;id=0B45EkTlhppYeX2NIc1BLWG04WDQ\">let&#xF6;lt&#xE9;s<\/a><\/td>\n<\/tr>\n<tr>\n<td>2014.05.29<\/td>\n<td>Mennybementel<\/td>\n<td>ApCsel 1:6-12; Zsid 12:2<\/td>\n<td><a href=\"https:\/\/drive.google.com\/uc?export=download&amp;id=0B45EkTlhppYeWVhRTEgxWksyRHM\">let&#xF6;lt&#xE9;s<\/a><\/td>\n<\/tr>\n<tr>\n<td>2014.06.08<\/td>\n<td>P&#xFC;nk&#xF6;sd 1.<\/td>\n<td>ApCsel 2:1-13; ApCsel 2:1-4<\/td>\n<td><a href=\"https:\/\/drive.google.com\/uc?export=download&amp;id=0B45EkTlhppYeazR0QXhXNTlTWFk\">let&#xF6;lt&#xE9;s<\/a><\/td>\n<\/tr>\n<tr>\n<td>2014.06.09<\/td>\n<td>P&#xFC;nk&#xF6;sd 2.<\/td>\n<td>Joel 3:1-5<\/td>\n<td><a href=\"https:\/\/drive.google.com\/uc?export=download&amp;id=0B45EkTlhppYeQW12WFF3dEY5R3c\">let&#xF6;lt&#xE9;s<\/a><\/td>\n<\/tr>\n<tr>\n<td>2014.06.15<\/td>\n<td>Vas&#xE1;rnap<\/td>\n<td>Mt 7:13-23; Mt 7:13-14<\/td>\n<td><a href=\"https:\/\/drive.google.com\/uc?export=download&amp;id=0B45EkTlhppYedXAxbm9mVjNVMjQ\">let&#xF6;lt&#xE9;s<\/a><\/td>\n<\/tr>\n<tr>\n<td>2014.06.29<\/td>\n<td>Vas&#xE1;rnap<\/td>\n<td>Lk 12:13-21; Zsolt 39:7-8<\/td>\n<td><a href=\"https:\/\/drive.google.com\/uc?export=download&amp;id=0B45EkTlhppYeU1I2X3hVa3otV2c\">let&#xF6;lt&#xE9;s<\/a><\/td>\n<\/tr>\n<tr>\n<td>2014.07.13<\/td>\n<td>Vas&#xE1;rnap<\/td>\n<td>Lk 14:16-23; Jel 19:9<\/td>\n<td><a href=\"https:\/\/drive.google.com\/uc?export=download&amp;id=0B45EkTlhppYeemxVTl9Ub1Z0eU0\">let&#xF6;lt&#xE9;s<\/a><\/td>\n<\/tr>\n<tr>\n<td>2014.08.10<\/td>\n<td>Vas&#xE1;rnap<\/td>\n<td>Kol 3:5-11; 1 M&#xF3;z 35:2b<\/td>\n<td><a href=\"https:\/\/drive.google.com\/uc?export=download&amp;id=0B45EkTlhppYeTEdKbTBVRkdFTFE\">let&#xF6;lt&#xE9;s<\/a><\/td>\n<\/tr>\n<tr>\n<td>2014.08.17<\/td>\n<td>Vas&#xE1;rnap<\/td>\n<td>1 Pt 3:9-16; Rm 12:18<\/td>\n<td><a href=\"https:\/\/drive.google.com\/uc?export=download&amp;id=0B45EkTlhppYeV0dwM3VlQURhbjg\">let&#xF6;lt&#xE9;s<\/a><\/td>\n<\/tr>\n<tr>\n<td>2014.08.20<\/td>\n<td>Augusztus 20.<\/td>\n<td>Lk 20:25<\/td>\n<td><a href=\"https:\/\/drive.google.com\/uc?export=download&amp;id=0B45EkTlhppYeSEdkZFhCS09kVkU\">let&#xF6;lt&#xE9;s<\/a><\/td>\n<\/tr>\n<tr>\n<td>2014.08.24<\/td>\n<td>&#xDA;jkeny&#xE9;r<\/td>\n<td>Zsolt 103; 3 M&#xF3;z 23:14<\/td>\n<td><a href=\"https:\/\/drive.google.com\/uc?export=download&amp;id=0B45EkTlhppYeZDNObG1peHlJV0U\">let&#xF6;lt&#xE9;s<\/a><\/td>\n<\/tr>\n<tr>\n<td>2014.08.31<\/td>\n<td>Vas&#xE1;rnap<\/td>\n<td>Zsolt 127:1-5<\/td>\n<td><a href=\"https:\/\/drive.google.com\/uc?export=download&amp;id=0B45EkTlhppYeaEhoRmN5WS1qaXM\">let&#xF6;lt&#xE9;s<\/a><\/td>\n<\/tr>\n<tr>\n<td>2014.09.07<\/td>\n<td>Vas&#xE1;rnap<\/td>\n<td>Zsid 11:1-31; Jn 20:30-31<\/td>\n<td><a href=\"https:\/\/drive.google.com\/uc?export=download&amp;id=0B45EkTlhppYeNzVHa3J2cnlTQnc\">let&#xF6;lt&#xE9;s<\/a><\/td>\n<\/tr>\n<tr>\n<td>2014.09.14<\/td>\n<td>Vas&#xE1;rnap<\/td>\n<td>ApCsel 17:22-34; ApCsel 17:30<\/td>\n<td><a href=\"https:\/\/drive.google.com\/uc?export=download&amp;id=0B45EkTlhppYeakJMMUljMi1aSFU\">let&#xF6;lt&#xE9;s<\/a><\/td>\n<\/tr>\n<tr>\n<td>2014.09.28<\/td>\n<td>Vas&#xE1;rnap<\/td>\n<td>Jn 16:16-22; Jn 15:11<\/td>\n<td><a href=\"https:\/\/drive.google.com\/uc?export=download&amp;id=0B45EkTlhppYeS3RHLWxZMWswTTg\">let&#xF6;lt&#xE9;s<\/a><\/td>\n<\/tr>\n<tr>\n<td>2014.10.19<\/td>\n<td>Vas&#xE1;rnap<\/td>\n<td>D&#xE1;n 4:16-34; &#xC9;zs 52:15<\/td>\n<td><a href=\"https:\/\/drive.google.com\/uc?export=download&amp;id=0B45EkTlhppYeV095OFNoSWdQOUE\">let&#xF6;lt&#xE9;s<\/a><\/td>\n<\/tr>\n<tr>\n<td>2014.10.23<\/td>\n<td>Okt&#xF3;ber 23.<\/td>\n<td>Lk 11:24-26<\/td>\n<td><a href=\"https:\/\/drive.google.com\/uc?export=download&amp;id=0B45EkTlhppYea1kwOFJkcFdkdlk\">let&#xF6;lt&#xE9;s<\/a><\/td>\n<\/tr>\n<tr>\n<td>2014.11.02<\/td>\n<td>&#xDA;jbor<\/td>\n<td>Jn 15:1-17; Jn 15:4<\/td>\n<td><a href=\"https:\/\/drive.google.com\/uc?export=download&amp;id=0B45EkTlhppYec2tWWG1ZdU9kRWM\">let&#xF6;lt&#xE9;s<\/a><\/td>\n<\/tr>\n<tr>\n<td>2014.11.09<\/td>\n<td>Vas&#xE1;rnap<\/td>\n<td>1Jn 3:24-4:1-6; 1Kor 12:3<\/td>\n<td><a href=\"https:\/\/drive.google.com\/uc?export=download&amp;id=0B45EkTlhppYeUjdZRndLUFhWdUk\">let&#xF6;lt&#xE9;s<\/a><\/td>\n<\/tr>\n<tr>\n<td>2014.11.16<\/td>\n<td>Vas&#xE1;rnap<\/td>\n<td>Ruth 1; Ruth 1:15-18<\/td>\n<td><a href=\"https:\/\/drive.google.com\/uc?export=download&amp;id=0B45EkTlhppYeeDQwY2lqNWo5N3c\">let&#xF6;lt&#xE9;s<\/a><\/td>\n<\/tr>\n<tr>\n<td>2014.11.23<\/td>\n<td>Vas&#xE1;rnap<\/td>\n<td>Ruth 2; Ruth 2:12<\/td>\n<td><a href=\"https:\/\/drive.google.com\/uc?export=download&amp;id=0B45EkTlhppYeb2tERlp0eFFOYkE\">let&#xF6;lt&#xE9;s<\/a><\/td>\n<\/tr>\n<tr>\n<td>2014.11.30<\/td>\n<td>Advent 1.<\/td>\n<td>Ruth 3; Jer 49:11<\/td>\n<td><a href=\"https:\/\/drive.google.com\/uc?export=download&amp;id=0B45EkTlhppYeSzQ0LTFVWTFTaTA\">let&#xF6;lt&#xE9;s<\/a><\/td>\n<\/tr>\n<tr>\n<td>2014.12.07<\/td>\n<td>Advent 2.<\/td>\n<td>Ruth 4; Jn 19:30<\/td>\n<td><a href=\"https:\/\/drive.google.com\/uc?export=download&amp;id=0B45EkTlhppYea0FqQXFHMHM2OE0\">let&#xF6;lt&#xE9;s<\/a><\/td>\n<\/tr>\n<tr>\n<td>2014.12.14<\/td>\n<td>Advent 3.<\/td>\n<td>&#xC9;zs 9:1-7; Mt 1:22-23<\/td>\n<td><a href=\"https:\/\/drive.google.com\/uc?export=download&amp;id=0B45EkTlhppYeNzhlNWpvbWNzSEE\">let&#xF6;lt&#xE9;s<\/a><\/td>\n<\/tr>\n<tr>\n<td>2014.12.21<\/td>\n<td>Advent 4.<\/td>\n<td>B&#xED;r 3:9; Zsid 2:14-15<\/td>\n<td><a href=\"https:\/\/drive.google.com\/uc?export=download&amp;id=0B45EkTlhppYeRld3QlJ3TEVKa0U\">let&#xF6;lt&#xE9;s<\/a><\/td>\n<\/tr>\n<tr>\n<td>2014.10.24<\/td>\n<td>Szenteste<\/td>\n<td>Mk 10:45<\/td>\n<td><a href=\"https:\/\/drive.google.com\/uc?export=download&amp;id=0B45EkTlhppYebXllTnlWWUJIWTQ\">let&#xF6;lt&#xE9;s<\/a><\/td>\n<\/tr>\n<tr>\n<td>2014.12.25<\/td>\n<td>Kar&#xE1;csony 1.<\/td>\n<td>1Kor 13:1-8a; Jn 12:32<\/td>\n<td><a href=\"https:\/\/drive.google.com\/uc?export=download&amp;id=0B45EkTlhppYeZzVNa01ZMTcxcVU\">let&#xF6;lt&#xE9;s<\/a><\/td>\n<\/tr>\n<tr>\n<td>2014.12.26<\/td>\n<td>Kar&#xE1;csony 2.<\/td>\n<td>Lk 4:14-30; Lk 4:18-19<\/td>\n<td><a href=\"https:\/\/drive.google.com\/uc?export=download&amp;id=0B45EkTlhppYeY2lkZTFLdTI4Rk0\">let&#xF6;lt&#xE9;s<\/a><\/td>\n<\/tr>\n<tr>\n<td>2014.12.28<\/td>\n<td>Vas&#xE1;rnap<\/td>\n<td>1Pt 1:13-25; 1Pt 1:20<\/td>\n<td><a href=\"https:\/\/drive.google.com\/uc?export=download&amp;id=0B45EkTlhppYeU2FiQUtVNThkZzQ\">let&#xF6;lt&#xE9;s<\/a><\/td>\n<\/tr>\n<tr>\n<td>2014.12.31<\/td>\n<td>&#xD3;&#xE9;v est&#xE9;je<\/td>\n<td>Jel 21:1-8<\/td>\n<td><a href=\"https:\/\/drive.google.com\/uc?export=download&amp;id=0B45EkTlhppYeaXI1RzdyV2Y2M2c\">let&#xF6;lt&#xE9;s<\/a><\/td>\n<\/tr>\n<\/table>\n<p><center><span style=\"font-size: large;\">Az igehirdet\u00e9sek meghallgat\u00e1sa,<\/span><br \/>\n<span style=\"font-size: xx-large;\"><span style=\"text-decoration: underline;\">NEM P\u00d3TOLJA<\/span><\/span><span style=\"font-size: large;\"><br \/>Isten, gy\u00fclekezeti k\u00f6z\u00f6ss\u00e9gben megnyerhet\u0151 \u00e1ld\u00e1sait!<br \/>\n<i>V\u00e1rjuk szeretettel!<\/i><\/span><\/center><\/p>\n\n\n<\/div>\n","protected":false},"excerpt":{"rendered":"<div class=\"entry-summary\" itemprop=\"text\">\n<p>Az igehirdet\u00e9sek meghallgat\u00e1sa, NEM P\u00d3TOLJAIsten, gy\u00fclekezeti k\u00f6z\u00f6ss\u00e9gben megnyerhet\u0151 \u00e1ld\u00e1sait! V\u00e1rjuk szeretettel!<\/p>\n\n<\/div>\n","protected":false},"author":1,"featured_media":0,"parent":0,"menu_order":2,"comment_status":"closed","ping_status":"open","template":"","meta":{"footnotes":""},"class_list":["post-111","page","type-page","status-publish","hentry","entry-lead"],"jetpack_shortlink":"https:\/\/wp.me\/P9cS46-1N","jetpack-related-posts":[{"id":1213,"url":"https:\/\/biharugra.reformatus.hu\/?page_id=1213","url_meta":{"origin":111,"position":0},"title":"Igehirdet\u00e9sek 2016","author":"Webmester","date":"2016.01.05.","format":false,"excerpt":"Az igehirdet\u00e9sek meghallgat\u00e1sa, NEM P\u00d3TOLJAIsten, gy\u00fclekezeti k\u00f6z\u00f6ss\u00e9gben megnyerhet\u0151 \u00e1ld\u00e1sait! V\u00e1rjuk szeretettel!","rel":"","context":"Similar post","block_context":{"text":"Similar post","link":""},"img":{"alt_text":"","src":"","width":0,"height":0},"classes":[]},{"id":2932,"url":"https:\/\/biharugra.reformatus.hu\/?page_id=2932","url_meta":{"origin":111,"position":1},"title":"Igehirdet\u00e9sek 2020","author":"Webmester","date":"2019.12.31.","format":false,"excerpt":"Az igehirdet\u00e9sek meghallgat\u00e1sa, NEM P\u00d3TOLJA Isten, gy\u00fclekezeti k\u00f6z\u00f6ss\u00e9gben megnyerhet\u0151 \u00e1ld\u00e1sait! V\u00e1rjuk szeretettel!","rel":"","context":"Similar post","block_context":{"text":"Similar post","link":""},"img":{"alt_text":"","src":"","width":0,"height":0},"classes":[]},{"id":2593,"url":"https:\/\/biharugra.reformatus.hu\/?page_id=2593","url_meta":{"origin":111,"position":2},"title":"Igehirdet\u00e9sek 2019","author":"Webmester","date":"2019.01.02.","format":false,"excerpt":"Az igehirdet\u00e9sek meghallgat\u00e1sa, NEM P\u00d3TOLJA Isten, gy\u00fclekezeti k\u00f6z\u00f6ss\u00e9gben megnyerhet\u0151 \u00e1ld\u00e1sait! V\u00e1rjuk szeretettel!","rel":"","context":"Similar post","block_context":{"text":"Similar post","link":""},"img":{"alt_text":"","src":"","width":0,"height":0},"classes":[]},{"id":788,"url":"https:\/\/biharugra.reformatus.hu\/?page_id=788","url_meta":{"origin":111,"position":3},"title":"Igehirdet\u00e9sek 2015","author":"Webmester","date":"2015.01.02.","format":false,"excerpt":"Az igehirdet\u00e9sek meghallgat\u00e1sa, NEM P\u00d3TOLJAIsten, gy\u00fclekezeti k\u00f6z\u00f6ss\u00e9gben megnyerhet\u0151 \u00e1ld\u00e1sait! V\u00e1rjuk szeretettel!","rel":"","context":"Similar post","block_context":{"text":"Similar post","link":""},"img":{"alt_text":"","src":"","width":0,"height":0},"classes":[]},{"id":2163,"url":"https:\/\/biharugra.reformatus.hu\/?page_id=2163","url_meta":{"origin":111,"position":4},"title":"Igehirdet\u00e9sek 2018","author":"Webmester","date":"2017.12.31.","format":false,"excerpt":"Az igehirdet\u00e9sek meghallgat\u00e1sa, NEM P\u00d3TOLJA Isten, gy\u00fclekezeti k\u00f6z\u00f6ss\u00e9gben megnyerhet\u0151 \u00e1ld\u00e1sait! V\u00e1rjuk szeretettel!","rel":"","context":"Similar post","block_context":{"text":"Similar post","link":""},"img":{"alt_text":"","src":"","width":0,"height":0},"classes":[]},{"id":1372,"url":"https:\/\/biharugra.reformatus.hu\/?page_id=1372","url_meta":{"origin":111,"position":5},"title":"Igehirdet\u00e9sek 2017","author":"Webmester","date":"2016.12.25.","format":false,"excerpt":"Az igehirdet\u00e9sek meghallgat\u00e1sa, NEM P\u00d3TOLJA Isten, gy\u00fclekezeti k\u00f6z\u00f6ss\u00e9gben megnyerhet\u0151 \u00e1ld\u00e1sait! V\u00e1rjuk szeretettel!","rel":"","context":"Similar post","block_context":{"text":"Similar post","link":""},"img":{"alt_text":"","src":"","width":0,"height":0},"classes":[]}],"jetpack_sharing_enabled":true,"_links":{"self":[{"href":"https:\/\/biharugra.reformatus.hu\/index.php?rest_route=\/wp\/v2\/pages\/111","targetHints":{"allow":["GET"]}}],"collection":[{"href":"https:\/\/biharugra.reformatus.hu\/index.php?rest_route=\/wp\/v2\/pages"}],"about":[{"href":"https:\/\/biharugra.reformatus.hu\/index.php?rest_route=\/wp\/v2\/types\/page"}],"author":[{"embeddable":true,"href":"https:\/\/biharugra.reformatus.hu\/index.php?rest_route=\/wp\/v2\/users\/1"}],"replies":[{"embeddable":true,"href":"https:\/\/biharugra.reformatus.hu\/index.php?rest_route=%2Fwp%2Fv2%2Fcomments&post=111"}],"version-history":[{"count":100,"href":"https:\/\/biharugra.reformatus.hu\/index.php?rest_route=\/wp\/v2\/pages\/111\/revisions"}],"predecessor-version":[{"id":1739,"href":"https:\/\/biharugra.reformatus.hu\/index.php?rest_route=\/wp\/v2\/pages\/111\/revisions\/1739"}],"wp:attachment":[{"href":"https:\/\/biharugra.reformatus.hu\/index.php?rest_route=%2Fwp%2Fv2%2Fmedia&parent=111"}],"curies":[{"name":"wp","href":"https:\/\/api.w.org\/{rel}","templated":true}]}}