{"id":1213,"date":"2016-01-05T09:04:34","date_gmt":"2016-01-05T08:04:34","guid":{"rendered":"http:\/\/biharugra.reformatus.hu\/?page_id=1213"},"modified":"2017-09-28T09:37:28","modified_gmt":"2017-09-28T08:37:28","slug":"igehirdetesek-2016","status":"publish","type":"page","link":"https:\/\/biharugra.reformatus.hu\/?page_id=1213","title":{"rendered":"Igehirdet\u00e9sek 2016"},"content":{"rendered":"<div class=\"entry-content\" itemprop=\"text\">\n<table class=\" table table-bordered table-striped\">\n<tr>\n<th style=\"text-align: center;\" colspan=\"4\" align=\"center\" width=\"75%\"><img data-recalc-dims=\"1\" decoding=\"async\" data-attachment-id=\"1086\" data-permalink=\"https:\/\/biharugra.reformatus.hu\/?attachment_id=1086\" data-orig-file=\"https:\/\/i0.wp.com\/biharugra.reformatus.hu\/wp-content\/uploads\/2015\/08\/Igehirdetesek-2015.jpg?fit=640%2C296&amp;ssl=1\" data-orig-size=\"640,296\" data-comments-opened=\"0\" data-image-meta='{\"aperture\":\"0\",\"credit\":\"\",\"camera\":\"\",\"caption\":\"\",\"created_timestamp\":\"0\",\"copyright\":\"\",\"focal_length\":\"0\",\"iso\":\"0\",\"shutter_speed\":\"0\",\"title\":\"\",\"orientation\":\"0\"}' data-image-title=\"Igehirdetesek-2015\" data-image-description=\"\" data-image-caption=\"\" data-large-file=\"https:\/\/i0.wp.com\/biharugra.reformatus.hu\/wp-content\/uploads\/2015\/08\/Igehirdetesek-2015.jpg?fit=640%2C296&amp;ssl=1\" src=\"https:\/\/i0.wp.com\/biharugra.reformatus.hu\/wp-content\/uploads\/2016\/01\/Igehirdetesek-2016-e1462098431513.png?w=640\" alt=\"Igehirdetesek-2015\"  class=\"aligncenter wp-image-1086\">\n<\/th><\/tr>\n<tr>\n<td><span style=\"text-decoration: underline;\"><b>d&#xE1;tum<\/b><\/span><\/td>\n<td><span style=\"text-decoration: underline;\"><b>alkalom neve<\/b><\/span><\/td>\n<td><span style=\"text-decoration: underline;\"><b>alapige<\/b><\/span><\/td>\n<td><span style=\"text-decoration: underline;\"><b>let&#xF6;lt&#xE9;s<\/b><\/span><\/td>\n<\/tr>\n<tr>\n<td>2016.12.31<\/td>\n<td>&#xD3;&#xE9;v est&#xE9;je<\/td>\n<td>Mal 3:6-7<\/td>\n<td><a href=\"https:\/\/drive.google.com\/uc?export=download&amp;id=0B45EkTlhppYebVZUTVV1Z1FCMk0\">let&#xF6;lt&#xE9;s<\/a><\/td>\n<\/tr>\n<tr>\n<td>2016.12.26<\/td>\n<td>Kar&#xE1;csony 2.<\/td>\n<td>Zsolt 9:1-5,9-12; Jn 18:37b-38a<\/td>\n<td><a href=\"https:\/\/drive.google.com\/uc?export=download&amp;id=0B45EkTlhppYedFlYNFBwLXp6Q2c\">let&#xF6;lt&#xE9;s<\/a><\/td>\n<\/tr>\n<tr>\n<td>2016.12.25<\/td>\n<td>Kar&#xE1;csony 1.<\/td>\n<td>2 Kor 8:7-9; Rm 8:32<\/td>\n<td><a href=\"https:\/\/drive.google.com\/uc?export=download&amp;id=0B45EkTlhppYebHpaNV9od2hWWE0\">let&#xF6;lt&#xE9;s<\/a><\/td>\n<\/tr>\n<tr>\n<\/tr><tr>\n<td>2016.12.24<\/td>\n<td>Szenteste<\/td>\n<td>Kol 1:15-20<\/td>\n<td><a href=\"https:\/\/drive.google.com\/uc?export=download&amp;id=0B45EkTlhppYeQVFCbVBicFNXbms\">let&#xF6;lt&#xE9;s<\/a><\/td>\n<\/tr>\n<tr>\n<\/tr><tr>\n<td>2016.12.18<\/td>\n<td>Advent 4.<\/td>\n<td>Lk 1:26-35; ApCsel 1:6-7<\/td>\n<td><a href=\"https:\/\/drive.google.com\/uc?export=download&amp;id=0B45EkTlhppYeeWc3Zld0eVE1dXM\">let&#xF6;lt&#xE9;s<\/a><\/td>\n<\/tr>\n<tr>\n<td>2016.12.11<\/td>\n<td>Advent 3.<\/td>\n<td>J&#xF3;b 1:1-5; J&#xF3;b 19:25<\/td>\n<td><a href=\"https:\/\/drive.google.com\/uc?export=download&amp;id=0B45EkTlhppYecGxycmN1ZmlVOVk\">let&#xF6;lt&#xE9;s<\/a><\/td>\n<\/tr>\n<tr>\n<td>2016.12.04<\/td>\n<td>Advent 2.<\/td>\n<td>2 M&#xF3;z 1:18-22; 2 M&#xF3;z 3:7-10<\/td>\n<td><a href=\"https:\/\/drive.google.com\/uc?export=download&amp;id=0B45EkTlhppYeQnR3Slh3Q3F5U0E\">let&#xF6;lt&#xE9;s<\/a><\/td>\n<\/tr>\n<tr>\n<td>2016.11.27<\/td>\n<td>Advent 1.<\/td>\n<td>1 M&#xF3;z 2:18-25; 1 M&#xF3;z 3:14-16<\/td>\n<td><a href=\"https:\/\/drive.google.com\/uc?export=download&amp;id=0B45EkTlhppYeYjNBSEQwVkV5Mnc\">let&#xF6;lt&#xE9;s<\/a><\/td>\n<\/tr>\n<tr>\n<td>2016.11.20<\/td>\n<td>Vas&#xE1;rnap<\/td>\n<td>J&#xF3;n 2:3-10; J&#xF3;n 1:3a<\/td>\n<td><a href=\"https:\/\/drive.google.com\/uc?export=download&amp;id=0B45EkTlhppYeMmVBMUk4S3NTdWc\">let&#xF6;lt&#xE9;s<\/a><\/td>\n<\/tr>\n<tr>\n<td>2016.11.13<\/td>\n<td>Vas&#xE1;rnap<\/td>\n<td>Mk 10:46-52; &#xC9;zs 35:3-7<\/td>\n<td><a href=\"https:\/\/drive.google.com\/uc?export=download&amp;id=0B45EkTlhppYeYUw2VkNJa0hBeG8\">let&#xF6;lt&#xE9;s<\/a><\/td>\n<\/tr>\n<tr>\n<td>2016.11.06<\/td>\n<td>Vas&#xE1;rnap<\/td>\n<td>ApCsel 1:15-26; ApCsel 1:8<\/td>\n<td><a href=\"https:\/\/drive.google.com\/uc?export=download&amp;id=0B45EkTlhppYeUjN4VGVTaXBXRGc\">let&#xF6;lt&#xE9;s<\/a><\/td>\n<\/tr>\n<tr>\n<td>2016.10.31<\/td>\n<td>Reform&#xE1;ci&#xF3;<\/td>\n<td>Zsolt 14; 1 M&#xF3;z 4:25-26<\/td>\n<td><a href=\"https:\/\/drive.google.com\/uc?export=download&amp;id=0B45EkTlhppYeRVdtZUYxbUNRWVU\">let&#xF6;lt&#xE9;s<\/a><\/td>\n<\/tr>\n<tr>\n<td>2016.10.30<\/td>\n<td>&#xDA;jbor<\/td>\n<td>1 Kir 17:8-16; Lk 4:25-26<\/td>\n<td><a href=\"https:\/\/drive.google.com\/uc?export=download&amp;id=0B45EkTlhppYeejBGVUtNd1NMd1E\">let&#xF6;lt&#xE9;s<\/a><\/td>\n<\/tr>\n<tr>\n<td>2016.10.23<\/td>\n<td>Okt&#xF3;ber 23.<\/td>\n<td>ApCsel 6:1-10; ApCsel 7:51-53<\/td>\n<td><a href=\"https:\/\/drive.google.com\/uc?export=download&amp;id=0B45EkTlhppYeejlSeXlReThETEE\">let&#xF6;lt&#xE9;s<\/a><\/td>\n<\/tr>\n<tr>\n<td>2016.10.16<\/td>\n<td>Vas&#xE1;rnap<\/td>\n<td>ApCsel 10:1-8; ApCsel 10:34b-35<\/td>\n<td><a href=\"https:\/\/drive.google.com\/uc?export=download&amp;id=0B45EkTlhppYeRlRldlB0X2xmRWc\">let&#xF6;lt&#xE9;s<\/a><\/td>\n<\/tr>\n<tr>\n<td>2016.10.09<\/td>\n<td>Vas&#xE1;rnap<\/td>\n<td>Lk 19:1-10; Jel 3:20<\/td>\n<td><a href=\"https:\/\/drive.google.com\/uc?export=download&amp;id=0B45EkTlhppYeU3g2M0xVWFBRQUU\">let&#xF6;lt&#xE9;s<\/a><\/td>\n<\/tr>\n<tr>\n<td>2016.10.02<\/td>\n<td>Vas&#xE1;rnap<\/td>\n<td>Lk 10:38-42; Jn 11:27<\/td>\n<td><a href=\"https:\/\/drive.google.com\/uc?export=download&amp;id=0B45EkTlhppYeOW81Q0E1YUFxRVk\">let&#xF6;lt&#xE9;s<\/a><\/td>\n<\/tr>\n<tr>\n<td>2016.09.25<\/td>\n<td>Vas&#xE1;rnap<\/td>\n<td>5 M&#xF3;z 30:1-10; Ezsd 7:11<\/td>\n<td><a href=\"https:\/\/drive.google.com\/uc?export=download&amp;id=0B45EkTlhppYeNGtYZkQ0RkxTSTg\">let&#xF6;lt&#xE9;s<\/a><\/td>\n<\/tr>\n<tr>\n<td>2016.09.18<\/td>\n<td>Vas&#xE1;rnap<\/td>\n<td>ApCsel 16:1-5; 2 Tim 4:1-5<\/td>\n<td><a href=\"https:\/\/drive.google.com\/uc?export=download&amp;id=0B45EkTlhppYeUmxZb2dnVW9fZFU\">let&#xF6;lt&#xE9;s<\/a><\/td>\n<\/tr>\n<tr>\n<td>2016.09.11<\/td>\n<td>Vas&#xE1;rnap<\/td>\n<td>1 M&#xF3;z 21:1-7; Gal 4:28<\/td>\n<td><a href=\"https:\/\/drive.google.com\/uc?export=download&amp;id=0B45EkTlhppYeX2lUTGxLLXhGeFk\">let&#xF6;lt&#xE9;s<\/a><\/td>\n<\/tr>\n<tr>\n<td>2016.09.04<\/td>\n<td>Vas&#xE1;rnap<\/td>\n<td>1 S&#xE1;m 1:1-11; Zsolt 113<\/td>\n<td><a href=\"https:\/\/drive.google.com\/uc?export=download&amp;id=0B45EkTlhppYeUFp6WmtaWHE3NzA\">let&#xF6;lt&#xE9;s<\/a><\/td>\n<\/tr>\n<tr>\n<td>2016.08.28<\/td>\n<td>Vas&#xE1;rnap<\/td>\n<td>Jn 1:35-42; 1 Kir 2:2b<\/td>\n<td><a href=\"https:\/\/drive.google.com\/uc?export=download&amp;id=0B45EkTlhppYeXzVTcWNkS01ZcWc\">let&#xF6;lt&#xE9;s<\/a><\/td>\n<\/tr>\n<tr>\n<td>2016.08.21<\/td>\n<td>&#xDA;jkeny&#xE9;r<\/td>\n<td>3M&#xF3;z 26:1-13; Zsolt 50:14<\/td>\n<td><a href=\"https:\/\/drive.google.com\/uc?export=download&amp;id=0B45EkTlhppYeX3phX3RLTHIzcjA\">let&#xF6;lt&#xE9;s<\/a><\/td>\n<\/tr>\n<tr>\n<td>2016.07.31<\/td>\n<td>Bodos-Bibarcfalviak l&#xE1;togat&#xE1;sa<\/td>\n<td>5 M&#xF3;z 4:1-9; 5 M&#xF3;z 8:1-2<\/td>\n<td><a href=\"https:\/\/drive.google.com\/uc?export=download&amp;id=0B45EkTlhppYeNk1HSF9wMGtxMU0\">let&#xF6;lt&#xE9;s<\/a><\/td>\n<\/tr>\n<td>2016.07.24<\/td>\n<td>Vas&#xE1;rnap<\/td>\n<td>1 M&#xF3;z 50:15-21; 1 M&#xF3;z 50:19-21<\/td>\n<td><a href=\"https:\/\/drive.google.com\/uc?export=download&amp;id=0B45EkTlhppYeVmk4clZaSHdGZlE\">let&#xF6;lt&#xE9;s<\/a><\/td>\n\n<tr>\n<td>2016.07.17<\/td>\n<td>Vas&#xE1;rnap<\/td>\n<td>Kol 2:6-17; 1 Tim 2:5-6<\/td>\n<td><a href=\"https:\/\/drive.google.com\/uc?export=download&amp;id=0B45EkTlhppYeYnlvWU4zdi1BSUU\">let&#xF6;lt&#xE9;s<\/a><\/td>\n<\/tr>\n<tr>\n<td>2016.07.10<\/td>\n<td>Vas&#xE1;rnap<\/td>\n<td>Zsolt 19:1-15; Zsolt 1:1-2<\/td>\n<td><a href=\"https:\/\/drive.google.com\/uc?export=download&amp;id=0B45EkTlhppYebGk1Y01RZDFRdGc\">let&#xF6;lt&#xE9;s<\/a><\/td>\n<\/tr>\n<tr>\n<td>2016.07.03<\/td>\n<td>Vas&#xE1;rnap<\/td>\n<td>2 Thessz 2:1-17; Tit 2:13<\/td>\n<td><a href=\"https:\/\/drive.google.com\/uc?export=download&amp;id=0B45EkTlhppYeTklmVE10Q3hpRU0\">let&#xF6;lt&#xE9;s<\/a><\/td>\n<\/tr>\n<tr>\n<td>2016.06.26<\/td>\n<td>Vas&#xE1;rnap<\/td>\n<td>Zsolt 24:1-10; Jn 3:16-17<\/td>\n<td><a href=\"https:\/\/drive.google.com\/uc?export=download&amp;id=0B45EkTlhppYeaDg5R1ZYdU1INEU\">let&#xF6;lt&#xE9;s<\/a><\/td>\n<\/tr>\n<tr>\n<td>2016.06.12<\/td>\n<td>Vas&#xE1;rnap<\/td>\n<td>Zsolt 103:1-22; Zsolt 103:20-22<\/td>\n<td><a href=\"https:\/\/drive.google.com\/uc?export=download&amp;id=0B45EkTlhppYebmN1ZUd5WnVVMjQ\">let&#xF6;lt&#xE9;s<\/a><\/td>\n<\/tr>\n<tr>\n<td>2016.06.05<\/td>\n<td>Vas&#xE1;rnap<\/td>\n<td>1 Thessz 4:1-12; Zsid 3:12-13<\/td>\n<td><a href=\"https:\/\/drive.google.com\/uc?export=download&amp;id=0B45EkTlhppYeajZJdDJvaHRhbVU\">let&#xF6;lt&#xE9;s<\/a><\/td>\n<\/tr>\n<tr>\n<td>2016.05.29<\/td>\n<td>Vas&#xE1;rnap<\/td>\n<td>1 Kor 1:18-31; 1 Kor 1:31<\/td>\n<td><a href=\"https:\/\/drive.google.com\/uc?export=download&amp;id=0B45EkTlhppYeVm91Uk94czgwcXM\">let&#xF6;lt&#xE9;s<\/a><\/td>\n<\/tr>\n<tr>\n<td>2016.05.22<\/td>\n<td>Vas&#xE1;rnap<\/td>\n<td>Jn 16:4b-15; Jn 16:12-13<\/td>\n<td><a href=\"https:\/\/drive.google.com\/uc?export=download&amp;id=0B45EkTlhppYeNzNhOXNXcVJXcmM\">let&#xF6;lt&#xE9;s<\/a><\/td>\n<\/tr>\n<tr>\n<td>2016.05.16<\/td>\n<td>P&#xFC;nk&#xF6;sd 2.<\/td>\n<td>Rm 15:13<\/td>\n<td><a href=\"https:\/\/drive.google.com\/uc?export=download&amp;id=0B45EkTlhppYeMDhBOUhIUlFiZ0U\">let&#xF6;lt&#xE9;s<\/a><\/td>\n<\/tr>\n<tr>\n<td>2016.05.15<\/td>\n<td>P&#xFC;nk&#xF6;sd 1.<\/td>\n<td>ApCsel 8:5-17,25; ApCsel 10:44-47<\/td>\n<td><a href=\"https:\/\/drive.google.com\/uc?export=download&amp;id=0B45EkTlhppYeVjhrcW5taE9lMmM\">let&#xF6;lt&#xE9;s<\/a><\/td>\n<\/tr>\n<tr>\n<td>2016.05.08<\/td>\n<td>Konfirm&#xE1;ci&#xF3;<\/td>\n<td>1 Jn 4; Jn 10:1-5<\/td>\n<td><a href=\"https:\/\/drive.google.com\/uc?export=download&amp;id=0B45EkTlhppYeMUFsR29FT3poSEE\">let&#xF6;lt&#xE9;s<\/a><\/td>\n<\/tr>\n<tr>\n<td>2016.05.05<\/td>\n<td>Mennybemenetel<\/td>\n<td>ApCsel 1:1-12; ApCsel 7:54-60<\/td>\n<td><a href=\"https:\/\/drive.google.com\/uc?export=download&amp;id=0B45EkTlhppYeWW42OWplRENFeWs\">let&#xF6;lt&#xE9;s<\/a><\/td>\n<\/tr>\n<tr>\n<td>2016.05.01<\/td>\n<td>Any&#xE1;k napja<\/td>\n<td>Jel 12; Mk 7:25-30<\/td>\n<td><a href=\"https:\/\/drive.google.com\/uc?export=download&amp;id=0B45EkTlhppYeSkdMT2RER0I4cXM\">let&#xF6;lt&#xE9;s<\/a><\/td>\n<\/tr>\n<tr>\n<td>2016.04.24<\/td>\n<td>Vas&#xE1;rnap<\/td>\n<td>1 M&#xF3;z 4:1-16; 1 S&#xE1;m 15:22b<\/td>\n<td><a href=\"https:\/\/drive.google.com\/uc?export=download&amp;id=0B45EkTlhppYeUDZtYloyYVBXNXM\">let&#xF6;lt&#xE9;s<\/a><\/td>\n<\/tr>\n<tr>\n<td>2016.04.17<\/td>\n<td>Vas&#xE1;rnap<\/td>\n<td>Ezsd 1:1-11; Ezsd 8:21-23<\/td>\n<td><a href=\"https:\/\/drive.google.com\/uc?export=download&amp;id=0B45EkTlhppYeWVc1aHdPTlRveVk\">let&#xF6;lt&#xE9;s<\/a><\/td>\n<\/tr>\n<tr>\n<td>2016.04.10<\/td>\n<td>Vas&#xE1;rnap<\/td>\n<td>Rm 14:1-9; Mt 12:1-14<\/td>\n<td><a href=\"https:\/\/drive.google.com\/uc?export=download&amp;id=0B45EkTlhppYeMVlsMmpTaV8wR3M\">let&#xF6;lt&#xE9;s<\/a><\/td>\n<\/tr>\n<tr>\n<td>2016.04.03<\/td>\n<td>Vas&#xE1;rnap<\/td>\n<td>Rm 1:1-6; 1Jn 5:11-12<\/td>\n<td><a href=\"https:\/\/drive.google.com\/uc?export=download&amp;id=0B45EkTlhppYedWRfRFFCbVB6ME0\">let&#xF6;lt&#xE9;s<\/a><\/td>\n<\/tr>\n<tr>\n<td>2016.03.28<\/td>\n<td>H&#xFA;sv&#xE9;t 2.<\/td>\n<td>Mk 16:9-14; Jn 20:24-29<\/td>\n<td><a href=\"https:\/\/drive.google.com\/uc?export=download&amp;id=0B45EkTlhppYeWEFnS3hLS2ZRNFk\">let&#xF6;lt&#xE9;s<\/a><\/td>\n<\/tr>\n<tr>\n<td>2016.03.27<\/td>\n<td>H&#xFA;sv&#xE9;t 1.<\/td>\n<td>Jn 20:1-10; Jn 20:11-18<\/td>\n<td><a href=\"https:\/\/drive.google.com\/uc?export=download&amp;id=0B45EkTlhppYeNW40WmQtT0k1eEk\">let&#xF6;lt&#xE9;s<\/a><\/td>\n<\/tr>\n<tr>\n<td>2016.03.25<\/td>\n<td>Nagyp&#xE9;ntek<\/td>\n<td>Mt 27:15-26; Mt 27:21<\/td>\n<td><a href=\"https:\/\/drive.google.com\/uc?export=download&amp;id=0B45EkTlhppYeeWdIYi1JVjZETGM\">let&#xF6;lt&#xE9;s<\/a><\/td>\n<\/tr>\n<tr>\n<td>2016.03.20<\/td>\n<td>Vir&#xE1;gvas&#xE1;rnap<\/td>\n<td>Lk 19:28-40; &#xC9;zs 44:23<\/td>\n<td><a href=\"https:\/\/drive.google.com\/uc?export=download&amp;id=0B45EkTlhppYeeTJ3SHpOdUluUzA\">let&#xF6;lt&#xE9;s<\/a><\/td>\n<\/tr>\n<tr>\n<td>2016.03.15<\/td>\n<td>M&#xE1;rcius 15.<\/td>\n<td>5 M&#xF3;z 8:2<\/td>\n<td><a href=\"https:\/\/drive.google.com\/uc?export=download&amp;id=0B45EkTlhppYeMWZZdWtlTEVTVFk\">let&#xF6;lt&#xE9;s<\/a><\/td>\n<\/tr>\n<tr>\n<td>2016.03.13<\/td>\n<td>Vas&#xE1;rnap<\/td>\n<td>Zsolt 51; 1 Jn 1:9<\/td>\n<td><a href=\"https:\/\/drive.google.com\/uc?export=download&amp;id=0B45EkTlhppYecU16X3BuSTEyeUk\">let&#xF6;lt&#xE9;s<\/a><\/td>\n<\/tr>\n<tr>\n<td>2016.03.06<\/td>\n<td>Vas&#xE1;rnap<\/td>\n<td>2 Kor 7:8-10; Mt 27:3-5<\/td>\n<td><a href=\"https:\/\/drive.google.com\/uc?export=download&amp;id=0B45EkTlhppYeNVo0TnBtWFM4SXM\">let&#xF6;lt&#xE9;s<\/a><\/td>\n<\/tr>\n<tr>\n<td>2016.02.28<\/td>\n<td>Vas&#xE1;rnap<\/td>\n<td>Lk 13:1-9; Mk 1:4-5<\/td>\n<td><a href=\"https:\/\/drive.google.com\/uc?export=download&amp;id=0B45EkTlhppYeUlBZc1hPVFRpb2M\">let&#xF6;lt&#xE9;s<\/a><\/td>\n<\/tr>\n<tr>\n<td>2016.02.21<\/td>\n<td>Vas&#xE1;rnap<\/td>\n<td>&#xC1;m 4:1-13; Jer 3:12-13<\/td>\n<td><a href=\"https:\/\/drive.google.com\/uc?export=download&amp;id=0B45EkTlhppYeSDB2VFZ4amVmNVE\">let&#xF6;lt&#xE9;s<\/a><\/td>\n<\/tr>\n<tr>\n<td>2016.02.14<\/td>\n<td>B&#xF6;jt<\/td>\n<td>Lk 18:9-17; Mt 6:11<\/td>\n<td><a href=\"https:\/\/drive.google.com\/uc?export=download&amp;id=0B45EkTlhppYeR1MyWEo0bVdkYWs\">let&#xF6;lt&#xE9;s<\/a><\/td>\n<\/tr>\n<tr>\n<td>2016.02.07<\/td>\n<td>Vas&#xE1;rnap<\/td>\n<td>1 Kor 13:1-13; Ef 5:29-31<\/td>\n<td><a href=\"https:\/\/drive.google.com\/uc?export=download&amp;id=0B45EkTlhppYeYjl5dmo2VVJMeEk\">let&#xF6;lt&#xE9;s<\/a><\/td>\n<\/tr>\n<tr>\n<td>2016.01.31<\/td>\n<td>Vas&#xE1;rnap<\/td>\n<td>Zsid 11:1-32; Rm 10:9-10<\/td>\n<td><a href=\"https:\/\/drive.google.com\/uc?export=download&amp;id=0B45EkTlhppYeUXdjUUhqSU9COEk\">let&#xF6;lt&#xE9;s<\/a><\/td>\n<\/tr>\n<tr>\n<td>2016.01.24<\/td>\n<td>Vas&#xE1;rnap<\/td>\n<td>1 M&#xF3;z 2:4-9,15-17; Jn 17:3<\/td>\n<td><a href=\"https:\/\/drive.google.com\/uc?export=download&amp;id=0B45EkTlhppYeNmlTX1prZmpwQ2c\">let&#xF6;lt&#xE9;s<\/a><\/td>\n<\/tr>\n<tr>\n<td>2016.01.17<\/td>\n<td>Vas&#xE1;rnap<\/td>\n<td>1 Kor 15:12-20; 1 Kor 15:14<\/td>\n<td><a href=\"https:\/\/drive.google.com\/uc?export=download&amp;id=0B45EkTlhppYeamdfT2RGVndZaGc\">let&#xF6;lt&#xE9;s<\/a><\/td>\n<\/tr>\n<tr>\n<td>2016.01.10<\/td>\n<td>Vas&#xE1;rnap<\/td>\n<td>Lk 7:36-47; Gal 5:16<\/td>\n<td><a href=\"https:\/\/drive.google.com\/uc?export=download&amp;id=0B45EkTlhppYeVGJ2VENXb041NkE\">let&#xF6;lt&#xE9;s<\/a><\/td>\n<\/tr>\n<tr>\n<td>2016.01.03<\/td>\n<td>Vas&#xE1;rnap<\/td>\n<td>Zsid 10:19-25; Gal 6:1-2<\/td>\n<td><a href=\"https:\/\/drive.google.com\/uc?export=download&amp;id=0B45EkTlhppYeZXVSRkpQbXdCbkk\">let&#xF6;lt&#xE9;s<\/a><\/td>\n<\/tr>\n<tr>\n<td>2016.01.01<\/td>\n<td>&#xDA;j&#xE9;v reggele<\/td>\n<td>J&#xF3;zs 1:1-9<\/td>\n<td><a href=\"https:\/\/drive.google.com\/uc?export=download&amp;id=0B45EkTlhppYed3ZMTUxpOTE4M1U\">let&#xF6;lt&#xE9;s<\/a><\/td>\n<\/tr>\n<\/table>\n<p><center><span style=\"font-size: large;\">Az igehirdet\u00e9sek meghallgat\u00e1sa,<\/span><br \/>\n<span style=\"font-size: xx-large;\"><span style=\"text-decoration: underline;\">NEM P\u00d3TOLJA<\/span><\/span><span style=\"font-size: large;\"><br \/>Isten, gy\u00fclekezeti k\u00f6z\u00f6ss\u00e9gben megnyerhet\u0151 \u00e1ld\u00e1sait!<br \/>\n<i>V\u00e1rjuk szeretettel!<\/i><\/span><\/center><\/p>\n\n\n<\/div>\n","protected":false},"excerpt":{"rendered":"<div class=\"entry-summary\" itemprop=\"text\">\n<p>Az igehirdet\u00e9sek meghallgat\u00e1sa, NEM P\u00d3TOLJAIsten, gy\u00fclekezeti k\u00f6z\u00f6ss\u00e9gben megnyerhet\u0151 \u00e1ld\u00e1sait! V\u00e1rjuk szeretettel!<\/p>\n\n<\/div>\n","protected":false},"author":1,"featured_media":0,"parent":0,"menu_order":0,"comment_status":"closed","ping_status":"closed","template":"","meta":{"footnotes":""},"class_list":["post-1213","page","type-page","status-publish","hentry","entry-lead"],"jetpack_shortlink":"https:\/\/wp.me\/P9cS46-jz","jetpack-related-posts":[{"id":788,"url":"https:\/\/biharugra.reformatus.hu\/?page_id=788","url_meta":{"origin":1213,"position":0},"title":"Igehirdet\u00e9sek 2015","author":"Webmester","date":"2015.01.02.","format":false,"excerpt":"Az igehirdet\u00e9sek meghallgat\u00e1sa, NEM P\u00d3TOLJAIsten, gy\u00fclekezeti k\u00f6z\u00f6ss\u00e9gben megnyerhet\u0151 \u00e1ld\u00e1sait! V\u00e1rjuk szeretettel!","rel":"","context":"Similar post","block_context":{"text":"Similar post","link":""},"img":{"alt_text":"","src":"","width":0,"height":0},"classes":[]},{"id":2163,"url":"https:\/\/biharugra.reformatus.hu\/?page_id=2163","url_meta":{"origin":1213,"position":1},"title":"Igehirdet\u00e9sek 2018","author":"Webmester","date":"2017.12.31.","format":false,"excerpt":"Az igehirdet\u00e9sek meghallgat\u00e1sa, NEM P\u00d3TOLJA Isten, gy\u00fclekezeti k\u00f6z\u00f6ss\u00e9gben megnyerhet\u0151 \u00e1ld\u00e1sait! V\u00e1rjuk szeretettel!","rel":"","context":"Similar post","block_context":{"text":"Similar post","link":""},"img":{"alt_text":"","src":"","width":0,"height":0},"classes":[]},{"id":2593,"url":"https:\/\/biharugra.reformatus.hu\/?page_id=2593","url_meta":{"origin":1213,"position":2},"title":"Igehirdet\u00e9sek 2019","author":"Webmester","date":"2019.01.02.","format":false,"excerpt":"Az igehirdet\u00e9sek meghallgat\u00e1sa, NEM P\u00d3TOLJA Isten, gy\u00fclekezeti k\u00f6z\u00f6ss\u00e9gben megnyerhet\u0151 \u00e1ld\u00e1sait! V\u00e1rjuk szeretettel!","rel":"","context":"Similar post","block_context":{"text":"Similar post","link":""},"img":{"alt_text":"","src":"","width":0,"height":0},"classes":[]},{"id":1372,"url":"https:\/\/biharugra.reformatus.hu\/?page_id=1372","url_meta":{"origin":1213,"position":3},"title":"Igehirdet\u00e9sek 2017","author":"Webmester","date":"2016.12.25.","format":false,"excerpt":"Az igehirdet\u00e9sek meghallgat\u00e1sa, NEM P\u00d3TOLJA Isten, gy\u00fclekezeti k\u00f6z\u00f6ss\u00e9gben megnyerhet\u0151 \u00e1ld\u00e1sait! V\u00e1rjuk szeretettel!","rel":"","context":"Similar post","block_context":{"text":"Similar post","link":""},"img":{"alt_text":"","src":"","width":0,"height":0},"classes":[]},{"id":866,"url":"https:\/\/biharugra.reformatus.hu\/?page_id=866","url_meta":{"origin":1213,"position":4},"title":"Alkalmi igehirdet\u00e9sek","author":"Webmester","date":"2015.01.30.","format":false,"excerpt":"Az igehirdet\u00e9sek meghallgat\u00e1sa, NEM P\u00d3TOLJA Isten, gy\u00fclekezeti k\u00f6z\u00f6ss\u00e9gben megnyerhet\u0151 \u00e1ld\u00e1sait! V\u00e1rjuk szeretettel!","rel":"","context":"Similar post","block_context":{"text":"Similar post","link":""},"img":{"alt_text":"","src":"","width":0,"height":0},"classes":[]},{"id":2932,"url":"https:\/\/biharugra.reformatus.hu\/?page_id=2932","url_meta":{"origin":1213,"position":5},"title":"Igehirdet\u00e9sek 2020","author":"Webmester","date":"2019.12.31.","format":false,"excerpt":"Az igehirdet\u00e9sek meghallgat\u00e1sa, NEM P\u00d3TOLJA Isten, gy\u00fclekezeti k\u00f6z\u00f6ss\u00e9gben megnyerhet\u0151 \u00e1ld\u00e1sait! V\u00e1rjuk szeretettel!","rel":"","context":"Similar post","block_context":{"text":"Similar post","link":""},"img":{"alt_text":"","src":"","width":0,"height":0},"classes":[]}],"jetpack_sharing_enabled":true,"_links":{"self":[{"href":"https:\/\/biharugra.reformatus.hu\/index.php?rest_route=\/wp\/v2\/pages\/1213","targetHints":{"allow":["GET"]}}],"collection":[{"href":"https:\/\/biharugra.reformatus.hu\/index.php?rest_route=\/wp\/v2\/pages"}],"about":[{"href":"https:\/\/biharugra.reformatus.hu\/index.php?rest_route=\/wp\/v2\/types\/page"}],"author":[{"embeddable":true,"href":"https:\/\/biharugra.reformatus.hu\/index.php?rest_route=\/wp\/v2\/users\/1"}],"replies":[{"embeddable":true,"href":"https:\/\/biharugra.reformatus.hu\/index.php?rest_route=%2Fwp%2Fv2%2Fcomments&post=1213"}],"version-history":[{"count":79,"href":"https:\/\/biharugra.reformatus.hu\/index.php?rest_route=\/wp\/v2\/pages\/1213\/revisions"}],"predecessor-version":[{"id":1737,"href":"https:\/\/biharugra.reformatus.hu\/index.php?rest_route=\/wp\/v2\/pages\/1213\/revisions\/1737"}],"wp:attachment":[{"href":"https:\/\/biharugra.reformatus.hu\/index.php?rest_route=%2Fwp%2Fv2%2Fmedia&parent=1213"}],"curies":[{"name":"wp","href":"https:\/\/api.w.org\/{rel}","templated":true}]}}