{"id":131,"date":"2014-04-11T11:08:36","date_gmt":"2014-04-11T09:08:36","guid":{"rendered":"http:\/\/biharugra.reformatus.hu\/?page_id=131"},"modified":"2017-09-22T10:43:01","modified_gmt":"2017-09-22T09:43:01","slug":"a-ma-gyulekezete","status":"publish","type":"page","link":"https:\/\/biharugra.reformatus.hu\/?page_id=131","title":{"rendered":"A ma gy\u00fclekezete"},"content":{"rendered":"<div class=\"entry-content\" itemprop=\"text\">\n<p><b>A telep\u00fcl\u00e9s t\u00e1rsadalma, \u00f6sszet\u00e9tele, vall\u00e1shoz val\u00f3 viszonyul\u00e1sa<\/b><\/p>\n<div align=\"justify\">Biharugra k\u00f6zs\u00e9g mez\u0151gazdas\u00e1gb\u00f3l \u00e9l\u0151, hat\u00e1rsz\u00e9li kisk\u00f6zs\u00e9g. Lakoss\u00e1ga el\u00f6reged\u0151, l\u00e9tsz\u00e1mban folyamatosan fogy. Egy \u00e9vtized alatt t\u00f6bb, mint 200 f\u0151vel cs\u00f6kkent a k\u00f6zs\u00e9g lakoss\u00e1ga, s 2014. janu\u00e1r 1-\u00e9n 968 f\u0151 k\u00f6r\u00fcl volt a biharugrai \u00e1lland\u00f3 lakc\u00edm szerint nyilv\u00e1ntartottak sz\u00e1ma. K\u00f6z\u00fcl\u00fck kb. 60 f\u0151 az, aki m\u00e1r \u00e9vek, esetleg \u00e9vtizedek (!) \u00f3ta nem Biharugr\u00e1n lakik, hanem m\u00e1s telep\u00fcl\u00e9seken, de ideiglenes lakc\u00edmen (alb\u00e9rlet, stb.) bejelentve.<br \/>\nA n\u00e9pess\u00e9g fogy\u00e1s\u00e1nak okai k\u00f6z\u00f6tt az elk\u00f6lt\u00f6z\u00e9s van els\u0151 helyen, s azt k\u00f6veti az elhal\u00e1loz\u00e1s. Gyermek 2013-ban mind\u00f6ssze 3 sz\u00fcletett, s Biharugr\u00e1n eltemettetett \u00f6sszesen 13 f\u0151. A n\u00e9pess\u00e9g \u00f6reged\u00e9se a k\u00f6vetkez\u0151 \u00e9vekben v\u00e1rhat\u00f3an rohamos lesz. Ugyanis a k\u00f6zs\u00e9gnek nincs megtart\u00f3 ereje.<br \/>\nA k\u00f6z\u00e9piskol\u00e1t, vagy ann\u00e1l magasabb fok\u00fa iskol\u00e1t v\u00e9gzett fiatalok k\u00f6z\u00fcl szinte senki nem marad Biharugr\u00e1n. A mez\u0151gazdas\u00e1gb\u00f3l a biharugrai viszonyok k\u00f6z\u00f6tt csak kevesen \u00e9lhetnek meg. A nem t\u00fal magas AK \u00e9rt\u00e9k\u0171 f\u00f6ldek term\u00e9shozama egy\u00e9bk\u00e9nt sem biztos\u00edthat nagy j\u00f6vedelmet, ehhez t\u00e1rsul a Halgazdas\u00e1g hanyatl\u00e1sa, TSZ megsz\u00fcn\u00e9se. A mez\u0151gazdas\u00e1g hanyatl\u00e1s\u00e1t &#8211; \u00e9s ezzel a mez\u0151gazdas\u00e1gb\u00f3l \u00e9l\u0151k l\u00e9tbizonytalans\u00e1g\u00e1t &#8211; fokozta az elm\u00falt esztend\u0151k id\u0151j\u00e1r\u00e1s\u00e1b\u00f3l k\u00f6vetkez\u0151 k\u00fcl\u00f6n\u00f6sen is gyenge term\u00e9s\u00e1tlag. \u00cdgy n\u00f6vekszik a k\u00e9sztet\u00e9s az elv\u00e1ndorl\u00e1sra.<br \/>\nElv\u00e1ndorolni azonban els\u0151sorban a tehet\u0151sebbek \u00e9s a csal\u00e1d n\u00e9lk\u00fcl \u00e9l\u0151k tudnak. Ugyanis az ingatlan\u00e1rak k\u00f6z\u00f6tt \u00f6sszem\u00e9rhetetlen k\u00fcl\u00f6nbs\u00e9g van Biharugra \u00e9s a k\u00f6rnyez\u0151 v\u00e1rosok k\u00f6z\u00f6tt. K\u00f6zs\u00e9g\u00fcnkben a belter\u00fcleti ingatlanok magyar \u00e1llampolg\u00e1rok sz\u00e1m\u00e1ra gyakorlatilag eladhatatlanok. Viszont az ut\u00f3bbi \u00e9vekben t\u00f6bb mint 50 belter\u00fcleti ingatlant v\u00e1s\u00e1roltak meg rom\u00e1n \u00e1llampolg\u00e1rok.<br \/>\nA rendszeresen b\u00e9rb\u0151l \u00e9s fizet\u00e9sb\u0151l \u00e9l\u0151k sz\u00e1ma kb.120 f\u0151. A t\u00f6bbi keres\u0151k\u00e9pes kor\u00fa lakos vagy mez\u0151gazdas\u00e1gi v\u00e1llalkoz\u00f3, vagy munkan\u00e9lk\u00fcli, vagy rokkantnyugd\u00edjas. Sokan csup\u00e1n id\u00e9nymunk\u00e1b\u00f3l \u00e9s k\u00fcl\u00f6nf\u00e9le szoci\u00e1lis t\u00e1mogat\u00e1sb\u00f3l \u00e9lnek. Mindezek is okai annak, hogy a lakoss\u00e1g \u00e1tlagos \u00e9letsz\u00ednvonala folyamatosan cs\u00f6kken, esetleg stagn\u00e1l, s tov\u00e1bbra is legal\u00e1bb 20-25%-ra tehet\u0151 a tart\u00f3san szeg\u00e9nyek (j\u00f3val a l\u00e9tminimum alatt \u00e9l\u0151k) sz\u00e1ma.<br \/>\nAmennyiben a jelenlegi folyamatokban nem k\u00f6vetkezik be igen jelent\u0151s v\u00e1ltoz\u00e1s, akkor a k\u00f6zs\u00e9g lakoss\u00e1ga 20 \u00e9ven bel\u00fcl ak\u00e1r a fel\u00e9re is cs\u00f6kkenhet. Jelent\u0151sen megn\u0151 az id\u0151skor\u00fa eltartottak, mik\u00f6zben minim\u00e1lisra cs\u00f6kken a gyerekek sz\u00e1ma. Jelent\u0151sen megn\u0151 azok sz\u00e1ma, akik gondoz\u00e1st ig\u00e9nyelnek \u00f6regkorukra. T\u00f6bbs\u00e9g\u00fck csal\u00e1dja t\u00e1vol \u00e9l, \u00edgy \u0151k egyed\u00fcl, vagy betegesked\u0151 t\u00e1rsukkal egy\u00fctt fognak itt \u00e9lni. Ez nemcsak a szoci\u00e1lis ell\u00e1t\u00e1s sz\u00e1m\u00e1ra hoz jelent\u0151s feladatokat, de az egyh\u00e1zk\u00f6zs\u00e9g sz\u00e1m\u00e1ra is. A 60 \u00e9v feletti lakoss\u00e1g m\u00e1r most t\u00f6bb, mint 35 %-\u00e1t teszi ki az \u00f6sszlakoss\u00e1gnak.<br \/>\nAz \u0151 egyh\u00e1zi ell\u00e1t\u00e1suk egyre kev\u00e9sb\u00e9 szorulhat &#8222;csak&#8221; lelkigondoz\u00e1sra.<br \/>\nA k\u00f6zs\u00e9gben k\u00e9t nagyobb felekezet tal\u00e1lhat\u00f3, a t\u00f6bb \u00e9vsz\u00e1zados m\u00faltra visszatekint\u0151 reform\u00e1tus egyh\u00e1z \u00e9s az egy \u00e9vsz\u00e1zados m\u00falttal rendelkez\u0151 baptista egyh\u00e1z. Mindk\u00e9t gy\u00fclekezet szerkezeti fel\u00e9p\u00edt\u00e9se, istentiszteleti rendje \u00e9s a falu n\u00e9pess\u00e9g\u00e9hez val\u00f3 viszonya tradicion\u00e1lisnak mondhat\u00f3. Jelenleg egyik sem tud \u00e1t\u00fct\u0151 er\u0151vel misszi\u00f3t v\u00e9gezni a k\u00f6zs\u00e9gben. Kapcsolatuk j\u00f3nak mondhat\u00f3, s jelenleg ink\u00e1bb az \u00f6sszefog\u00e1s jellemz\u0151 r\u00e1.<br \/>\nRajtuk k\u00edv\u00fcl misszion\u00e1lni kezdtek jehova tan\u00fai is.<br \/>\nA fiatalok vall\u00e1soss\u00e1g\u00e1ra jellemz\u0151, hogy a hittanoktat\u00e1son t\u00fal szinte semmi kapcsolatot nem tartanak a gy\u00fclekezetekkel. Ugyanakkor jelent\u0151s teret nyert k\u00f6r\u00fckben a m\u00e1gikus-animisztikus hitvil\u00e1g, s divat az okkultizmussal val\u00f3 foglalkoz\u00e1s. A konfirm\u00e1ci\u00f3 ut\u00e1n egy-k\u00e9t \u00e9vvel gyakorlatilag mindegyik\u00fck kapcsolata megsz\u0171nik az akt\u00edv gy\u00fclekezettel.<b>Az akt\u00edv gy\u00fclekezet \u00f6sszet\u00e9tele, lelki \u00e9lete<\/b>Az egyh\u00e1zk\u00f6zs\u00e9ghez tartoz\u00f3k sz\u00e1ma a k\u00f6vetkez\u0151k\u00e9ppen alakul: 2014. janu\u00e1r 1-\u00e9n a nyilv\u00e1ntartott egyh\u00e1ztagok sz\u00e1ma ___ f\u0151. Azok, akik az ut\u00f3bbi \u00f6t \u00e9vben legal\u00e1bb egyszer hozz\u00e1j\u00e1rultak az egyh\u00e1zk\u00f6zs\u00e9g fenntart\u00e1s\u00e1hoz adom\u00e1nyukkal,___-en vannak. 2013-ben fenntart\u00f3i j\u00e1rul\u00e9kot fizetett ___ f\u0151. A v\u00e1laszt\u00f3i n\u00e9vjegyz\u00e9kben van: 62 f\u0151.<br \/>\nA templomba j\u00e1r\u00f3k k\u00f6z\u00fcl a nyugd\u00edjasok ar\u00e1nya: 50 %, a legal\u00e1bb k\u00f6z\u00e9pfok\u00fa v\u00e9gzetts\u00e9ggel rendelkez\u0151k ar\u00e1nya: ___ %, a fels\u0151 fok\u00fa v\u00e9gzetts\u00e9ggel is rendelkez\u0151k ar\u00e1nya ___ %. A templomba is j\u00e1r\u00f3 egyh\u00e1ztagok k\u00f6z\u00fcl 22 % a f\u00e9rfi, 78 % a n\u0151.<br \/>\nAz akt\u00edv gy\u00fclekezet jelent\u0151s r\u00e9sze olvassa rendszeresen a Bibli\u00e1t. Diak\u00f3niai munk\u00e1ra, adakoz\u00e1sra k\u00e9szs\u00e9gesek, de a gy\u00fclekezeten bel\u00fcli szeretetszolg\u00e1lat m\u00e9g nem nyert igaz\u00e1n teret.<br \/>\nUgyanakkor egyre t\u00f6bb az \u00f6ntudatos reform\u00e1tus kereszty\u00e9n \u00e9s n\u0151 a rendszeres ima\u00e9letet \u00e9l\u0151k sz\u00e1ma.<\/p>\n<p><b>Mik a gy\u00fclekezet j\u00f3 tulajdons\u00e1gai, mi\u00e9rt lehet h\u00e1l\u00e1t adni?<\/b><\/p>\n<p>Gy\u00fclekezeti term\u00fcnk korszer\u0171, k\u00e9nyelmes, s nagy \u00fcnnepeken megfelel\u0151 m\u00e9ret\u0171.<br \/>\nTechnikai felszerelts\u00e9g\u00fcnk kiel\u00e9g\u00edt\u0151.<br \/>\nA szomsz\u00e9dos telep\u00fcl\u00e9sekhez viszony\u00edtva j\u00f3nak mondhat\u00f3 a rendszeresen templomba j\u00e1r\u00f3k sz\u00e1m\u00e1nak ar\u00e1nya a telep\u00fcl\u00e9s \u00f6sszlakoss\u00e1g\u00e1hoz m\u00e9rten.<\/p>\n<p><b>Mik a gy\u00fclekezet \u00e1rnyoldalai, amin a j\u00f6v\u0151ben v\u00e1ltoztatni kell?<\/b><\/p>\n<p>A nyilv\u00e1ntartott egyh\u00e1ztagok k\u00f6z\u00fcl csak kevesen \u00e9rdekl\u0151dnek t\u00e9nylegesen az egyh\u00e1zk\u00f6zs\u00e9g \u00e9lete, szolg\u00e1lata ir\u00e1nt. Gyakorlatilag az egyh\u00e1z szolg\u00e1lat\u00e1t csak temet\u00e9skor ig\u00e9nylik. Szinte nincs keresztel\u00e9s. A 2013. \u00e9vben ___ esk\u00fcv\u0151 volt Biharugr\u00e1n, k\u00f6z\u00fcl\u00fck 2 p\u00e1r k\u00e9rte h\u00e1zass\u00e1g\u00e1ra Isten \u00e1ld\u00e1s\u00e1t.<br \/>\nNincs gondozva a templomba nem j\u00e1r\u00f3 lakoss\u00e1g.<\/p>\n<p><b>Milyen ir\u00e1nyba fejl\u0151d\u00f6tt a gy\u00fclekezet az elm\u00falt \u00e9vekben?<\/b><\/p>\n<p>K\u00fcls\u0151 felt\u00e9telek ter\u00e9n: Technikai eszk\u00f6z\u00f6kkel gyarapodott egyh\u00e1zk\u00f6zs\u00e9g\u00fcnk, amiket igen j\u00f3l fel lehet haszn\u00e1lni a h\u00e9tk\u00f6znapi szolg\u00e1latban. A par\u00f3kia teljes fel\u00faj\u00edt\u00e1son esett \u00e1t. Meg\u00e9p\u00fclt az \u00faj, korszer\u0171 \u00e9s k\u00e9nyelmes gy\u00fclekezeti term\u00fcnk. Rendezettebb\u00e9 v\u00e1lt a templom \u00e9s a par\u00f3kia k\u00f6rnyezete.<br \/>\nLelki \u00e9let ter\u00e9n: Elevened\u0151ben van az istentiszteletre j\u00e1r\u00f3 k\u00f6z\u00f6ss\u00e9g. Jobban figyel\u00fcnk egym\u00e1sra, s egyre t\u00f6bben \u00e9rzik feladatuknak, hogy k\u00f6rnyezet\u00fckkel is megossz\u00e1k az istentiszteleti alkalmakon kapottakat. Ezzel egy\u00fctt t\u00f6bbek \u00e9let\u00e9ben elm\u00e9ly\u00fcltebb lett a hit- \u00e9s bibliaismeret. \u00c9nekkar alakult, amelyik nagyobb alkalmakon rendszeresen szolg\u00e1l a gy\u00fclekezetben.<\/p>\n<p><b>Milyen megval\u00f3s\u00edthat\u00f3 \u00e9s megval\u00f3s\u00edtand\u00f3 c\u00e9lt t\u0171z ki az egyh\u00e1zk\u00f6zs\u00e9g maga el\u00e9 az elk\u00f6vetkezend\u0151\u00a0\u00e9vben?<\/b><\/p>\n<p>A templomos gy\u00fclekezet rendszeres gondoz\u00e1sa. A nyilv\u00e1ntartott egyh\u00e1ztagok nagyobb fok\u00fa el\u00e9r\u00e9se.<\/p>\n<p><b>Milyen c\u00e9lt t\u0171z ki az egyh\u00e1zk\u00f6zs\u00e9g maga el\u00e9 a k\u00f6vetkez\u0151 \u00f6t \u00e9vben?<\/b><\/p>\n<p>1. A gyermekek, fiatalok, k\u00f6z\u00e9pkor\u00faak fel\u00e9 val\u00f3 misszi\u00f3 kiterjeszt\u00e9se.<br \/>\n2. A gy\u00fclekezeti k\u00f6z\u00f6ss\u00e9gbe min\u00e9l t\u00f6bbek be\u00e9p\u00edt\u00e9se.<\/p>\n<\/div>\n\n\n<\/div>\n","protected":false},"excerpt":{"rendered":"<div class=\"entry-summary\" itemprop=\"text\">\n<p>A telep\u00fcl\u00e9s t\u00e1rsadalma, \u00f6sszet\u00e9tele, vall\u00e1shoz val\u00f3 viszonyul\u00e1sa Biharugra k\u00f6zs\u00e9g mez\u0151gazdas\u00e1gb\u00f3l \u00e9l\u0151, hat\u00e1rsz\u00e9li kisk\u00f6zs\u00e9g. Lakoss\u00e1ga el\u00f6reged\u0151, l\u00e9tsz\u00e1mban folyamatosan fogy. Egy \u00e9vtized alatt t\u00f6bb, mint 200 f\u0151vel cs\u00f6kkent a k\u00f6zs\u00e9g lakoss\u00e1ga, s 2014. janu\u00e1r 1-\u00e9n 968 f\u0151 k\u00f6r\u00fcl volt a biharugrai \u00e1lland\u00f3 lakc\u00edm szerint nyilv\u00e1ntartottak sz\u00e1ma. K\u00f6z\u00fcl\u00fck kb. 60 f\u0151 az, aki m\u00e1r \u00e9vek, esetleg \u00e9vtizedek (!) &#8230;<\/p>\n\n<\/div>\n","protected":false},"author":1,"featured_media":0,"parent":0,"menu_order":0,"comment_status":"closed","ping_status":"closed","template":"","meta":{"footnotes":""},"class_list":["post-131","page","type-page","status-publish","hentry","entry-lead"],"jetpack_shortlink":"https:\/\/wp.me\/P9cS46-27","jetpack-related-posts":[{"id":587,"url":"https:\/\/biharugra.reformatus.hu\/?page_id=587","url_meta":{"origin":131,"position":0},"title":"Tataroz\u00e1s \u00e9s fel\u00faj\u00edt\u00e1si tervek Biharugr\u00e1n","author":"Webmester","date":"2014.08.17.","format":false,"excerpt":"A Tisz\u00e1nt\u00fali Reform\u00e1tus Egyh\u00e1zker\u00fclet egyik legr\u00e9gebbi, a Biharugrai Reform\u00e1tus Egyh\u00e1zk\u00f6zs\u00e9g templom\u00e1nak alapjai az \u00c1rp\u00e1d korra ny\u00falnak vissza. Ma jelent\u0151s fel\u00faj\u00edt\u00e1st terveznek. Az elk\u00e9pz\u00e9sek szerint, a k\u00fcls\u0151 fel\u00faj\u00edt\u00e1si munk\u00e1k mellett, l\u00e1togathat\u00f3v\u00e1 tenn\u00e9k a harangtornyot is, ahonnan p\u00e1ratlan kil\u00e1t\u00e1s ny\u00edlik a k\u00f6zs\u00e9gre \u00e9s a R\u00e9tk\u00f6zre. Keleten pedig, tiszta id\u0151ben, j\u00f3l l\u00e1tsz\u00f3dnak a\u2026","rel":"","context":"Similar post","block_context":{"text":"Similar post","link":""},"img":{"alt_text":"","src":"","width":0,"height":0},"classes":[]},{"id":977,"url":"https:\/\/biharugra.reformatus.hu\/?page_id=977","url_meta":{"origin":131,"position":1},"title":"P\u00e9ld\u00e1tlan \u00f6sszefog\u00e1s \u00e9s \u00f6r\u00f6m Biharugr\u00e1n","author":"Webmester","date":"2015.06.23.","format":false,"excerpt":"A biharugrai reform\u00e1tus egyh\u00e1zk\u00f6zs\u00e9g \u00e9let\u00e9ben az elm\u00falt id\u0151ben sz\u00e1mos olyan nagyform\u00e1tum\u00fa esem\u00e9ny t\u00f6rt\u00e9nt, amely a kis k\u00f6z\u00f6ss\u00e9g \u00f6sszetartoz\u00e1s\u00e1t, \u00f6sszefog\u00e1s\u00e1nak erej\u00e9t bizony\u00edtotta. Az itt \u00e9l\u0151 emberek szem\u00e9lyes lehet\u0151s\u00e9g\u00fck f\u00fcggv\u00e9ny\u00e9ben felekezeti hovatartoz\u00e1sukt\u00f3l f\u00fcggetlen\u00fcl adakoz\u00e1ssal, munk\u00e1jukkal, sz\u00edves vend\u00e9gl\u00e1t\u00e1sukkal j\u00e1rultak hozz\u00e1 a telep\u00fcl\u00e9s fejl\u0151d\u00e9s\u00e9hez. \u00daj gy\u00fclekezeti terem \u00e9p\u00fclt \u00e9s k\u00f6zadakoz\u00e1sb\u00f3l meg\u00fajult a harangoz\u00f3szerkezet \u00e9s\u2026","rel":"","context":"Similar post","block_context":{"text":"Similar post","link":""},"img":{"alt_text":"","src":"","width":0,"height":0},"classes":[]},{"id":521,"url":"https:\/\/biharugra.reformatus.hu\/?page_id=521","url_meta":{"origin":131,"position":2},"title":"Gy\u00fclekezeti csendes nap Biharugr\u00e1n","author":"Webmester","date":"2014.08.15.","format":false,"excerpt":"Biharugr\u00e1n 2006 \u00f3ta tartanak a reform\u00e1tusok gy\u00fclekezeti csendes napot, a testv\u00e9rgy\u00fclekezetekkel k\u00f6z\u00f6sen, amelyen kor\u00e1bban csak az egyh\u00e1z el\u00f6lj\u00e1r\u00f3k, a presbit\u00e9rium tagjai vettek r\u00e9szt. Ett\u0151l az \u00e9vt\u0151l kezd\u0151d\u0151en \u00fagy d\u00f6nt\u00f6ttek, hogy a gy\u00fclekezet is r\u00e9szt vehet a rendezv\u00e9nyen. Ebben az esztend\u0151ben \u00f6t\u00f6dik esztendeje, hogy a Trianoni szerz\u0151d\u00e9sek ut\u00e1n, 2009-ben \u00fajra megalakult\u2026","rel":"","context":"Similar post","block_context":{"text":"Similar post","link":""},"img":{"alt_text":"","src":"","width":0,"height":0},"classes":[]},{"id":137,"url":"https:\/\/biharugra.reformatus.hu\/?page_id=137","url_meta":{"origin":131,"position":3},"title":"A templom \u00e9s a par\u00f3kia t\u00f6rt\u00e9nete","author":"Webmester","date":"2014.04.11.","format":false,"excerpt":"A templom \u00e9p\u00fclet\u00e9nek t\u00f6rt\u00e9nete \u00a0 \u00a0 \u00a0 Az \u00e9p\u00fclet t\u00f6rt\u00e9nete az \u00c1rp\u00e1d-korig ny\u00falik vissza. A mai templom - a torony \u00e9s a d\u00e9li oldal\u00e1n elhelyezett toldal\u00e9k\u00e9p\u00fclet (porticus) kiv\u00e9tel\u00e9vel - rom\u00e1n kori alapfalakra \u00e9p\u00fclt fel. A f\u00e9lk\u00f6r\u00edves szent\u00e9ly (apszis) k\u00fcls\u0151 oldal\u00e1n legal\u00e1bb 1 - 1,5 m\u00e9ter magass\u00e1gig \u00e1ll a k\u00f6z\u00e9pkori fal,\u2026","rel":"","context":"Similar post","block_context":{"text":"Similar post","link":""},"img":{"alt_text":"","src":"","width":0,"height":0},"classes":[]},{"id":141,"url":"https:\/\/biharugra.reformatus.hu\/?page_id=141","url_meta":{"origin":131,"position":4},"title":"A gy\u00fclekezet lelkip\u00e1sztorai","author":"Webmester","date":"2014.04.11.","format":false,"excerpt":"H\u00e1rom \u00e9vsz\u00e1zad reform\u00e1tus lelk\u00e9szei Biharugr\u00e1n 1. Alf\u00f6ldi (Keresztneve ismeretlen) 2. F\u00f6ldesi (Keresztneve ismeretlen) 3. Marosi J\u00e1nos 4. S\u00e1rai Andr\u00e1s 5. B\u00e1tori Istv\u00e1n 6. Marosi J\u00e1nos 7. Hunyadi Istv\u00e1n 8. Tokai J\u00f3zsef 9. Hal\u00e1sz Istv\u00e1n (1765-ig szolg\u00e1lt Ugr\u00e1n), Ugr\u00e1n temett\u00e9k el. 10. H\u00e9ti (H\u00e9tyi) Ferencz (ugrai szolg\u00e1lati ideje: 1765-1774). \"hozatott p\u00fcsp\u00f6ki\u2026","rel":"","context":"Similar post","block_context":{"text":"Similar post","link":""},"img":{"alt_text":"","src":"","width":0,"height":0},"classes":[]},{"id":139,"url":"https:\/\/biharugra.reformatus.hu\/?page_id=139","url_meta":{"origin":131,"position":5},"title":"A gy\u00fclekezet t\u00f6rt\u00e9nete","author":"Webmester","date":"2014.04.11.","format":false,"excerpt":"Ugra \u00e9s k\u00f6rny\u00e9ke feltehet\u0151en a XVI. sz\u00e1zad m\u00e1sodik fel\u00e9ben csatlakozott a reform\u00e1ci\u00f3hoz. Hiteles \u00e9s biztos adataink a kezdetekr\u0151l nincsenek. \"A Magyarorsz\u00e1gi Ev. Ref. Egyh\u00e1z Egyetemes N\u00e9vt\u00e1ra az 1886. \u00e9vre\" c. kiadv\u00e1nyban (Budapest, 1887.) az egyh\u00e1zk\u00f6zs\u00e9g keletkez\u00e9s\u00e9nek \u00e9vek\u00e9nt 1599 szerepel. \"A Magyarorsz\u00e1gi Reform\u00e1tus Egyh\u00e1z Egyetemes N\u00e9vt\u00e1ra az 1912. \u00e9vre\" c. kiadv\u00e1nyban\u2026","rel":"","context":"Similar post","block_context":{"text":"Similar post","link":""},"img":{"alt_text":"","src":"","width":0,"height":0},"classes":[]}],"jetpack_sharing_enabled":true,"_links":{"self":[{"href":"https:\/\/biharugra.reformatus.hu\/index.php?rest_route=\/wp\/v2\/pages\/131","targetHints":{"allow":["GET"]}}],"collection":[{"href":"https:\/\/biharugra.reformatus.hu\/index.php?rest_route=\/wp\/v2\/pages"}],"about":[{"href":"https:\/\/biharugra.reformatus.hu\/index.php?rest_route=\/wp\/v2\/types\/page"}],"author":[{"embeddable":true,"href":"https:\/\/biharugra.reformatus.hu\/index.php?rest_route=\/wp\/v2\/users\/1"}],"replies":[{"embeddable":true,"href":"https:\/\/biharugra.reformatus.hu\/index.php?rest_route=%2Fwp%2Fv2%2Fcomments&post=131"}],"version-history":[{"count":12,"href":"https:\/\/biharugra.reformatus.hu\/index.php?rest_route=\/wp\/v2\/pages\/131\/revisions"}],"predecessor-version":[{"id":1671,"href":"https:\/\/biharugra.reformatus.hu\/index.php?rest_route=\/wp\/v2\/pages\/131\/revisions\/1671"}],"wp:attachment":[{"href":"https:\/\/biharugra.reformatus.hu\/index.php?rest_route=%2Fwp%2Fv2%2Fmedia&parent=131"}],"curies":[{"name":"wp","href":"https:\/\/api.w.org\/{rel}","templated":true}]}}