{"id":133,"date":"2014-04-11T11:09:19","date_gmt":"2014-04-11T09:09:19","guid":{"rendered":"http:\/\/biharugra.reformatus.hu\/?page_id=133"},"modified":"2019-11-14T10:45:01","modified_gmt":"2019-11-14T09:45:01","slug":"a-presbiterium","status":"publish","type":"page","link":"https:\/\/biharugra.reformatus.hu\/?page_id=133","title":{"rendered":"A presbit\u00e9rium"},"content":{"rendered":"<div class=\"entry-content\" itemprop=\"text\">\n<div style=\"text-align: center;\">A gy\u00fclekezet el\u00f6lj\u00e1r\u00f3i az egyh\u00e1zk\u00f6zs\u00e9gi k\u00f6zgy\u0171l\u00e9s \u00e1ltal v\u00e1lasztott presbiterek, l\u00e9tsz\u00e1muk 6 f\u0151.<br \/>\nA presbit\u00e9rium eln\u00f6ke a lelkip\u00e1sztor, vil\u00e1gi el\u00f6lj\u00e1r\u00f3ja a gondnok. A legut\u00f3bbi teljes tiszt\u00faj\u00edt\u00e1s 2017-ben volt, a presbiterek egy r\u00e9sze azonban m\u00e1r el\u0151z\u0151leg is tiszts\u00e9gvisel\u0151 volt az egyh\u00e1zk\u00f6zs\u00e9gben.<\/p>\n<\/div>\n<p>&nbsp;<\/p>\n<table style=\"width: 100%px;\" cellspacing=\"5\" cellpadding=\"5\" align=\"center\">\n<tbody>\n<tr>\n<td align=\"center\"><span style=\"text-decoration: underline;\">N\u00c9V<\/span><\/td>\n<td align=\"center\"><span style=\"text-decoration: underline;\">MI\u00d3TA PRESBITER<\/span><\/td>\n<td align=\"center\"><span style=\"text-decoration: underline;\">MEGJEGYZ\u00c9S<\/span><\/td>\n<\/tr>\n<tr>\n<td align=\"center\"><i><b><big>Bai Zsolt<\/big><\/b><\/i><\/td>\n<td align=\"center\">_<\/td>\n<td align=\"center\">_<\/td>\n<\/tr>\n<tr>\n<td align=\"center\"><i><b><big>Bertalan Imre<\/big><\/b><\/i><\/td>\n<td align=\"center\">2012<\/td>\n<td align=\"center\">_<\/td>\n<\/tr>\n<tr>\n<td align=\"center\"><i><b><big>Bertalann\u00e9 Nagy Anik\u00f3<\/big><\/b><\/i><\/td>\n<td align=\"center\">2019<\/td>\n<td align=\"center\">gondnok<\/td>\n<\/tr>\n<tr>\n<td align=\"center\"><i><b><big>Szoboszlai Zolt\u00e1n<\/big><\/b><\/i><\/td>\n<td align=\"center\">2006<\/td>\n<td align=\"center\">presbiteri jegyz\u0151<\/td>\n<\/tr>\n<tr>\n<td align=\"center\"><i><b><big>Topa S\u00e1ndorn\u00e9<\/big><\/b><\/i><\/td>\n<td align=\"center\">2018<\/td>\n<td align=\"center\">_<\/td>\n<\/tr>\n<tr>\n<td align=\"center\"><i><b><big>T\u00f3th Dezs\u0151n\u00e9<\/big><\/b><\/i><\/td>\n<td align=\"center\">_<\/td>\n<td align=\"center\">_<\/td>\n<\/tr>\n<tr>\n<td align=\"center\"><i><b><big>Erd\u0151dy Mih\u00e1ly Csaba<\/big><\/b><\/i><\/td>\n<td align=\"center\">2018<\/td>\n<td align=\"center\">p\u00f3tpresbiter<\/td>\n<\/tr>\n<tr>\n<td align=\"center\"><i><b><big>Kincses J\u00e1nos<\/big><\/b><\/i><\/td>\n<td align=\"center\">2018<\/td>\n<td align=\"center\">p\u00f3tpresbiter<\/td>\n<\/tr>\n<\/tbody>\n<\/table>\n<p>&nbsp;<\/p>\n\n\n<\/div>\n","protected":false},"excerpt":{"rendered":"<div class=\"entry-summary\" itemprop=\"text\">\n<p>A gy\u00fclekezet el\u00f6lj\u00e1r\u00f3i az egyh\u00e1zk\u00f6zs\u00e9gi k\u00f6zgy\u0171l\u00e9s \u00e1ltal v\u00e1lasztott presbiterek, l\u00e9tsz\u00e1muk 6 f\u0151. A presbit\u00e9rium eln\u00f6ke a lelkip\u00e1sztor, vil\u00e1gi el\u00f6lj\u00e1r\u00f3ja a gondnok. A legut\u00f3bbi teljes tiszt\u00faj\u00edt\u00e1s 2017-ben volt, a presbiterek egy r\u00e9sze azonban m\u00e1r el\u0151z\u0151leg is tiszts\u00e9gvisel\u0151 volt az egyh\u00e1zk\u00f6zs\u00e9gben. &nbsp; N\u00c9V MI\u00d3TA PRESBITER MEGJEGYZ\u00c9S Bai Zsolt _ _ Bertalan Imre 2012 _ Bertalann\u00e9 Nagy Anik\u00f3 &#8230;<\/p>\n\n<\/div>\n","protected":false},"author":1,"featured_media":0,"parent":0,"menu_order":0,"comment_status":"closed","ping_status":"closed","template":"","meta":{"footnotes":""},"class_list":["post-133","page","type-page","status-publish","hentry","entry-lead"],"jetpack_shortlink":"https:\/\/wp.me\/P9cS46-29","jetpack-related-posts":[{"id":2339,"url":"https:\/\/biharugra.reformatus.hu\/?page_id=2339","url_meta":{"origin":133,"position":0},"title":"Reform\u00e1tus T\u00e1bor 2018 &#8211; \u00e9nekek","author":"Webmester","date":"2018.07.13.","format":false,"excerpt":"Itt meghallgathat\u00f3ak az \u00e9nekek: F\u0151\u00e9nek Let\u00f6lt\u00e9s Vez\u00e9r\u00e9nek Let\u00f6lt\u00e9s Mindennap veled leszek Let\u00f6lt\u00e9s Ha te J\u00e9zust k\u00f6veted Let\u00f6lt\u00e9s Rut volt sz\u00edvem s\u00f6t\u00e9t Let\u00f6lt\u00e9s Halld egy b\u00e1r\u00e1nyt ismerek Let\u00f6lt\u00e9s Itt a sz\u00f6veg\u00fck (PowerPoint): Reform\u00e1tus T\u00e1bor 2018 \u00e9nekek","rel":"","context":"Similar post","block_context":{"text":"Similar post","link":""},"img":{"alt_text":"","src":"","width":0,"height":0},"classes":[]},{"id":3248,"url":"https:\/\/biharugra.reformatus.hu\/?page_id=3248","url_meta":{"origin":133,"position":1},"title":"EGYH-KCP-18-P-0054 \/eszk\u00f6z\u00f6k\/","author":"Webmester","date":"2020.10.12.","format":false,"excerpt":"EGYH-KCP-18-P-0054 Kedvezm\u00e9nyezett neve: Biharugrai Reform\u00e1tus Egyh\u00e1zk\u00f6zs\u00e9g Projekt c\u00edme: Fejleszt\u00e9s \u00e9s m\u0171k\u00f6d\u00e9si c\u00e9l\u00fa t\u00e1mogat\u00e1s Szerz\u0151d\u00f6tt t\u00e1mogat\u00e1s \u00f6sszege: 2.455.303 Ft T\u00e1mogat\u00e1s m\u00e9rt\u00e9ke: 100% Projekt tervezett\/t\u00e9nyleges befejez\u00e9si id\u0151pontja: 2020.09.31. Projekt azonos\u00edt\u00f3 sz\u00e1ma: EGYH-KCP-18-P-0054 Projekt tartalm\u00e1nak bemutat\u00e1sa: A projektben egyh\u00e1zk\u00f6zs\u00e9g\u00fcnk meger\u0151s\u00f6d\u00e9s\u00e9hez k\u00edv\u00e1njuk a sz\u00fcks\u00e9ges infrastruktur\u00e1lis h\u00e1tteret megteremteni, mely \u00e1ltal a helyi k\u00f6z\u00f6ss\u00e9g\u00fcnk hit\u00e9leti tev\u00e9kenys\u00e9ge,\u2026","rel":"","context":"Similar post","block_context":{"text":"Similar post","link":""},"img":{"alt_text":"","src":"https:\/\/i0.wp.com\/biharugra.reformatus.hu\/wp-content\/uploads\/2020\/10\/DSC_0440-1-scaled.jpg?resize=350%2C200","width":350,"height":200,"srcset":"https:\/\/i0.wp.com\/biharugra.reformatus.hu\/wp-content\/uploads\/2020\/10\/DSC_0440-1-scaled.jpg?resize=350%2C200 1x, https:\/\/i0.wp.com\/biharugra.reformatus.hu\/wp-content\/uploads\/2020\/10\/DSC_0440-1-scaled.jpg?resize=525%2C300 1.5x, https:\/\/i0.wp.com\/biharugra.reformatus.hu\/wp-content\/uploads\/2020\/10\/DSC_0440-1-scaled.jpg?resize=700%2C400 2x, https:\/\/i0.wp.com\/biharugra.reformatus.hu\/wp-content\/uploads\/2020\/10\/DSC_0440-1-scaled.jpg?resize=1050%2C600 3x, https:\/\/i0.wp.com\/biharugra.reformatus.hu\/wp-content\/uploads\/2020\/10\/DSC_0440-1-scaled.jpg?resize=1400%2C800 4x"},"classes":[]},{"id":1704,"url":"https:\/\/biharugra.reformatus.hu\/?page_id=1704","url_meta":{"origin":133,"position":2},"title":"Keny\u00e9rmorzsa sz\u00edn\u0171 Isten h\u00e1za Biharugr\u00e1n","author":"Webmester","date":"2017.09.27.","format":false,"excerpt":"K\u00f6zel 50 milli\u00f3 forintb\u00f3l \u00fajul meg Biharugra reform\u00e1tus temploma \u2013 sz\u00e1molt be Szab\u00f3 \u00c1rp\u00e1d Csaba, a reform\u00e1tus egyh\u00e1zk\u00f6zs\u00e9g lelk\u00e9sze \u00e9s Makra Tibor, a telep\u00fcl\u00e9s polg\u00e1rmestere. Elk\u00e9pzelhet\u0151, hogy a korszer\u0171s\u00edt\u00e9s m\u00e9g az id\u00e9n elkezd\u0151dik \u00e9s j\u00f6v\u0151 \u00e9v v\u00e9g\u00e9re befejez\u0151dik. A torony \u00e9s a haj\u00f3 ugyanolyan sz\u00edn\u0171 lesz: keny\u00e9rmorzsa. Teljes k\u00fcls\u0151 fel\u00faj\u00edt\u00e1s\u2026","rel":"","context":"Similar post","block_context":{"text":"Similar post","link":""},"img":{"alt_text":"","src":"https:\/\/i0.wp.com\/biharugra.reformatus.hu\/wp-content\/uploads\/2017\/09\/templomfelujit-1024x968.jpg?resize=350%2C200","width":350,"height":200,"srcset":"https:\/\/i0.wp.com\/biharugra.reformatus.hu\/wp-content\/uploads\/2017\/09\/templomfelujit-1024x968.jpg?resize=350%2C200 1x, https:\/\/i0.wp.com\/biharugra.reformatus.hu\/wp-content\/uploads\/2017\/09\/templomfelujit-1024x968.jpg?resize=525%2C300 1.5x"},"classes":[]},{"id":139,"url":"https:\/\/biharugra.reformatus.hu\/?page_id=139","url_meta":{"origin":133,"position":3},"title":"A gy\u00fclekezet t\u00f6rt\u00e9nete","author":"Webmester","date":"2014.04.11.","format":false,"excerpt":"Ugra \u00e9s k\u00f6rny\u00e9ke feltehet\u0151en a XVI. sz\u00e1zad m\u00e1sodik fel\u00e9ben csatlakozott a reform\u00e1ci\u00f3hoz. Hiteles \u00e9s biztos adataink a kezdetekr\u0151l nincsenek. \"A Magyarorsz\u00e1gi Ev. Ref. Egyh\u00e1z Egyetemes N\u00e9vt\u00e1ra az 1886. \u00e9vre\" c. kiadv\u00e1nyban (Budapest, 1887.) az egyh\u00e1zk\u00f6zs\u00e9g keletkez\u00e9s\u00e9nek \u00e9vek\u00e9nt 1599 szerepel. \"A Magyarorsz\u00e1gi Reform\u00e1tus Egyh\u00e1z Egyetemes N\u00e9vt\u00e1ra az 1912. \u00e9vre\" c. kiadv\u00e1nyban\u2026","rel":"","context":"Similar post","block_context":{"text":"Similar post","link":""},"img":{"alt_text":"","src":"","width":0,"height":0},"classes":[]},{"id":516,"url":"https:\/\/biharugra.reformatus.hu\/?page_id=516","url_meta":{"origin":133,"position":4},"title":"Gyerekt\u00e1bor &#8211; 2014","author":"Webmester","date":"2014.08.15.","format":false,"excerpt":"\u0150szt\u0151l k\u00e9t tan\u00edt\u00f3val tov\u00e1bb folytatj\u00e1k az als\u00f3 tagozatos oktat\u00e1st Biharugr\u00e1n. V\u00edgh Ilona, Biharugra polg\u00e1rmestere (FIDSZ-KDNP) bejelentette hogy \u0151szt\u0151l k\u00e9t tan\u00edt\u00f3val tov\u00e1bb folytatj\u00e1k az als\u00f3 tagozatos oktat\u00e1st Biharugr\u00e1n \u2013 tudta meg a R\u00e1di\u00f37. A faluban \u00f3ri\u00e1si hagyom\u00e1nyai vannak az oktat\u00e1snak, hiszen \u00fagy tartj\u00e1k, hogy a m\u00falt sz\u00e1zad elej\u00e9n 50 \u00e9ven \u00e1t\u2026","rel":"","context":"Similar post","block_context":{"text":"Similar post","link":""},"img":{"alt_text":"","src":"","width":0,"height":0},"classes":[]},{"id":3715,"url":"https:\/\/biharugra.reformatus.hu\/?page_id=3715","url_meta":{"origin":133,"position":5},"title":"MFP-EKEB\/2022","author":"Webmester","date":"2024.04.16.","format":false,"excerpt":"MFP-EKEB\/2022 SZAKMAI BESZ\u00c1MOL\u00d3 a Magyar Falu Program keret\u00e9ben meghirdetett, \u201eEgyh\u00e1zi k\u00f6z\u00f6ss\u00e9gszervez\u00e9shez kapcsol\u00f3d\u00f3 eszk\u00f6zbeszerz\u00e9s \u00e9s k\u00f6z\u00f6ss\u00e9gszervez\u0151 b\u00e9rt\u00e1mogat\u00e1sa\u201d c\u00edm\u0171, MFP-EKEB\/2022 k\u00f3dsz\u00e1m\u00fa p\u00e1ly\u00e1zati ki\u00edr\u00e1sra beny\u00fajtott, 3345524428 iratazonos\u00edt\u00f3sz\u00e1mon nyilv\u00e1ntartott projekthez Biharugrai Reform\u00e1tus Egyh\u00e1zk\u00f6zs\u00e9g 2022.02.05. napon t\u00e1mogat\u00e1si k\u00e9relmet ny\u00fajtott be a Magyar Falu Program keret\u00e9ben meghirdetett, \u201eEgyh\u00e1zi k\u00f6z\u00f6ss\u00e9gszervez\u00e9shez kapcsol\u00f3d\u00f3 eszk\u00f6zbeszerz\u00e9s \u00e9s k\u00f6z\u00f6ss\u00e9gszervez\u0151 b\u00e9rt\u00e1mogat\u00e1sa - 2022\u201d\u2026","rel":"","context":"Similar post","block_context":{"text":"Similar post","link":""},"img":{"alt_text":"","src":"https:\/\/i0.wp.com\/biharugra.reformatus.hu\/wp-content\/uploads\/2024\/04\/304964413_5261388963929474_6269827510566790097_n.jpg?resize=350%2C200","width":350,"height":200,"srcset":"https:\/\/i0.wp.com\/biharugra.reformatus.hu\/wp-content\/uploads\/2024\/04\/304964413_5261388963929474_6269827510566790097_n.jpg?resize=350%2C200 1x, https:\/\/i0.wp.com\/biharugra.reformatus.hu\/wp-content\/uploads\/2024\/04\/304964413_5261388963929474_6269827510566790097_n.jpg?resize=525%2C300 1.5x, https:\/\/i0.wp.com\/biharugra.reformatus.hu\/wp-content\/uploads\/2024\/04\/304964413_5261388963929474_6269827510566790097_n.jpg?resize=700%2C400 2x, https:\/\/i0.wp.com\/biharugra.reformatus.hu\/wp-content\/uploads\/2024\/04\/304964413_5261388963929474_6269827510566790097_n.jpg?resize=1050%2C600 3x, https:\/\/i0.wp.com\/biharugra.reformatus.hu\/wp-content\/uploads\/2024\/04\/304964413_5261388963929474_6269827510566790097_n.jpg?resize=1400%2C800 4x"},"classes":[]}],"jetpack_sharing_enabled":true,"_links":{"self":[{"href":"https:\/\/biharugra.reformatus.hu\/index.php?rest_route=\/wp\/v2\/pages\/133","targetHints":{"allow":["GET"]}}],"collection":[{"href":"https:\/\/biharugra.reformatus.hu\/index.php?rest_route=\/wp\/v2\/pages"}],"about":[{"href":"https:\/\/biharugra.reformatus.hu\/index.php?rest_route=\/wp\/v2\/types\/page"}],"author":[{"embeddable":true,"href":"https:\/\/biharugra.reformatus.hu\/index.php?rest_route=\/wp\/v2\/users\/1"}],"replies":[{"embeddable":true,"href":"https:\/\/biharugra.reformatus.hu\/index.php?rest_route=%2Fwp%2Fv2%2Fcomments&post=133"}],"version-history":[{"count":9,"href":"https:\/\/biharugra.reformatus.hu\/index.php?rest_route=\/wp\/v2\/pages\/133\/revisions"}],"predecessor-version":[{"id":2891,"href":"https:\/\/biharugra.reformatus.hu\/index.php?rest_route=\/wp\/v2\/pages\/133\/revisions\/2891"}],"wp:attachment":[{"href":"https:\/\/biharugra.reformatus.hu\/index.php?rest_route=%2Fwp%2Fv2%2Fmedia&parent=133"}],"curies":[{"name":"wp","href":"https:\/\/api.w.org\/{rel}","templated":true}]}}