{"id":135,"date":"2014-04-11T11:10:30","date_gmt":"2014-04-11T09:10:30","guid":{"rendered":"http:\/\/biharugra.reformatus.hu\/?page_id=135"},"modified":"2017-09-27T10:46:54","modified_gmt":"2017-09-27T09:46:54","slug":"testvergyulekezeteink","status":"publish","type":"page","link":"https:\/\/biharugra.reformatus.hu\/?page_id=135","title":{"rendered":"Testv\u00e9rgy\u00fclekezeteink"},"content":{"rendered":"<div class=\"entry-content\" itemprop=\"text\">\n<p>&nbsp;<\/p>\n<table style=\"border: none;\">\n<tbody style=\"border: none;\">\n<tr>\n<td style=\"border: none; text-align: center;\"><a href=\"http:\/\/www.szentjanos.ro\" target=\"_blank\" rel=\"noopener\"><img data-recalc-dims=\"1\" loading=\"lazy\" decoding=\"async\" src=\"https:\/\/i0.wp.com\/1.bp.blogspot.com\/-JLDNzKYKUMw\/UeIzxjrhb-I\/AAAAAAAAAlU\/HIl5DDKeRvw\/s320\/biharszentjanos.jpg?resize=213%2C320\" width=\"213\" height=\"320\" border=\"0\" \/><\/a><br \/>\n<center><br \/>\n<b>Biharszentj\u00e1nos<br \/>\nBihar megye, Rom\u00e1nia<\/b><\/center><\/td>\n<td style=\"border: none; text-align: center;\" width=\"100\"><\/td>\n<td style=\"border: none; text-align: center;\"><a href=\"http:\/\/ermellek.blogspot.ro\/2013\/03\/uj-fiatal-lelkesz-csokalyi-reformatus.html\" target=\"_blank\" rel=\"noopener\"><img data-recalc-dims=\"1\" loading=\"lazy\" decoding=\"async\" src=\"https:\/\/i0.wp.com\/3.bp.blogspot.com\/-052z0zQl2v4\/UeIzx_N0IWI\/AAAAAAAAAlY\/TasqS4-GabE\/s320\/csokaly.jpg?resize=213%2C320\" width=\"213\" height=\"320\" border=\"0\" \/><\/a><br \/>\n<center><br \/>\n<b>Csokaly<br \/>\nBihar megye, Rom\u00e1nia<\/b><\/center><\/td>\n<\/tr>\n<\/tbody>\n<\/table>\n<p>&nbsp;<\/p>\n\n\n<\/div>\n","protected":false},"excerpt":{"rendered":"<div class=\"entry-summary\" itemprop=\"text\">\n<p>&nbsp; Biharszentj\u00e1nos Bihar megye, Rom\u00e1nia Csokaly Bihar megye, Rom\u00e1nia &nbsp;<\/p>\n\n<\/div>\n","protected":false},"author":1,"featured_media":0,"parent":0,"menu_order":0,"comment_status":"closed","ping_status":"closed","template":"","meta":{"footnotes":""},"class_list":["post-135","page","type-page","status-publish","hentry","entry-lead"],"jetpack_shortlink":"https:\/\/wp.me\/P9cS46-2b","jetpack-related-posts":[{"id":3715,"url":"https:\/\/biharugra.reformatus.hu\/?page_id=3715","url_meta":{"origin":135,"position":0},"title":"MFP-EKEB\/2022","author":"Webmester","date":"2024.04.16.","format":false,"excerpt":"MFP-EKEB\/2022 SZAKMAI BESZ\u00c1MOL\u00d3 a Magyar Falu Program keret\u00e9ben meghirdetett, \u201eEgyh\u00e1zi k\u00f6z\u00f6ss\u00e9gszervez\u00e9shez kapcsol\u00f3d\u00f3 eszk\u00f6zbeszerz\u00e9s \u00e9s k\u00f6z\u00f6ss\u00e9gszervez\u0151 b\u00e9rt\u00e1mogat\u00e1sa\u201d c\u00edm\u0171, MFP-EKEB\/2022 k\u00f3dsz\u00e1m\u00fa p\u00e1ly\u00e1zati ki\u00edr\u00e1sra beny\u00fajtott, 3345524428 iratazonos\u00edt\u00f3sz\u00e1mon nyilv\u00e1ntartott projekthez Biharugrai Reform\u00e1tus Egyh\u00e1zk\u00f6zs\u00e9g 2022.02.05. napon t\u00e1mogat\u00e1si k\u00e9relmet ny\u00fajtott be a Magyar Falu Program keret\u00e9ben meghirdetett, \u201eEgyh\u00e1zi k\u00f6z\u00f6ss\u00e9gszervez\u00e9shez kapcsol\u00f3d\u00f3 eszk\u00f6zbeszerz\u00e9s \u00e9s k\u00f6z\u00f6ss\u00e9gszervez\u0151 b\u00e9rt\u00e1mogat\u00e1sa - 2022\u201d\u2026","rel":"","context":"Similar post","block_context":{"text":"Similar post","link":""},"img":{"alt_text":"","src":"https:\/\/i0.wp.com\/biharugra.reformatus.hu\/wp-content\/uploads\/2024\/04\/304964413_5261388963929474_6269827510566790097_n.jpg?resize=350%2C200","width":350,"height":200,"srcset":"https:\/\/i0.wp.com\/biharugra.reformatus.hu\/wp-content\/uploads\/2024\/04\/304964413_5261388963929474_6269827510566790097_n.jpg?resize=350%2C200 1x, https:\/\/i0.wp.com\/biharugra.reformatus.hu\/wp-content\/uploads\/2024\/04\/304964413_5261388963929474_6269827510566790097_n.jpg?resize=525%2C300 1.5x, https:\/\/i0.wp.com\/biharugra.reformatus.hu\/wp-content\/uploads\/2024\/04\/304964413_5261388963929474_6269827510566790097_n.jpg?resize=700%2C400 2x, https:\/\/i0.wp.com\/biharugra.reformatus.hu\/wp-content\/uploads\/2024\/04\/304964413_5261388963929474_6269827510566790097_n.jpg?resize=1050%2C600 3x, https:\/\/i0.wp.com\/biharugra.reformatus.hu\/wp-content\/uploads\/2024\/04\/304964413_5261388963929474_6269827510566790097_n.jpg?resize=1400%2C800 4x"},"classes":[]},{"id":587,"url":"https:\/\/biharugra.reformatus.hu\/?page_id=587","url_meta":{"origin":135,"position":1},"title":"Tataroz\u00e1s \u00e9s fel\u00faj\u00edt\u00e1si tervek Biharugr\u00e1n","author":"Webmester","date":"2014.08.17.","format":false,"excerpt":"A Tisz\u00e1nt\u00fali Reform\u00e1tus Egyh\u00e1zker\u00fclet egyik legr\u00e9gebbi, a Biharugrai Reform\u00e1tus Egyh\u00e1zk\u00f6zs\u00e9g templom\u00e1nak alapjai az \u00c1rp\u00e1d korra ny\u00falnak vissza. Ma jelent\u0151s fel\u00faj\u00edt\u00e1st terveznek. Az elk\u00e9pz\u00e9sek szerint, a k\u00fcls\u0151 fel\u00faj\u00edt\u00e1si munk\u00e1k mellett, l\u00e1togathat\u00f3v\u00e1 tenn\u00e9k a harangtornyot is, ahonnan p\u00e1ratlan kil\u00e1t\u00e1s ny\u00edlik a k\u00f6zs\u00e9gre \u00e9s a R\u00e9tk\u00f6zre. Keleten pedig, tiszta id\u0151ben, j\u00f3l l\u00e1tsz\u00f3dnak a\u2026","rel":"","context":"Similar post","block_context":{"text":"Similar post","link":""},"img":{"alt_text":"","src":"","width":0,"height":0},"classes":[]},{"id":977,"url":"https:\/\/biharugra.reformatus.hu\/?page_id=977","url_meta":{"origin":135,"position":2},"title":"P\u00e9ld\u00e1tlan \u00f6sszefog\u00e1s \u00e9s \u00f6r\u00f6m Biharugr\u00e1n","author":"Webmester","date":"2015.06.23.","format":false,"excerpt":"A biharugrai reform\u00e1tus egyh\u00e1zk\u00f6zs\u00e9g \u00e9let\u00e9ben az elm\u00falt id\u0151ben sz\u00e1mos olyan nagyform\u00e1tum\u00fa esem\u00e9ny t\u00f6rt\u00e9nt, amely a kis k\u00f6z\u00f6ss\u00e9g \u00f6sszetartoz\u00e1s\u00e1t, \u00f6sszefog\u00e1s\u00e1nak erej\u00e9t bizony\u00edtotta. Az itt \u00e9l\u0151 emberek szem\u00e9lyes lehet\u0151s\u00e9g\u00fck f\u00fcggv\u00e9ny\u00e9ben felekezeti hovatartoz\u00e1sukt\u00f3l f\u00fcggetlen\u00fcl adakoz\u00e1ssal, munk\u00e1jukkal, sz\u00edves vend\u00e9gl\u00e1t\u00e1sukkal j\u00e1rultak hozz\u00e1 a telep\u00fcl\u00e9s fejl\u0151d\u00e9s\u00e9hez. \u00daj gy\u00fclekezeti terem \u00e9p\u00fclt \u00e9s k\u00f6zadakoz\u00e1sb\u00f3l meg\u00fajult a harangoz\u00f3szerkezet \u00e9s\u2026","rel":"","context":"Similar post","block_context":{"text":"Similar post","link":""},"img":{"alt_text":"","src":"","width":0,"height":0},"classes":[]}],"jetpack_sharing_enabled":true,"_links":{"self":[{"href":"https:\/\/biharugra.reformatus.hu\/index.php?rest_route=\/wp\/v2\/pages\/135","targetHints":{"allow":["GET"]}}],"collection":[{"href":"https:\/\/biharugra.reformatus.hu\/index.php?rest_route=\/wp\/v2\/pages"}],"about":[{"href":"https:\/\/biharugra.reformatus.hu\/index.php?rest_route=\/wp\/v2\/types\/page"}],"author":[{"embeddable":true,"href":"https:\/\/biharugra.reformatus.hu\/index.php?rest_route=\/wp\/v2\/users\/1"}],"replies":[{"embeddable":true,"href":"https:\/\/biharugra.reformatus.hu\/index.php?rest_route=%2Fwp%2Fv2%2Fcomments&post=135"}],"version-history":[{"count":10,"href":"https:\/\/biharugra.reformatus.hu\/index.php?rest_route=\/wp\/v2\/pages\/135\/revisions"}],"predecessor-version":[{"id":1717,"href":"https:\/\/biharugra.reformatus.hu\/index.php?rest_route=\/wp\/v2\/pages\/135\/revisions\/1717"}],"wp:attachment":[{"href":"https:\/\/biharugra.reformatus.hu\/index.php?rest_route=%2Fwp%2Fv2%2Fmedia&parent=135"}],"curies":[{"name":"wp","href":"https:\/\/api.w.org\/{rel}","templated":true}]}}