{"id":1372,"date":"2016-12-25T07:38:04","date_gmt":"2016-12-25T06:38:04","guid":{"rendered":"http:\/\/biharugra.reformatus.hu\/?page_id=1372"},"modified":"2019-08-20T06:03:16","modified_gmt":"2019-08-20T05:03:16","slug":"igehirdetesek-2017","status":"publish","type":"page","link":"https:\/\/biharugra.reformatus.hu\/?page_id=1372","title":{"rendered":"Igehirdet\u00e9sek 2017"},"content":{"rendered":"<div class=\"entry-content\" itemprop=\"text\">\n<table class=\" table table-bordered table-striped\">\n<tbody>\n<tr>\n<th style=\"text-align: center;\" colspan=\"4\" width=\"75%\" align=\"center\"><img data-recalc-dims=\"1\" decoding=\"async\" data-attachment-id=\"1216\" data-permalink=\"https:\/\/biharugra.reformatus.hu\/?attachment_id=1216\" data-orig-file=\"https:\/\/i0.wp.com\/biharugra.reformatus.hu\/wp-content\/uploads\/2016\/01\/Igehirdetesek-2017-e1462098689347.png?fit=640%2C296&amp;ssl=1\" data-orig-size=\"640,296\" data-comments-opened=\"0\" data-image-meta='{\"aperture\":\"0\",\"credit\":\"\",\"camera\":\"\",\"caption\":\"\",\"created_timestamp\":\"0\",\"copyright\":\"\",\"focal_length\":\"0\",\"iso\":\"0\",\"shutter_speed\":\"0\",\"title\":\"\",\"orientation\":\"0\"}' data-image-title=\"Igehirdetesek-2017\" data-image-description=\"\" data-image-caption=\"\" data-large-file=\"https:\/\/i0.wp.com\/biharugra.reformatus.hu\/wp-content\/uploads\/2016\/01\/Igehirdetesek-2017-e1462098689347.png?fit=640%2C296&amp;ssl=1\" class=\"aligncenter size-full wp-image-1216\" src=\"https:\/\/i0.wp.com\/biharugra.reformatus.hu\/wp-content\/uploads\/2016\/01\/Igehirdetesek-2017-e1462098689347.png?w=640\" alt=\"Igehirdetesek-2017\"  srcset=\"https:\/\/i0.wp.com\/biharugra.reformatus.hu\/wp-content\/uploads\/2016\/01\/Igehirdetesek-2017-e1462098689347.png?w=640&amp;ssl=1 640w, https:\/\/i0.wp.com\/biharugra.reformatus.hu\/wp-content\/uploads\/2016\/01\/Igehirdetesek-2017-e1462098689347.png?resize=300%2C139&amp;ssl=1 300w\" sizes=\"(max-width: 640px) 100vw, 640px\" \/><\/th>\n<\/tr>\n<tr>\n<td><span style=\"text-decoration: underline;\"><b>d&#xE1;tum<\/b><\/span><\/td>\n<td><span style=\"text-decoration: underline;\"><b>alkalom neve<\/b><\/span><\/td>\n<td><span style=\"text-decoration: underline;\"><b>alapige<\/b><\/span><\/td>\n<td><span style=\"text-decoration: underline;\"><b>let&#xF6;lt&#xE9;s<\/b><\/span><\/td>\n<\/tr>\n<tr>\n<td>2017.12.31<\/td>\n<td>&#xD3;&#xE9;v est&#xE9;je<\/td>\n<td>H&#xF3;s 2:4-15; H&#xF3;s 2:16,21-25<\/td>\n<td><a href=\"https:\/\/my.pcloud.com\/publink\/show?code=XZPeGF7ZXwfGC81YOCFEty4FBIE5yJzfzWpy\" target=\"_blank\" rel=\"noopener noreferrer\">let&#xF6;lt&#xE9;s<\/a><\/td>\n<\/tr>\n<tr>\n<td>2017.12.26<\/td>\n<td>Kar&#xE1;csony 2.<\/td>\n<td>Ez 34:11-16; Lk 19:10<\/td>\n<td><a href=\"https:\/\/my.pcloud.com\/publink\/show?code=XZ2rKF7Z4SDplz0ntYfcXOJpMMTCaF0N12H7\" target=\"_blank\" rel=\"noopener noreferrer\">let&#xF6;lt&#xE9;s<\/a><\/td>\n<\/tr>\n<tr>\n<td>2017.12.25<\/td>\n<td>Kar&#xE1;csony 1.<\/td>\n<td>Mt 2:13-18; Mt 27:3-4a<\/td>\n<td><a href=\"https:\/\/my.pcloud.com\/publink\/show?code=XZkhCF7Z0XW8UYzyotkYF02Jzj6bfFkuGBMy\" target=\"_blank\" rel=\"noopener noreferrer\">let&#xF6;lt&#xE9;s<\/a><\/td>\n<\/tr>\n<tr>\n<td>2017.12.24<\/td>\n<td>Szenteste<\/td>\n<td>Mt 11:2-6; Mt 11:18-19<\/td>\n<td><a href=\"https:\/\/my.pcloud.com\/publink\/show?code=XZVSCF7ZfiSJpmTWIzkev46AjTE9HXeMurL7\" target=\"_blank\" rel=\"noopener noreferrer\">let&#xF6;lt&#xE9;s<\/a><\/td>\n<\/tr>\n<tr>\n<td>2017.12.24<\/td>\n<td>Advent 4.<\/td>\n<td>Mt 11:2-6; Mt 11:18-19<\/td>\n<td><a href=\"https:\/\/my.pcloud.com\/publink\/show?code=XZ0g9F7Z8aXxilhq0mQlFzFKDFn1bQrDmlg7\" target=\"_blank\" rel=\"noopener noreferrer\">let&#xF6;lt&#xE9;s<\/a><\/td>\n<\/tr>\n<tr>\n<td>2017.12.17<\/td>\n<td>Advent 3.<\/td>\n<td>Zsolt 62:1-13; Zsolt 5:4<\/td>\n<td><a href=\"https:\/\/my.pcloud.com\/publink\/show?code=XZx30F7ZXHT4nfOxvwXVT4UAfz2ojRbzSmxX\" target=\"_blank\" rel=\"noopener noreferrer\">let&#xF6;lt&#xE9;s<\/a><\/td>\n<\/tr>\n<tr>\n<td>2017.12.10<\/td>\n<td>Advent 2.<\/td>\n<td>2 Pt 3:1-18; 2 Pt 3:9<\/td>\n<td><a href=\"https:\/\/my.pcloud.com\/publink\/show?code=XZEw5J7ZX29lYiFEjHhN1JNULCcI0HupudoV\" target=\"_blank\" rel=\"noopener noreferrer\">let&#xF6;lt&#xE9;s<\/a><\/td>\n<\/tr>\n<tr>\n<td>2017.12.03<\/td>\n<td>Advent 1.<\/td>\n<td>Lk 21:25-33; &#xC9;zs 63:15-19<\/td>\n<td><a href=\"https:\/\/my.pcloud.com\/publink\/show?code=XZlSC57ZvaENXwNy2Hp6t2x5T4Th18uuz1TX\" target=\"_blank\" rel=\"noopener noreferrer\">let&#xF6;lt&#xE9;s<\/a><\/td>\n<\/tr>\n<tr>\n<td>2017.11.26<\/td>\n<td>Vas&#xE1;rnap<\/td>\n<td>1 Thessz 4:1-12; Jn 17:15<\/td>\n<td><a href=\"https:\/\/my.pcloud.com\/publink\/show?code=XZhFF57Z6e0Wsz3SfP4gngvTnLbqDSKFtIXy\" target=\"_blank\" rel=\"noopener noreferrer\">let&#xF6;lt&#xE9;s<\/a><\/td>\n<\/tr>\n<tr>\n<td>2017.11.19<\/td>\n<td>Vas&#xE1;rnap<\/td>\n<td>1 Pt 1:14-16; Lk 23:45<\/td>\n<td><a href=\"https:\/\/my.pcloud.com\/publink\/show?code=XZ92T07ZI3Oy7G8tcjR9S8H1MhnUbHBo8cgV\" target=\"_blank\" rel=\"noopener noreferrer\">let&#xF6;lt&#xE9;s<\/a><\/td>\n<\/tr>\n<tr>\n<td>2017.11.12<\/td>\n<td>Vas&#xE1;rnap<\/td>\n<td>2 M&#xF3;z 3:1-6; &#xC9;zs 5:16<\/td>\n<td><a href=\"https:\/\/my.pcloud.com\/publink\/show?code=XZOgk07Z21bkqTO5zpVeq4OgxoIYeSC57sWy\" target=\"_blank\" rel=\"noopener noreferrer\">let&#xF6;lt&#xE9;s<\/a><\/td>\n<\/tr>\n<tr>\n<td>2017.11.05<\/td>\n<td>Vas&#xE1;rnap<\/td>\n<td>Jn 8:1-11; Mt 9:13<\/td>\n<td><a href=\"https:\/\/my.pcloud.com\/publink\/show?code=XZs4MV7ZCSGzNOcBwg5m4cLi3KEydRE7yxUX\" target=\"_blank\" rel=\"noopener noreferrer\">let&#xF6;lt&#xE9;s<\/a><\/td>\n<\/tr>\n<tr>\n<td>2017.10.31<\/td>\n<td>Reform&#xE1;ci&#xF3;<\/td>\n<td>Rm 5:1-11; Rm 5:1<\/td>\n<td><a href=\"https:\/\/my.pcloud.com\/publink\/show?code=XZDd4V7Zm3k2yUPSqtRC6sdfSMr558TwOBY7\" target=\"_blank\" rel=\"noopener noreferrer\">let&#xF6;lt&#xE9;s<\/a><\/td>\n<\/tr>\n<tr>\n<td>2017.10.29<\/td>\n<td>&#xDA;jbor<\/td>\n<td>Jn 6:35-51; 1 Kor 11:25b<\/td>\n<td><a href=\"https:\/\/my.pcloud.com\/publink\/show?code=XZR0pV7ZRolIXk3cGzYck55NVlKAhbXtfOmy\" target=\"_blank\" rel=\"noopener noreferrer\">let&#xF6;lt&#xE9;s<\/a><\/td>\n<\/tr>\n<tr>\n<td>2017.10.23<\/td>\n<td>OKt&#xF3;ber 23.<\/td>\n<td>2 M&#xF3;z 20:2-3<\/td>\n<td><a href=\"https:\/\/my.pcloud.com\/publink\/show?code=XZc3NX7ZqH1yFJpzIHbw302rLihkXm7OnydX\" target=\"_blank\" rel=\"noopener noreferrer\">let&#xF6;lt&#xE9;s<\/a><\/td>\n<\/tr>\n<tr>\n<td>2017.10.22<\/td>\n<td>Vas&#xE1;rnap<\/td>\n<td>Kol 3:1-16; &#xC9;zs 29:13<\/td>\n<td><a href=\"https:\/\/my.pcloud.com\/publink\/show?code=XZa3NX7ZRPOoS1aaOphBF8oN1yQwX7OkuYa7\" target=\"_blank\" rel=\"noopener noreferrer\">let&#xF6;lt&#xE9;s<\/a><\/td>\n<\/tr>\n<tr>\n<td>2017.10.15<\/td>\n<td>Vas&#xE1;rnap<\/td>\n<td>Ef 3:14-21; Ef 3:17<\/td>\n<td><a href=\"https:\/\/my.pcloud.com\/publink\/show?code=XZA3NX7ZWbNDs3bQYeFnyLn24B3zxj5dtrlk\" target=\"_blank\" rel=\"noopener noreferrer\">let&#xF6;lt&#xE9;s<\/a><\/td>\n<\/tr>\n<tr>\n<td>2017.10.08<\/td>\n<td>Vas&#xE1;rnap<\/td>\n<td>2 pt 1:3-11; Rm 12:1-2<\/td>\n<td><a href=\"https:\/\/my.pcloud.com\/publink\/show?code=XZ63NX7ZfIzc2thoHBRbmRQr4Rtx5zxa9HC7\" target=\"_blank\" rel=\"noopener noreferrer\">let&#xF6;lt&#xE9;s<\/a><\/td>\n<\/tr>\n<tr>\n<td>2017.10.01<\/td>\n<td>Vas&#xE1;rnap<\/td>\n<td>B&#xED;r 7:1-8; 2 M&#xF3;z 6:7a<\/td>\n<td><a href=\"https:\/\/my.pcloud.com\/publink\/show?code=XZT3NX7ZcueWPhkvK7QUGFM5HqFqqRMkqCWy\" target=\"_blank\" rel=\"noopener noreferrer\">let&#xF6;lt&#xE9;s<\/a><\/td>\n<\/tr>\n<tr>\n<td>2017.09.24<\/td>\n<td>Vas&#xE1;rnap<\/td>\n<td>1 Pt 3:8-17; &#xC9;zs 26:1b-4<\/td>\n<td><a href=\"https:\/\/my.pcloud.com\/publink\/show?code=XZhmI77Z4GO3bhOrvbY9X1PlvB9K9Vl1vsjk\" target=\"_blank\" rel=\"noopener noreferrer\">let&#xF6;lt&#xE9;s<\/a><\/td>\n<\/tr>\n<tr>\n<td>2017.09.17<\/td>\n<td>Vas&#xE1;rnap<\/td>\n<td>Zsolt 112; Mt 5:13-16<\/td>\n<td><a href=\"https:\/\/my.pcloud.com\/publink\/show?code=XZTmI77ZSkgHQ84yT8Xn3AjjlKNbF8mR63z7\" target=\"_blank\" rel=\"noopener noreferrer\">let&#xF6;lt&#xE9;s<\/a><\/td>\n<\/tr>\n<tr>\n<td>2017.09.10<\/td>\n<td>Vas&#xE1;rnap<\/td>\n<td>4 M&#xF3;z 13:1-33; 4 M&#xF3;z 14:24<\/td>\n<td><a href=\"https:\/\/my.pcloud.com\/publink\/show?code=XZXUcy7Z1YFzKE8H4yuS1gBvY3PRwB77qOmX\" target=\"_blank\" rel=\"noopener noreferrer\">let&#xF6;lt&#xE9;s<\/a><\/td>\n<\/tr>\n<tr>\n<td>2017.09.02<\/td>\n<td>Vas&#xE1;rnap<\/td>\n<td>Zsolt 16; 1 Pt 2:21-25<\/td>\n<td><a href=\"https:\/\/my.pcloud.com\/publink\/show?code=XZSbcy7ZKifVx3qTUSVeN9sjyjjt3VLe9ImX\" target=\"_blank\" rel=\"noopener noreferrer\">let&#xF6;lt&#xE9;s<\/a><\/td>\n<\/tr>\n<tr>\n<td>2017.08.27<\/td>\n<td>Vas&#xE1;rnap<\/td>\n<td>1 Pt 5:1-4; ApCsel 20:28<\/td>\n<td><a href=\"https:\/\/my.pcloud.com\/publink\/show?code=XZsfQ07ZnHVp02E05qVQfBbThmpXBjfHRy1k\" target=\"_blank\" rel=\"noopener noreferrer\">let&#xF6;lt&#xE9;s<\/a><\/td>\n<\/tr>\n<tr>\n<td>2017.08.20<\/td>\n<td>Augusztus 20.<\/td>\n<td>2 Kr&#xF3;n 29:1-11; J&#xF3;zs 24:15<\/td>\n<td><a href=\"https:\/\/my.pcloud.com\/publink\/show?code=XZSfQ07ZLHHIUXx3yMu0IKvpFSRhUHbw1vtV\" target=\"_blank\" rel=\"noopener noreferrer\">let&#xF6;lt&#xE9;s<\/a><\/td>\n<\/tr>\n<tr>\n<td>2017.08.06<\/td>\n<td>Vas&#xE1;rnap<\/td>\n<td>1 Kir 17:1-6; 1 Kir 19:1-4<\/td>\n<td><a href=\"https:\/\/my.pcloud.com\/publink\/show?code=XZhfQ07ZQzHszSu2UFSbVWx3FYC357AAFoEk\" target=\"_blank\" rel=\"noopener noreferrer\">let&#xF6;lt&#xE9;s<\/a><\/td>\n<\/tr>\n<tr>\n<td>2017.07.30<\/td>\n<td>Vas&#xE1;rnap<\/td>\n<td>Zsolt 51:1-19; Zsolt 37:7a<\/td>\n<td><a href=\"https:\/\/my.pcloud.com\/publink\/show?code=XZmfQ07ZPRvCjuRndLR0NwUrA9haeulJd51X\" target=\"_blank\" rel=\"noopener noreferrer\">let&#xF6;lt&#xE9;s<\/a><\/td>\n<\/tr>\n<tr>\n<td>2017.07.23<\/td>\n<td>Vas&#xE1;rnap<\/td>\n<td>D&#xE1;n 1:1-21; Jel 2:10b<\/td>\n<td><a href=\"https:\/\/my.pcloud.com\/publink\/show?code=XZQfQ07ZaaacsXz2eBf0OB5mwLO7C5Qm4Asy\" target=\"_blank\" rel=\"noopener noreferrer\">let&#xF6;lt&#xE9;s<\/a><\/td>\n<\/tr>\n<tr>\n<td>2017.07.16<\/td>\n<td>Vas&#xE1;rnap<\/td>\n<td>2 M&#xF3;z 18:1-27; Ef 2:8-10<\/td>\n<td><a href=\"https:\/\/my.pcloud.com\/publink\/show?code=XZpfQ07ZTM4j9TRGFFVlYbfj33pyABV75AAX\" target=\"_blank\" rel=\"noopener noreferrer\">let&#xF6;lt&#xE9;s<\/a><\/td>\n<\/tr>\n<tr>\n<td>2017.07.09<\/td>\n<td>Vas&#xE1;rnap<\/td>\n<td>2 M&#xF3;z 32:15-35; 2 M&#xF3;z 17:1-7<\/td>\n<td><a href=\"https:\/\/my.pcloud.com\/publink\/show?code=XZruQ07ZEwPVrEWOW9S4IxbByekgKFoI81CV\" target=\"_blank\" rel=\"noopener noreferrer\">let&#xF6;lt&#xE9;s<\/a><\/td>\n<\/tr>\n<tr>\n<td>2017.07.02<\/td>\n<td>Vas&#xE1;rnap<\/td>\n<td>2 M&#xF3;z 4:1-17; 2 M&#xF3;z 24:2,18<\/td>\n<td><a href=\"https:\/\/my.pcloud.com\/publink\/show?code=XZquQ07Zdw564eur1JJr68HoLQVW4pWi7MyX\" target=\"_blank\" rel=\"noopener noreferrer\">let&#xF6;lt&#xE9;s<\/a><\/td>\n<\/tr>\n<tr>\n<td>2017.06.25<\/td>\n<td>vas&#xE1;rnap<\/td>\n<td>1 M&#xF3;z 6:9-22; Zsid 11:7<\/td>\n<td><a href=\"https:\/\/my.pcloud.com\/publink\/show?code=XZwuQ07Zfq6fuqiPz9YccKaQJmUAHYdyfidy\" target=\"_blank\" rel=\"noopener noreferrer\">let&#xF6;lt&#xE9;s<\/a><\/td>\n<\/tr>\n<tr>\n<td>2017.06.18<\/td>\n<td>Vas&#xE1;rnap<\/td>\n<td>1 M&#xF3;z 22:1-18; Zsolt 37:5<\/td>\n<td><a href=\"https:\/\/my.pcloud.com\/publink\/show?code=XZguQ07Zgg4nLkM95EpSWHfPnTvbchH913iX\" target=\"_blank\" rel=\"noopener noreferrer\">let&#xF6;lt&#xE9;s<\/a><\/td>\n<\/tr>\n<tr>\n<td>2017.06.05<\/td>\n<td>P&#xFC;nk&#xF6;sd 2.<\/td>\n<td>ApCsel 2:1-13; 1 Jn 5:7-8<\/td>\n<td><a href=\"https:\/\/my.pcloud.com\/publink\/show?code=XZ9uQ07Z5KyA0Ems36XcWmcJ1SPl2jp1yTt7\" target=\"_blank\" rel=\"noopener noreferrer\">let&#xF6;lt&#xE9;s<\/a><\/td>\n<\/tr>\n<tr>\n<td>2017.06.04<\/td>\n<td>P&#xFC;nk&#xF6;sd 1.<\/td>\n<td>ApCsel 2:1-21; Jn 14:15-17<\/td>\n<td><a href=\"https:\/\/my.pcloud.com\/publink\/show?code=XZeuQ07ZiB8eNYiBDAFlKEIc722Fy5aGrVfy\" target=\"_blank\" rel=\"noopener noreferrer\">let&#xF6;lt&#xE9;s<\/a><\/td>\n<\/tr>\n<tr>\n<td>2017.05.28<\/td>\n<td>Konfirm&#xE1;ci&#xF3;<\/td>\n<td>Vide&#xF3; megtekint&#xE9;se -&gt;<\/td>\n<td><a href=\"https:\/\/youtube.com\">let&#xF6;lt&#xE9;s<\/a><\/td>\n<\/tr>\n<tr>\n<td>2017.05.25<\/td>\n<td>Mennybemenetel<\/td>\n<td>Mt 25:31-46; Mt 28:20<\/td>\n<td><a href=\"https:\/\/my.pcloud.com\/publink\/show?code=XZ2uQ07ZviGvpmvno3HQMuqV5rGSxzjWmVCV\" target=\"_blank\" rel=\"noopener noreferrer\">let&#xF6;lt&#xE9;s<\/a><\/td>\n<\/tr>\n<tr>\n<td>2017.05.21<\/td>\n<td>Vas&#xE1;rnap<\/td>\n<td>1 Kor 16; 1 Kor 16:14<\/td>\n<td><a href=\"https:\/\/my.pcloud.com\/publink\/show?code=XZhuQ07Z6GXfF4Pr46jfc61aW1o6SSt0Fa7y\" target=\"_blank\" rel=\"noopener noreferrer\">let&#xF6;lt&#xE9;s<\/a><\/td>\n<\/tr>\n<tr>\n<td>2017.05.14<\/td>\n<td>Vas&#xE1;rnap<\/td>\n<td>1 Kor 15:35-58; 1 Kor 15:50<\/td>\n<td><a href=\"https:\/\/my.pcloud.com\/publink\/show?code=XZYuQ07ZI5KFgXrQfmmTDnSuwariYJKKDAok\" target=\"_blank\" rel=\"noopener noreferrer\">let&#xF6;lt&#xE9;s<\/a><\/td>\n<\/tr>\n<tr>\n<td>2017.05.07<\/td>\n<td>Vas&#xE1;rnap<\/td>\n<td>1 Kor 15:1-34; 1 Kor 15:16-17<\/td>\n<td><a href=\"https:\/\/my.pcloud.com\/publink\/show?code=XZzuQ07Z4LdfEgrchS5l5PvUMXyPFSs5u0cX\" target=\"_blank\" rel=\"noopener noreferrer\">let&#xF6;lt&#xE9;s<\/a><\/td>\n<\/tr>\n<tr>\n<td>2017.04.30<\/td>\n<td>Vas&#xE1;rnap<\/td>\n<td>1 Kor 14:26-40; 1 Kor 14:33<\/td>\n<td><a href=\"https:\/\/my.pcloud.com\/publink\/show?code=XZ0uQ07ZIumvLLwt2wmhdL5PjhRlejk2M69X\" target=\"_blank\" rel=\"noopener noreferrer\">let&#xF6;lt&#xE9;s<\/a><\/td>\n<\/tr>\n<tr>\n<td>2017.04.23<\/td>\n<td>Vas&#xE1;rnap<\/td>\n<td>1 Kor 14:1-25; 1 Kor 12:31a<\/td>\n<td><a href=\"https:\/\/my.pcloud.com\/publink\/show?code=XZkuQ07ZLveqqwsmfpBTD4WQ7WYUiy4D5k4V\" target=\"_blank\" rel=\"noopener noreferrer\">let&#xF6;lt&#xE9;s<\/a><\/td>\n<\/tr>\n<tr>\n<td>2017.04.17<\/td>\n<td>H&#xFA;sv&#xE9;t 2.<\/td>\n<td>Mt 27:62-66<\/td>\n<td><a href=\"https:\/\/my.pcloud.com\/publink\/show?code=XZcjQ07Z7Jk6uY6FDQyglxEIm7FQ4bWzs1bX\" target=\"_blank\" rel=\"noopener noreferrer\">let&#xF6;lt&#xE9;s<\/a><\/td>\n<\/tr>\n<tr>\n<td>2017.04.16<\/td>\n<td>H&#xFA;sv&#xE9;t 1.<\/td>\n<td>1 Pt 1:3-4; 1 Kor 15:17<\/td>\n<td><a href=\"https:\/\/my.pcloud.com\/publink\/show?code=XZijQ07ZAUJGCsXzru5mNsQXGUOFr4w6oddy\" target=\"_blank\" rel=\"noopener noreferrer\">let&#xF6;lt&#xE9;s<\/a><\/td>\n<\/tr>\n<tr>\n<td>2017.04.14<\/td>\n<td>Nagyp&#xE9;ntek<\/td>\n<td>Rm 3:22-24; Kol 2:14<\/td>\n<td><a href=\"https:\/\/my.pcloud.com\/publink\/show?code=XZajQ07ZutGdgY9rD2kKqyO6Yd9YSbbRVol7\" target=\"_blank\" rel=\"noopener noreferrer\">let&#xF6;lt&#xE9;s<\/a><\/td>\n<\/tr>\n<tr>\n<td>2017.04.09<\/td>\n<td>Vir&#xE1;gvas&#xE1;rnap<\/td>\n<td>1 Kor 13; Mt 20:28<\/td>\n<td><a href=\"https:\/\/my.pcloud.com\/publink\/show?code=XZUjQ07Z7ggNOJyj4dVJeSvQIlCPl8QIP0EV\" target=\"_blank\" rel=\"noopener noreferrer\">let&#xF6;lt&#xE9;s<\/a><\/td>\n<\/tr>\n<tr>\n<td>2017.04.02<\/td>\n<td>Vas&#xE1;rnap<\/td>\n<td>1 Kor 12; Rm 12:3-8<\/td>\n<td><a href=\"https:\/\/my.pcloud.com\/publink\/show?code=XZMjQ07Z8bUPGgKjLsmBij1FsB8wgHzlzhWk\" target=\"_blank\" rel=\"noopener noreferrer\">let&#xF6;lt&#xE9;s<\/a><\/td>\n<\/tr>\n<tr>\n<td>2017.03.26<\/td>\n<td>Vas&#xE1;rnap<\/td>\n<td>1 Kor 11:17-34; Jn 6:35<\/td>\n<td><a href=\"https:\/\/my.pcloud.com\/publink\/show?code=XZDjQ07Z5RacaWqncrumnXVJGnJ0pjdcyqYy\" target=\"_blank\" rel=\"noopener noreferrer\">let&#xF6;lt&#xE9;s<\/a><\/td>\n<\/tr>\n<tr>\n<td>2017.03.19<\/td>\n<td>Vas&#xE1;rnap<\/td>\n<td>1 Kor 10:15-21; 5 M&#xF3;z 30:19<\/td>\n<td><a href=\"https:\/\/my.pcloud.com\/publink\/show?code=XZfjQ07ZVCs3wlkYh4JJxcoI828MSRxEjX9y\" target=\"_blank\" rel=\"noopener noreferrer\">let&#xF6;lt&#xE9;s<\/a><\/td>\n<\/tr>\n<tr>\n<td>2017.03.15<\/td>\n<td>M&#xE1;rcius 15.<\/td>\n<td>1 Kor 9:1-23; 1 Kor 9:24-27<\/td>\n<td><a href=\"https:\/\/my.pcloud.com\/publink\/show?code=XZujQ07ZNY9ALqqg78SrOYUxIj4Ui0NXMwPV\" target=\"_blank\" rel=\"noopener noreferrer\">let&#xF6;lt&#xE9;s<\/a><\/td>\n<\/tr>\n<tr>\n<td>2017.03.12<\/td>\n<td>Vas&#xE1;rnap<\/td>\n<td>1 Kor 9:1-23; 1 Kor 9:24-27<\/td>\n<td><a href=\"https:\/\/my.pcloud.com\/publink\/show?code=XZbjQ07ZUOnBIfYCjp8eX9G6hlH08LXCvbtX\" target=\"_blank\" rel=\"noopener noreferrer\">let&#xF6;lt&#xE9;s<\/a><\/td>\n<\/tr>\n<tr>\n<td>2017.03.05<\/td>\n<td>B&#xF6;jt<\/td>\n<td>1 Kor 8:1-13; 1 Kor 6:12<\/td>\n<td><a href=\"https:\/\/my.pcloud.com\/publink\/show?code=XZQjQ07ZPHOiGI3msGhrRofiRA7gDFHUN8Ak\" target=\"_blank\" rel=\"noopener noreferrer\">let&#xF6;lt&#xE9;s<\/a><\/td>\n<\/tr>\n<tr>\n<td>2017.02.26<\/td>\n<td>Vas&#xE1;rnap<\/td>\n<td>Mt 10:24-32; Rm 8:31-39<\/td>\n<td><a href=\"https:\/\/my.pcloud.com\/publink\/show?code=XZ7jQ07ZMCry5tnC9hLCYX2TgMMPeXQuMVQ7\" target=\"_blank\" rel=\"noopener noreferrer\">let&#xF6;lt&#xE9;s<\/a><\/td>\n<\/tr>\n<tr>\n<td>2017.02.19<\/td>\n<td>Vas&#xE1;rnap<\/td>\n<td>1Kor 4:1-21; Lk 12:42<\/td>\n<td><a href=\"https:\/\/my.pcloud.com\/publink\/show?code=XZbSQ07ZcbGodaQ8WDfpLfxHMqJw7pyL40UX\" target=\"_blank\" rel=\"noopener noreferrer\">let&#xF6;lt&#xE9;s<\/a><\/td>\n<\/tr>\n<tr>\n<td>2017.02.12<\/td>\n<td>Vas&#xE1;rnap<\/td>\n<td>1Kor 7:1-16; Ef 5:31-32<\/td>\n<td><a href=\"https:\/\/my.pcloud.com\/publink\/show?code=XZ4SQ07Zw3QLstL4tJ02n4UKgXAnX0qBwhQV\" target=\"_blank\" rel=\"noopener noreferrer\">let&#xF6;lt&#xE9;s<\/a><\/td>\n<\/tr>\n<tr>\n<td>2017.02.05<\/td>\n<td>Vas&#xE1;rnap<\/td>\n<td>1Kor 3:1-23; Lk 17:10<\/td>\n<td><a href=\"https:\/\/my.pcloud.com\/publink\/show?code=XZXSQ07ZbeD0TCQJFtF9g2YkRxWaYyO3TTCX\" target=\"_blank\" rel=\"noopener noreferrer\">let&#xF6;lt&#xE9;s<\/a><\/td>\n<\/tr>\n<tr>\n<td>2017.01.29<\/td>\n<td>Vas&#xE1;rnap<\/td>\n<td>1Kor 2:6-16; Rm 8:15-16<\/td>\n<td><a href=\"https:\/\/my.pcloud.com\/publink\/show?code=XZtSQ07ZdFFMdlmk2LmmjTSVzGHDXBflHjM7\" target=\"_blank\" rel=\"noopener noreferrer\">let&#xF6;lt&#xE9;s<\/a><\/td>\n<\/tr>\n<tr>\n<td>2017.01.22<\/td>\n<td>Vas&#xE1;rnap<\/td>\n<td>1Kor 1:18-31; 1Kor 2:1-5<\/td>\n<td><a href=\"https:\/\/my.pcloud.com\/publink\/show?code=XZv8Q07ZkjwEp0VVnO4Pm4V3PcuumHdXHV6k\" target=\"_blank\" rel=\"noopener noreferrer\">let&#xF6;lt&#xE9;s<\/a><\/td>\n<\/tr>\n<tr>\n<td>2017.01.15<\/td>\n<td>Vas&#xE1;rnap<\/td>\n<td>1Kor 1:10-17; Jn 17:11b<\/td>\n<td><a href=\"https:\/\/my.pcloud.com\/publink\/show?code=XZBhQ07ZKNDQIF7fdfQLg6yxVnWFWjW16Em7\" target=\"_blank\" rel=\"noopener noreferrer\">let&#xF6;lt&#xE9;s<\/a><\/td>\n<\/tr>\n<tr>\n<td>2017.01.08<\/td>\n<td>Vas&#xE1;rnap<\/td>\n<td>ApCsel 18:1-17; 1Kor 1:1-3<\/td>\n<td><a href=\"https:\/\/my.pcloud.com\/publink\/show?code=XZA8Q07ZdoDtJ7tGqkVtt3AG1r44yjtjheUX\" target=\"_blank\" rel=\"noopener noreferrer\">let&#xF6;lt&#xE9;s<\/a><\/td>\n<\/tr>\n<tr>\n<td>2017.01.01<\/td>\n<td>&#xDA;j&#xE9;v reggele<\/td>\n<td>Zsolt 92:1-6; Jak 1:17<\/td>\n<td><a href=\"https:\/\/my.pcloud.com\/publink\/show?code=XZC8Q07ZLezCrrEE4X4f8GdBi1KFRfOh9bt7\" target=\"_blank\" rel=\"noopener noreferrer\">let&#xF6;lt&#xE9;s<\/a><\/td>\n<\/tr>\n<\/tbody>\n<\/table>\n<p><center><span style=\"font-size: large;\">Az igehirdet\u00e9sek meghallgat\u00e1sa,<\/span><br \/>\n<span style=\"font-size: xx-large;\"><span style=\"text-decoration: underline;\">NEM P\u00d3TOLJA<\/span><\/span><span style=\"font-size: large;\"><br \/>\nIsten, gy\u00fclekezeti k\u00f6z\u00f6ss\u00e9gben megnyerhet\u0151 \u00e1ld\u00e1sait!<br \/>\n<i>V\u00e1rjuk szeretettel!<\/i><\/span><\/center><\/p>\n\n\n<\/div>\n","protected":false},"excerpt":{"rendered":"<div class=\"entry-summary\" itemprop=\"text\">\n<p>Az igehirdet\u00e9sek meghallgat\u00e1sa, NEM P\u00d3TOLJA Isten, gy\u00fclekezeti k\u00f6z\u00f6ss\u00e9gben megnyerhet\u0151 \u00e1ld\u00e1sait! V\u00e1rjuk szeretettel!<\/p>\n\n<\/div>\n","protected":false},"author":1,"featured_media":0,"parent":0,"menu_order":0,"comment_status":"closed","ping_status":"closed","template":"","meta":{"footnotes":""},"class_list":["post-1372","page","type-page","status-publish","hentry","entry-lead"],"jetpack_shortlink":"https:\/\/wp.me\/P9cS46-m8","jetpack-related-posts":[{"id":2163,"url":"https:\/\/biharugra.reformatus.hu\/?page_id=2163","url_meta":{"origin":1372,"position":0},"title":"Igehirdet\u00e9sek 2018","author":"Webmester","date":"2017.12.31.","format":false,"excerpt":"Az igehirdet\u00e9sek meghallgat\u00e1sa, NEM P\u00d3TOLJA Isten, gy\u00fclekezeti k\u00f6z\u00f6ss\u00e9gben megnyerhet\u0151 \u00e1ld\u00e1sait! V\u00e1rjuk szeretettel!","rel":"","context":"Similar post","block_context":{"text":"Similar post","link":""},"img":{"alt_text":"","src":"","width":0,"height":0},"classes":[]},{"id":788,"url":"https:\/\/biharugra.reformatus.hu\/?page_id=788","url_meta":{"origin":1372,"position":1},"title":"Igehirdet\u00e9sek 2015","author":"Webmester","date":"2015.01.02.","format":false,"excerpt":"Az igehirdet\u00e9sek meghallgat\u00e1sa, NEM P\u00d3TOLJAIsten, gy\u00fclekezeti k\u00f6z\u00f6ss\u00e9gben megnyerhet\u0151 \u00e1ld\u00e1sait! V\u00e1rjuk szeretettel!","rel":"","context":"Similar post","block_context":{"text":"Similar post","link":""},"img":{"alt_text":"","src":"","width":0,"height":0},"classes":[]},{"id":2593,"url":"https:\/\/biharugra.reformatus.hu\/?page_id=2593","url_meta":{"origin":1372,"position":2},"title":"Igehirdet\u00e9sek 2019","author":"Webmester","date":"2019.01.02.","format":false,"excerpt":"Az igehirdet\u00e9sek meghallgat\u00e1sa, NEM P\u00d3TOLJA Isten, gy\u00fclekezeti k\u00f6z\u00f6ss\u00e9gben megnyerhet\u0151 \u00e1ld\u00e1sait! V\u00e1rjuk szeretettel!","rel":"","context":"Similar post","block_context":{"text":"Similar post","link":""},"img":{"alt_text":"","src":"","width":0,"height":0},"classes":[]},{"id":1213,"url":"https:\/\/biharugra.reformatus.hu\/?page_id=1213","url_meta":{"origin":1372,"position":3},"title":"Igehirdet\u00e9sek 2016","author":"Webmester","date":"2016.01.05.","format":false,"excerpt":"Az igehirdet\u00e9sek meghallgat\u00e1sa, NEM P\u00d3TOLJAIsten, gy\u00fclekezeti k\u00f6z\u00f6ss\u00e9gben megnyerhet\u0151 \u00e1ld\u00e1sait! V\u00e1rjuk szeretettel!","rel":"","context":"Similar post","block_context":{"text":"Similar post","link":""},"img":{"alt_text":"","src":"","width":0,"height":0},"classes":[]},{"id":866,"url":"https:\/\/biharugra.reformatus.hu\/?page_id=866","url_meta":{"origin":1372,"position":4},"title":"Alkalmi igehirdet\u00e9sek","author":"Webmester","date":"2015.01.30.","format":false,"excerpt":"Az igehirdet\u00e9sek meghallgat\u00e1sa, NEM P\u00d3TOLJA Isten, gy\u00fclekezeti k\u00f6z\u00f6ss\u00e9gben megnyerhet\u0151 \u00e1ld\u00e1sait! V\u00e1rjuk szeretettel!","rel":"","context":"Similar post","block_context":{"text":"Similar post","link":""},"img":{"alt_text":"","src":"","width":0,"height":0},"classes":[]},{"id":2932,"url":"https:\/\/biharugra.reformatus.hu\/?page_id=2932","url_meta":{"origin":1372,"position":5},"title":"Igehirdet\u00e9sek 2020","author":"Webmester","date":"2019.12.31.","format":false,"excerpt":"Az igehirdet\u00e9sek meghallgat\u00e1sa, NEM P\u00d3TOLJA Isten, gy\u00fclekezeti k\u00f6z\u00f6ss\u00e9gben megnyerhet\u0151 \u00e1ld\u00e1sait! V\u00e1rjuk szeretettel!","rel":"","context":"Similar post","block_context":{"text":"Similar post","link":""},"img":{"alt_text":"","src":"","width":0,"height":0},"classes":[]}],"jetpack_sharing_enabled":true,"_links":{"self":[{"href":"https:\/\/biharugra.reformatus.hu\/index.php?rest_route=\/wp\/v2\/pages\/1372","targetHints":{"allow":["GET"]}}],"collection":[{"href":"https:\/\/biharugra.reformatus.hu\/index.php?rest_route=\/wp\/v2\/pages"}],"about":[{"href":"https:\/\/biharugra.reformatus.hu\/index.php?rest_route=\/wp\/v2\/types\/page"}],"author":[{"embeddable":true,"href":"https:\/\/biharugra.reformatus.hu\/index.php?rest_route=\/wp\/v2\/users\/1"}],"replies":[{"embeddable":true,"href":"https:\/\/biharugra.reformatus.hu\/index.php?rest_route=%2Fwp%2Fv2%2Fcomments&post=1372"}],"version-history":[{"count":91,"href":"https:\/\/biharugra.reformatus.hu\/index.php?rest_route=\/wp\/v2\/pages\/1372\/revisions"}],"predecessor-version":[{"id":2837,"href":"https:\/\/biharugra.reformatus.hu\/index.php?rest_route=\/wp\/v2\/pages\/1372\/revisions\/2837"}],"wp:attachment":[{"href":"https:\/\/biharugra.reformatus.hu\/index.php?rest_route=%2Fwp%2Fv2%2Fmedia&parent=1372"}],"curies":[{"name":"wp","href":"https:\/\/api.w.org\/{rel}","templated":true}]}}