{"id":139,"date":"2014-04-11T11:11:29","date_gmt":"2014-04-11T09:11:29","guid":{"rendered":"http:\/\/biharugra.reformatus.hu\/?page_id=139"},"modified":"2017-09-22T11:43:49","modified_gmt":"2017-09-22T10:43:49","slug":"a-gyulekezet-tortenete","status":"publish","type":"page","link":"https:\/\/biharugra.reformatus.hu\/?page_id=139","title":{"rendered":"A gy\u00fclekezet t\u00f6rt\u00e9nete"},"content":{"rendered":"<div class=\"entry-content\" itemprop=\"text\">\n<div align=\"justify\">Ugra \u00e9s k\u00f6rny\u00e9ke feltehet\u0151en a XVI. sz\u00e1zad m\u00e1sodik fel\u00e9ben csatlakozott a reform\u00e1ci\u00f3hoz. Hiteles \u00e9s biztos adataink a kezdetekr\u0151l nincsenek. &#8222;A Magyarorsz\u00e1gi Ev. Ref. Egyh\u00e1z Egyetemes N\u00e9vt\u00e1ra az 1886. \u00e9vre&#8221; c. kiadv\u00e1nyban (Budapest, 1887.) az egyh\u00e1zk\u00f6zs\u00e9g keletkez\u00e9s\u00e9nek \u00e9vek\u00e9nt 1599 szerepel. &#8222;A Magyarorsz\u00e1gi Reform\u00e1tus Egyh\u00e1z Egyetemes N\u00e9vt\u00e1ra az 1912. \u00e9vre&#8221; c. kiadv\u00e1nyban (Nagybecskerek, 1912.) az egyh\u00e1zk\u00f6zs\u00e9g keletkez\u00e9s\u00e9nek \u00e9vek\u00e9nt azonban 1604 szerepel. Ez az\u00e9rt is k\u00fcl\u00f6n\u00f6s &#8211; m\u00e9g ha az elt\u00e9r\u00e9s az \u00e9vek sz\u00e1m\u00e1ban nem is nagy -, mert az adatszolg\u00e1ltat\u00f3 lelk\u00e9sz mindk\u00e9t esetben Nagy Imre lelkip\u00e1sztor volt. M\u00e1sr\u00e9szt a t\u00f6rt\u00e9neti esem\u00e9nyek \u00e9ppen nem 1604-re engednek k\u00f6vetkeztetni az ugrai reform\u00e1tus egyh\u00e1z keletkez\u00e9s\u00e9vel kapcsolatban.<br \/>\nAz bizonyos, hogy egy id\u0151ben az ugrai reform\u00e1tus egyh\u00e1z pecs\u00e9tj\u00e9n az &#8222;1630&#8221;-as sz\u00e1m szerepelt (ld. Kov\u00e1cs B\u00e9la i.m. 28. o.). 1567-ben (Gyula v\u00e1r\u00e1nak elest\u00e9t k\u00f6vet\u0151 esztend\u0151 ez, amikor a t\u00f6r\u00f6k a h\u00f3dolts\u00e1gi ter\u00fcletek hat\u00e1r\u00e1t csaknem V\u00e1radig kiterjeszti) az Ugray csal\u00e1d Erd\u00e9lybe menek\u00fcl \u00e9s ott telepedik le. Az Ugray csal\u00e1d tagjai a fejedelmi udvarban tal\u00e1lnak hivatalt maguknak. 1604-ben a t\u00f6r\u00f6k \u00e1ltal h\u00f3doltatott ugrai birtokot lefoglalja \u00e9s kisaj\u00e1t\u00edtja a cs\u00e1sz\u00e1ri kamara. Ugray Gy\u00f6rgy, akkori birtokos, aki mindv\u00e9gig h\u0171 embere Bethlen G\u00e1bornak, 1630-ban Bethlen Istv\u00e1n seg\u00edts\u00e9g\u00e9vel kapja vissza ugrai birtok\u00e1t. Mint birtokosnak, az egyik els\u0151 rendelkez\u00e9se volt, hogy reform\u00e1tus lelk\u00e9szt biztos\u00edtson Ugr\u00e1nak (ld. Kov\u00e1cs B\u00e9la i.m. u. o.). 1630 \u00f3ta lehet folytonos &#8211; a bujdos\u00e1s id\u0151szak\u00e1t\u00f3l eltekintve &#8211; a reform\u00e1tuss\u00e1g jelenl\u00e9te Ugr\u00e1n. Nehezen elk\u00e9pzelhet\u0151 ugyanis, hogy a cs\u00e1sz\u00e1ri kamara b\u00e9k\u00e9sen t\u0171rte volna a birtok\u00e1ban l\u00e9v\u0151 falu protest\u00e1ns volt\u00e1t, s mivel V\u00e1rad k\u00f6zel van, gondoskodhattak is katolikus papr\u00f3l a faluban. B\u00e1r az is igaz, hogy abban az id\u0151ben Ugra (akkor h\u00e1rom kisebb telep\u00fcl\u00e9s) a S\u00e1rr\u00e9t v\u00edzi vil\u00e1g\u00e1ban elrejtve nehezen megk\u00f6zel\u00edthet\u0151 volt, \u00edgy t\u00f6bbet megengedhettek maguknak, mint m\u00e1s falvak.<br \/>\nMikort\u00f3l protest\u00e1ns Ugra? A k\u00f6rnyez\u0151 falvakr\u00f3l tudjuk, hogy a XVI. sz\u00e1zad v\u00e9g\u00e9n, vagy a XVII. sz\u00e1zad elej\u00e9n m\u00e1r reform\u00e1tus hiten voltak, \u00edgy nem lehet k\u00e9ts\u00e9g\u00fcnk Ugra fel\u0151l sem. A legk\u00f6zelebbi szomsz\u00e9dos falu, Nagy-Hars\u00e1ny az 1886-os \u00e9s az 1912-es n\u00e9vt\u00e1r szerint is 1539 \u00f3ta protest\u00e1ns. Mindk\u00e9t n\u00e9vt\u00e1r szerint 1567 \u00f3ta reform\u00e1tus K\u00f6r\u00f6sszegap\u00e1ti, s az 1886-os n\u00e9vt\u00e1r szerint 1552, az 1912-es n\u00e9vt\u00e1r szerint 1564 \u00f3ta reform\u00e1tus Berekb\u00f6sz\u00f6rm\u00e9ny is. E k\u00e9t falu pedig Ugr\u00e1n\u00e1l k\u00f6zelebb fekszik V\u00e1radhoz (!). Hasonl\u00f3 adatokkal tal\u00e1lkozunk t\u00f6bb m\u00e1s, a hajdani Nagyszalontai Egyh\u00e1zmegy\u00e9hez tartoz\u00f3 egyh\u00e1zk\u00f6zs\u00e9g eset\u00e9ben is. Nem val\u00f3sz\u00edn\u0171, hogy jelent\u0151sen kil\u00f3gott volna a sorb\u00f3l a h\u00e1rom Ugra. Sejthetj\u00fck, dokumentumok h\u00edj\u00e1n is, hogy a jelenlegi Biharugra \u0151seik\u00e9nt sz\u00e1mon tartott falvak k\u00f6z\u00fcl n\u00e9h\u00e1ny, vagy ak\u00e1r mindegyik a k\u00f6rnyez\u0151 telep\u00fcl\u00e9sekhez hasonl\u00f3 id\u0151ben csatlakozott a reform\u00e1ci\u00f3hoz.<br \/>\n1660-ban elesett V\u00e1rad s val\u00f3sz\u00edn\u0171leg ekkor a tat\u00e1r rabl\u00f3csapatok elpuszt\u00edtott\u00e1k Ugr\u00e1t is. (Tal\u00e1n a sz\u00e1jhagyom\u00e1ny ezt a pusztul\u00e1st \u0151rizte meg, s erre vonatkozott Solt\u00e9sz J\u00e1nos \u00edr\u00e1sa: &#8222;a Tat\u00e1rokt\u00f3l, akik akkor gyakran szerte sz\u00e9jjel puszt\u00edtottak az Orsz\u00e1gban, elkergettettek, s abbahagy\u00f3dott az \u00e9p\u00edt\u00e9s. Amikor id\u0151vel a fut\u00e1s ut\u00e1n egyn\u00e9h\u00e1nyan visszasz\u00e9ledtek, kevesen is l\u00e9v\u00e9n, s k\u00f6lts\u00e9gek sem l\u00e9v\u00e9n, nem folytathatt\u00e1k tov\u00e1bb a k\u0151b\u0151l m\u00e1r elkezdett Templomot, hanem s\u00f6v\u00e9ny templomot \u00e9p\u00edtettek a k\u0151 fundamentumra, de ez csak hozz\u00e1 vet\u00e9s nem l\u00e9v\u00e9n r\u00f3lla sehol semmi jegyz\u00e9s.&#8221; )<br \/>\nAz \u00fajrateleped\u00e9s, 1693. ut\u00e1n a falu szinte teljes bizonyoss\u00e1ggal reform\u00e1tus lett, a hazatelep\u00fcl\u0151k, akik reform\u00e1tus hittel menek\u00fcltek el, minden bizonnyal reform\u00e1tus hittel t\u00e9rtek is vissza. Err\u0151l tan\u00faskodhat a lelk\u00e9szek n\u00e9vsora. 1765 el\u0151tt kilenc lelk\u00e9sz szolg\u00e1lt a hazatelep\u00fcl\u00e9s ut\u00e1n Ugr\u00e1n. Ez lelk\u00e9szenk\u00e9nt \u00e1tlagosan nyolc \u00e9vi szolg\u00e1latot jelent m\u00e9g akkor is, ha azt felt\u00e9telezz\u00fck, hogy a hazatelep\u00fcl\u00e9s \u00e9v\u00e9ben m\u00e1r volt lelkip\u00e1sztora a gy\u00fclekezetnek. Ha figyelembe vessz\u00fck, hogy a k\u00f6vetkez\u0151 113 \u00e9vben is az \u00e1tlag szolg\u00e1lati id\u0151 8 \u00e9v volt, pedig akkor m\u00e1r a falu nem volt olyan j\u00f3m\u00f3d\u00fa, mint a XVIII. sz\u00e1zad els\u0151 fel\u00e9ben, akkor kimondhat\u00f3, hogy nem sokkal az \u00fajrateleped\u00e9s ut\u00e1n m\u00e1r bizonnyal szolg\u00e1lt reform\u00e1tus lelk\u00e9sz is a faluban.<br \/>\nA k\u00f6zs\u00e9g az \u00fajrateleped\u00e9s ut\u00e1n csup\u00e1n n\u00e9h\u00e1ny \u00e9vtizedig volt j\u00f3m\u00f3d\u00fa, de a lakoss\u00e1g n\u00f6veked\u00e9s\u00e9vel nem n\u0151tt a haszn\u00e1lt f\u00f6ldter\u00fcletek ar\u00e1nya \u00e9s ez a fokozatos elszeg\u00e9nyed\u00e9shez vezetett. Err\u0151l b\u0151ven lehet olvasni Kov\u00e1cs B\u00e9la k\u00f6nyv\u00e9ben. Ez a gy\u00fclekezet \u00e9let\u00e9re is r\u00e1nyomta b\u00e9lyeg\u00e9t. Mindig k\u00fczd\u00f6tt az anyagiakkal, az ad\u00f3k behajt\u00e1s\u00e1val, a lelk\u00e9sztart\u00e1s, a tan\u00edt\u00f3k tart\u00e1sa, az iskol\u00e1k fenntart\u00e1sa gondjaival. \u00d6ner\u0151b\u0151l nehezen jutott volna el\u0151re, de sokat seg\u00edtettek a falu birtokosai az egyh\u00e1zk\u00f6zs\u00e9gen. Egy-k\u00e9t sz\u00e9p p\u00e9ld\u00e1t kiv\u00e9ve (ld. T\u00f3th J\u00e1nos t\u00f6rt\u00e9nete lentebb) nem maradt fenn \u00edr\u00e1sos eml\u00e9k a gy\u00fclekezet lelki \u00e9let\u00e9r\u0151l. Annyi bizonyos, hogy az iskol\u00e1kat az egyh\u00e1zk\u00f6zs\u00e9g 1932. szeptember 1-el \u00e1llami kezel\u00e9sbe adta, s ezzel egy hosszan elny\u00fal\u00f3 k\u00fczdelem v\u00e9g\u00e9re tettek pontot, hiszen az iskola fenntart\u00e1sa mindig elviselhetetlen teher volt a gy\u00fclekezet \u00e9let\u00e9ben. A kir\u00e1lyi tanfel\u00fcgyel\u0151s\u00e9g sokszor elmarasztalta az egyh\u00e1zk\u00f6zs\u00e9get a nem j\u00f3l felszerelt, gyatra k\u00f6r\u00fclm\u00e9nyekkel rendelkez\u0151 iskola miatt.<br \/>\nAz egyh\u00e1zk\u00f6zs\u00e9g XX. sz\u00e1zadi t\u00f6rt\u00e9net\u00e9t megalapozta a nagytekint\u00e9ly\u0171 Nagy Imre lelkip\u00e1sztor t\u00f6bb, mint \u00f6tven \u00e9vig tart\u00f3 szolg\u00e1lata. Munk\u00e1ss\u00e1ga, kapcsolatai r\u00e9v\u00e9n is el\u0151re mozdult az egyh\u00e1zk\u00f6zs\u00e9g \u00e9lete: \u00daj par\u00f3kia \u00e9p\u00fclt, \u00faj harangokat \u00f6ntetett a gy\u00fclekezet (k\u00e9tszer is k\u00e9nyszer\u00fcltek r\u00e1), a B\u00f6l\u00f6nyekt\u0151l kapott \u00faj iskola\u00e9p\u00fclettel gazdagodott az egyh\u00e1zk\u00f6zs\u00e9g, a Trianon ut\u00e1ni talpra\u00e1ll\u00e1sban is \u0151 seg\u00edtett. Igen gondos, alaposan rendszerez\u0151 ember volt. Az \u0151 gy\u0171jt\u0151, \u0151rz\u0151 munk\u00e1j\u00e1nak eredm\u00e9nye a mai k\u00f6nyvt\u00e1r, mely jelent\u0151s \u00e9rt\u00e9keket tartalmaz, a 1880-as \u00e9vekt\u0151l kezdve. Bibli\u00e1ja is a par\u00f3ki\u00e1lis k\u00f6nyvt\u00e1r r\u00e9sze, s ebb\u0151l (is) tudjuk, 7 gyermeke sz\u00fcletett, de csak egy \u00e9lte t\u00fal \u0151t. Feles\u00e9ge a Leel-\u0150ssy (Korabeli \u00edr\u00e1sm\u00f3d szerint: Leel\u0151sy) csal\u00e1d sarja volt. Nagy Imre 1935-ben, feles\u00e9ge 1956-ban hunyt el Biharugr\u00e1n. S\u00edrjuk a lez\u00e1rt reform\u00e1tus temet\u0151ben tal\u00e1lhat\u00f3.<br \/>\nA XX. sz\u00e1zad m\u00e1sik nagyjelent\u0151s\u00e9g\u0171 korszaka az egyh\u00e1zk\u00f6zs\u00e9g \u00e9let\u00e9ben az \u00e9bred\u00e9s ideje volt. N\u00e9h\u00e1ny \u00e9vig a k\u00f6rny\u00e9k lelki k\u00f6zpontja lehetett Biharugra, ahov\u00e1 az \u00e9bred\u00e9st\u0151l (m\u00e9g) nem \u00e9rintett, vagy sajnos az\u00f3ta sem \u00e9rintett gy\u00fclekezetek tagjai is j\u00f6ttek. Ebb\u0151l az id\u0151b\u0151l maradt fenn az az eml\u00e9k, hogy olyan sokan voltak a templomban, hogy a padok k\u00f6z\u00f6tt is v\u00e9gig \u00e1lltak, s annyira tele volt a nagyobbik karzat is, hogy az megszakadt. A biharugrai evang\u00e9liz\u00e1ci\u00f3kra akkor a k\u00f6rny\u00e9kr\u0151l gyalog, lovas kocsival \u00e9s teheraut\u00f3val is j\u00f6ttek, t\u00e9lv\u00edz idej\u00e9n. S\u0151t volt, aki Debrecenb\u0151l utazott el vonattal, s gyalogolt be K\u00f6r\u00f6sszak\u00e1lb\u00f3l m\u00ednusz h\u00fasz fokos hidegben. Ekkor a lelkip\u00e1sztor Ol\u00e1h B\u00e9la volt, aki kor\u00e1bban is sokat tett Biharugr\u00e1\u00e9rt, hiszen vall\u00e1sos est\u00e9ken nagyon sokat tett a gazdat\u00e1rsadalom szakmai fejleszt\u00e9s\u00e9\u00e9rt. \u0150 f\u00e1radozott azon, hogy Biharugr\u00e1n is elterjedjen a n\u00f3niusz l\u00f3fajta. De az \u00e9bred\u00e9sek idej\u00e9n egyszer b\u0171nvall\u00e1sban mondta el: eddig \u00e9n csak l\u00f3csisz\u00e1r voltam. Annyira szerette Biharugr\u00e1t, hogy b\u00e1r el kellett k\u00f6lt\u00f6znie innen politikai okokb\u00f3l Geb\u00e9re, s \u00e9lete nagyobbik r\u00e9sz\u00e9t nem itt t\u00f6lt\u00f6tte, hal\u00e1la ut\u00e1n m\u00e9gis itt temett\u00e9k el, a falu temet\u0151j\u00e9ben, d\u00edszs\u00edrhelyre, Szab\u00f3 P\u00e1l mell\u00e9.<br \/>\nAz \u00e9bred\u00e9s hat\u00e1sa napjainkig megmaradt, s b\u00e1r t\u00f6bbsz\u00f6r k\u00e9nyszer\u0171 lelk\u00e9szcsere t\u00f6rt\u00e9nt, a lelki folytonoss\u00e1g nem szakadt meg. Igaz, a 80-as \u00e9vek k\u00f6zep\u00e9re a gy\u00fclekezet belterjes lett, s csaknem lemondott a misszi\u00f3r\u00f3l, de a 80-as \u00e9vek v\u00e9gi kisebb \u00e9bred\u00e9s, s az\u00f3ta is tart\u00f3 csendes fejl\u0151d\u00e9s \u00fajra megeleven\u00edtette a lelki \u00e9letet.<br \/>\nA XX. sz\u00e1zad az \u00e9bred\u00e9st megel\u0151z\u0151 id\u0151szak\u00e1nak jelent\u0151s vall\u00e1si k\u00fczdelm\u00e9t hozta a baptista gy\u00fclekezet megjelen\u00e9se a faluban. A baptista gy\u00fclekezet a k\u00f6rny\u00e9k baptista misszi\u00f3i k\u00f6zpontja volt. Sajnos megjelen\u00e9s\u00fck idej\u00e9n az els\u0151 reakci\u00f3 a t\u00e1mad\u00e1s, a megsz\u00fcntet\u00e9s\u00fckre val\u00f3 t\u00f6rekv\u00e9s volt. Sok reform\u00e1tus csal\u00e1d lett megosztott azzal, hogy a baptista gy\u00fclekezet \u00e9l\u0151, mozgalmas k\u00f6z\u00f6ss\u00e9g\u00e9hez a reform\u00e1tus h\u00edvek k\u00f6z\u00fcl sokan csatlakoztak. (Az \u00e9bred\u00e9s idej\u00e9n ez a ki\u00e1raml\u00e1s megsz\u0171nt, s\u0151t t\u00f6bben visszat\u00e9rtek a reform\u00e1tus gy\u00fclekezetbe.) A XX. sz\u00e1zad els\u0151 fel\u00e9ben visz\u00e1lykod\u00e1s jellemezte a k\u00e9t k\u00f6z\u00f6ss\u00e9g kapcsolat\u00e1t. Id\u0151k\u00f6zben a baptista gy\u00fclekezet is tradicion\u00e1lis gy\u00fclekezet lett, s a k\u00f6z\u00f6s sors, az \u00fcld\u00f6z\u00e9sek megtan\u00edtott\u00e1k egym\u00e1s mell\u00e9 \u00e1llni a k\u00e9t gy\u00fclekezet tagjait.<\/div>\n\n\n<\/div>\n","protected":false},"excerpt":{"rendered":"<div class=\"entry-summary\" itemprop=\"text\">\n<p>Ugra \u00e9s k\u00f6rny\u00e9ke feltehet\u0151en a XVI. sz\u00e1zad m\u00e1sodik fel\u00e9ben csatlakozott a reform\u00e1ci\u00f3hoz. Hiteles \u00e9s biztos adataink a kezdetekr\u0151l nincsenek. &#8222;A Magyarorsz\u00e1gi Ev. Ref. Egyh\u00e1z Egyetemes N\u00e9vt\u00e1ra az 1886. \u00e9vre&#8221; c. kiadv\u00e1nyban (Budapest, 1887.) az egyh\u00e1zk\u00f6zs\u00e9g keletkez\u00e9s\u00e9nek \u00e9vek\u00e9nt 1599 szerepel. &#8222;A Magyarorsz\u00e1gi Reform\u00e1tus Egyh\u00e1z Egyetemes N\u00e9vt\u00e1ra az 1912. \u00e9vre&#8221; c. kiadv\u00e1nyban (Nagybecskerek, 1912.) az egyh\u00e1zk\u00f6zs\u00e9g keletkez\u00e9s\u00e9nek &#8230;<\/p>\n\n<\/div>\n","protected":false},"author":1,"featured_media":0,"parent":0,"menu_order":0,"comment_status":"closed","ping_status":"closed","template":"","meta":{"footnotes":""},"class_list":["post-139","page","type-page","status-publish","hentry","entry-lead"],"jetpack_shortlink":"https:\/\/wp.me\/P9cS46-2f","jetpack-related-posts":[{"id":516,"url":"https:\/\/biharugra.reformatus.hu\/?page_id=516","url_meta":{"origin":139,"position":0},"title":"Gyerekt\u00e1bor &#8211; 2014","author":"Webmester","date":"2014.08.15.","format":false,"excerpt":"\u0150szt\u0151l k\u00e9t tan\u00edt\u00f3val tov\u00e1bb folytatj\u00e1k az als\u00f3 tagozatos oktat\u00e1st Biharugr\u00e1n. V\u00edgh Ilona, Biharugra polg\u00e1rmestere (FIDSZ-KDNP) bejelentette hogy \u0151szt\u0151l k\u00e9t tan\u00edt\u00f3val tov\u00e1bb folytatj\u00e1k az als\u00f3 tagozatos oktat\u00e1st Biharugr\u00e1n \u2013 tudta meg a R\u00e1di\u00f37. A faluban \u00f3ri\u00e1si hagyom\u00e1nyai vannak az oktat\u00e1snak, hiszen \u00fagy tartj\u00e1k, hogy a m\u00falt sz\u00e1zad elej\u00e9n 50 \u00e9ven \u00e1t\u2026","rel":"","context":"Similar post","block_context":{"text":"Similar post","link":""},"img":{"alt_text":"","src":"","width":0,"height":0},"classes":[]},{"id":1704,"url":"https:\/\/biharugra.reformatus.hu\/?page_id=1704","url_meta":{"origin":139,"position":1},"title":"Keny\u00e9rmorzsa sz\u00edn\u0171 Isten h\u00e1za Biharugr\u00e1n","author":"Webmester","date":"2017.09.27.","format":false,"excerpt":"K\u00f6zel 50 milli\u00f3 forintb\u00f3l \u00fajul meg Biharugra reform\u00e1tus temploma \u2013 sz\u00e1molt be Szab\u00f3 \u00c1rp\u00e1d Csaba, a reform\u00e1tus egyh\u00e1zk\u00f6zs\u00e9g lelk\u00e9sze \u00e9s Makra Tibor, a telep\u00fcl\u00e9s polg\u00e1rmestere. Elk\u00e9pzelhet\u0151, hogy a korszer\u0171s\u00edt\u00e9s m\u00e9g az id\u00e9n elkezd\u0151dik \u00e9s j\u00f6v\u0151 \u00e9v v\u00e9g\u00e9re befejez\u0151dik. A torony \u00e9s a haj\u00f3 ugyanolyan sz\u00edn\u0171 lesz: keny\u00e9rmorzsa. Teljes k\u00fcls\u0151 fel\u00faj\u00edt\u00e1s\u2026","rel":"","context":"Similar post","block_context":{"text":"Similar post","link":""},"img":{"alt_text":"","src":"https:\/\/i0.wp.com\/biharugra.reformatus.hu\/wp-content\/uploads\/2017\/09\/templomfelujit-1024x968.jpg?resize=350%2C200","width":350,"height":200,"srcset":"https:\/\/i0.wp.com\/biharugra.reformatus.hu\/wp-content\/uploads\/2017\/09\/templomfelujit-1024x968.jpg?resize=350%2C200 1x, https:\/\/i0.wp.com\/biharugra.reformatus.hu\/wp-content\/uploads\/2017\/09\/templomfelujit-1024x968.jpg?resize=525%2C300 1.5x"},"classes":[]},{"id":409,"url":"https:\/\/biharugra.reformatus.hu\/?page_id=409","url_meta":{"origin":139,"position":2},"title":"Heidelbergi K\u00e1t\u00e9","author":"Webmester","date":"2014.04.14.","format":false,"excerpt":"(R\u00e9szlet a Magyarorsz\u00e1gi Reform\u00e1tus Egyh\u00e1z hitvall\u00e1s\u00e1b\u00f3l) 1. k\u00e9rd\u00e9s: Mi ten\u00e9ked \u00e9letedben \u00e9s hal\u00e1lodban egyetlenegy vigasztal\u00e1sod? Felelet: Az, hogy mind testest\u0151l, mind lelkest\u0151l, mind \u00e9letemben, mind hal\u00e1lomban nem a magam\u00e9, hanem az \u00e9n h\u0171s\u00e9ges Megv\u00e1lt\u00f3mnak, a J\u00e9zus Krisztusnak tulajdona vagyok, aki az O dr\u00e1ga v\u00e9r\u00e9vel minden b\u0171n\u00f6m\u00e9rt t\u00f6k\u00e9letesen eleget tett \u00e9s\u2026","rel":"","context":"Similar post","block_context":{"text":"Similar post","link":""},"img":{"alt_text":"","src":"","width":0,"height":0},"classes":[]},{"id":521,"url":"https:\/\/biharugra.reformatus.hu\/?page_id=521","url_meta":{"origin":139,"position":3},"title":"Gy\u00fclekezeti csendes nap Biharugr\u00e1n","author":"Webmester","date":"2014.08.15.","format":false,"excerpt":"Biharugr\u00e1n 2006 \u00f3ta tartanak a reform\u00e1tusok gy\u00fclekezeti csendes napot, a testv\u00e9rgy\u00fclekezetekkel k\u00f6z\u00f6sen, amelyen kor\u00e1bban csak az egyh\u00e1z el\u00f6lj\u00e1r\u00f3k, a presbit\u00e9rium tagjai vettek r\u00e9szt. Ett\u0151l az \u00e9vt\u0151l kezd\u0151d\u0151en \u00fagy d\u00f6nt\u00f6ttek, hogy a gy\u00fclekezet is r\u00e9szt vehet a rendezv\u00e9nyen. Ebben az esztend\u0151ben \u00f6t\u00f6dik esztendeje, hogy a Trianoni szerz\u0151d\u00e9sek ut\u00e1n, 2009-ben \u00fajra megalakult\u2026","rel":"","context":"Similar post","block_context":{"text":"Similar post","link":""},"img":{"alt_text":"","src":"","width":0,"height":0},"classes":[]},{"id":406,"url":"https:\/\/biharugra.reformatus.hu\/?page_id=406","url_meta":{"origin":139,"position":4},"title":"Mit jelent az, hogy reform\u00e1tusok vagyunk?","author":"Webmester","date":"2014.04.14.","format":false,"excerpt":"A magyar reform\u00e1tus identit\u00e1s meghat\u00e1roz\u00e1s\u00e1ra mi nem vagyunk illet\u00e9kesek, csak azok, akik egykor (1576) megalkott\u00e1k \u00e9s elfogadt\u00e1k egyh\u00e1zunk hitvall\u00e1sait, majd e hitvall\u00e1sok, mint z\u00e1szl\u00f3 k\u00f6r\u00e9 t\u00f6m\u00f6r\u00fcltek \u2013 olvashat\u00f3 S\u00edpos Ete \u00c1lmos \u00edr\u00e1s\u00e1ban. Ezzel a cikkel indul sorozatunk, amely egy p\u00e1rbesz\u00e9d form\u00e1j\u00e1ban a mai magyar reform\u00e1tus identit\u00e1s k\u00e9rd\u00e9s\u00e9t pr\u00f3b\u00e1lja min\u00e9l t\u00f6bb\u2026","rel":"","context":"Similar post","block_context":{"text":"Similar post","link":""},"img":{"alt_text":"","src":"","width":0,"height":0},"classes":[]},{"id":131,"url":"https:\/\/biharugra.reformatus.hu\/?page_id=131","url_meta":{"origin":139,"position":5},"title":"A ma gy\u00fclekezete","author":"Webmester","date":"2014.04.11.","format":false,"excerpt":"A telep\u00fcl\u00e9s t\u00e1rsadalma, \u00f6sszet\u00e9tele, vall\u00e1shoz val\u00f3 viszonyul\u00e1sa Biharugra k\u00f6zs\u00e9g mez\u0151gazdas\u00e1gb\u00f3l \u00e9l\u0151, hat\u00e1rsz\u00e9li kisk\u00f6zs\u00e9g. Lakoss\u00e1ga el\u00f6reged\u0151, l\u00e9tsz\u00e1mban folyamatosan fogy. Egy \u00e9vtized alatt t\u00f6bb, mint 200 f\u0151vel cs\u00f6kkent a k\u00f6zs\u00e9g lakoss\u00e1ga, s 2014. janu\u00e1r 1-\u00e9n 968 f\u0151 k\u00f6r\u00fcl volt a biharugrai \u00e1lland\u00f3 lakc\u00edm szerint nyilv\u00e1ntartottak sz\u00e1ma. K\u00f6z\u00fcl\u00fck kb. 60 f\u0151 az, aki\u2026","rel":"","context":"Similar post","block_context":{"text":"Similar post","link":""},"img":{"alt_text":"","src":"","width":0,"height":0},"classes":[]}],"jetpack_sharing_enabled":true,"_links":{"self":[{"href":"https:\/\/biharugra.reformatus.hu\/index.php?rest_route=\/wp\/v2\/pages\/139","targetHints":{"allow":["GET"]}}],"collection":[{"href":"https:\/\/biharugra.reformatus.hu\/index.php?rest_route=\/wp\/v2\/pages"}],"about":[{"href":"https:\/\/biharugra.reformatus.hu\/index.php?rest_route=\/wp\/v2\/types\/page"}],"author":[{"embeddable":true,"href":"https:\/\/biharugra.reformatus.hu\/index.php?rest_route=\/wp\/v2\/users\/1"}],"replies":[{"embeddable":true,"href":"https:\/\/biharugra.reformatus.hu\/index.php?rest_route=%2Fwp%2Fv2%2Fcomments&post=139"}],"version-history":[{"count":2,"href":"https:\/\/biharugra.reformatus.hu\/index.php?rest_route=\/wp\/v2\/pages\/139\/revisions"}],"predecessor-version":[{"id":314,"href":"https:\/\/biharugra.reformatus.hu\/index.php?rest_route=\/wp\/v2\/pages\/139\/revisions\/314"}],"wp:attachment":[{"href":"https:\/\/biharugra.reformatus.hu\/index.php?rest_route=%2Fwp%2Fv2%2Fmedia&parent=139"}],"curies":[{"name":"wp","href":"https:\/\/api.w.org\/{rel}","templated":true}]}}