{"id":1499,"date":"2017-09-21T05:46:17","date_gmt":"2017-09-21T04:46:17","guid":{"rendered":"http:\/\/biharugra.reformatus.hu\/?page_id=1499"},"modified":"2026-02-15T16:01:59","modified_gmt":"2026-02-15T15:01:59","slug":"isten-hozott","status":"publish","type":"page","link":"https:\/\/biharugra.reformatus.hu\/","title":{"rendered":"Nyit\u00f3lap"},"content":{"rendered":"<div class=\"entry-content\" itemprop=\"text\">\n<div class=\"row\">\n<div class=\"\">\n<p><img data-recalc-dims=\"1\" loading=\"lazy\" decoding=\"async\" data-attachment-id=\"1721\" data-permalink=\"https:\/\/biharugra.reformatus.hu\/?attachment_id=1721\" data-orig-file=\"https:\/\/i0.wp.com\/biharugra.reformatus.hu\/wp-content\/uploads\/2017\/09\/Bell.gif?fit=400%2C330&amp;ssl=1\" data-orig-size=\"400,330\" data-comments-opened=\"0\" data-image-meta=\"{&quot;aperture&quot;:&quot;0&quot;,&quot;credit&quot;:&quot;&quot;,&quot;camera&quot;:&quot;&quot;,&quot;caption&quot;:&quot;&quot;,&quot;created_timestamp&quot;:&quot;0&quot;,&quot;copyright&quot;:&quot;&quot;,&quot;focal_length&quot;:&quot;0&quot;,&quot;iso&quot;:&quot;0&quot;,&quot;shutter_speed&quot;:&quot;0&quot;,&quot;title&quot;:&quot;&quot;,&quot;orientation&quot;:&quot;0&quot;}\" data-image-title=\"Harang\" data-image-description=\"\" data-image-caption=\"\" data-large-file=\"https:\/\/i0.wp.com\/biharugra.reformatus.hu\/wp-content\/uploads\/2017\/09\/Bell.gif?fit=400%2C330&amp;ssl=1\" class=\"alignleft wp-image-1721 size-medium\" src=\"https:\/\/i0.wp.com\/biharugra.reformatus.hu\/wp-content\/uploads\/2017\/09\/Bell.gif?resize=300%2C248&#038;ssl=1\" alt=\"\" width=\"300\" height=\"248\" \/><\/p>\n<\/div>\n<div class=\"col-md-6\">\n<\/div>\n<\/div>\n<p>&nbsp;<\/p>\n<p>&nbsp;<\/p>\n<p style=\"text-align: center;\">\u00a0<\/p>\n<p>&nbsp;<\/p>\n<table border=\"0px\">\n<tbody>\n<tr>\n<td width=\"400px\"><img data-recalc-dims=\"1\" loading=\"lazy\" decoding=\"async\" data-attachment-id=\"402\" data-permalink=\"https:\/\/biharugra.reformatus.hu\/?attachment_id=402\" data-orig-file=\"https:\/\/i0.wp.com\/biharugra.reformatus.hu\/wp-content\/uploads\/2014\/04\/BU_cimer.png?fit=217%2C251&amp;ssl=1\" data-orig-size=\"217,251\" data-comments-opened=\"0\" data-image-meta=\"{&quot;aperture&quot;:&quot;0&quot;,&quot;credit&quot;:&quot;&quot;,&quot;camera&quot;:&quot;&quot;,&quot;caption&quot;:&quot;&quot;,&quot;created_timestamp&quot;:&quot;0&quot;,&quot;copyright&quot;:&quot;&quot;,&quot;focal_length&quot;:&quot;0&quot;,&quot;iso&quot;:&quot;0&quot;,&quot;shutter_speed&quot;:&quot;0&quot;,&quot;title&quot;:&quot;&quot;}\" data-image-title=\"BU_cimer\" data-image-description=\"\" data-image-caption=\"\" data-large-file=\"https:\/\/i0.wp.com\/biharugra.reformatus.hu\/wp-content\/uploads\/2014\/04\/BU_cimer.png?fit=217%2C251&amp;ssl=1\" class=\"aligncenter size-full wp-image-402\" src=\"https:\/\/i0.wp.com\/biharugra.reformatus.hu\/wp-content\/uploads\/2014\/04\/BU_cimer.png?resize=217%2C251\" alt=\"\" width=\"217\" height=\"251\" \/><\/td>\n<td><p class=\"lead\"><strong>Biharugrai Reform\u00e1tus Egyh\u00e1zk\u00f6zs\u00e9g &#8211; Lelk\u00e9szi Hivatala<\/p><\/strong><\/td>\n<\/tr>\n<\/tbody>\n<\/table>\n<p><strong>Levelez\u00e9si c\u00edm:<\/strong> 5538 Biharugra, Erzs\u00e9bet utca 46.<br \/><strong>Telefon:<\/strong> +36 20 965 1449<br \/><strong>E-mail:<\/strong> refbiharugra@gmail.com<\/p>\n<p class=\"lead\"><strong>Heti rendszeress\u00e9g\u0171 alkalmaink:<\/strong><\/p>\n<p><strong>Istentisztelet<\/strong>: vas\u00e1rnap 10:30 \u00f3rakor<br \/><strong>Biblia\u00f3ra<\/strong>: cs\u00fct\u00f6rt\u00f6k 16:00 \u00f3rakor<br \/><b>\u00c9nekkari pr\u00f3ba<\/b>: cs\u00fct\u00f6rt\u00f6k 17:00 \u00f3rakor<\/p>\n<p class=\"lead text-center\"><em>Amennyiben t\u00e1mogatni szeretn\u00e9d gy\u00fclekezet\u00fcnket, azt megteheted a Takar\u00e9kbankn\u00e1l vezetett banksz\u00e1mlasz\u00e1munkra utalva:<\/em><\/p>\n\n\n<p class=\"has-text-align-center\"><strong>Biharugrai Reform\u00e1tus Egyh\u00e1zk\u00f6zs\u00e9g\n<\/strong><strong>54000021-10000245-00000000<\/strong><\/p>\n\n\n\n<p>&nbsp;<\/p>\n\n\n<\/div>\n","protected":false},"excerpt":{"rendered":"<div class=\"entry-summary\" itemprop=\"text\">\n<p>&nbsp; &nbsp; \u00a0 &nbsp; Levelez\u00e9si c\u00edm: 5538 Biharugra, Erzs\u00e9bet utca 46.Telefon: +36 20 965 1449E-mail: refbiharugra@gmail.com Istentisztelet: vas\u00e1rnap 10:30 \u00f3rakorBiblia\u00f3ra: cs\u00fct\u00f6rt\u00f6k 16:00 \u00f3rakor\u00c9nekkari pr\u00f3ba: cs\u00fct\u00f6rt\u00f6k 17:00 \u00f3rakor Biharugrai Reform\u00e1tus Egyh\u00e1zk\u00f6zs\u00e9g 54000021-10000245-00000000 &nbsp;<\/p>\n\n<\/div>\n","protected":false},"author":1,"featured_media":0,"parent":0,"menu_order":0,"comment_status":"closed","ping_status":"closed","template":"","meta":{"footnotes":""},"class_list":["post-1499","page","type-page","status-publish","hentry","entry-lead"],"jetpack_shortlink":"https:\/\/wp.me\/P9cS46-ob","jetpack-related-posts":[{"id":13,"url":"https:\/\/biharugra.reformatus.hu\/?page_id=13","url_meta":{"origin":1499,"position":0},"title":"El\u00e9rhet\u0151s\u00e9geink","author":"Webmester","date":"2014.03.31.","format":false,"excerpt":"\u00a0 Levelez\u00e9si c\u00edm: 5538 Biharugra, Erzs\u00e9bet utca 46.Telefon: +36 20 965 1449E-mail: refbiharugra@gmail.com Istentisztelet: vas\u00e1rnap 10:30 \u00f3rakorBiblia\u00f3ra: cs\u00fct\u00f6rt\u00f6k 17:00 \u00f3rakorIfj\u00fas\u00e1gi alkalom: szombat 15:00 \u00f3rakor Biharugrai Reform\u00e1tus Egyh\u00e1zk\u00f6zs\u00e9g 54000021-10000245-00000000 \u00a0\u00a0Adatkezel\u00e9si t\u00e1j\u00e9koztat\u00f3nk itt \u00e9rhet\u0151 el.","rel":"","context":"Similar post","block_context":{"text":"Similar post","link":""},"img":{"alt_text":"","src":"https:\/\/i0.wp.com\/biharugra.reformatus.hu\/wp-content\/uploads\/2014\/04\/BU_cimer.png?resize=350%2C200","width":350,"height":200},"classes":[]},{"id":1593,"url":"https:\/\/biharugra.reformatus.hu\/?page_id=1593","url_meta":{"origin":1499,"position":1},"title":"Alkalmaink","author":"Webmester","date":"2017.09.21.","format":false,"excerpt":"Alkalmaink Gy\u00fclekezet\u00fcnkben a k\u00f6vetkez\u0151 alkalmakat tartjuk\u00a0heti rendszeress\u00e9ggel:","rel":"","context":"Similar post","block_context":{"text":"Similar post","link":""},"img":{"alt_text":"","src":"","width":0,"height":0},"classes":[]},{"id":1808,"url":"https:\/\/biharugra.reformatus.hu\/?page_id=1808","url_meta":{"origin":1499,"position":2},"title":"Amit a vil\u00e1g \/ Isten mond","author":"Webmester","date":"2017.09.28.","format":false,"excerpt":"","rel":"","context":"Similar post","block_context":{"text":"Similar post","link":""},"img":{"alt_text":"","src":"","width":0,"height":0},"classes":[]},{"id":1876,"url":"https:\/\/biharugra.reformatus.hu\/?page_id=1876","url_meta":{"origin":1499,"position":3},"title":"Nyit\u00f3k\u00e9p &#8211; Hitelveink","author":"Webmester","date":"2017.09.29.","format":false,"excerpt":"\u00a0 \u00a0 \u00a0","rel":"","context":"Similar post","block_context":{"text":"Similar post","link":""},"img":{"alt_text":"","src":"https:\/\/i0.wp.com\/biharugra.reformatus.hu\/wp-content\/uploads\/2019\/08\/writing-book-read-open-wood-vintage-1278016-pxhere.com_.jpg?fit=1200%2C516&ssl=1&resize=350%2C200","width":350,"height":200,"srcset":"https:\/\/i0.wp.com\/biharugra.reformatus.hu\/wp-content\/uploads\/2019\/08\/writing-book-read-open-wood-vintage-1278016-pxhere.com_.jpg?fit=1200%2C516&ssl=1&resize=350%2C200 1x, https:\/\/i0.wp.com\/biharugra.reformatus.hu\/wp-content\/uploads\/2019\/08\/writing-book-read-open-wood-vintage-1278016-pxhere.com_.jpg?fit=1200%2C516&ssl=1&resize=525%2C300 1.5x, https:\/\/i0.wp.com\/biharugra.reformatus.hu\/wp-content\/uploads\/2019\/08\/writing-book-read-open-wood-vintage-1278016-pxhere.com_.jpg?fit=1200%2C516&ssl=1&resize=700%2C400 2x, https:\/\/i0.wp.com\/biharugra.reformatus.hu\/wp-content\/uploads\/2019\/08\/writing-book-read-open-wood-vintage-1278016-pxhere.com_.jpg?fit=1200%2C516&ssl=1&resize=1050%2C600 3x"},"classes":[]},{"id":1920,"url":"https:\/\/biharugra.reformatus.hu\/?page_id=1920","url_meta":{"origin":1499,"position":4},"title":"Nyit\u00f3k\u00e9p &#8211; Bihifi 2.0","author":"Webmester","date":"2017.09.29.","format":false,"excerpt":"\u00a0 \u00a0 \u00a0 \u00a0 \u00a0","rel":"","context":"Similar post","block_context":{"text":"Similar post","link":""},"img":{"alt_text":"","src":"https:\/\/i0.wp.com\/biharugra.reformatus.hu\/wp-content\/uploads\/2019\/08\/IMG_0649-2-1.jpg?fit=1200%2C418&ssl=1&resize=350%2C200","width":350,"height":200,"srcset":"https:\/\/i0.wp.com\/biharugra.reformatus.hu\/wp-content\/uploads\/2019\/08\/IMG_0649-2-1.jpg?fit=1200%2C418&ssl=1&resize=350%2C200 1x, https:\/\/i0.wp.com\/biharugra.reformatus.hu\/wp-content\/uploads\/2019\/08\/IMG_0649-2-1.jpg?fit=1200%2C418&ssl=1&resize=525%2C300 1.5x, https:\/\/i0.wp.com\/biharugra.reformatus.hu\/wp-content\/uploads\/2019\/08\/IMG_0649-2-1.jpg?fit=1200%2C418&ssl=1&resize=700%2C400 2x, https:\/\/i0.wp.com\/biharugra.reformatus.hu\/wp-content\/uploads\/2019\/08\/IMG_0649-2-1.jpg?fit=1200%2C418&ssl=1&resize=1050%2C600 3x"},"classes":[]},{"id":1516,"url":"https:\/\/biharugra.reformatus.hu\/?page_id=1516","url_meta":{"origin":1499,"position":5},"title":"Nyit\u00f3k\u00e9p &#8211; Egy befogad\u00f3 k\u00f6z\u00f6ss\u00e9g","author":"Webmester","date":"2017.09.21.","format":false,"excerpt":"","rel":"","context":"Similar post","block_context":{"text":"Similar post","link":""},"img":{"alt_text":"","src":"https:\/\/i0.wp.com\/biharugra.reformatus.hu\/wp-content\/uploads\/2017\/09\/31702391800_45d1a15ee3_o.jpg?fit=1200%2C670&ssl=1&resize=350%2C200","width":350,"height":200,"srcset":"https:\/\/i0.wp.com\/biharugra.reformatus.hu\/wp-content\/uploads\/2017\/09\/31702391800_45d1a15ee3_o.jpg?fit=1200%2C670&ssl=1&resize=350%2C200 1x, https:\/\/i0.wp.com\/biharugra.reformatus.hu\/wp-content\/uploads\/2017\/09\/31702391800_45d1a15ee3_o.jpg?fit=1200%2C670&ssl=1&resize=525%2C300 1.5x, https:\/\/i0.wp.com\/biharugra.reformatus.hu\/wp-content\/uploads\/2017\/09\/31702391800_45d1a15ee3_o.jpg?fit=1200%2C670&ssl=1&resize=700%2C400 2x, https:\/\/i0.wp.com\/biharugra.reformatus.hu\/wp-content\/uploads\/2017\/09\/31702391800_45d1a15ee3_o.jpg?fit=1200%2C670&ssl=1&resize=1050%2C600 3x"},"classes":[]}],"jetpack_sharing_enabled":true,"_links":{"self":[{"href":"https:\/\/biharugra.reformatus.hu\/index.php?rest_route=\/wp\/v2\/pages\/1499","targetHints":{"allow":["GET"]}}],"collection":[{"href":"https:\/\/biharugra.reformatus.hu\/index.php?rest_route=\/wp\/v2\/pages"}],"about":[{"href":"https:\/\/biharugra.reformatus.hu\/index.php?rest_route=\/wp\/v2\/types\/page"}],"author":[{"embeddable":true,"href":"https:\/\/biharugra.reformatus.hu\/index.php?rest_route=\/wp\/v2\/users\/1"}],"replies":[{"embeddable":true,"href":"https:\/\/biharugra.reformatus.hu\/index.php?rest_route=%2Fwp%2Fv2%2Fcomments&post=1499"}],"version-history":[{"count":116,"href":"https:\/\/biharugra.reformatus.hu\/index.php?rest_route=\/wp\/v2\/pages\/1499\/revisions"}],"predecessor-version":[{"id":3980,"href":"https:\/\/biharugra.reformatus.hu\/index.php?rest_route=\/wp\/v2\/pages\/1499\/revisions\/3980"}],"wp:attachment":[{"href":"https:\/\/biharugra.reformatus.hu\/index.php?rest_route=%2Fwp%2Fv2%2Fmedia&parent=1499"}],"curies":[{"name":"wp","href":"https:\/\/api.w.org\/{rel}","templated":true}]}}