{"id":2287,"date":"2018-06-05T12:13:12","date_gmt":"2018-06-05T11:13:12","guid":{"rendered":"http:\/\/biharugra.reformatus.hu\/?page_id=2287"},"modified":"2018-07-04T06:22:56","modified_gmt":"2018-07-04T05:22:56","slug":"adatkezelesi-tajekoztato","status":"publish","type":"page","link":"https:\/\/biharugra.reformatus.hu\/?page_id=2287","title":{"rendered":"Adatkezel\u00e9si t\u00e1j\u00e9koztat\u00f3"},"content":{"rendered":"<div class=\"entry-content\" itemprop=\"text\">\n<h2>Kik vagyunk<\/h2>\n<p>A weboldalunk c\u00edme: http:\/\/biharugra.reformatus.hu.<\/p>\n<h3>M\u00e1s honlapokr\u00f3l sz\u00e1rmaz\u00f3 be\u00e1gyazott tartalmak<\/h3>\n<p>A honlapon el\u00e9rhet\u0151 bejegyz\u00e9sek k\u00fcls\u0151 forr\u00e1sb\u00f3l sz\u00e1rmaz\u00f3 be\u00e1gyazott tartalmakat (pl. vide\u00f3k, k\u00e9pek, cikkek stb.) haszn\u00e1lhatnak. A k\u00fcls\u0151 forr\u00e1sb\u00f3l sz\u00e1rmaz\u00f3 be\u00e1gyazott tartalmak pontosan \u00fagy viselkednek, mintha megl\u00e1togattunk volna egy m\u00e1sik honlapot.<\/p>\n<p>Ezek a webhelyek lehets\u00e9ges, hogy adatot gy\u0171jtenek a l\u00e1togat\u00f3kr\u00f3l, s\u00fctiket vagy harmadik f\u00e9lt\u0151l sz\u00e1rmaz\u00f3 k\u00f6vet\u0151k\u00f3dot haszn\u00e1lnak, figyelik a be\u00e1gyazott tartalommal kapcsolatos felhaszn\u00e1l\u00f3i viselked\u00e9st, ha rendelkez\u00fcnk felhaszn\u00e1l\u00f3i fi\u00f3kkal \u00e9s be vagyunk jelentkezve az oldalra.<\/p>\n<h3>Analitika<\/h3>\n<h2>Hov\u00e1 tov\u00e1bb\u00edtjuk az adatokat<\/h2>\n<p>A l\u00e1togat\u00f3k \u00e1ltal bek\u00fcld\u00f6tt hozz\u00e1sz\u00f3l\u00e1sokat automatikus spamsz\u0171r\u0151 szolg\u00e1ltat\u00e1s ellen\u0151rizheti. M\u00e1s m\u00f3don a statisztikai adatokat harmadik f\u00e9llel nem osztjuk meg.<\/p>\n<h2>Kapcsolati adatok<\/h2>\n<h2>Tov\u00e1bbi inform\u00e1ci\u00f3k<\/h2>\n<h3>Hogyan v\u00e9dj\u00fck a felhaszn\u00e1l\u00f3i szem\u00e9lyes adatokat<\/h3>\n<h3>\u00c9rv\u00e9nyben l\u00e9v\u0151 elj\u00e1r\u00e1sok adatkezel\u00e9si s\u00e9relmek eset\u00e9n<\/h3>\n<h3>Milyen harmadik f\u00e9lt\u0151l sz\u00e1rmaz\u00f3 adatokat kapunk<\/h3>\n<h3>Milyen automatiz\u00e1lt d\u00f6nt\u00e9shozatalt \u00e9s\/vagy profilalkot\u00e1st v\u00e9gz\u00fcnk a felhaszn\u00e1l\u00f3i adatokkal<\/h3>\n<h3>Szab\u00e1lyozott ipar\u00e1g k\u00f6zz\u00e9t\u00e9teli k\u00f6vetelm\u00e9nyei<\/h3>\n\n\n<\/div>\n","protected":false},"excerpt":{"rendered":"<div class=\"entry-summary\" itemprop=\"text\">\n<p>Kik vagyunk A weboldalunk c\u00edme: http:\/\/biharugra.reformatus.hu. M\u00e1s honlapokr\u00f3l sz\u00e1rmaz\u00f3 be\u00e1gyazott tartalmak A honlapon el\u00e9rhet\u0151 bejegyz\u00e9sek k\u00fcls\u0151 forr\u00e1sb\u00f3l sz\u00e1rmaz\u00f3 be\u00e1gyazott tartalmakat (pl. vide\u00f3k, k\u00e9pek, cikkek stb.) haszn\u00e1lhatnak. A k\u00fcls\u0151 forr\u00e1sb\u00f3l sz\u00e1rmaz\u00f3 be\u00e1gyazott tartalmak pontosan \u00fagy viselkednek, mintha megl\u00e1togattunk volna egy m\u00e1sik honlapot. Ezek a webhelyek lehets\u00e9ges, hogy adatot gy\u0171jtenek a l\u00e1togat\u00f3kr\u00f3l, s\u00fctiket vagy harmadik f\u00e9lt\u0151l sz\u00e1rmaz\u00f3 &#8230;<\/p>\n\n<\/div>\n","protected":false},"author":1,"featured_media":0,"parent":0,"menu_order":0,"comment_status":"closed","ping_status":"closed","template":"","meta":{"footnotes":""},"class_list":["post-2287","page","type-page","status-publish","hentry","entry-lead"],"jetpack_shortlink":"https:\/\/wp.me\/P9cS46-AT","jetpack-related-posts":[{"id":3187,"url":"https:\/\/biharugra.reformatus.hu\/?page_id=3187","url_meta":{"origin":2287,"position":0},"title":"VP6-7.2.1-7.4.1.1-16","author":"Webmester","date":"2020.08.27.","format":false,"excerpt":"Biharugra egyh\u00e1zi telep\u00fcl\u00e9sk\u00e9pet meghat\u00e1roz\u00f3 \u00e9p\u00fcleteinek fejleszt\u00e9se Kedvezm\u00e9nyezett neve: Biharugrai Reform\u00e1tus Egyh\u00e1zk\u00f6zs\u00e9g P\u00e1ly\u00e1zati felh\u00edv\u00e1s neve, k\u00f3dsz\u00e1ma: A vid\u00e9ki t\u00e9rs\u00e9gek kism\u00e9ret\u0171 infrastrukt\u00far\u00e1j\u00e1nak \u00e9s alapvet\u0151 szolg\u00e1ltat\u00e1sainak fejleszt\u00e9s\u00e9re Telep\u00fcl\u00e9sk\u00e9pet meghat\u00e1roz\u00f3 \u00e9p\u00fcletek k\u00fcls\u0151 rekonstrukci\u00f3ja, t\u00f6bbfunkci\u00f3s k\u00f6z\u00f6ss\u00e9gi t\u00e9r l\u00e9trehoz\u00e1sa, fejleszt\u00e9se, energetikai korszer\u0171s\u00edt\u00e9s - VP6-7.2.1-7.4.1.1-16 Projekt c\u00edme: \u201eBiharugra egyh\u00e1zi telep\u00fcl\u00e9sk\u00e9pet meghat\u00e1roz\u00f3 \u00e9p\u00fcleteinek fejleszt\u00e9se\u201d Projekt azonos\u00edt\u00f3ja: 1775412993 A\u2026","rel":"","context":"Similar post","block_context":{"text":"Similar post","link":""},"img":{"alt_text":"","src":"https:\/\/i0.wp.com\/biharugra.reformatus.hu\/wp-content\/uploads\/2020\/11\/Sz%C3%A9cheny-log%C3%B3-1.png?resize=350%2C200&ssl=1","width":350,"height":200,"srcset":"https:\/\/i0.wp.com\/biharugra.reformatus.hu\/wp-content\/uploads\/2020\/11\/Sz%C3%A9cheny-log%C3%B3-1.png?resize=350%2C200&ssl=1 1x, https:\/\/i0.wp.com\/biharugra.reformatus.hu\/wp-content\/uploads\/2020\/11\/Sz%C3%A9cheny-log%C3%B3-1.png?resize=525%2C300&ssl=1 1.5x, https:\/\/i0.wp.com\/biharugra.reformatus.hu\/wp-content\/uploads\/2020\/11\/Sz%C3%A9cheny-log%C3%B3-1.png?resize=700%2C400&ssl=1 2x"},"classes":[]},{"id":137,"url":"https:\/\/biharugra.reformatus.hu\/?page_id=137","url_meta":{"origin":2287,"position":1},"title":"A templom \u00e9s a par\u00f3kia t\u00f6rt\u00e9nete","author":"Webmester","date":"2014.04.11.","format":false,"excerpt":"A templom \u00e9p\u00fclet\u00e9nek t\u00f6rt\u00e9nete \u00a0 \u00a0 \u00a0 Az \u00e9p\u00fclet t\u00f6rt\u00e9nete az \u00c1rp\u00e1d-korig ny\u00falik vissza. A mai templom - a torony \u00e9s a d\u00e9li oldal\u00e1n elhelyezett toldal\u00e9k\u00e9p\u00fclet (porticus) kiv\u00e9tel\u00e9vel - rom\u00e1n kori alapfalakra \u00e9p\u00fclt fel. A f\u00e9lk\u00f6r\u00edves szent\u00e9ly (apszis) k\u00fcls\u0151 oldal\u00e1n legal\u00e1bb 1 - 1,5 m\u00e9ter magass\u00e1gig \u00e1ll a k\u00f6z\u00e9pkori fal,\u2026","rel":"","context":"Similar post","block_context":{"text":"Similar post","link":""},"img":{"alt_text":"","src":"","width":0,"height":0},"classes":[]},{"id":587,"url":"https:\/\/biharugra.reformatus.hu\/?page_id=587","url_meta":{"origin":2287,"position":2},"title":"Tataroz\u00e1s \u00e9s fel\u00faj\u00edt\u00e1si tervek Biharugr\u00e1n","author":"Webmester","date":"2014.08.17.","format":false,"excerpt":"A Tisz\u00e1nt\u00fali Reform\u00e1tus Egyh\u00e1zker\u00fclet egyik legr\u00e9gebbi, a Biharugrai Reform\u00e1tus Egyh\u00e1zk\u00f6zs\u00e9g templom\u00e1nak alapjai az \u00c1rp\u00e1d korra ny\u00falnak vissza. Ma jelent\u0151s fel\u00faj\u00edt\u00e1st terveznek. Az elk\u00e9pz\u00e9sek szerint, a k\u00fcls\u0151 fel\u00faj\u00edt\u00e1si munk\u00e1k mellett, l\u00e1togathat\u00f3v\u00e1 tenn\u00e9k a harangtornyot is, ahonnan p\u00e1ratlan kil\u00e1t\u00e1s ny\u00edlik a k\u00f6zs\u00e9gre \u00e9s a R\u00e9tk\u00f6zre. Keleten pedig, tiszta id\u0151ben, j\u00f3l l\u00e1tsz\u00f3dnak a\u2026","rel":"","context":"Similar post","block_context":{"text":"Similar post","link":""},"img":{"alt_text":"","src":"","width":0,"height":0},"classes":[]},{"id":1704,"url":"https:\/\/biharugra.reformatus.hu\/?page_id=1704","url_meta":{"origin":2287,"position":3},"title":"Keny\u00e9rmorzsa sz\u00edn\u0171 Isten h\u00e1za Biharugr\u00e1n","author":"Webmester","date":"2017.09.27.","format":false,"excerpt":"K\u00f6zel 50 milli\u00f3 forintb\u00f3l \u00fajul meg Biharugra reform\u00e1tus temploma \u2013 sz\u00e1molt be Szab\u00f3 \u00c1rp\u00e1d Csaba, a reform\u00e1tus egyh\u00e1zk\u00f6zs\u00e9g lelk\u00e9sze \u00e9s Makra Tibor, a telep\u00fcl\u00e9s polg\u00e1rmestere. Elk\u00e9pzelhet\u0151, hogy a korszer\u0171s\u00edt\u00e9s m\u00e9g az id\u00e9n elkezd\u0151dik \u00e9s j\u00f6v\u0151 \u00e9v v\u00e9g\u00e9re befejez\u0151dik. A torony \u00e9s a haj\u00f3 ugyanolyan sz\u00edn\u0171 lesz: keny\u00e9rmorzsa. Teljes k\u00fcls\u0151 fel\u00faj\u00edt\u00e1s\u2026","rel":"","context":"Similar post","block_context":{"text":"Similar post","link":""},"img":{"alt_text":"","src":"https:\/\/i0.wp.com\/biharugra.reformatus.hu\/wp-content\/uploads\/2017\/09\/templomfelujit-1024x968.jpg?resize=350%2C200","width":350,"height":200,"srcset":"https:\/\/i0.wp.com\/biharugra.reformatus.hu\/wp-content\/uploads\/2017\/09\/templomfelujit-1024x968.jpg?resize=350%2C200 1x, https:\/\/i0.wp.com\/biharugra.reformatus.hu\/wp-content\/uploads\/2017\/09\/templomfelujit-1024x968.jpg?resize=525%2C300 1.5x"},"classes":[]},{"id":131,"url":"https:\/\/biharugra.reformatus.hu\/?page_id=131","url_meta":{"origin":2287,"position":4},"title":"A ma gy\u00fclekezete","author":"Webmester","date":"2014.04.11.","format":false,"excerpt":"A telep\u00fcl\u00e9s t\u00e1rsadalma, \u00f6sszet\u00e9tele, vall\u00e1shoz val\u00f3 viszonyul\u00e1sa Biharugra k\u00f6zs\u00e9g mez\u0151gazdas\u00e1gb\u00f3l \u00e9l\u0151, hat\u00e1rsz\u00e9li kisk\u00f6zs\u00e9g. Lakoss\u00e1ga el\u00f6reged\u0151, l\u00e9tsz\u00e1mban folyamatosan fogy. Egy \u00e9vtized alatt t\u00f6bb, mint 200 f\u0151vel cs\u00f6kkent a k\u00f6zs\u00e9g lakoss\u00e1ga, s 2014. janu\u00e1r 1-\u00e9n 968 f\u0151 k\u00f6r\u00fcl volt a biharugrai \u00e1lland\u00f3 lakc\u00edm szerint nyilv\u00e1ntartottak sz\u00e1ma. K\u00f6z\u00fcl\u00fck kb. 60 f\u0151 az, aki\u2026","rel":"","context":"Similar post","block_context":{"text":"Similar post","link":""},"img":{"alt_text":"","src":"","width":0,"height":0},"classes":[]},{"id":406,"url":"https:\/\/biharugra.reformatus.hu\/?page_id=406","url_meta":{"origin":2287,"position":5},"title":"Mit jelent az, hogy reform\u00e1tusok vagyunk?","author":"Webmester","date":"2014.04.14.","format":false,"excerpt":"A magyar reform\u00e1tus identit\u00e1s meghat\u00e1roz\u00e1s\u00e1ra mi nem vagyunk illet\u00e9kesek, csak azok, akik egykor (1576) megalkott\u00e1k \u00e9s elfogadt\u00e1k egyh\u00e1zunk hitvall\u00e1sait, majd e hitvall\u00e1sok, mint z\u00e1szl\u00f3 k\u00f6r\u00e9 t\u00f6m\u00f6r\u00fcltek \u2013 olvashat\u00f3 S\u00edpos Ete \u00c1lmos \u00edr\u00e1s\u00e1ban. Ezzel a cikkel indul sorozatunk, amely egy p\u00e1rbesz\u00e9d form\u00e1j\u00e1ban a mai magyar reform\u00e1tus identit\u00e1s k\u00e9rd\u00e9s\u00e9t pr\u00f3b\u00e1lja min\u00e9l t\u00f6bb\u2026","rel":"","context":"Similar post","block_context":{"text":"Similar post","link":""},"img":{"alt_text":"","src":"","width":0,"height":0},"classes":[]}],"jetpack_sharing_enabled":true,"_links":{"self":[{"href":"https:\/\/biharugra.reformatus.hu\/index.php?rest_route=\/wp\/v2\/pages\/2287","targetHints":{"allow":["GET"]}}],"collection":[{"href":"https:\/\/biharugra.reformatus.hu\/index.php?rest_route=\/wp\/v2\/pages"}],"about":[{"href":"https:\/\/biharugra.reformatus.hu\/index.php?rest_route=\/wp\/v2\/types\/page"}],"author":[{"embeddable":true,"href":"https:\/\/biharugra.reformatus.hu\/index.php?rest_route=\/wp\/v2\/users\/1"}],"replies":[{"embeddable":true,"href":"https:\/\/biharugra.reformatus.hu\/index.php?rest_route=%2Fwp%2Fv2%2Fcomments&post=2287"}],"version-history":[{"count":4,"href":"https:\/\/biharugra.reformatus.hu\/index.php?rest_route=\/wp\/v2\/pages\/2287\/revisions"}],"predecessor-version":[{"id":2315,"href":"https:\/\/biharugra.reformatus.hu\/index.php?rest_route=\/wp\/v2\/pages\/2287\/revisions\/2315"}],"wp:attachment":[{"href":"https:\/\/biharugra.reformatus.hu\/index.php?rest_route=%2Fwp%2Fv2%2Fmedia&parent=2287"}],"curies":[{"name":"wp","href":"https:\/\/api.w.org\/{rel}","templated":true}]}}