{"id":2932,"date":"2019-12-31T09:59:41","date_gmt":"2019-12-31T08:59:41","guid":{"rendered":"https:\/\/biharugra.reformatus.hu\/?page_id=2932"},"modified":"2025-01-17T12:08:45","modified_gmt":"2025-01-17T11:08:45","slug":"igehirdetesek-2020","status":"publish","type":"page","link":"https:\/\/biharugra.reformatus.hu\/?page_id=2932","title":{"rendered":"Igehirdet\u00e9sek 2020"},"content":{"rendered":"<div class=\"entry-content\" itemprop=\"text\">\n<table class=\" table table-bordered table-striped\">\n<tbody>\n<tr>\n<th style=\"text-align: center;\" colspan=\"4\" align=\"center\" width=\"75%\"><img data-recalc-dims=\"1\" decoding=\"async\" data-attachment-id=\"1216\" data-permalink=\"https:\/\/biharugra.reformatus.hu\/?attachment_id=1216\" data-orig-file=\"https:\/\/i0.wp.com\/biharugra.reformatus.hu\/wp-content\/uploads\/2016\/01\/Igehirdetesek-2017-e1462098689347.png?fit=640%2C296&amp;ssl=1\" data-orig-size=\"640,296\" data-comments-opened=\"0\" data-image-meta='{\"aperture\":\"0\",\"credit\":\"\",\"camera\":\"\",\"caption\":\"\",\"created_timestamp\":\"0\",\"copyright\":\"\",\"focal_length\":\"0\",\"iso\":\"0\",\"shutter_speed\":\"0\",\"title\":\"\",\"orientation\":\"0\"}' data-image-title=\"Igehirdetesek-2017\" data-image-description=\"\" data-image-caption=\"\" data-large-file=\"https:\/\/i0.wp.com\/biharugra.reformatus.hu\/wp-content\/uploads\/2016\/01\/Igehirdetesek-2017-e1462098689347.png?fit=640%2C296&amp;ssl=1\" class=\"aligncenter size-full wp-image-1216\" src=\"https:\/\/i0.wp.com\/biharugra.reformatus.hu\/wp-content\/uploads\/2016\/01\/Igehirdetesek-2020-e1462098845577.png?w=640\" alt=\"Igehirdetesek-2019\" ><\/th>\n<\/tr>\n<tr>\n<td><span style=\"text-decoration: underline;\"><b>d&#xE1;tum<\/b><\/span><\/td>\n<td><span style=\"text-decoration: underline;\"><b>alkalom neve<\/b><\/span><\/td>\n<td><span style=\"text-decoration: underline;\"><b>alapige<\/b><\/span><\/td>\n<td><span style=\"text-decoration: underline;\"><b>let&#xF6;lt&#xE9;s<\/b><\/span><\/td>\n<\/tr>\n<tr>\n<td>2020.11.15<\/td>\n<td>Vas&#xE1;rnap<\/td>\n<td>&#xC9;zs 40,27-31<\/td>\n<td><a href=\"https:\/\/u.pcloud.link\/publink\/show?code=XZPzEzXZm20FLtP9kWQaGqo3BSEqfjWXU370\" target=\"_blank\" rel=\"noopener noreferrer\">let&#xF6;lt&#xE9;s<\/a><\/td>\n<\/tr>\n<tr>\n<td>2020.07.19<\/td>\n<td>Konfirm&#xE1;ci&#xF3;<\/td>\n<td>J&#xFA;d 1:20-21<\/td>\n<td><a href=\"https:\/\/my.pcloud.com\/publink\/show?code=%20XZFBoNkZsAaokdRgMc7477uoxbCuouMNFmlk\" target=\"_blank\" rel=\"noopener noreferrer\">let&#xF6;lt&#xE9;s<\/a><\/td>\n<\/tr>\n<tr>\n<td>2020.07.12<\/td>\n<td>Vas&#xE1;rnap<\/td>\n<td>Zsolt 30:1-13; Zsolt 30:12-13<\/td>\n<td><a href=\"https:\/\/my.pcloud.com\/publink\/show?code=%20XZYjVNkZ75dVu1Ck4S4HUXVnJ4UUEuMRcHo7\" target=\"_blank\" rel=\"noopener noreferrer\">let&#xF6;lt&#xE9;s<\/a><\/td>\n<\/tr>\n<tr>\n<td>2020.06.28<\/td>\n<td>Vas&#xE1;rnap<\/td>\n<td>Lk 23:32-43; Lk 23:42-43<\/td>\n<td><a href=\"https:\/\/my.pcloud.com\/publink\/show?code=%20XZWFBIkZLpFpAKS9KBFjJ1lRgCV2pSXuF9Xk\" target=\"_blank\" rel=\"noopener noreferrer\">let&#xF6;lt&#xE9;s<\/a><\/td>\n<\/tr>\n<tr>\n<td>2020.06.21<\/td>\n<td>Vas&#xE1;rnap<\/td>\n<td>Pr&#xE9;d 1:1-11; Pr&#xE9;d 1:8<\/td>\n<td><a href=\"https:\/\/my.pcloud.com\/publink\/show?code=%20XZGLPUkZLibEoPSsAXBzvo56jl4aQLMmd5G7\" target=\"_blank\" rel=\"noopener noreferrer\">let&#xF6;lt&#xE9;s<\/a><\/td>\n<\/tr>\n<tr>\n<td>2020.06.14<\/td>\n<td>Vas&#xE1;rnap<\/td>\n<td>1 S&#xE1;m 19:1-18; Zsolt 13<\/td>\n<td><a href=\"https:\/\/my.pcloud.com\/publink\/show?code=%20XZKdYOkZVDUgtpUD3URdXT72UzQY6fsTvXpX\" target=\"_blank\" rel=\"noopener noreferrer\">let&#xF6;lt&#xE9;s<\/a><\/td>\n<\/tr>\n<tr>\n<td>2020.06.07<\/td>\n<td>Vas&#xE1;rnap<\/td>\n<td>Gal 5:1-26; Gal 5:25<\/td>\n<td><a href=\"https:\/\/my.pcloud.com\/publink\/show?code=%20XZsnYEkZ9BHGX1RW1D0KND71u4NTcHIYWsoX\" target=\"_blank\" rel=\"noopener noreferrer\">let&#xF6;lt&#xE9;s<\/a><\/td>\n<\/tr>\n<tr>\n<td>2020.06.01<\/td>\n<td>P&#xFC;nk&#xF6;sd 2.<\/td>\n<td>ApCsel 5:1-16<\/td>\n<td><a href=\"https:\/\/my.pcloud.com\/publink\/show?code=%20XZrSMtkZK8NSvibbagJmNpB4t8ljS7GcqyP7\" target=\"_blank\" rel=\"noopener noreferrer\">let&#xF6;lt&#xE9;s<\/a><\/td>\n<\/tr>\n<tr>\n<td>2020.05.31<\/td>\n<td>P&#xFC;nk&#xF6;sd 1.<\/td>\n<td>Jn 14:15-18<\/td>\n<td><a href=\"https:\/\/my.pcloud.com\/publink\/show?code=%20XZiNntkZM3OYUM2LLsF3zzTCgGY7ubHe1kbX\" target=\"_blank\" rel=\"noopener noreferrer\">let&#xF6;lt&#xE9;s<\/a><\/td>\n<\/tr>\n<tr>\n<td>2020.05.24<\/td>\n<td>Vas&#xE1;rnap<\/td>\n<td>2 Kr&#xF3;n 34:1-28; 2 Kr&#xF3;n 34:29-33<\/td>\n<td><a href=\"https:\/\/my.pcloud.com\/publink\/show?code=%20XZN2KqkZ4EfRL2i8R4HDAMUAfjmhnQx7qLpX\" target=\"_blank\" rel=\"noopener noreferrer\">let&#xF6;lt&#xE9;s<\/a><\/td>\n<\/tr>\n<tr>\n<td>2020.05.21<\/td>\n<td>Mennybemenetel<\/td>\n<td>Lk 24:50-53<\/td>\n<td><a href=\"https:\/\/my.pcloud.com\/publink\/show?code=%20XZh92qkZHj5Ez2UhsI79SCy5eTF5sH01BweX\" target=\"_blank\" rel=\"noopener noreferrer\">let&#xF6;lt&#xE9;s<\/a><\/td>\n<\/tr>\n<tr>\n<td>2020.05.17<\/td>\n<td>Vas&#xE1;rnap<\/td>\n<td>Mk 2:1-12; Mk 2:5b<\/td>\n<td><a href=\"https:\/\/my.pcloud.com\/publink\/show?code=%20XZRLGdkZ4CXntokoMhS482V8378BkYrr5sky\" target=\"_blank\" rel=\"noopener noreferrer\">let&#xF6;lt&#xE9;s<\/a><\/td>\n<\/tr>\n<tr>\n<td>2020.03.15<\/td>\n<td>M&#xE1;rcius 15.<\/td>\n<td>J&#xF3;n&#xE1;s 3; Zsolt 120:1<\/td>\n<td><a href=\"https:\/\/my.pcloud.com\/publink\/show?code=%20XZwVh9kZjstqA6mqrFBWXNdfMW1mtREs7XAV\" target=\"_blank\" rel=\"noopener noreferrer\">let&#xF6;lt&#xE9;s<\/a><\/td>\n<\/tr>\n<tr>\n<td>2020.03.01<\/td>\n<td>Bibliavas&#xE1;rnap<\/td>\n<td>Mt 6:5-13; Zsolt 27:4<\/td>\n<td><a href=\"https:\/\/my.pcloud.com\/publink\/show?code=%20XZtoh1kZPcF5k3lFlsmC1lAVau8dDLmFRNeX\" target=\"_blank\" rel=\"noopener noreferrer\">let&#xF6;lt&#xE9;s<\/a><\/td>\n<\/tr>\n<tr>\n<td>2020.02.23<\/td>\n<td>Vas&#xE1;rnap<\/td>\n<td>Mt 6:25-34; Mt 6:33-34<\/td>\n<td><a href=\"https:\/\/my.pcloud.com\/publink\/show?code=%20XZNpVDkZR02kauGrrj7IIYDPNQFuFkYervFV\" target=\"_blank\" rel=\"noopener noreferrer\">let&#xF6;lt&#xE9;s<\/a><\/td>\n<\/tr>\n<tr>\n<td>2020.02.16<\/td>\n<td>Vas&#xE1;rnap<\/td>\n<td>Lk 6:43-46; P&#xE9;ld 4:23<\/td>\n<td><a href=\"https:\/\/my.pcloud.com\/publink\/show?code=%20XZyS1skZOrskMF0G8vLhBsxktD9UjkfdP0uX\" target=\"_blank\" rel=\"noopener noreferrer\">let&#xF6;lt&#xE9;s<\/a><\/td>\n<\/tr>\n<tr>\n<td>2020.02.09<\/td>\n<td>Vas&#xE1;rnap<\/td>\n<td>Lk 6:27-36; Lk 6:31<\/td>\n<td><a href=\"https:\/\/my.pcloud.com\/publink\/show?code=%20XZQucWkZSeQlqmVWUGLUi8Bg12lrKzKlKObk\" target=\"_blank\" rel=\"noopener noreferrer\">let&#xF6;lt&#xE9;s<\/a><\/td>\n<\/tr>\n<tr>\n<td>2020.02.02<\/td>\n<td>Vas&#xE1;rnap<\/td>\n<td>Mt 5:11-20; Mt 5:17<\/td>\n<td><a href=\"https:\/\/my.pcloud.com\/publink\/show?code=%20XZpucWkZEsua5mL6a3fbSXjm1ox74QNcewY7\" target=\"_blank\" rel=\"noopener noreferrer\">let&#xF6;lt&#xE9;s<\/a><\/td>\n<\/tr>\n<tr>\n<td>2020.01.26<\/td>\n<td>Vas&#xE1;rnap<\/td>\n<td>Lk 6:17-26; Lk 6:19<\/td>\n<td><a href=\"https:\/\/my.pcloud.com\/publink\/show?code=%20XZi092kZ4FOszYttc5kvOw777zlcjmrw5uFX\" target=\"_blank\" rel=\"noopener noreferrer\">let&#xF6;lt&#xE9;s<\/a><\/td>\n<\/tr>\n<tr>\n<td>2020.01.19<\/td>\n<td>Vas&#xE1;rnap<\/td>\n<td>Ef 6:10-24; Ef 6:12<\/td>\n<td><a href=\"https:\/\/my.pcloud.com\/publink\/show?code=XZQ0S2kZVo407D735IRQKa9gRfYH0Q76gkbk\" target=\"_blank\" rel=\"noopener noreferrer\">let&#xF6;lt&#xE9;s<\/a><\/td>\n<\/tr>\n<tr>\n<td>2020.01.12<\/td>\n<td>Vas&#xE1;rnap<\/td>\n<td>Mt 8:5-13; Ef 6:5-9<\/td>\n<td><a href=\"https:\/\/my.pcloud.com\/publink\/show?code=XZEj2BkZISFmI7IXR2pqfFq3Nwpb7LmNwlsy\" target=\"_blank\" rel=\"noopener noreferrer\">let&#xF6;lt&#xE9;s<\/a><\/td>\n<\/tr>\n<tr>\n<td>2020.01.05<\/td>\n<td>Vas&#xE1;rnap<\/td>\n<td>1 M&#xF3;z 25:19-28; Ef 6:1-4<\/td>\n<td><a href=\"https:\/\/my.pcloud.com\/publink\/show?code=XZE19ukZHcksPzIrJvJgC7yjYQAswfOEqf3X\" target=\"_blank\" rel=\"noopener noreferrer\">let&#xF6;lt&#xE9;s<\/a><\/td>\n<\/tr>\n<tr>\n<td>2020.01.01<\/td>\n<td>&#xDA;j&#xE9;v reggele<\/td>\n<td>ApCsel 2:37-47; Mt 21:43<\/td>\n<td><a href=\"https:\/\/my.pcloud.com\/publink\/show?code=XZEzyjkZVLYvbvCzKffopyRN61skIBxsgY9y\" target=\"_blank\" rel=\"noopener noreferrer\">let&#xF6;lt&#xE9;s<\/a><\/td>\n<\/tr>\n<\/tbody>\n<\/table>\n<p><center><span style=\"font-size: large;\">Az igehirdet\u00e9sek meghallgat\u00e1sa,<\/span><br \/>\n<span style=\"font-size: xx-large;\"><span style=\"text-decoration: underline;\">NEM P\u00d3TOLJA<\/span><\/span><span style=\"font-size: large;\"><br \/>\nIsten, gy\u00fclekezeti k\u00f6z\u00f6ss\u00e9gben megnyerhet\u0151 \u00e1ld\u00e1sait!<br \/>\n<i>V\u00e1rjuk szeretettel!<\/i><\/span><\/center><\/p>\n\n\n<\/div>\n","protected":false},"excerpt":{"rendered":"<div class=\"entry-summary\" itemprop=\"text\">\n<p>Az igehirdet\u00e9sek meghallgat\u00e1sa, NEM P\u00d3TOLJA Isten, gy\u00fclekezeti k\u00f6z\u00f6ss\u00e9gben megnyerhet\u0151 \u00e1ld\u00e1sait! V\u00e1rjuk szeretettel!<\/p>\n\n<\/div>\n","protected":false},"author":1,"featured_media":0,"parent":0,"menu_order":0,"comment_status":"closed","ping_status":"closed","template":"","meta":{"footnotes":""},"class_list":["post-2932","page","type-page","status-publish","hentry","entry-lead"],"jetpack_shortlink":"https:\/\/wp.me\/P9cS46-Li","jetpack-related-posts":[{"id":788,"url":"https:\/\/biharugra.reformatus.hu\/?page_id=788","url_meta":{"origin":2932,"position":0},"title":"Igehirdet\u00e9sek 2015","author":"Webmester","date":"2015.01.02.","format":false,"excerpt":"Az igehirdet\u00e9sek meghallgat\u00e1sa, NEM P\u00d3TOLJAIsten, gy\u00fclekezeti k\u00f6z\u00f6ss\u00e9gben megnyerhet\u0151 \u00e1ld\u00e1sait! V\u00e1rjuk szeretettel!","rel":"","context":"Similar post","block_context":{"text":"Similar post","link":""},"img":{"alt_text":"","src":"","width":0,"height":0},"classes":[]},{"id":2163,"url":"https:\/\/biharugra.reformatus.hu\/?page_id=2163","url_meta":{"origin":2932,"position":1},"title":"Igehirdet\u00e9sek 2018","author":"Webmester","date":"2017.12.31.","format":false,"excerpt":"Az igehirdet\u00e9sek meghallgat\u00e1sa, NEM P\u00d3TOLJA Isten, gy\u00fclekezeti k\u00f6z\u00f6ss\u00e9gben megnyerhet\u0151 \u00e1ld\u00e1sait! V\u00e1rjuk szeretettel!","rel":"","context":"Similar post","block_context":{"text":"Similar post","link":""},"img":{"alt_text":"","src":"","width":0,"height":0},"classes":[]},{"id":2593,"url":"https:\/\/biharugra.reformatus.hu\/?page_id=2593","url_meta":{"origin":2932,"position":2},"title":"Igehirdet\u00e9sek 2019","author":"Webmester","date":"2019.01.02.","format":false,"excerpt":"Az igehirdet\u00e9sek meghallgat\u00e1sa, NEM P\u00d3TOLJA Isten, gy\u00fclekezeti k\u00f6z\u00f6ss\u00e9gben megnyerhet\u0151 \u00e1ld\u00e1sait! V\u00e1rjuk szeretettel!","rel":"","context":"Similar post","block_context":{"text":"Similar post","link":""},"img":{"alt_text":"","src":"","width":0,"height":0},"classes":[]},{"id":1372,"url":"https:\/\/biharugra.reformatus.hu\/?page_id=1372","url_meta":{"origin":2932,"position":3},"title":"Igehirdet\u00e9sek 2017","author":"Webmester","date":"2016.12.25.","format":false,"excerpt":"Az igehirdet\u00e9sek meghallgat\u00e1sa, NEM P\u00d3TOLJA Isten, gy\u00fclekezeti k\u00f6z\u00f6ss\u00e9gben megnyerhet\u0151 \u00e1ld\u00e1sait! V\u00e1rjuk szeretettel!","rel":"","context":"Similar post","block_context":{"text":"Similar post","link":""},"img":{"alt_text":"","src":"","width":0,"height":0},"classes":[]},{"id":1213,"url":"https:\/\/biharugra.reformatus.hu\/?page_id=1213","url_meta":{"origin":2932,"position":4},"title":"Igehirdet\u00e9sek 2016","author":"Webmester","date":"2016.01.05.","format":false,"excerpt":"Az igehirdet\u00e9sek meghallgat\u00e1sa, NEM P\u00d3TOLJAIsten, gy\u00fclekezeti k\u00f6z\u00f6ss\u00e9gben megnyerhet\u0151 \u00e1ld\u00e1sait! V\u00e1rjuk szeretettel!","rel":"","context":"Similar post","block_context":{"text":"Similar post","link":""},"img":{"alt_text":"","src":"","width":0,"height":0},"classes":[]},{"id":866,"url":"https:\/\/biharugra.reformatus.hu\/?page_id=866","url_meta":{"origin":2932,"position":5},"title":"Alkalmi igehirdet\u00e9sek","author":"Webmester","date":"2015.01.30.","format":false,"excerpt":"Az igehirdet\u00e9sek meghallgat\u00e1sa, NEM P\u00d3TOLJA Isten, gy\u00fclekezeti k\u00f6z\u00f6ss\u00e9gben megnyerhet\u0151 \u00e1ld\u00e1sait! V\u00e1rjuk szeretettel!","rel":"","context":"Similar post","block_context":{"text":"Similar post","link":""},"img":{"alt_text":"","src":"","width":0,"height":0},"classes":[]}],"jetpack_sharing_enabled":true,"_links":{"self":[{"href":"https:\/\/biharugra.reformatus.hu\/index.php?rest_route=\/wp\/v2\/pages\/2932","targetHints":{"allow":["GET"]}}],"collection":[{"href":"https:\/\/biharugra.reformatus.hu\/index.php?rest_route=\/wp\/v2\/pages"}],"about":[{"href":"https:\/\/biharugra.reformatus.hu\/index.php?rest_route=\/wp\/v2\/types\/page"}],"author":[{"embeddable":true,"href":"https:\/\/biharugra.reformatus.hu\/index.php?rest_route=\/wp\/v2\/users\/1"}],"replies":[{"embeddable":true,"href":"https:\/\/biharugra.reformatus.hu\/index.php?rest_route=%2Fwp%2Fv2%2Fcomments&post=2932"}],"version-history":[{"count":36,"href":"https:\/\/biharugra.reformatus.hu\/index.php?rest_route=\/wp\/v2\/pages\/2932\/revisions"}],"predecessor-version":[{"id":3817,"href":"https:\/\/biharugra.reformatus.hu\/index.php?rest_route=\/wp\/v2\/pages\/2932\/revisions\/3817"}],"wp:attachment":[{"href":"https:\/\/biharugra.reformatus.hu\/index.php?rest_route=%2Fwp%2Fv2%2Fmedia&parent=2932"}],"curies":[{"name":"wp","href":"https:\/\/api.w.org\/{rel}","templated":true}]}}