{"id":3248,"date":"2020-10-12T13:49:19","date_gmt":"2020-10-12T12:49:19","guid":{"rendered":"https:\/\/biharugra.reformatus.hu\/?page_id=3248"},"modified":"2020-10-12T14:17:14","modified_gmt":"2020-10-12T13:17:14","slug":"egyh-kcp-18-p-0054","status":"publish","type":"page","link":"https:\/\/biharugra.reformatus.hu\/?page_id=3248","title":{"rendered":"EGYH-KCP-18-P-0054 \/eszk\u00f6z\u00f6k\/"},"content":{"rendered":"<div class=\"entry-content\" itemprop=\"text\">\n\n<p><strong>EGYH-KCP-18-P-0054<\/strong><\/p>\n\n\n\n<p>Kedvezm\u00e9nyezett neve: Biharugrai Reform\u00e1tus Egyh\u00e1zk\u00f6zs\u00e9g<\/p>\n\n\n\n<p>Projekt c\u00edme: Fejleszt\u00e9s \u00e9s m\u0171k\u00f6d\u00e9si c\u00e9l\u00fa t\u00e1mogat\u00e1s<\/p>\n\n\n\n<p>Szerz\u0151d\u00f6tt t\u00e1mogat\u00e1s \u00f6sszege: 2.455.303 Ft<\/p>\n\n\n\n<p>T\u00e1mogat\u00e1s m\u00e9rt\u00e9ke: 100%<\/p>\n\n\n\n<p>Projekt tervezett\/t\u00e9nyleges befejez\u00e9si id\u0151pontja: 2020.09.31.<\/p>\n\n\n\n<p>Projekt azonos\u00edt\u00f3 sz\u00e1ma: EGYH-KCP-18-P-0054<\/p>\n\n\n\n<p>Projekt tartalm\u00e1nak bemutat\u00e1sa:<\/p>\n\n\n\n<p>A projektben egyh\u00e1zk\u00f6zs\u00e9g\u00fcnk meger\u0151s\u00f6d\u00e9s\u00e9hez k\u00edv\u00e1njuk a sz\u00fcks\u00e9ges infrastruktur\u00e1lis h\u00e1tteret megteremteni, mely \u00e1ltal a helyi k\u00f6z\u00f6ss\u00e9g\u00fcnk hit\u00e9leti tev\u00e9kenys\u00e9ge, valamint kultur\u00e1lis k\u00f6z\u00f6ss\u00e9g\u00e9p\u00edt\u0151 tev\u00e9kenys\u00e9gek val\u00f3sulnak meg. 2020-ban szerett\u00fcnk volna egy nemzetk\u00f6zi tal\u00e1lkoz\u00f3t rendezni, azonban a kialakult v\u00edrushelyzet miatt a hat\u00e1rok lez\u00e1r\u00e1s\u00e1val erre nem volt lehet\u0151s\u00e9g, viszont a tal\u00e1lkoz\u00f3t a k\u00f6rnyez\u0151 telep\u00fcl\u00e9sek k\u00f6t\u00f6tt megtartottuk. Ez a tal\u00e1lkoz\u00f3 a nemzeti \u00e9s hitbeli \u00f6sszetartoz\u00e1s jegy\u00e9ben zajlott, melyre Biharugra mellett K\u00f6r\u00f6snagyhars\u00e1nyb\u00f3l \u00e9s Zsad\u00e1nyb\u00f3l is \u00e9rkeztek r\u00e9sztvev\u0151k. A gy\u00fclekezeti h\u00e1z 2005-ben, az akkori par\u00f3kia egy r\u00e9sz\u00e9nek \u00e1t\u00e9p\u00edt\u00e9s\u00e9vel \u00e9s kib\u0151v\u00edt\u00e9s\u00e9vel k\u00e9sz\u00fclt el. Most megval\u00f3sult a mosd\u00f3k korszer\u0171s\u00edt\u00e9se. Az \u00e9p\u00fcletben r\u00e9szben rendelkez\u00e9sre \u00e1ll egy akad\u00e1lymentes mosd\u00f3, mely fel\u00faj\u00edt\u00e1sra ker\u00fclt. Eddig nem \u00e1llt rendelkez\u00e9sre ajt\u00f3, ez\u00e9rt egy fa belt\u00e9ri, kazett\u00e1s, kem\u00e9ny h\u00e9jszerkezetes ajt\u00f3 ker\u00fclt behelyez\u00e9sre. A gy\u00fclekezeti terem \u00faj sz\u00e9kekkel, k\u00f6nyves szekr\u00e9nnyel \u00e9s fali fogassal lett ell\u00e1tva. Az \u00e9p\u00fclet a kor\u00e1bbi \u00e1llapot\u00e1ban a telep\u00fcl\u00e9s \u00f6sszk\u00e9p\u00e9re h\u00e1tr\u00e1nyos befoly\u00e1ssal volt, de a sz\u00fcks\u00e9ges fejleszt\u00e9seket \u00f6ner\u0151b\u0151l nem tudtuk volna megval\u00f3s\u00edtani. Ezek az \u00faj eszk\u00f6z\u00f6k seg\u00edts\u00e9get ny\u00fajtanak, hogy a k\u00f6z\u00f6ss\u00e9gi szolg\u00e1ltat\u00e1sainkat n\u00f6velj\u00fck, \u00edgy otthonosabb\u00e1, \u00e9s korszer\u0171bb\u00e9 v\u00e1ltak, mellyel rem\u00e9lj\u00fck, hogy min\u00e9l t\u00f6bbeket h\u00edvnak majd alkalmainkra.<\/p>\n\n\n\n<p>A projekt befejez\u00e9se keret\u00e9ben egy h\u00e1laad\u00f3 alkalmat szervezt\u00fcnk meg, mely sajt\u00f3 nyilv\u00e1nos esem\u00e9ny volt. Ezt egy h\u00e1laad\u00f3 istentisztelet keret\u00e9ben val\u00f3s\u00edtottuk meg, 2020.09.20-\u00e1n.<\/p>\n\n\n\n<figure class=\"wp-block-gallery columns-3 is-cropped wp-block-gallery-1 is-layout-flex wp-block-gallery-is-layout-flex\"><ul class=\"blocks-gallery-grid\"><li class=\"blocks-gallery-item\"><figure><img data-recalc-dims=\"1\" loading=\"lazy\" decoding=\"async\" width=\"640\" height=\"427\" data-attachment-id=\"3265\" data-permalink=\"https:\/\/biharugra.reformatus.hu\/?attachment_id=3265\" data-orig-file=\"https:\/\/i0.wp.com\/biharugra.reformatus.hu\/wp-content\/uploads\/2020\/10\/DSC_0440-1-scaled.jpg?fit=2560%2C1707&amp;ssl=1\" data-orig-size=\"2560,1707\" data-comments-opened=\"0\" data-image-meta=\"{&quot;aperture&quot;:&quot;2.8&quot;,&quot;credit&quot;:&quot;&quot;,&quot;camera&quot;:&quot;NIKON D3500&quot;,&quot;caption&quot;:&quot;&quot;,&quot;created_timestamp&quot;:&quot;1600594818&quot;,&quot;copyright&quot;:&quot;&quot;,&quot;focal_length&quot;:&quot;50&quot;,&quot;iso&quot;:&quot;1000&quot;,&quot;shutter_speed&quot;:&quot;0.008&quot;,&quot;title&quot;:&quot;&quot;,&quot;orientation&quot;:&quot;1&quot;}\" data-image-title=\"DSC_0440-1\" data-image-description=\"\" data-image-caption=\"\" data-large-file=\"https:\/\/i0.wp.com\/biharugra.reformatus.hu\/wp-content\/uploads\/2020\/10\/DSC_0440-1-scaled.jpg?fit=640%2C427&amp;ssl=1\" src=\"https:\/\/i0.wp.com\/biharugra.reformatus.hu\/wp-content\/uploads\/2020\/10\/DSC_0440-1.jpg?resize=640%2C427&#038;ssl=1\" alt=\"\" data-id=\"3265\" data-full-url=\"https:\/\/biharugra.reformatus.hu\/wp-content\/uploads\/2020\/10\/DSC_0440-1-scaled.jpg\" data-link=\"https:\/\/biharugra.reformatus.hu\/?attachment_id=3265\" class=\"wp-image-3265\" srcset=\"https:\/\/i0.wp.com\/biharugra.reformatus.hu\/wp-content\/uploads\/2020\/10\/DSC_0440-1-scaled.jpg?resize=1024%2C683&amp;ssl=1 1024w, https:\/\/i0.wp.com\/biharugra.reformatus.hu\/wp-content\/uploads\/2020\/10\/DSC_0440-1-scaled.jpg?resize=300%2C200&amp;ssl=1 300w, https:\/\/i0.wp.com\/biharugra.reformatus.hu\/wp-content\/uploads\/2020\/10\/DSC_0440-1-scaled.jpg?resize=768%2C512&amp;ssl=1 768w, https:\/\/i0.wp.com\/biharugra.reformatus.hu\/wp-content\/uploads\/2020\/10\/DSC_0440-1-scaled.jpg?resize=1536%2C1024&amp;ssl=1 1536w, https:\/\/i0.wp.com\/biharugra.reformatus.hu\/wp-content\/uploads\/2020\/10\/DSC_0440-1-scaled.jpg?resize=2048%2C1365&amp;ssl=1 2048w, https:\/\/i0.wp.com\/biharugra.reformatus.hu\/wp-content\/uploads\/2020\/10\/DSC_0440-1-scaled.jpg?resize=640%2C427&amp;ssl=1 640w, https:\/\/i0.wp.com\/biharugra.reformatus.hu\/wp-content\/uploads\/2020\/10\/DSC_0440-1-scaled.jpg?resize=265%2C177&amp;ssl=1 265w, https:\/\/i0.wp.com\/biharugra.reformatus.hu\/wp-content\/uploads\/2020\/10\/DSC_0440-1-scaled.jpg?w=1280&amp;ssl=1 1280w, https:\/\/i0.wp.com\/biharugra.reformatus.hu\/wp-content\/uploads\/2020\/10\/DSC_0440-1-scaled.jpg?w=1920&amp;ssl=1 1920w\" sizes=\"auto, (max-width: 640px) 100vw, 640px\" \/><\/figure><\/li><li class=\"blocks-gallery-item\"><figure><img data-recalc-dims=\"1\" loading=\"lazy\" decoding=\"async\" width=\"640\" height=\"480\" data-attachment-id=\"3266\" data-permalink=\"https:\/\/biharugra.reformatus.hu\/?attachment_id=3266\" data-orig-file=\"https:\/\/i0.wp.com\/biharugra.reformatus.hu\/wp-content\/uploads\/2020\/10\/DSCN1592-1-scaled.jpg?fit=2560%2C1920&amp;ssl=1\" data-orig-size=\"2560,1920\" data-comments-opened=\"0\" data-image-meta=\"{&quot;aperture&quot;:&quot;3.2&quot;,&quot;credit&quot;:&quot;&quot;,&quot;camera&quot;:&quot;COOLPIX B500&quot;,&quot;caption&quot;:&quot;&quot;,&quot;created_timestamp&quot;:&quot;1600599739&quot;,&quot;copyright&quot;:&quot;&quot;,&quot;focal_length&quot;:&quot;4.9&quot;,&quot;iso&quot;:&quot;400&quot;,&quot;shutter_speed&quot;:&quot;0.1&quot;,&quot;title&quot;:&quot;&quot;,&quot;orientation&quot;:&quot;1&quot;}\" data-image-title=\"DSCN1592-1\" data-image-description=\"\" data-image-caption=\"\" data-large-file=\"https:\/\/i0.wp.com\/biharugra.reformatus.hu\/wp-content\/uploads\/2020\/10\/DSCN1592-1-scaled.jpg?fit=640%2C480&amp;ssl=1\" src=\"https:\/\/i0.wp.com\/biharugra.reformatus.hu\/wp-content\/uploads\/2020\/10\/DSCN1592-1.jpg?resize=640%2C480&#038;ssl=1\" alt=\"\" data-id=\"3266\" data-full-url=\"https:\/\/biharugra.reformatus.hu\/wp-content\/uploads\/2020\/10\/DSCN1592-1-scaled.jpg\" data-link=\"https:\/\/biharugra.reformatus.hu\/?attachment_id=3266\" class=\"wp-image-3266\" srcset=\"https:\/\/i0.wp.com\/biharugra.reformatus.hu\/wp-content\/uploads\/2020\/10\/DSCN1592-1-scaled.jpg?resize=1024%2C768&amp;ssl=1 1024w, https:\/\/i0.wp.com\/biharugra.reformatus.hu\/wp-content\/uploads\/2020\/10\/DSCN1592-1-scaled.jpg?resize=300%2C225&amp;ssl=1 300w, https:\/\/i0.wp.com\/biharugra.reformatus.hu\/wp-content\/uploads\/2020\/10\/DSCN1592-1-scaled.jpg?resize=768%2C576&amp;ssl=1 768w, https:\/\/i0.wp.com\/biharugra.reformatus.hu\/wp-content\/uploads\/2020\/10\/DSCN1592-1-scaled.jpg?resize=1536%2C1152&amp;ssl=1 1536w, https:\/\/i0.wp.com\/biharugra.reformatus.hu\/wp-content\/uploads\/2020\/10\/DSCN1592-1-scaled.jpg?resize=2048%2C1536&amp;ssl=1 2048w, https:\/\/i0.wp.com\/biharugra.reformatus.hu\/wp-content\/uploads\/2020\/10\/DSCN1592-1-scaled.jpg?resize=640%2C480&amp;ssl=1 640w, https:\/\/i0.wp.com\/biharugra.reformatus.hu\/wp-content\/uploads\/2020\/10\/DSCN1592-1-scaled.jpg?resize=265%2C199&amp;ssl=1 265w, https:\/\/i0.wp.com\/biharugra.reformatus.hu\/wp-content\/uploads\/2020\/10\/DSCN1592-1-scaled.jpg?w=1280&amp;ssl=1 1280w, https:\/\/i0.wp.com\/biharugra.reformatus.hu\/wp-content\/uploads\/2020\/10\/DSCN1592-1-scaled.jpg?w=1920&amp;ssl=1 1920w\" sizes=\"auto, (max-width: 640px) 100vw, 640px\" \/><\/figure><\/li><li class=\"blocks-gallery-item\"><figure><img data-recalc-dims=\"1\" loading=\"lazy\" decoding=\"async\" width=\"640\" height=\"480\" data-attachment-id=\"3267\" data-permalink=\"https:\/\/biharugra.reformatus.hu\/?attachment_id=3267\" data-orig-file=\"https:\/\/i0.wp.com\/biharugra.reformatus.hu\/wp-content\/uploads\/2020\/10\/DSCN1611-1-scaled.jpg?fit=2560%2C1920&amp;ssl=1\" data-orig-size=\"2560,1920\" data-comments-opened=\"0\" data-image-meta=\"{&quot;aperture&quot;:&quot;3.1&quot;,&quot;credit&quot;:&quot;&quot;,&quot;camera&quot;:&quot;COOLPIX B500&quot;,&quot;caption&quot;:&quot;&quot;,&quot;created_timestamp&quot;:&quot;1600600318&quot;,&quot;copyright&quot;:&quot;&quot;,&quot;focal_length&quot;:&quot;4.5&quot;,&quot;iso&quot;:&quot;400&quot;,&quot;shutter_speed&quot;:&quot;0.04&quot;,&quot;title&quot;:&quot;&quot;,&quot;orientation&quot;:&quot;1&quot;}\" data-image-title=\"DSCN1611-1\" data-image-description=\"\" data-image-caption=\"\" data-large-file=\"https:\/\/i0.wp.com\/biharugra.reformatus.hu\/wp-content\/uploads\/2020\/10\/DSCN1611-1-scaled.jpg?fit=640%2C480&amp;ssl=1\" src=\"https:\/\/i0.wp.com\/biharugra.reformatus.hu\/wp-content\/uploads\/2020\/10\/DSCN1611-1.jpg?resize=640%2C480&#038;ssl=1\" alt=\"\" data-id=\"3267\" data-full-url=\"https:\/\/biharugra.reformatus.hu\/wp-content\/uploads\/2020\/10\/DSCN1611-1-scaled.jpg\" data-link=\"https:\/\/biharugra.reformatus.hu\/?attachment_id=3267\" class=\"wp-image-3267\" srcset=\"https:\/\/i0.wp.com\/biharugra.reformatus.hu\/wp-content\/uploads\/2020\/10\/DSCN1611-1-scaled.jpg?resize=1024%2C768&amp;ssl=1 1024w, https:\/\/i0.wp.com\/biharugra.reformatus.hu\/wp-content\/uploads\/2020\/10\/DSCN1611-1-scaled.jpg?resize=300%2C225&amp;ssl=1 300w, https:\/\/i0.wp.com\/biharugra.reformatus.hu\/wp-content\/uploads\/2020\/10\/DSCN1611-1-scaled.jpg?resize=768%2C576&amp;ssl=1 768w, https:\/\/i0.wp.com\/biharugra.reformatus.hu\/wp-content\/uploads\/2020\/10\/DSCN1611-1-scaled.jpg?resize=1536%2C1152&amp;ssl=1 1536w, https:\/\/i0.wp.com\/biharugra.reformatus.hu\/wp-content\/uploads\/2020\/10\/DSCN1611-1-scaled.jpg?resize=2048%2C1536&amp;ssl=1 2048w, https:\/\/i0.wp.com\/biharugra.reformatus.hu\/wp-content\/uploads\/2020\/10\/DSCN1611-1-scaled.jpg?resize=640%2C480&amp;ssl=1 640w, https:\/\/i0.wp.com\/biharugra.reformatus.hu\/wp-content\/uploads\/2020\/10\/DSCN1611-1-scaled.jpg?resize=265%2C199&amp;ssl=1 265w, https:\/\/i0.wp.com\/biharugra.reformatus.hu\/wp-content\/uploads\/2020\/10\/DSCN1611-1-scaled.jpg?w=1280&amp;ssl=1 1280w, https:\/\/i0.wp.com\/biharugra.reformatus.hu\/wp-content\/uploads\/2020\/10\/DSCN1611-1-scaled.jpg?w=1920&amp;ssl=1 1920w\" sizes=\"auto, (max-width: 640px) 100vw, 640px\" \/><\/figure><\/li><li class=\"blocks-gallery-item\"><figure><img data-recalc-dims=\"1\" loading=\"lazy\" decoding=\"async\" width=\"640\" height=\"480\" data-attachment-id=\"3268\" data-permalink=\"https:\/\/biharugra.reformatus.hu\/?attachment_id=3268\" data-orig-file=\"https:\/\/i0.wp.com\/biharugra.reformatus.hu\/wp-content\/uploads\/2020\/10\/DSCN1615-1-scaled.jpg?fit=2560%2C1920&amp;ssl=1\" data-orig-size=\"2560,1920\" data-comments-opened=\"0\" data-image-meta=\"{&quot;aperture&quot;:&quot;3&quot;,&quot;credit&quot;:&quot;&quot;,&quot;camera&quot;:&quot;COOLPIX B500&quot;,&quot;caption&quot;:&quot;&quot;,&quot;created_timestamp&quot;:&quot;1600600775&quot;,&quot;copyright&quot;:&quot;&quot;,&quot;focal_length&quot;:&quot;4&quot;,&quot;iso&quot;:&quot;280&quot;,&quot;shutter_speed&quot;:&quot;0.033333333333333&quot;,&quot;title&quot;:&quot;&quot;,&quot;orientation&quot;:&quot;1&quot;}\" data-image-title=\"DSCN1615-1\" data-image-description=\"\" data-image-caption=\"\" data-large-file=\"https:\/\/i0.wp.com\/biharugra.reformatus.hu\/wp-content\/uploads\/2020\/10\/DSCN1615-1-scaled.jpg?fit=640%2C480&amp;ssl=1\" src=\"https:\/\/i0.wp.com\/biharugra.reformatus.hu\/wp-content\/uploads\/2020\/10\/DSCN1615-1.jpg?resize=640%2C480&#038;ssl=1\" alt=\"\" data-id=\"3268\" data-full-url=\"https:\/\/biharugra.reformatus.hu\/wp-content\/uploads\/2020\/10\/DSCN1615-1-scaled.jpg\" data-link=\"https:\/\/biharugra.reformatus.hu\/?attachment_id=3268\" class=\"wp-image-3268\" srcset=\"https:\/\/i0.wp.com\/biharugra.reformatus.hu\/wp-content\/uploads\/2020\/10\/DSCN1615-1-scaled.jpg?resize=1024%2C768&amp;ssl=1 1024w, https:\/\/i0.wp.com\/biharugra.reformatus.hu\/wp-content\/uploads\/2020\/10\/DSCN1615-1-scaled.jpg?resize=300%2C225&amp;ssl=1 300w, https:\/\/i0.wp.com\/biharugra.reformatus.hu\/wp-content\/uploads\/2020\/10\/DSCN1615-1-scaled.jpg?resize=768%2C576&amp;ssl=1 768w, https:\/\/i0.wp.com\/biharugra.reformatus.hu\/wp-content\/uploads\/2020\/10\/DSCN1615-1-scaled.jpg?resize=1536%2C1152&amp;ssl=1 1536w, https:\/\/i0.wp.com\/biharugra.reformatus.hu\/wp-content\/uploads\/2020\/10\/DSCN1615-1-scaled.jpg?resize=2048%2C1536&amp;ssl=1 2048w, https:\/\/i0.wp.com\/biharugra.reformatus.hu\/wp-content\/uploads\/2020\/10\/DSCN1615-1-scaled.jpg?resize=640%2C480&amp;ssl=1 640w, https:\/\/i0.wp.com\/biharugra.reformatus.hu\/wp-content\/uploads\/2020\/10\/DSCN1615-1-scaled.jpg?resize=265%2C199&amp;ssl=1 265w, https:\/\/i0.wp.com\/biharugra.reformatus.hu\/wp-content\/uploads\/2020\/10\/DSCN1615-1-scaled.jpg?w=1280&amp;ssl=1 1280w, https:\/\/i0.wp.com\/biharugra.reformatus.hu\/wp-content\/uploads\/2020\/10\/DSCN1615-1-scaled.jpg?w=1920&amp;ssl=1 1920w\" sizes=\"auto, (max-width: 640px) 100vw, 640px\" \/><\/figure><\/li><li class=\"blocks-gallery-item\"><figure><img data-recalc-dims=\"1\" loading=\"lazy\" decoding=\"async\" width=\"640\" height=\"853\" data-attachment-id=\"3269\" data-permalink=\"https:\/\/biharugra.reformatus.hu\/?attachment_id=3269\" data-orig-file=\"https:\/\/i0.wp.com\/biharugra.reformatus.hu\/wp-content\/uploads\/2020\/10\/DSCN1627-1-1-scaled.jpg?fit=1920%2C2560&amp;ssl=1\" data-orig-size=\"1920,2560\" data-comments-opened=\"0\" data-image-meta=\"{&quot;aperture&quot;:&quot;3&quot;,&quot;credit&quot;:&quot;&quot;,&quot;camera&quot;:&quot;COOLPIX B500&quot;,&quot;caption&quot;:&quot;&quot;,&quot;created_timestamp&quot;:&quot;1600603609&quot;,&quot;copyright&quot;:&quot;&quot;,&quot;focal_length&quot;:&quot;4&quot;,&quot;iso&quot;:&quot;125&quot;,&quot;shutter_speed&quot;:&quot;0.001&quot;,&quot;title&quot;:&quot;&quot;,&quot;orientation&quot;:&quot;1&quot;}\" data-image-title=\"DSCN1627-1-1\" data-image-description=\"\" data-image-caption=\"\" data-large-file=\"https:\/\/i0.wp.com\/biharugra.reformatus.hu\/wp-content\/uploads\/2020\/10\/DSCN1627-1-1-scaled.jpg?fit=640%2C853&amp;ssl=1\" src=\"https:\/\/i0.wp.com\/biharugra.reformatus.hu\/wp-content\/uploads\/2020\/10\/DSCN1627-1-1.jpg?resize=640%2C853&#038;ssl=1\" alt=\"\" data-id=\"3269\" data-full-url=\"https:\/\/biharugra.reformatus.hu\/wp-content\/uploads\/2020\/10\/DSCN1627-1-1-scaled.jpg\" data-link=\"https:\/\/biharugra.reformatus.hu\/?attachment_id=3269\" class=\"wp-image-3269\" srcset=\"https:\/\/i0.wp.com\/biharugra.reformatus.hu\/wp-content\/uploads\/2020\/10\/DSCN1627-1-1-scaled.jpg?resize=768%2C1024&amp;ssl=1 768w, https:\/\/i0.wp.com\/biharugra.reformatus.hu\/wp-content\/uploads\/2020\/10\/DSCN1627-1-1-scaled.jpg?resize=225%2C300&amp;ssl=1 225w, https:\/\/i0.wp.com\/biharugra.reformatus.hu\/wp-content\/uploads\/2020\/10\/DSCN1627-1-1-scaled.jpg?resize=1152%2C1536&amp;ssl=1 1152w, https:\/\/i0.wp.com\/biharugra.reformatus.hu\/wp-content\/uploads\/2020\/10\/DSCN1627-1-1-scaled.jpg?resize=1536%2C2048&amp;ssl=1 1536w, https:\/\/i0.wp.com\/biharugra.reformatus.hu\/wp-content\/uploads\/2020\/10\/DSCN1627-1-1-scaled.jpg?resize=640%2C853&amp;ssl=1 640w, https:\/\/i0.wp.com\/biharugra.reformatus.hu\/wp-content\/uploads\/2020\/10\/DSCN1627-1-1-scaled.jpg?resize=300%2C400&amp;ssl=1 300w, https:\/\/i0.wp.com\/biharugra.reformatus.hu\/wp-content\/uploads\/2020\/10\/DSCN1627-1-1-scaled.jpg?resize=265%2C353&amp;ssl=1 265w, https:\/\/i0.wp.com\/biharugra.reformatus.hu\/wp-content\/uploads\/2020\/10\/DSCN1627-1-1-scaled.jpg?w=1920&amp;ssl=1 1920w, https:\/\/i0.wp.com\/biharugra.reformatus.hu\/wp-content\/uploads\/2020\/10\/DSCN1627-1-1-scaled.jpg?w=1280&amp;ssl=1 1280w\" sizes=\"auto, (max-width: 640px) 100vw, 640px\" \/><\/figure><\/li><\/ul><\/figure>\n\n\n<\/div>\n","protected":false},"excerpt":{"rendered":"<div class=\"entry-summary\" itemprop=\"text\">\n<p>EGYH-KCP-18-P-0054 Kedvezm\u00e9nyezett neve: Biharugrai Reform\u00e1tus Egyh\u00e1zk\u00f6zs\u00e9g Projekt c\u00edme: Fejleszt\u00e9s \u00e9s m\u0171k\u00f6d\u00e9si c\u00e9l\u00fa t\u00e1mogat\u00e1s Szerz\u0151d\u00f6tt t\u00e1mogat\u00e1s \u00f6sszege: 2.455.303 Ft T\u00e1mogat\u00e1s m\u00e9rt\u00e9ke: 100% Projekt tervezett\/t\u00e9nyleges befejez\u00e9si id\u0151pontja: 2020.09.31. Projekt azonos\u00edt\u00f3 sz\u00e1ma: EGYH-KCP-18-P-0054 Projekt tartalm\u00e1nak bemutat\u00e1sa: A projektben egyh\u00e1zk\u00f6zs\u00e9g\u00fcnk meger\u0151s\u00f6d\u00e9s\u00e9hez k\u00edv\u00e1njuk a sz\u00fcks\u00e9ges infrastruktur\u00e1lis h\u00e1tteret megteremteni, mely \u00e1ltal a helyi k\u00f6z\u00f6ss\u00e9g\u00fcnk hit\u00e9leti tev\u00e9kenys\u00e9ge, valamint kultur\u00e1lis k\u00f6z\u00f6ss\u00e9g\u00e9p\u00edt\u0151 tev\u00e9kenys\u00e9gek val\u00f3sulnak &#8230;<\/p>\n\n<\/div>\n","protected":false},"author":1,"featured_media":0,"parent":0,"menu_order":0,"comment_status":"closed","ping_status":"closed","template":"","meta":{"footnotes":""},"class_list":["post-3248","page","type-page","status-publish","hentry","entry-lead"],"jetpack_shortlink":"https:\/\/wp.me\/P9cS46-Qo","jetpack-related-posts":[{"id":3271,"url":"https:\/\/biharugra.reformatus.hu\/?page_id=3271","url_meta":{"origin":3248,"position":0},"title":"EGYH-KCP-18-P-0054 \/ker\u00edt\u00e9s\/","author":"Webmester","date":"2020.10.12.","format":false,"excerpt":"EGYH-KCP-18-P-0054 Kedvezm\u00e9nyezett neve: Biharugrai Reform\u00e1tus Egyh\u00e1zk\u00f6zs\u00e9g Projekt c\u00edme: Fejleszt\u00e9s \u00e9s m\u0171k\u00f6d\u00e9si c\u00e9l\u00fa t\u00e1mogat\u00e1s Szerz\u0151d\u00f6tt t\u00e1mogat\u00e1s \u00f6sszege: 7.500.000 Ft T\u00e1mogat\u00e1s m\u00e9rt\u00e9ke: 100% Projekt tervezett\/t\u00e9nyleges befejez\u00e9si id\u0151pontja: 2020.12.31. Projekt azonos\u00edt\u00f3 sz\u00e1ma: EGYH-KCP-18-P-0054 Projekt tartalm\u00e1nak bemutat\u00e1sa: Projekt\u00fcnkben egyh\u00e1zk\u00f6zs\u00e9g\u00fcnk tulajdon\u00e1ban l\u00e9v\u0151 reform\u00e1tus par\u00f3kia fel\u00faj\u00edt\u00e1sa val\u00f3sul meg, mely \u00e1ltal a helyi k\u00f6z\u00f6ss\u00e9g\u00fcnk hit\u00e9leti tev\u00e9kenys\u00e9g\u00e9t, valamint\u2026","rel":"","context":"Similar post","block_context":{"text":"Similar post","link":""},"img":{"alt_text":"","src":"https:\/\/i0.wp.com\/biharugra.reformatus.hu\/wp-content\/uploads\/2020\/10\/DSC07256-scaled.jpg?resize=350%2C200","width":350,"height":200,"srcset":"https:\/\/i0.wp.com\/biharugra.reformatus.hu\/wp-content\/uploads\/2020\/10\/DSC07256-scaled.jpg?resize=350%2C200 1x, https:\/\/i0.wp.com\/biharugra.reformatus.hu\/wp-content\/uploads\/2020\/10\/DSC07256-scaled.jpg?resize=525%2C300 1.5x, https:\/\/i0.wp.com\/biharugra.reformatus.hu\/wp-content\/uploads\/2020\/10\/DSC07256-scaled.jpg?resize=700%2C400 2x, https:\/\/i0.wp.com\/biharugra.reformatus.hu\/wp-content\/uploads\/2020\/10\/DSC07256-scaled.jpg?resize=1050%2C600 3x, https:\/\/i0.wp.com\/biharugra.reformatus.hu\/wp-content\/uploads\/2020\/10\/DSC07256-scaled.jpg?resize=1400%2C800 4x"},"classes":[]},{"id":3187,"url":"https:\/\/biharugra.reformatus.hu\/?page_id=3187","url_meta":{"origin":3248,"position":1},"title":"VP6-7.2.1-7.4.1.1-16","author":"Webmester","date":"2020.08.27.","format":false,"excerpt":"Biharugra egyh\u00e1zi telep\u00fcl\u00e9sk\u00e9pet meghat\u00e1roz\u00f3 \u00e9p\u00fcleteinek fejleszt\u00e9se Kedvezm\u00e9nyezett neve: Biharugrai Reform\u00e1tus Egyh\u00e1zk\u00f6zs\u00e9g P\u00e1ly\u00e1zati felh\u00edv\u00e1s neve, k\u00f3dsz\u00e1ma: A vid\u00e9ki t\u00e9rs\u00e9gek kism\u00e9ret\u0171 infrastrukt\u00far\u00e1j\u00e1nak \u00e9s alapvet\u0151 szolg\u00e1ltat\u00e1sainak fejleszt\u00e9s\u00e9re Telep\u00fcl\u00e9sk\u00e9pet meghat\u00e1roz\u00f3 \u00e9p\u00fcletek k\u00fcls\u0151 rekonstrukci\u00f3ja, t\u00f6bbfunkci\u00f3s k\u00f6z\u00f6ss\u00e9gi t\u00e9r l\u00e9trehoz\u00e1sa, fejleszt\u00e9se, energetikai korszer\u0171s\u00edt\u00e9s - VP6-7.2.1-7.4.1.1-16 Projekt c\u00edme: \u201eBiharugra egyh\u00e1zi telep\u00fcl\u00e9sk\u00e9pet meghat\u00e1roz\u00f3 \u00e9p\u00fcleteinek fejleszt\u00e9se\u201d Projekt azonos\u00edt\u00f3ja: 1775412993 A\u2026","rel":"","context":"Similar post","block_context":{"text":"Similar post","link":""},"img":{"alt_text":"","src":"https:\/\/i0.wp.com\/biharugra.reformatus.hu\/wp-content\/uploads\/2020\/11\/Sz%C3%A9cheny-log%C3%B3-1.png?resize=350%2C200&ssl=1","width":350,"height":200,"srcset":"https:\/\/i0.wp.com\/biharugra.reformatus.hu\/wp-content\/uploads\/2020\/11\/Sz%C3%A9cheny-log%C3%B3-1.png?resize=350%2C200&ssl=1 1x, https:\/\/i0.wp.com\/biharugra.reformatus.hu\/wp-content\/uploads\/2020\/11\/Sz%C3%A9cheny-log%C3%B3-1.png?resize=525%2C300&ssl=1 1.5x, https:\/\/i0.wp.com\/biharugra.reformatus.hu\/wp-content\/uploads\/2020\/11\/Sz%C3%A9cheny-log%C3%B3-1.png?resize=700%2C400&ssl=1 2x"},"classes":[]},{"id":3715,"url":"https:\/\/biharugra.reformatus.hu\/?page_id=3715","url_meta":{"origin":3248,"position":2},"title":"MFP-EKEB\/2022","author":"Webmester","date":"2024.04.16.","format":false,"excerpt":"MFP-EKEB\/2022 SZAKMAI BESZ\u00c1MOL\u00d3 a Magyar Falu Program keret\u00e9ben meghirdetett, \u201eEgyh\u00e1zi k\u00f6z\u00f6ss\u00e9gszervez\u00e9shez kapcsol\u00f3d\u00f3 eszk\u00f6zbeszerz\u00e9s \u00e9s k\u00f6z\u00f6ss\u00e9gszervez\u0151 b\u00e9rt\u00e1mogat\u00e1sa\u201d c\u00edm\u0171, MFP-EKEB\/2022 k\u00f3dsz\u00e1m\u00fa p\u00e1ly\u00e1zati ki\u00edr\u00e1sra beny\u00fajtott, 3345524428 iratazonos\u00edt\u00f3sz\u00e1mon nyilv\u00e1ntartott projekthez Biharugrai Reform\u00e1tus Egyh\u00e1zk\u00f6zs\u00e9g 2022.02.05. napon t\u00e1mogat\u00e1si k\u00e9relmet ny\u00fajtott be a Magyar Falu Program keret\u00e9ben meghirdetett, \u201eEgyh\u00e1zi k\u00f6z\u00f6ss\u00e9gszervez\u00e9shez kapcsol\u00f3d\u00f3 eszk\u00f6zbeszerz\u00e9s \u00e9s k\u00f6z\u00f6ss\u00e9gszervez\u0151 b\u00e9rt\u00e1mogat\u00e1sa - 2022\u201d\u2026","rel":"","context":"Similar post","block_context":{"text":"Similar post","link":""},"img":{"alt_text":"","src":"https:\/\/i0.wp.com\/biharugra.reformatus.hu\/wp-content\/uploads\/2024\/04\/304964413_5261388963929474_6269827510566790097_n.jpg?resize=350%2C200","width":350,"height":200,"srcset":"https:\/\/i0.wp.com\/biharugra.reformatus.hu\/wp-content\/uploads\/2024\/04\/304964413_5261388963929474_6269827510566790097_n.jpg?resize=350%2C200 1x, https:\/\/i0.wp.com\/biharugra.reformatus.hu\/wp-content\/uploads\/2024\/04\/304964413_5261388963929474_6269827510566790097_n.jpg?resize=525%2C300 1.5x, https:\/\/i0.wp.com\/biharugra.reformatus.hu\/wp-content\/uploads\/2024\/04\/304964413_5261388963929474_6269827510566790097_n.jpg?resize=700%2C400 2x, https:\/\/i0.wp.com\/biharugra.reformatus.hu\/wp-content\/uploads\/2024\/04\/304964413_5261388963929474_6269827510566790097_n.jpg?resize=1050%2C600 3x, https:\/\/i0.wp.com\/biharugra.reformatus.hu\/wp-content\/uploads\/2024\/04\/304964413_5261388963929474_6269827510566790097_n.jpg?resize=1400%2C800 4x"},"classes":[]},{"id":1704,"url":"https:\/\/biharugra.reformatus.hu\/?page_id=1704","url_meta":{"origin":3248,"position":3},"title":"Keny\u00e9rmorzsa sz\u00edn\u0171 Isten h\u00e1za Biharugr\u00e1n","author":"Webmester","date":"2017.09.27.","format":false,"excerpt":"K\u00f6zel 50 milli\u00f3 forintb\u00f3l \u00fajul meg Biharugra reform\u00e1tus temploma \u2013 sz\u00e1molt be Szab\u00f3 \u00c1rp\u00e1d Csaba, a reform\u00e1tus egyh\u00e1zk\u00f6zs\u00e9g lelk\u00e9sze \u00e9s Makra Tibor, a telep\u00fcl\u00e9s polg\u00e1rmestere. Elk\u00e9pzelhet\u0151, hogy a korszer\u0171s\u00edt\u00e9s m\u00e9g az id\u00e9n elkezd\u0151dik \u00e9s j\u00f6v\u0151 \u00e9v v\u00e9g\u00e9re befejez\u0151dik. A torony \u00e9s a haj\u00f3 ugyanolyan sz\u00edn\u0171 lesz: keny\u00e9rmorzsa. Teljes k\u00fcls\u0151 fel\u00faj\u00edt\u00e1s\u2026","rel":"","context":"Similar post","block_context":{"text":"Similar post","link":""},"img":{"alt_text":"","src":"https:\/\/i0.wp.com\/biharugra.reformatus.hu\/wp-content\/uploads\/2017\/09\/templomfelujit-1024x968.jpg?resize=350%2C200","width":350,"height":200,"srcset":"https:\/\/i0.wp.com\/biharugra.reformatus.hu\/wp-content\/uploads\/2017\/09\/templomfelujit-1024x968.jpg?resize=350%2C200 1x, https:\/\/i0.wp.com\/biharugra.reformatus.hu\/wp-content\/uploads\/2017\/09\/templomfelujit-1024x968.jpg?resize=525%2C300 1.5x"},"classes":[]},{"id":521,"url":"https:\/\/biharugra.reformatus.hu\/?page_id=521","url_meta":{"origin":3248,"position":4},"title":"Gy\u00fclekezeti csendes nap Biharugr\u00e1n","author":"Webmester","date":"2014.08.15.","format":false,"excerpt":"Biharugr\u00e1n 2006 \u00f3ta tartanak a reform\u00e1tusok gy\u00fclekezeti csendes napot, a testv\u00e9rgy\u00fclekezetekkel k\u00f6z\u00f6sen, amelyen kor\u00e1bban csak az egyh\u00e1z el\u00f6lj\u00e1r\u00f3k, a presbit\u00e9rium tagjai vettek r\u00e9szt. Ett\u0151l az \u00e9vt\u0151l kezd\u0151d\u0151en \u00fagy d\u00f6nt\u00f6ttek, hogy a gy\u00fclekezet is r\u00e9szt vehet a rendezv\u00e9nyen. Ebben az esztend\u0151ben \u00f6t\u00f6dik esztendeje, hogy a Trianoni szerz\u0151d\u00e9sek ut\u00e1n, 2009-ben \u00fajra megalakult\u2026","rel":"","context":"Similar post","block_context":{"text":"Similar post","link":""},"img":{"alt_text":"","src":"","width":0,"height":0},"classes":[]}],"jetpack_sharing_enabled":true,"_links":{"self":[{"href":"https:\/\/biharugra.reformatus.hu\/index.php?rest_route=\/wp\/v2\/pages\/3248","targetHints":{"allow":["GET"]}}],"collection":[{"href":"https:\/\/biharugra.reformatus.hu\/index.php?rest_route=\/wp\/v2\/pages"}],"about":[{"href":"https:\/\/biharugra.reformatus.hu\/index.php?rest_route=\/wp\/v2\/types\/page"}],"author":[{"embeddable":true,"href":"https:\/\/biharugra.reformatus.hu\/index.php?rest_route=\/wp\/v2\/users\/1"}],"replies":[{"embeddable":true,"href":"https:\/\/biharugra.reformatus.hu\/index.php?rest_route=%2Fwp%2Fv2%2Fcomments&post=3248"}],"version-history":[{"count":8,"href":"https:\/\/biharugra.reformatus.hu\/index.php?rest_route=\/wp\/v2\/pages\/3248\/revisions"}],"predecessor-version":[{"id":3278,"href":"https:\/\/biharugra.reformatus.hu\/index.php?rest_route=\/wp\/v2\/pages\/3248\/revisions\/3278"}],"wp:attachment":[{"href":"https:\/\/biharugra.reformatus.hu\/index.php?rest_route=%2Fwp%2Fv2%2Fmedia&parent=3248"}],"curies":[{"name":"wp","href":"https:\/\/api.w.org\/{rel}","templated":true}]}}