{"id":3271,"date":"2020-10-12T14:16:42","date_gmt":"2020-10-12T13:16:42","guid":{"rendered":"https:\/\/biharugra.reformatus.hu\/?page_id=3271"},"modified":"2020-10-12T14:16:44","modified_gmt":"2020-10-12T13:16:44","slug":"egyh-kcp-18-p-0054-kerites","status":"publish","type":"page","link":"https:\/\/biharugra.reformatus.hu\/?page_id=3271","title":{"rendered":"EGYH-KCP-18-P-0054 \/ker\u00edt\u00e9s\/"},"content":{"rendered":"<div class=\"entry-content\" itemprop=\"text\">\n\n<p><strong>EGYH-KCP-18-P-0054<\/strong><\/p>\n\n\n\n<p>Kedvezm\u00e9nyezett neve: Biharugrai Reform\u00e1tus Egyh\u00e1zk\u00f6zs\u00e9g<\/p>\n\n\n\n<p>Projekt c\u00edme: Fejleszt\u00e9s \u00e9s m\u0171k\u00f6d\u00e9si c\u00e9l\u00fa t\u00e1mogat\u00e1s<\/p>\n\n\n\n<p>Szerz\u0151d\u00f6tt t\u00e1mogat\u00e1s \u00f6sszege: 7.500.000 Ft<\/p>\n\n\n\n<p>T\u00e1mogat\u00e1s m\u00e9rt\u00e9ke: 100%<\/p>\n\n\n\n<p>Projekt tervezett\/t\u00e9nyleges befejez\u00e9si id\u0151pontja: 2020.12.31.<\/p>\n\n\n\n<p>Projekt azonos\u00edt\u00f3 sz\u00e1ma: EGYH-KCP-18-P-0054<\/p>\n\n\n\n<p>Projekt tartalm\u00e1nak bemutat\u00e1sa:<\/p>\n\n\n\n<p>Projekt\u00fcnkben egyh\u00e1zk\u00f6zs\u00e9g\u00fcnk tulajdon\u00e1ban l\u00e9v\u0151 reform\u00e1tus par\u00f3kia fel\u00faj\u00edt\u00e1sa val\u00f3sul meg, mely \u00e1ltal a helyi k\u00f6z\u00f6ss\u00e9g\u00fcnk hit\u00e9leti tev\u00e9kenys\u00e9g\u00e9t, valamint kultur\u00e1lis k\u00f6z\u00f6ss\u00e9g\u00e9p\u00edt\u0151 tev\u00e9kenys\u00e9gek megval\u00f3sul\u00e1s\u00e1t seg\u00edti. A Biharugrai Reform\u00e1tus Egyh\u00e1zk\u00f6zs\u00e9g utcafront fel\u0151li ker\u00edt\u00e9s\u00e9nek \u00e1llapota rendk\u00edv\u00fcl rossz. A rendszeresen fel\u00faj\u00edtott, a telek t\u00f6bbi oldal\u00e1n h\u00faz\u00f3d\u00f3 ker\u00edt\u00e9sszakaszok \u00e1llapota s\u00falyosan leromlott. Bont\u00e1suk ut\u00e1n \u00faj ker\u00edt\u00e9s \u00e9p\u00fcl, falazott rendszerben, a megmarad\u00f3 szakasszal azonos kialak\u00edt\u00e1sban, beton s\u00e1valappal, vakolt festett fel\u00fclettel.<\/p>\n\n\n\n<p>Az \u00e9p\u00fclet rekonstrukci\u00f3ja rendk\u00edv\u00fcl fontos a telep\u00fcl\u00e9s hit\u00e9let\u00e9ben, k\u00f6z\u00f6ss\u00e9gi \u00e9let\u00e9ben, illetve a telep\u00fcl\u00e9sen \u00e9l\u0151 lakoss\u00e1g sz\u00e1m\u00e1ra \u00e1ltal\u00e1ban. Az \u00e9p\u00fclet jelen \u00e1llapot\u00e1ban a telep\u00fcl\u00e9s \u00f6sszk\u00e9p\u00e9re h\u00e1tr\u00e1nyos befoly\u00e1ssal van, de a sz\u00fcks\u00e9ges fejleszt\u00e9seket \u00f6ner\u0151b\u0151l nem tudjuk megval\u00f3s\u00edtani. Az \u00e9p\u00fclet jelen \u00e1llapot\u00e1ban nem csak k\u00fcls\u0151leg, de funkci\u00f3j\u00e1n\u00e1l fogva is h\u00e1tr\u00e1nyos, hiszen a k\u00f6z\u00f6ss\u00e9gi szolg\u00e1ltat\u00e1saink sz\u00ednvonal\u00e1t cs\u00f6kkenti. Rem\u00e9lj\u00fck, az elk\u00e9sz\u00fcl\u0151 \u00faj ker\u00edt\u00e9s seg\u00edts\u00e9get ny\u00fajt, hogy a k\u00f6z\u00f6ss\u00e9gi szolg\u00e1ltat\u00e1saink sz\u00ednvonal\u00e1nak \u00f6sszk\u00e9p\u00e9t n\u00f6velj\u00fck, \u00edgy otthonosabb\u00e1, \u00e9s korszer\u0171bb\u00e9 v\u00e1ljon gy\u00fclekezet\u00fcnk nem csak a telep\u00fcl\u00e9s lak\u00f3i, hanem az ide l\u00e1togat\u00f3k sz\u00e1m\u00e1ra is. A projekt befejez\u00e9se keret\u00e9ben egy h\u00e1laad\u00f3 \u00fcnneps\u00e9get szervez\u00fcnk, mely sajt\u00f3 nyilv\u00e1nos esem\u00e9ny lesz. Ezt egy h\u00e1laad\u00f3 istentisztelet keret\u00e9ben val\u00f3s\u00edtjuk meg, a projekt z\u00e1r\u00e1sakor.<\/p>\n\n\n\n<figure class=\"wp-block-gallery columns-3 is-cropped wp-block-gallery-1 is-layout-flex wp-block-gallery-is-layout-flex\"><ul class=\"blocks-gallery-grid\"><li class=\"blocks-gallery-item\"><figure><img data-recalc-dims=\"1\" loading=\"lazy\" decoding=\"async\" width=\"640\" height=\"359\" data-attachment-id=\"3272\" data-permalink=\"https:\/\/biharugra.reformatus.hu\/?attachment_id=3272\" data-orig-file=\"https:\/\/i0.wp.com\/biharugra.reformatus.hu\/wp-content\/uploads\/2020\/10\/DSC07256-scaled.jpg?fit=2560%2C1437&amp;ssl=1\" data-orig-size=\"2560,1437\" data-comments-opened=\"0\" data-image-meta=\"{&quot;aperture&quot;:&quot;4&quot;,&quot;credit&quot;:&quot;&quot;,&quot;camera&quot;:&quot;ILCE-3000&quot;,&quot;caption&quot;:&quot;&quot;,&quot;created_timestamp&quot;:&quot;1599993725&quot;,&quot;copyright&quot;:&quot;&quot;,&quot;focal_length&quot;:&quot;31&quot;,&quot;iso&quot;:&quot;1600&quot;,&quot;shutter_speed&quot;:&quot;0.00625&quot;,&quot;title&quot;:&quot;&quot;,&quot;orientation&quot;:&quot;1&quot;}\" data-image-title=\"DSC07256\" data-image-description=\"\" data-image-caption=\"\" data-large-file=\"https:\/\/i0.wp.com\/biharugra.reformatus.hu\/wp-content\/uploads\/2020\/10\/DSC07256-scaled.jpg?fit=640%2C359&amp;ssl=1\" src=\"https:\/\/i0.wp.com\/biharugra.reformatus.hu\/wp-content\/uploads\/2020\/10\/DSC07256.jpg?resize=640%2C359&#038;ssl=1\" alt=\"\" data-id=\"3272\" data-full-url=\"https:\/\/biharugra.reformatus.hu\/wp-content\/uploads\/2020\/10\/DSC07256-scaled.jpg\" data-link=\"https:\/\/biharugra.reformatus.hu\/?attachment_id=3272\" class=\"wp-image-3272\" srcset=\"https:\/\/i0.wp.com\/biharugra.reformatus.hu\/wp-content\/uploads\/2020\/10\/DSC07256-scaled.jpg?resize=1024%2C575&amp;ssl=1 1024w, https:\/\/i0.wp.com\/biharugra.reformatus.hu\/wp-content\/uploads\/2020\/10\/DSC07256-scaled.jpg?resize=300%2C168&amp;ssl=1 300w, https:\/\/i0.wp.com\/biharugra.reformatus.hu\/wp-content\/uploads\/2020\/10\/DSC07256-scaled.jpg?resize=768%2C431&amp;ssl=1 768w, https:\/\/i0.wp.com\/biharugra.reformatus.hu\/wp-content\/uploads\/2020\/10\/DSC07256-scaled.jpg?resize=1536%2C862&amp;ssl=1 1536w, https:\/\/i0.wp.com\/biharugra.reformatus.hu\/wp-content\/uploads\/2020\/10\/DSC07256-scaled.jpg?resize=2048%2C1150&amp;ssl=1 2048w, https:\/\/i0.wp.com\/biharugra.reformatus.hu\/wp-content\/uploads\/2020\/10\/DSC07256-scaled.jpg?resize=640%2C359&amp;ssl=1 640w, https:\/\/i0.wp.com\/biharugra.reformatus.hu\/wp-content\/uploads\/2020\/10\/DSC07256-scaled.jpg?resize=265%2C149&amp;ssl=1 265w, https:\/\/i0.wp.com\/biharugra.reformatus.hu\/wp-content\/uploads\/2020\/10\/DSC07256-scaled.jpg?w=1280&amp;ssl=1 1280w, https:\/\/i0.wp.com\/biharugra.reformatus.hu\/wp-content\/uploads\/2020\/10\/DSC07256-scaled.jpg?w=1920&amp;ssl=1 1920w\" sizes=\"auto, (max-width: 640px) 100vw, 640px\" \/><\/figure><\/li><li class=\"blocks-gallery-item\"><figure><img data-recalc-dims=\"1\" loading=\"lazy\" decoding=\"async\" width=\"640\" height=\"359\" data-attachment-id=\"3273\" data-permalink=\"https:\/\/biharugra.reformatus.hu\/?attachment_id=3273\" data-orig-file=\"https:\/\/i0.wp.com\/biharugra.reformatus.hu\/wp-content\/uploads\/2020\/10\/DSC07273-scaled.jpg?fit=2560%2C1437&amp;ssl=1\" data-orig-size=\"2560,1437\" data-comments-opened=\"0\" data-image-meta=\"{&quot;aperture&quot;:&quot;4&quot;,&quot;credit&quot;:&quot;&quot;,&quot;camera&quot;:&quot;ILCE-3000&quot;,&quot;caption&quot;:&quot;&quot;,&quot;created_timestamp&quot;:&quot;1599993875&quot;,&quot;copyright&quot;:&quot;&quot;,&quot;focal_length&quot;:&quot;23&quot;,&quot;iso&quot;:&quot;1600&quot;,&quot;shutter_speed&quot;:&quot;0.00625&quot;,&quot;title&quot;:&quot;&quot;,&quot;orientation&quot;:&quot;1&quot;}\" data-image-title=\"DSC07273\" data-image-description=\"\" data-image-caption=\"\" data-large-file=\"https:\/\/i0.wp.com\/biharugra.reformatus.hu\/wp-content\/uploads\/2020\/10\/DSC07273-scaled.jpg?fit=640%2C359&amp;ssl=1\" src=\"https:\/\/i0.wp.com\/biharugra.reformatus.hu\/wp-content\/uploads\/2020\/10\/DSC07273.jpg?resize=640%2C359&#038;ssl=1\" alt=\"\" data-id=\"3273\" data-full-url=\"https:\/\/biharugra.reformatus.hu\/wp-content\/uploads\/2020\/10\/DSC07273-scaled.jpg\" data-link=\"https:\/\/biharugra.reformatus.hu\/?attachment_id=3273\" class=\"wp-image-3273\" srcset=\"https:\/\/i0.wp.com\/biharugra.reformatus.hu\/wp-content\/uploads\/2020\/10\/DSC07273-scaled.jpg?resize=1024%2C575&amp;ssl=1 1024w, https:\/\/i0.wp.com\/biharugra.reformatus.hu\/wp-content\/uploads\/2020\/10\/DSC07273-scaled.jpg?resize=300%2C168&amp;ssl=1 300w, https:\/\/i0.wp.com\/biharugra.reformatus.hu\/wp-content\/uploads\/2020\/10\/DSC07273-scaled.jpg?resize=768%2C431&amp;ssl=1 768w, https:\/\/i0.wp.com\/biharugra.reformatus.hu\/wp-content\/uploads\/2020\/10\/DSC07273-scaled.jpg?resize=1536%2C862&amp;ssl=1 1536w, https:\/\/i0.wp.com\/biharugra.reformatus.hu\/wp-content\/uploads\/2020\/10\/DSC07273-scaled.jpg?resize=2048%2C1150&amp;ssl=1 2048w, https:\/\/i0.wp.com\/biharugra.reformatus.hu\/wp-content\/uploads\/2020\/10\/DSC07273-scaled.jpg?resize=640%2C359&amp;ssl=1 640w, https:\/\/i0.wp.com\/biharugra.reformatus.hu\/wp-content\/uploads\/2020\/10\/DSC07273-scaled.jpg?resize=265%2C149&amp;ssl=1 265w, https:\/\/i0.wp.com\/biharugra.reformatus.hu\/wp-content\/uploads\/2020\/10\/DSC07273-scaled.jpg?w=1280&amp;ssl=1 1280w, https:\/\/i0.wp.com\/biharugra.reformatus.hu\/wp-content\/uploads\/2020\/10\/DSC07273-scaled.jpg?w=1920&amp;ssl=1 1920w\" sizes=\"auto, (max-width: 640px) 100vw, 640px\" \/><\/figure><\/li><li class=\"blocks-gallery-item\"><figure><img data-recalc-dims=\"1\" loading=\"lazy\" decoding=\"async\" width=\"640\" height=\"359\" data-attachment-id=\"3274\" data-permalink=\"https:\/\/biharugra.reformatus.hu\/?attachment_id=3274\" data-orig-file=\"https:\/\/i0.wp.com\/biharugra.reformatus.hu\/wp-content\/uploads\/2020\/10\/DSC07274-scaled.jpg?fit=2560%2C1437&amp;ssl=1\" data-orig-size=\"2560,1437\" data-comments-opened=\"0\" data-image-meta=\"{&quot;aperture&quot;:&quot;4&quot;,&quot;credit&quot;:&quot;&quot;,&quot;camera&quot;:&quot;ILCE-3000&quot;,&quot;caption&quot;:&quot;&quot;,&quot;created_timestamp&quot;:&quot;1599993878&quot;,&quot;copyright&quot;:&quot;&quot;,&quot;focal_length&quot;:&quot;23&quot;,&quot;iso&quot;:&quot;2000&quot;,&quot;shutter_speed&quot;:&quot;0.00625&quot;,&quot;title&quot;:&quot;&quot;,&quot;orientation&quot;:&quot;1&quot;}\" data-image-title=\"DSC07274\" data-image-description=\"\" data-image-caption=\"\" data-large-file=\"https:\/\/i0.wp.com\/biharugra.reformatus.hu\/wp-content\/uploads\/2020\/10\/DSC07274-scaled.jpg?fit=640%2C359&amp;ssl=1\" src=\"https:\/\/i0.wp.com\/biharugra.reformatus.hu\/wp-content\/uploads\/2020\/10\/DSC07274.jpg?resize=640%2C359&#038;ssl=1\" alt=\"\" data-id=\"3274\" data-full-url=\"https:\/\/biharugra.reformatus.hu\/wp-content\/uploads\/2020\/10\/DSC07274-scaled.jpg\" data-link=\"https:\/\/biharugra.reformatus.hu\/?attachment_id=3274\" class=\"wp-image-3274\" srcset=\"https:\/\/i0.wp.com\/biharugra.reformatus.hu\/wp-content\/uploads\/2020\/10\/DSC07274-scaled.jpg?resize=1024%2C575&amp;ssl=1 1024w, https:\/\/i0.wp.com\/biharugra.reformatus.hu\/wp-content\/uploads\/2020\/10\/DSC07274-scaled.jpg?resize=300%2C168&amp;ssl=1 300w, https:\/\/i0.wp.com\/biharugra.reformatus.hu\/wp-content\/uploads\/2020\/10\/DSC07274-scaled.jpg?resize=768%2C431&amp;ssl=1 768w, https:\/\/i0.wp.com\/biharugra.reformatus.hu\/wp-content\/uploads\/2020\/10\/DSC07274-scaled.jpg?resize=1536%2C862&amp;ssl=1 1536w, https:\/\/i0.wp.com\/biharugra.reformatus.hu\/wp-content\/uploads\/2020\/10\/DSC07274-scaled.jpg?resize=2048%2C1150&amp;ssl=1 2048w, https:\/\/i0.wp.com\/biharugra.reformatus.hu\/wp-content\/uploads\/2020\/10\/DSC07274-scaled.jpg?resize=640%2C359&amp;ssl=1 640w, https:\/\/i0.wp.com\/biharugra.reformatus.hu\/wp-content\/uploads\/2020\/10\/DSC07274-scaled.jpg?resize=265%2C149&amp;ssl=1 265w, https:\/\/i0.wp.com\/biharugra.reformatus.hu\/wp-content\/uploads\/2020\/10\/DSC07274-scaled.jpg?w=1280&amp;ssl=1 1280w, https:\/\/i0.wp.com\/biharugra.reformatus.hu\/wp-content\/uploads\/2020\/10\/DSC07274-scaled.jpg?w=1920&amp;ssl=1 1920w\" sizes=\"auto, (max-width: 640px) 100vw, 640px\" \/><\/figure><\/li><li class=\"blocks-gallery-item\"><figure><img data-recalc-dims=\"1\" loading=\"lazy\" decoding=\"async\" width=\"640\" height=\"359\" data-attachment-id=\"3275\" data-permalink=\"https:\/\/biharugra.reformatus.hu\/?attachment_id=3275\" data-orig-file=\"https:\/\/i0.wp.com\/biharugra.reformatus.hu\/wp-content\/uploads\/2020\/10\/DSC07276-scaled.jpg?fit=2560%2C1437&amp;ssl=1\" data-orig-size=\"2560,1437\" data-comments-opened=\"0\" data-image-meta=\"{&quot;aperture&quot;:&quot;4&quot;,&quot;credit&quot;:&quot;&quot;,&quot;camera&quot;:&quot;ILCE-3000&quot;,&quot;caption&quot;:&quot;&quot;,&quot;created_timestamp&quot;:&quot;1599993882&quot;,&quot;copyright&quot;:&quot;&quot;,&quot;focal_length&quot;:&quot;23&quot;,&quot;iso&quot;:&quot;2500&quot;,&quot;shutter_speed&quot;:&quot;0.00625&quot;,&quot;title&quot;:&quot;&quot;,&quot;orientation&quot;:&quot;1&quot;}\" data-image-title=\"DSC07276\" data-image-description=\"\" data-image-caption=\"\" data-large-file=\"https:\/\/i0.wp.com\/biharugra.reformatus.hu\/wp-content\/uploads\/2020\/10\/DSC07276-scaled.jpg?fit=640%2C359&amp;ssl=1\" src=\"https:\/\/i0.wp.com\/biharugra.reformatus.hu\/wp-content\/uploads\/2020\/10\/DSC07276.jpg?resize=640%2C359&#038;ssl=1\" alt=\"\" data-id=\"3275\" data-full-url=\"https:\/\/biharugra.reformatus.hu\/wp-content\/uploads\/2020\/10\/DSC07276-scaled.jpg\" data-link=\"https:\/\/biharugra.reformatus.hu\/?attachment_id=3275\" class=\"wp-image-3275\" srcset=\"https:\/\/i0.wp.com\/biharugra.reformatus.hu\/wp-content\/uploads\/2020\/10\/DSC07276-scaled.jpg?resize=1024%2C575&amp;ssl=1 1024w, https:\/\/i0.wp.com\/biharugra.reformatus.hu\/wp-content\/uploads\/2020\/10\/DSC07276-scaled.jpg?resize=300%2C168&amp;ssl=1 300w, https:\/\/i0.wp.com\/biharugra.reformatus.hu\/wp-content\/uploads\/2020\/10\/DSC07276-scaled.jpg?resize=768%2C431&amp;ssl=1 768w, https:\/\/i0.wp.com\/biharugra.reformatus.hu\/wp-content\/uploads\/2020\/10\/DSC07276-scaled.jpg?resize=1536%2C862&amp;ssl=1 1536w, https:\/\/i0.wp.com\/biharugra.reformatus.hu\/wp-content\/uploads\/2020\/10\/DSC07276-scaled.jpg?resize=2048%2C1150&amp;ssl=1 2048w, https:\/\/i0.wp.com\/biharugra.reformatus.hu\/wp-content\/uploads\/2020\/10\/DSC07276-scaled.jpg?resize=640%2C359&amp;ssl=1 640w, https:\/\/i0.wp.com\/biharugra.reformatus.hu\/wp-content\/uploads\/2020\/10\/DSC07276-scaled.jpg?resize=265%2C149&amp;ssl=1 265w, https:\/\/i0.wp.com\/biharugra.reformatus.hu\/wp-content\/uploads\/2020\/10\/DSC07276-scaled.jpg?w=1280&amp;ssl=1 1280w, https:\/\/i0.wp.com\/biharugra.reformatus.hu\/wp-content\/uploads\/2020\/10\/DSC07276-scaled.jpg?w=1920&amp;ssl=1 1920w\" sizes=\"auto, (max-width: 640px) 100vw, 640px\" \/><\/figure><\/li><li class=\"blocks-gallery-item\"><figure><img data-recalc-dims=\"1\" loading=\"lazy\" decoding=\"async\" width=\"640\" height=\"359\" data-attachment-id=\"3276\" data-permalink=\"https:\/\/biharugra.reformatus.hu\/?attachment_id=3276\" data-orig-file=\"https:\/\/i0.wp.com\/biharugra.reformatus.hu\/wp-content\/uploads\/2020\/10\/DSC07277-scaled.jpg?fit=2560%2C1437&amp;ssl=1\" data-orig-size=\"2560,1437\" data-comments-opened=\"0\" data-image-meta=\"{&quot;aperture&quot;:&quot;4&quot;,&quot;credit&quot;:&quot;&quot;,&quot;camera&quot;:&quot;ILCE-3000&quot;,&quot;caption&quot;:&quot;&quot;,&quot;created_timestamp&quot;:&quot;1599993917&quot;,&quot;copyright&quot;:&quot;&quot;,&quot;focal_length&quot;:&quot;20&quot;,&quot;iso&quot;:&quot;1000&quot;,&quot;shutter_speed&quot;:&quot;0.00625&quot;,&quot;title&quot;:&quot;&quot;,&quot;orientation&quot;:&quot;1&quot;}\" data-image-title=\"DSC07277\" data-image-description=\"\" data-image-caption=\"\" data-large-file=\"https:\/\/i0.wp.com\/biharugra.reformatus.hu\/wp-content\/uploads\/2020\/10\/DSC07277-scaled.jpg?fit=640%2C359&amp;ssl=1\" src=\"https:\/\/i0.wp.com\/biharugra.reformatus.hu\/wp-content\/uploads\/2020\/10\/DSC07277.jpg?resize=640%2C359&#038;ssl=1\" alt=\"\" data-id=\"3276\" data-full-url=\"https:\/\/biharugra.reformatus.hu\/wp-content\/uploads\/2020\/10\/DSC07277-scaled.jpg\" data-link=\"https:\/\/biharugra.reformatus.hu\/?attachment_id=3276\" class=\"wp-image-3276\" srcset=\"https:\/\/i0.wp.com\/biharugra.reformatus.hu\/wp-content\/uploads\/2020\/10\/DSC07277-scaled.jpg?resize=1024%2C575&amp;ssl=1 1024w, https:\/\/i0.wp.com\/biharugra.reformatus.hu\/wp-content\/uploads\/2020\/10\/DSC07277-scaled.jpg?resize=300%2C168&amp;ssl=1 300w, https:\/\/i0.wp.com\/biharugra.reformatus.hu\/wp-content\/uploads\/2020\/10\/DSC07277-scaled.jpg?resize=768%2C431&amp;ssl=1 768w, https:\/\/i0.wp.com\/biharugra.reformatus.hu\/wp-content\/uploads\/2020\/10\/DSC07277-scaled.jpg?resize=1536%2C862&amp;ssl=1 1536w, https:\/\/i0.wp.com\/biharugra.reformatus.hu\/wp-content\/uploads\/2020\/10\/DSC07277-scaled.jpg?resize=2048%2C1150&amp;ssl=1 2048w, https:\/\/i0.wp.com\/biharugra.reformatus.hu\/wp-content\/uploads\/2020\/10\/DSC07277-scaled.jpg?resize=640%2C359&amp;ssl=1 640w, https:\/\/i0.wp.com\/biharugra.reformatus.hu\/wp-content\/uploads\/2020\/10\/DSC07277-scaled.jpg?resize=265%2C149&amp;ssl=1 265w, https:\/\/i0.wp.com\/biharugra.reformatus.hu\/wp-content\/uploads\/2020\/10\/DSC07277-scaled.jpg?w=1280&amp;ssl=1 1280w, https:\/\/i0.wp.com\/biharugra.reformatus.hu\/wp-content\/uploads\/2020\/10\/DSC07277-scaled.jpg?w=1920&amp;ssl=1 1920w\" sizes=\"auto, (max-width: 640px) 100vw, 640px\" \/><\/figure><\/li><\/ul><\/figure>\n\n\n<\/div>\n","protected":false},"excerpt":{"rendered":"<div class=\"entry-summary\" itemprop=\"text\">\n<p>EGYH-KCP-18-P-0054 Kedvezm\u00e9nyezett neve: Biharugrai Reform\u00e1tus Egyh\u00e1zk\u00f6zs\u00e9g Projekt c\u00edme: Fejleszt\u00e9s \u00e9s m\u0171k\u00f6d\u00e9si c\u00e9l\u00fa t\u00e1mogat\u00e1s Szerz\u0151d\u00f6tt t\u00e1mogat\u00e1s \u00f6sszege: 7.500.000 Ft T\u00e1mogat\u00e1s m\u00e9rt\u00e9ke: 100% Projekt tervezett\/t\u00e9nyleges befejez\u00e9si id\u0151pontja: 2020.12.31. Projekt azonos\u00edt\u00f3 sz\u00e1ma: EGYH-KCP-18-P-0054 Projekt tartalm\u00e1nak bemutat\u00e1sa: Projekt\u00fcnkben egyh\u00e1zk\u00f6zs\u00e9g\u00fcnk tulajdon\u00e1ban l\u00e9v\u0151 reform\u00e1tus par\u00f3kia fel\u00faj\u00edt\u00e1sa val\u00f3sul meg, mely \u00e1ltal a helyi k\u00f6z\u00f6ss\u00e9g\u00fcnk hit\u00e9leti tev\u00e9kenys\u00e9g\u00e9t, valamint kultur\u00e1lis k\u00f6z\u00f6ss\u00e9g\u00e9p\u00edt\u0151 tev\u00e9kenys\u00e9gek megval\u00f3sul\u00e1s\u00e1t seg\u00edti. &#8230;<\/p>\n\n<\/div>\n","protected":false},"author":1,"featured_media":0,"parent":0,"menu_order":0,"comment_status":"closed","ping_status":"closed","template":"","meta":{"footnotes":""},"class_list":["post-3271","page","type-page","status-publish","hentry","entry-lead"],"jetpack_shortlink":"https:\/\/wp.me\/P9cS46-QL","jetpack-related-posts":[{"id":3248,"url":"https:\/\/biharugra.reformatus.hu\/?page_id=3248","url_meta":{"origin":3271,"position":0},"title":"EGYH-KCP-18-P-0054 \/eszk\u00f6z\u00f6k\/","author":"Webmester","date":"2020.10.12.","format":false,"excerpt":"EGYH-KCP-18-P-0054 Kedvezm\u00e9nyezett neve: Biharugrai Reform\u00e1tus Egyh\u00e1zk\u00f6zs\u00e9g Projekt c\u00edme: Fejleszt\u00e9s \u00e9s m\u0171k\u00f6d\u00e9si c\u00e9l\u00fa t\u00e1mogat\u00e1s Szerz\u0151d\u00f6tt t\u00e1mogat\u00e1s \u00f6sszege: 2.455.303 Ft T\u00e1mogat\u00e1s m\u00e9rt\u00e9ke: 100% Projekt tervezett\/t\u00e9nyleges befejez\u00e9si id\u0151pontja: 2020.09.31. Projekt azonos\u00edt\u00f3 sz\u00e1ma: EGYH-KCP-18-P-0054 Projekt tartalm\u00e1nak bemutat\u00e1sa: A projektben egyh\u00e1zk\u00f6zs\u00e9g\u00fcnk meger\u0151s\u00f6d\u00e9s\u00e9hez k\u00edv\u00e1njuk a sz\u00fcks\u00e9ges infrastruktur\u00e1lis h\u00e1tteret megteremteni, mely \u00e1ltal a helyi k\u00f6z\u00f6ss\u00e9g\u00fcnk hit\u00e9leti tev\u00e9kenys\u00e9ge,\u2026","rel":"","context":"Similar post","block_context":{"text":"Similar post","link":""},"img":{"alt_text":"","src":"https:\/\/i0.wp.com\/biharugra.reformatus.hu\/wp-content\/uploads\/2020\/10\/DSC_0440-1-scaled.jpg?resize=350%2C200","width":350,"height":200,"srcset":"https:\/\/i0.wp.com\/biharugra.reformatus.hu\/wp-content\/uploads\/2020\/10\/DSC_0440-1-scaled.jpg?resize=350%2C200 1x, https:\/\/i0.wp.com\/biharugra.reformatus.hu\/wp-content\/uploads\/2020\/10\/DSC_0440-1-scaled.jpg?resize=525%2C300 1.5x, https:\/\/i0.wp.com\/biharugra.reformatus.hu\/wp-content\/uploads\/2020\/10\/DSC_0440-1-scaled.jpg?resize=700%2C400 2x, https:\/\/i0.wp.com\/biharugra.reformatus.hu\/wp-content\/uploads\/2020\/10\/DSC_0440-1-scaled.jpg?resize=1050%2C600 3x, https:\/\/i0.wp.com\/biharugra.reformatus.hu\/wp-content\/uploads\/2020\/10\/DSC_0440-1-scaled.jpg?resize=1400%2C800 4x"},"classes":[]},{"id":3187,"url":"https:\/\/biharugra.reformatus.hu\/?page_id=3187","url_meta":{"origin":3271,"position":1},"title":"VP6-7.2.1-7.4.1.1-16","author":"Webmester","date":"2020.08.27.","format":false,"excerpt":"Biharugra egyh\u00e1zi telep\u00fcl\u00e9sk\u00e9pet meghat\u00e1roz\u00f3 \u00e9p\u00fcleteinek fejleszt\u00e9se Kedvezm\u00e9nyezett neve: Biharugrai Reform\u00e1tus Egyh\u00e1zk\u00f6zs\u00e9g P\u00e1ly\u00e1zati felh\u00edv\u00e1s neve, k\u00f3dsz\u00e1ma: A vid\u00e9ki t\u00e9rs\u00e9gek kism\u00e9ret\u0171 infrastrukt\u00far\u00e1j\u00e1nak \u00e9s alapvet\u0151 szolg\u00e1ltat\u00e1sainak fejleszt\u00e9s\u00e9re Telep\u00fcl\u00e9sk\u00e9pet meghat\u00e1roz\u00f3 \u00e9p\u00fcletek k\u00fcls\u0151 rekonstrukci\u00f3ja, t\u00f6bbfunkci\u00f3s k\u00f6z\u00f6ss\u00e9gi t\u00e9r l\u00e9trehoz\u00e1sa, fejleszt\u00e9se, energetikai korszer\u0171s\u00edt\u00e9s - VP6-7.2.1-7.4.1.1-16 Projekt c\u00edme: \u201eBiharugra egyh\u00e1zi telep\u00fcl\u00e9sk\u00e9pet meghat\u00e1roz\u00f3 \u00e9p\u00fcleteinek fejleszt\u00e9se\u201d Projekt azonos\u00edt\u00f3ja: 1775412993 A\u2026","rel":"","context":"Similar post","block_context":{"text":"Similar post","link":""},"img":{"alt_text":"","src":"https:\/\/i0.wp.com\/biharugra.reformatus.hu\/wp-content\/uploads\/2020\/11\/Sz%C3%A9cheny-log%C3%B3-1.png?resize=350%2C200&ssl=1","width":350,"height":200,"srcset":"https:\/\/i0.wp.com\/biharugra.reformatus.hu\/wp-content\/uploads\/2020\/11\/Sz%C3%A9cheny-log%C3%B3-1.png?resize=350%2C200&ssl=1 1x, https:\/\/i0.wp.com\/biharugra.reformatus.hu\/wp-content\/uploads\/2020\/11\/Sz%C3%A9cheny-log%C3%B3-1.png?resize=525%2C300&ssl=1 1.5x, https:\/\/i0.wp.com\/biharugra.reformatus.hu\/wp-content\/uploads\/2020\/11\/Sz%C3%A9cheny-log%C3%B3-1.png?resize=700%2C400&ssl=1 2x"},"classes":[]},{"id":3715,"url":"https:\/\/biharugra.reformatus.hu\/?page_id=3715","url_meta":{"origin":3271,"position":2},"title":"MFP-EKEB\/2022","author":"Webmester","date":"2024.04.16.","format":false,"excerpt":"MFP-EKEB\/2022 SZAKMAI BESZ\u00c1MOL\u00d3 a Magyar Falu Program keret\u00e9ben meghirdetett, \u201eEgyh\u00e1zi k\u00f6z\u00f6ss\u00e9gszervez\u00e9shez kapcsol\u00f3d\u00f3 eszk\u00f6zbeszerz\u00e9s \u00e9s k\u00f6z\u00f6ss\u00e9gszervez\u0151 b\u00e9rt\u00e1mogat\u00e1sa\u201d c\u00edm\u0171, MFP-EKEB\/2022 k\u00f3dsz\u00e1m\u00fa p\u00e1ly\u00e1zati ki\u00edr\u00e1sra beny\u00fajtott, 3345524428 iratazonos\u00edt\u00f3sz\u00e1mon nyilv\u00e1ntartott projekthez Biharugrai Reform\u00e1tus Egyh\u00e1zk\u00f6zs\u00e9g 2022.02.05. napon t\u00e1mogat\u00e1si k\u00e9relmet ny\u00fajtott be a Magyar Falu Program keret\u00e9ben meghirdetett, \u201eEgyh\u00e1zi k\u00f6z\u00f6ss\u00e9gszervez\u00e9shez kapcsol\u00f3d\u00f3 eszk\u00f6zbeszerz\u00e9s \u00e9s k\u00f6z\u00f6ss\u00e9gszervez\u0151 b\u00e9rt\u00e1mogat\u00e1sa - 2022\u201d\u2026","rel":"","context":"Similar post","block_context":{"text":"Similar post","link":""},"img":{"alt_text":"","src":"https:\/\/i0.wp.com\/biharugra.reformatus.hu\/wp-content\/uploads\/2024\/04\/304964413_5261388963929474_6269827510566790097_n.jpg?resize=350%2C200","width":350,"height":200,"srcset":"https:\/\/i0.wp.com\/biharugra.reformatus.hu\/wp-content\/uploads\/2024\/04\/304964413_5261388963929474_6269827510566790097_n.jpg?resize=350%2C200 1x, https:\/\/i0.wp.com\/biharugra.reformatus.hu\/wp-content\/uploads\/2024\/04\/304964413_5261388963929474_6269827510566790097_n.jpg?resize=525%2C300 1.5x, https:\/\/i0.wp.com\/biharugra.reformatus.hu\/wp-content\/uploads\/2024\/04\/304964413_5261388963929474_6269827510566790097_n.jpg?resize=700%2C400 2x, https:\/\/i0.wp.com\/biharugra.reformatus.hu\/wp-content\/uploads\/2024\/04\/304964413_5261388963929474_6269827510566790097_n.jpg?resize=1050%2C600 3x, https:\/\/i0.wp.com\/biharugra.reformatus.hu\/wp-content\/uploads\/2024\/04\/304964413_5261388963929474_6269827510566790097_n.jpg?resize=1400%2C800 4x"},"classes":[]},{"id":521,"url":"https:\/\/biharugra.reformatus.hu\/?page_id=521","url_meta":{"origin":3271,"position":3},"title":"Gy\u00fclekezeti csendes nap Biharugr\u00e1n","author":"Webmester","date":"2014.08.15.","format":false,"excerpt":"Biharugr\u00e1n 2006 \u00f3ta tartanak a reform\u00e1tusok gy\u00fclekezeti csendes napot, a testv\u00e9rgy\u00fclekezetekkel k\u00f6z\u00f6sen, amelyen kor\u00e1bban csak az egyh\u00e1z el\u00f6lj\u00e1r\u00f3k, a presbit\u00e9rium tagjai vettek r\u00e9szt. Ett\u0151l az \u00e9vt\u0151l kezd\u0151d\u0151en \u00fagy d\u00f6nt\u00f6ttek, hogy a gy\u00fclekezet is r\u00e9szt vehet a rendezv\u00e9nyen. Ebben az esztend\u0151ben \u00f6t\u00f6dik esztendeje, hogy a Trianoni szerz\u0151d\u00e9sek ut\u00e1n, 2009-ben \u00fajra megalakult\u2026","rel":"","context":"Similar post","block_context":{"text":"Similar post","link":""},"img":{"alt_text":"","src":"","width":0,"height":0},"classes":[]},{"id":1499,"url":"https:\/\/biharugra.reformatus.hu\/","url_meta":{"origin":3271,"position":4},"title":"Nyit\u00f3lap","author":"Webmester","date":"2017.09.21.","format":false,"excerpt":"\u00a0 \u00a0 \u00a0 \u00a0 Levelez\u00e9si c\u00edm: 5538 Biharugra, Erzs\u00e9bet utca 46.Telefon: +36 20 965 1449E-mail: refbiharugra@gmail.com Istentisztelet: vas\u00e1rnap 10:30 \u00f3rakorBiblia\u00f3ra: cs\u00fct\u00f6rt\u00f6k 16:00 \u00f3rakor\u00c9nekkari pr\u00f3ba: cs\u00fct\u00f6rt\u00f6k 17:00 \u00f3rakor Biharugrai Reform\u00e1tus Egyh\u00e1zk\u00f6zs\u00e9g 54000021-10000245-00000000 \u00a0","rel":"","context":"Similar post","block_context":{"text":"Similar post","link":""},"img":{"alt_text":"","src":"https:\/\/i0.wp.com\/biharugra.reformatus.hu\/wp-content\/uploads\/2017\/09\/Bell.gif?resize=350%2C200&ssl=1","width":350,"height":200},"classes":[]},{"id":13,"url":"https:\/\/biharugra.reformatus.hu\/?page_id=13","url_meta":{"origin":3271,"position":5},"title":"El\u00e9rhet\u0151s\u00e9geink","author":"Webmester","date":"2014.03.31.","format":false,"excerpt":"\u00a0 Levelez\u00e9si c\u00edm: 5538 Biharugra, Erzs\u00e9bet utca 46.Telefon: +36 20 965 1449E-mail: refbiharugra@gmail.com Istentisztelet: vas\u00e1rnap 10:30 \u00f3rakorBiblia\u00f3ra: cs\u00fct\u00f6rt\u00f6k 17:00 \u00f3rakorIfj\u00fas\u00e1gi alkalom: szombat 15:00 \u00f3rakor Biharugrai Reform\u00e1tus Egyh\u00e1zk\u00f6zs\u00e9g 54000021-10000245-00000000 \u00a0\u00a0Adatkezel\u00e9si t\u00e1j\u00e9koztat\u00f3nk itt \u00e9rhet\u0151 el.","rel":"","context":"Similar post","block_context":{"text":"Similar post","link":""},"img":{"alt_text":"","src":"https:\/\/i0.wp.com\/biharugra.reformatus.hu\/wp-content\/uploads\/2014\/04\/BU_cimer.png?resize=350%2C200","width":350,"height":200},"classes":[]}],"jetpack_sharing_enabled":true,"_links":{"self":[{"href":"https:\/\/biharugra.reformatus.hu\/index.php?rest_route=\/wp\/v2\/pages\/3271","targetHints":{"allow":["GET"]}}],"collection":[{"href":"https:\/\/biharugra.reformatus.hu\/index.php?rest_route=\/wp\/v2\/pages"}],"about":[{"href":"https:\/\/biharugra.reformatus.hu\/index.php?rest_route=\/wp\/v2\/types\/page"}],"author":[{"embeddable":true,"href":"https:\/\/biharugra.reformatus.hu\/index.php?rest_route=\/wp\/v2\/users\/1"}],"replies":[{"embeddable":true,"href":"https:\/\/biharugra.reformatus.hu\/index.php?rest_route=%2Fwp%2Fv2%2Fcomments&post=3271"}],"version-history":[{"count":1,"href":"https:\/\/biharugra.reformatus.hu\/index.php?rest_route=\/wp\/v2\/pages\/3271\/revisions"}],"predecessor-version":[{"id":3277,"href":"https:\/\/biharugra.reformatus.hu\/index.php?rest_route=\/wp\/v2\/pages\/3271\/revisions\/3277"}],"wp:attachment":[{"href":"https:\/\/biharugra.reformatus.hu\/index.php?rest_route=%2Fwp%2Fv2%2Fmedia&parent=3271"}],"curies":[{"name":"wp","href":"https:\/\/api.w.org\/{rel}","templated":true}]}}