{"id":381,"date":"2014-04-14T10:07:44","date_gmt":"2014-04-14T08:07:44","guid":{"rendered":"http:\/\/biharugra.reformatus.hu\/?page_id=381"},"modified":"2019-12-31T10:41:07","modified_gmt":"2019-12-31T09:41:07","slug":"bibliak-az-interneten","status":"publish","type":"page","link":"https:\/\/biharugra.reformatus.hu\/?page_id=381","title":{"rendered":"Bibli\u00e1k \u00e9s \u00e1hitatok az interneten"},"content":{"rendered":"<div class=\"entry-content\" itemprop=\"text\">\n<p>&nbsp;<\/p>\n<table>\n<tbody>\n<tr>\n<th><img data-recalc-dims=\"1\" decoding=\"async\" src=\"https:\/\/i0.wp.com\/biharugra.reformatus.hu\/wp-content\/uploads\/2014\/04\/revkaroli_biblia.jpg?w=640\" alt=\"\"><\/th>\n<th><b><a href=\"http:\/\/online-biblia.ro\/\" target=\"_blank\" rel=\"noopener noreferrer\">Revide\u00e1lt K\u00e1roli Biblia<\/a><\/b><\/th>\n<\/tr>\n<tr>\n<th><img data-recalc-dims=\"1\" decoding=\"async\" src=\"https:\/\/i0.wp.com\/biharugra.reformatus.hu\/wp-content\/uploads\/2014\/04\/ufo_biblia.jpg?w=640\" alt=\"\"><\/th>\n<th><b><a href=\"http:\/\/abibliamindenkie.hu\/\" target=\"_blank\" rel=\"noopener noreferrer\">Revide\u00e1lt \u00dajford\u00edt\u00e1s\u00fa Biblia<\/a><\/b><\/th>\n<\/tr>\n<tr>\n<th><img data-recalc-dims=\"1\" decoding=\"async\" src=\"https:\/\/i0.wp.com\/biharugra.reformatus.hu\/wp-content\/uploads\/2014\/04\/refkalauz.jpg?w=640\" alt=\"\"><\/th>\n<th><b><a href=\"https:\/\/www.reformatus.hu\/istentkeresem\/\" target=\"_blank\" rel=\"noopener noreferrer\">Reform\u00e1tus Bibliaolvas\u00f3 Kalauz<\/a><\/b><\/th>\n<\/tr>\n<tr>\n<th><img data-recalc-dims=\"1\" decoding=\"async\" src=\"https:\/\/i0.wp.com\/biharugra.reformatus.hu\/wp-content\/uploads\/2014\/04\/mezasziklabol.jpg?w=640\" alt=\"\"><\/th>\n<th><b><a href=\"https:\/\/honlap.parokia.hu\/tartalom\/kalauz\/4\/\" target=\"_blank\" rel=\"noopener noreferrer\">M\u00e9z a szikl\u00e1b\u00f3l<\/a><\/b><\/th>\n<\/tr>\n<tr>\n<th><img data-recalc-dims=\"1\" decoding=\"async\" src=\"https:\/\/i0.wp.com\/biharugra.reformatus.hu\/wp-content\/uploads\/2014\/04\/maiige.jpg?w=640\" alt=\"\"><\/th>\n<th><b><a href=\"http:\/\/www.maiige.hu\/maiige\" target=\"_blank\" rel=\"noopener noreferrer\">Mai Ige<\/a><\/b><\/th>\n<\/tr>\n<tr>\n<th><img data-recalc-dims=\"1\" decoding=\"async\" src=\"https:\/\/i0.wp.com\/biharugra.reformatus.hu\/wp-content\/uploads\/2014\/04\/csendespercek.jpg?w=640\" alt=\"\"><\/th>\n<th><b><a href=\"http:\/\/www.csendespercek.hu\/\" target=\"_blank\" rel=\"noopener noreferrer\">Csendes Percek<\/a><\/b><\/th>\n<\/tr>\n<tr>\n<th><img data-recalc-dims=\"1\" decoding=\"async\" src=\"https:\/\/i0.wp.com\/biharugra.reformatus.hu\/wp-content\/uploads\/2019\/12\/CE_logo-e1577785135195.png?w=640&#038;ssl=1\" alt=\"\"><\/th>\n<th><b><a href=\"http:\/\/www.ce-union.hu\/napi_bibliaolvaso\" target=\"_blank\" rel=\"noopener noreferrer\">F\u00e9nysugarak<\/a><\/b><\/th>\n<\/tr>\n<tr>\n<th><img data-recalc-dims=\"1\" decoding=\"async\" src=\"https:\/\/i0.wp.com\/biharugra.reformatus.hu\/wp-content\/uploads\/2019\/12\/evangelikus_logo-e1577785194377.png?w=640&#038;ssl=1\" alt=\"\"><\/th>\n<th><b><a href=\"https:\/\/www.evangelikus.hu\/oldal\/a-mai-nap-igei\" width=\"187\" target=\"_blank\" rel=\"noopener noreferrer\">Evang\u00e9likus<\/a><\/b><\/th>\n<\/tr>\n<tr>\n<th><img data-recalc-dims=\"1\" decoding=\"async\" src=\"https:\/\/i0.wp.com\/biharugra.reformatus.hu\/wp-content\/uploads\/2019\/12\/isten_muhelyeben-e1577785235482.png?w=640&#038;ssl=1\" alt=\"\"><\/th>\n<th><b><a href=\"http:\/\/szabotelep.hu\/tapl\/muhely.php\" target=\"_blank\" rel=\"noopener noreferrer\">Isten m\u0171hely\u00e9ben<\/a><\/b><\/th>\n<\/tr>\n<\/tbody>\n<\/table>\n<p>&nbsp;<\/p>\n\n\n<\/div>\n","protected":false},"excerpt":{"rendered":"<div class=\"entry-summary\" itemprop=\"text\">\n<p>&nbsp; Revide\u00e1lt K\u00e1roli Biblia Revide\u00e1lt \u00dajford\u00edt\u00e1s\u00fa Biblia Reform\u00e1tus Bibliaolvas\u00f3 Kalauz M\u00e9z a szikl\u00e1b\u00f3l Mai Ige Csendes Percek F\u00e9nysugarak Evang\u00e9likus Isten m\u0171hely\u00e9ben &nbsp;<\/p>\n\n<\/div>\n","protected":false},"author":1,"featured_media":0,"parent":0,"menu_order":0,"comment_status":"closed","ping_status":"closed","template":"","meta":{"footnotes":""},"class_list":["post-381","page","type-page","status-publish","hentry","entry-lead"],"jetpack_shortlink":"https:\/\/wp.me\/P9cS46-69","jetpack-related-posts":[{"id":406,"url":"https:\/\/biharugra.reformatus.hu\/?page_id=406","url_meta":{"origin":381,"position":0},"title":"Mit jelent az, hogy reform\u00e1tusok vagyunk?","author":"Webmester","date":"2014.04.14.","format":false,"excerpt":"A magyar reform\u00e1tus identit\u00e1s meghat\u00e1roz\u00e1s\u00e1ra mi nem vagyunk illet\u00e9kesek, csak azok, akik egykor (1576) megalkott\u00e1k \u00e9s elfogadt\u00e1k egyh\u00e1zunk hitvall\u00e1sait, majd e hitvall\u00e1sok, mint z\u00e1szl\u00f3 k\u00f6r\u00e9 t\u00f6m\u00f6r\u00fcltek \u2013 olvashat\u00f3 S\u00edpos Ete \u00c1lmos \u00edr\u00e1s\u00e1ban. Ezzel a cikkel indul sorozatunk, amely egy p\u00e1rbesz\u00e9d form\u00e1j\u00e1ban a mai magyar reform\u00e1tus identit\u00e1s k\u00e9rd\u00e9s\u00e9t pr\u00f3b\u00e1lja min\u00e9l t\u00f6bb\u2026","rel":"","context":"Similar post","block_context":{"text":"Similar post","link":""},"img":{"alt_text":"","src":"","width":0,"height":0},"classes":[]},{"id":446,"url":"https:\/\/biharugra.reformatus.hu\/?page_id=446","url_meta":{"origin":381,"position":1},"title":"Ifj\u00fas\u00e1gi csoport","author":"Webmester","date":"2014.04.20.","format":false,"excerpt":"\u00a0 \u00a0","rel":"","context":"Similar post","block_context":{"text":"Similar post","link":""},"img":{"alt_text":"","src":"","width":0,"height":0},"classes":[]}],"jetpack_sharing_enabled":true,"_links":{"self":[{"href":"https:\/\/biharugra.reformatus.hu\/index.php?rest_route=\/wp\/v2\/pages\/381","targetHints":{"allow":["GET"]}}],"collection":[{"href":"https:\/\/biharugra.reformatus.hu\/index.php?rest_route=\/wp\/v2\/pages"}],"about":[{"href":"https:\/\/biharugra.reformatus.hu\/index.php?rest_route=\/wp\/v2\/types\/page"}],"author":[{"embeddable":true,"href":"https:\/\/biharugra.reformatus.hu\/index.php?rest_route=\/wp\/v2\/users\/1"}],"replies":[{"embeddable":true,"href":"https:\/\/biharugra.reformatus.hu\/index.php?rest_route=%2Fwp%2Fv2%2Fcomments&post=381"}],"version-history":[{"count":23,"href":"https:\/\/biharugra.reformatus.hu\/index.php?rest_route=\/wp\/v2\/pages\/381\/revisions"}],"predecessor-version":[{"id":2953,"href":"https:\/\/biharugra.reformatus.hu\/index.php?rest_route=\/wp\/v2\/pages\/381\/revisions\/2953"}],"wp:attachment":[{"href":"https:\/\/biharugra.reformatus.hu\/index.php?rest_route=%2Fwp%2Fv2%2Fmedia&parent=381"}],"curies":[{"name":"wp","href":"https:\/\/api.w.org\/{rel}","templated":true}]}}