{"id":516,"date":"2014-08-15T13:24:52","date_gmt":"2014-08-15T11:24:52","guid":{"rendered":"http:\/\/biharugra.reformatus.hu\/?page_id=516"},"modified":"2017-09-22T11:40:15","modified_gmt":"2017-09-22T10:40:15","slug":"gyerektabor-2014-promenad-hu","status":"publish","type":"page","link":"https:\/\/biharugra.reformatus.hu\/?page_id=516","title":{"rendered":"Gyerekt\u00e1bor &#8211; 2014"},"content":{"rendered":"<div class=\"entry-content\" itemprop=\"text\">\n<p>\u0150szt\u0151l k\u00e9t tan\u00edt\u00f3val tov\u00e1bb folytatj\u00e1k az als\u00f3 tagozatos oktat\u00e1st Biharugr\u00e1n.<\/p>\n<p>V\u00edgh Ilona, Biharugra polg\u00e1rmestere (FIDSZ-KDNP) bejelentette hogy \u0151szt\u0151l k\u00e9t tan\u00edt\u00f3val tov\u00e1bb folytatj\u00e1k az als\u00f3 tagozatos oktat\u00e1st Biharugr\u00e1n \u2013 tudta meg a R\u00e1di\u00f37. A faluban \u00f3ri\u00e1si hagyom\u00e1nyai vannak az oktat\u00e1snak, hiszen \u00fagy tartj\u00e1k, hogy a m\u00falt sz\u00e1zad elej\u00e9n 50 \u00e9ven \u00e1t tan\u00edt\u00f3, Harmati Guszt\u00e1v rektor hat\u00e1sa gener\u00e1ci\u00f3kon \u00e1t tartott. Szab\u00f3 P\u00e1l Kossuth d\u00edjas \u00edr\u00f3 ekk\u00e9ppen \u00edr r\u00f3la: \u201eA falu, Ugra, mindm\u00e1ig \u00e9rzi sz\u00e9thull\u00f3 lelke nyom\u00e1t. Egy ember \u00e9lete megterm\u00e9keny\u00edtett eg\u00e9sz seregnyi paraszti gener\u00e1ci\u00f3t.\u201d. A biharugrai gyerekek tan\u00edttat\u00e1s\u00e1hoz Nagyb\u00f6l\u00f6ni-B\u00f6l\u00f6ny J\u00f3zsef f\u00f6ldbirtokos, a nagyv\u00e1radi sz\u00ednh\u00e1z intend\u00e1nsa, a falu k\u00f6zep\u00e9n \u00e1ll\u00f3 kast\u00e9ly\u00e1t adta \u00e1t a k\u00f6zs\u00e9gnek, amelyet fel\u00faj\u00edtottak \u00e9s a mai napig haszn\u00e1lnak .<\/p>\n<p>Rem\u00e9nyik S\u00e1ndor \u00f3ta tudjuk, hogy a megmarad\u00e1snak k\u00e9t oszlopa van; a templom \u00e9s az iskola, amelyek viszik tov\u00e1bb a nyelvet, a hagyom\u00e1nyt, a gener\u00e1ci\u00f3k sor\u00e1n felhalmozott \u00e9rt\u00e9keket, a tud\u00e1st. Am\u00edg van iskola Biharugr\u00e1n, marad a rem\u00e9ny is, hogy egyszer ism\u00e9t \u00fajraindulhat a fels\u0151 tagozatos oktat\u00e1s.<\/p>\n<p>Biharugr\u00e1n szinte eg\u00e9sz ny\u00e1ron ingyenes t\u00e1borokban nyaralhatnak a gyerekek. Most fejez\u0151d\u00f6tt be a reform\u00e1tus \u00e9s a baptista egyh\u00e1zk\u00f6zs\u00e9g egy-egy hetes t\u00e1bora, amelyet egym\u00e1st seg\u00edtve szerveztek meg.<\/p>\n<p>V\u00edgh Ilona polg\u00e1rmesterrel, az \u00f6nkorm\u00e1nyzat \u00e9p\u00fclet\u00e9b\u0151l, \u00e1ts\u00e9t\u00e1ltunk a par\u00f3ki\u00e1ra, ahol Szab\u00f3 \u00c1rp\u00e1d Csaba reform\u00e1tus tiszteletes a 38 kisiskol\u00e1s t\u00e1boroztat\u00e1s\u00e1r\u00f3l sz\u00e1molt be. A t\u00e1bort ebben az esztend\u0151ben \u00f6sszehangolt\u00e1k a Debrecen Alkot\u00f3 M\u0171hely (dAM) biharugrai tart\u00f3zkod\u00e1s\u00e1val, hogy a feln\u0151ttekkel egy\u00fctt \u00e9rkez\u0151 kicsik bekapcsol\u00f3dhassanak a falu ny\u00e1ri t\u00e1bor\u00e1ba. A falubeli gyerekek mellett, szeretettel l\u00e1tt\u00e1k a ny\u00e1ri sz\u00fcnid\u0151re a nagysz\u00fcl\u0151kh\u00f6z \u00e9rkez\u0151 kisdi\u00e1kokat is. Szab\u00f3 \u00c1rp\u00e1d Csaba reform\u00e1tus tiszteletes elmondta, hogy a Biharugrai Reform\u00e1tus Egyh\u00e1zk\u00f6zs\u00e9g, a Magyarorsz\u00e1gi Reform\u00e1tus Egyh\u00e1z Tisz\u00e1nt\u00fali Egyh\u00e1zker\u00fclete \u00e9s a Biharugrai \u00d6nkorm\u00e1nyzat t\u00e1mogat\u00e1s\u00e1val tudta megval\u00f3s\u00edtani az egy hetes t\u00e1bort \u00e9s hasonl\u00f3 \u00f6sszefog\u00e1s volt a szomsz\u00e9d telken m\u0171k\u00f6d\u0151 baptista k\u00f6z\u00f6ss\u00e9gn\u00e9l is. A t\u00e1borban nagy bar\u00e1ts\u00e1gok \u00e9s \u00e9letre sz\u00f3l\u00f3 \u00e9lm\u00e9nyek sz\u00fclettek, amelyhez Biharugra p\u00e1ratlan k\u00f6rnyezete is hozz\u00e1j\u00e1rult.<\/p>\n<p>Ma kezd\u0151d\u00f6tt az \u00fasz\u00f3t\u00e1bor \u00e9s augusztusban pedig helyt\u00f6rt\u00e9neti t\u00e1bort szerveznek a gyerekeknek.<\/p>\n<p>Forr\u00e1s: Szil\u00e1gyi Bay P\u00e9ter<br \/>\n<a href=\"http:\/\/promenad.hu\/cikk\/marad-az-iskola-biharugran-145133\" target=\"_blank\" rel=\"noopener\">http:\/\/promenad.hu\/cikk\/marad-az-iskola-biharugran-145133<\/a><\/p>\n\n\n<\/div>\n","protected":false},"excerpt":{"rendered":"<div class=\"entry-summary\" itemprop=\"text\">\n<p>\u0150szt\u0151l k\u00e9t tan\u00edt\u00f3val tov\u00e1bb folytatj\u00e1k az als\u00f3 tagozatos oktat\u00e1st Biharugr\u00e1n. V\u00edgh Ilona, Biharugra polg\u00e1rmestere (FIDSZ-KDNP) bejelentette hogy \u0151szt\u0151l k\u00e9t tan\u00edt\u00f3val tov\u00e1bb folytatj\u00e1k az als\u00f3 tagozatos oktat\u00e1st Biharugr\u00e1n \u2013 tudta meg a R\u00e1di\u00f37. A faluban \u00f3ri\u00e1si hagyom\u00e1nyai vannak az oktat\u00e1snak, hiszen \u00fagy tartj\u00e1k, hogy a m\u00falt sz\u00e1zad elej\u00e9n 50 \u00e9ven \u00e1t tan\u00edt\u00f3, Harmati Guszt\u00e1v rektor hat\u00e1sa &#8230;<\/p>\n\n<\/div>\n","protected":false},"author":1,"featured_media":0,"parent":0,"menu_order":0,"comment_status":"closed","ping_status":"closed","template":"","meta":{"footnotes":""},"class_list":["post-516","page","type-page","status-publish","hentry","entry-lead"],"jetpack_shortlink":"https:\/\/wp.me\/P9cS46-8k","jetpack-related-posts":[{"id":521,"url":"https:\/\/biharugra.reformatus.hu\/?page_id=521","url_meta":{"origin":516,"position":0},"title":"Gy\u00fclekezeti csendes nap Biharugr\u00e1n","author":"Webmester","date":"2014.08.15.","format":false,"excerpt":"Biharugr\u00e1n 2006 \u00f3ta tartanak a reform\u00e1tusok gy\u00fclekezeti csendes napot, a testv\u00e9rgy\u00fclekezetekkel k\u00f6z\u00f6sen, amelyen kor\u00e1bban csak az egyh\u00e1z el\u00f6lj\u00e1r\u00f3k, a presbit\u00e9rium tagjai vettek r\u00e9szt. Ett\u0151l az \u00e9vt\u0151l kezd\u0151d\u0151en \u00fagy d\u00f6nt\u00f6ttek, hogy a gy\u00fclekezet is r\u00e9szt vehet a rendezv\u00e9nyen. Ebben az esztend\u0151ben \u00f6t\u00f6dik esztendeje, hogy a Trianoni szerz\u0151d\u00e9sek ut\u00e1n, 2009-ben \u00fajra megalakult\u2026","rel":"","context":"Similar post","block_context":{"text":"Similar post","link":""},"img":{"alt_text":"","src":"","width":0,"height":0},"classes":[]},{"id":139,"url":"https:\/\/biharugra.reformatus.hu\/?page_id=139","url_meta":{"origin":516,"position":1},"title":"A gy\u00fclekezet t\u00f6rt\u00e9nete","author":"Webmester","date":"2014.04.11.","format":false,"excerpt":"Ugra \u00e9s k\u00f6rny\u00e9ke feltehet\u0151en a XVI. sz\u00e1zad m\u00e1sodik fel\u00e9ben csatlakozott a reform\u00e1ci\u00f3hoz. Hiteles \u00e9s biztos adataink a kezdetekr\u0151l nincsenek. \"A Magyarorsz\u00e1gi Ev. Ref. Egyh\u00e1z Egyetemes N\u00e9vt\u00e1ra az 1886. \u00e9vre\" c. kiadv\u00e1nyban (Budapest, 1887.) az egyh\u00e1zk\u00f6zs\u00e9g keletkez\u00e9s\u00e9nek \u00e9vek\u00e9nt 1599 szerepel. \"A Magyarorsz\u00e1gi Reform\u00e1tus Egyh\u00e1z Egyetemes N\u00e9vt\u00e1ra az 1912. \u00e9vre\" c. kiadv\u00e1nyban\u2026","rel":"","context":"Similar post","block_context":{"text":"Similar post","link":""},"img":{"alt_text":"","src":"","width":0,"height":0},"classes":[]},{"id":977,"url":"https:\/\/biharugra.reformatus.hu\/?page_id=977","url_meta":{"origin":516,"position":2},"title":"P\u00e9ld\u00e1tlan \u00f6sszefog\u00e1s \u00e9s \u00f6r\u00f6m Biharugr\u00e1n","author":"Webmester","date":"2015.06.23.","format":false,"excerpt":"A biharugrai reform\u00e1tus egyh\u00e1zk\u00f6zs\u00e9g \u00e9let\u00e9ben az elm\u00falt id\u0151ben sz\u00e1mos olyan nagyform\u00e1tum\u00fa esem\u00e9ny t\u00f6rt\u00e9nt, amely a kis k\u00f6z\u00f6ss\u00e9g \u00f6sszetartoz\u00e1s\u00e1t, \u00f6sszefog\u00e1s\u00e1nak erej\u00e9t bizony\u00edtotta. Az itt \u00e9l\u0151 emberek szem\u00e9lyes lehet\u0151s\u00e9g\u00fck f\u00fcggv\u00e9ny\u00e9ben felekezeti hovatartoz\u00e1sukt\u00f3l f\u00fcggetlen\u00fcl adakoz\u00e1ssal, munk\u00e1jukkal, sz\u00edves vend\u00e9gl\u00e1t\u00e1sukkal j\u00e1rultak hozz\u00e1 a telep\u00fcl\u00e9s fejl\u0151d\u00e9s\u00e9hez. \u00daj gy\u00fclekezeti terem \u00e9p\u00fclt \u00e9s k\u00f6zadakoz\u00e1sb\u00f3l meg\u00fajult a harangoz\u00f3szerkezet \u00e9s\u2026","rel":"","context":"Similar post","block_context":{"text":"Similar post","link":""},"img":{"alt_text":"","src":"","width":0,"height":0},"classes":[]},{"id":587,"url":"https:\/\/biharugra.reformatus.hu\/?page_id=587","url_meta":{"origin":516,"position":3},"title":"Tataroz\u00e1s \u00e9s fel\u00faj\u00edt\u00e1si tervek Biharugr\u00e1n","author":"Webmester","date":"2014.08.17.","format":false,"excerpt":"A Tisz\u00e1nt\u00fali Reform\u00e1tus Egyh\u00e1zker\u00fclet egyik legr\u00e9gebbi, a Biharugrai Reform\u00e1tus Egyh\u00e1zk\u00f6zs\u00e9g templom\u00e1nak alapjai az \u00c1rp\u00e1d korra ny\u00falnak vissza. Ma jelent\u0151s fel\u00faj\u00edt\u00e1st terveznek. Az elk\u00e9pz\u00e9sek szerint, a k\u00fcls\u0151 fel\u00faj\u00edt\u00e1si munk\u00e1k mellett, l\u00e1togathat\u00f3v\u00e1 tenn\u00e9k a harangtornyot is, ahonnan p\u00e1ratlan kil\u00e1t\u00e1s ny\u00edlik a k\u00f6zs\u00e9gre \u00e9s a R\u00e9tk\u00f6zre. Keleten pedig, tiszta id\u0151ben, j\u00f3l l\u00e1tsz\u00f3dnak a\u2026","rel":"","context":"Similar post","block_context":{"text":"Similar post","link":""},"img":{"alt_text":"","src":"","width":0,"height":0},"classes":[]},{"id":131,"url":"https:\/\/biharugra.reformatus.hu\/?page_id=131","url_meta":{"origin":516,"position":4},"title":"A ma gy\u00fclekezete","author":"Webmester","date":"2014.04.11.","format":false,"excerpt":"A telep\u00fcl\u00e9s t\u00e1rsadalma, \u00f6sszet\u00e9tele, vall\u00e1shoz val\u00f3 viszonyul\u00e1sa Biharugra k\u00f6zs\u00e9g mez\u0151gazdas\u00e1gb\u00f3l \u00e9l\u0151, hat\u00e1rsz\u00e9li kisk\u00f6zs\u00e9g. Lakoss\u00e1ga el\u00f6reged\u0151, l\u00e9tsz\u00e1mban folyamatosan fogy. Egy \u00e9vtized alatt t\u00f6bb, mint 200 f\u0151vel cs\u00f6kkent a k\u00f6zs\u00e9g lakoss\u00e1ga, s 2014. janu\u00e1r 1-\u00e9n 968 f\u0151 k\u00f6r\u00fcl volt a biharugrai \u00e1lland\u00f3 lakc\u00edm szerint nyilv\u00e1ntartottak sz\u00e1ma. K\u00f6z\u00fcl\u00fck kb. 60 f\u0151 az, aki\u2026","rel":"","context":"Similar post","block_context":{"text":"Similar post","link":""},"img":{"alt_text":"","src":"","width":0,"height":0},"classes":[]},{"id":137,"url":"https:\/\/biharugra.reformatus.hu\/?page_id=137","url_meta":{"origin":516,"position":5},"title":"A templom \u00e9s a par\u00f3kia t\u00f6rt\u00e9nete","author":"Webmester","date":"2014.04.11.","format":false,"excerpt":"A templom \u00e9p\u00fclet\u00e9nek t\u00f6rt\u00e9nete \u00a0 \u00a0 \u00a0 Az \u00e9p\u00fclet t\u00f6rt\u00e9nete az \u00c1rp\u00e1d-korig ny\u00falik vissza. A mai templom - a torony \u00e9s a d\u00e9li oldal\u00e1n elhelyezett toldal\u00e9k\u00e9p\u00fclet (porticus) kiv\u00e9tel\u00e9vel - rom\u00e1n kori alapfalakra \u00e9p\u00fclt fel. A f\u00e9lk\u00f6r\u00edves szent\u00e9ly (apszis) k\u00fcls\u0151 oldal\u00e1n legal\u00e1bb 1 - 1,5 m\u00e9ter magass\u00e1gig \u00e1ll a k\u00f6z\u00e9pkori fal,\u2026","rel":"","context":"Similar post","block_context":{"text":"Similar post","link":""},"img":{"alt_text":"","src":"","width":0,"height":0},"classes":[]}],"jetpack_sharing_enabled":true,"_links":{"self":[{"href":"https:\/\/biharugra.reformatus.hu\/index.php?rest_route=\/wp\/v2\/pages\/516","targetHints":{"allow":["GET"]}}],"collection":[{"href":"https:\/\/biharugra.reformatus.hu\/index.php?rest_route=\/wp\/v2\/pages"}],"about":[{"href":"https:\/\/biharugra.reformatus.hu\/index.php?rest_route=\/wp\/v2\/types\/page"}],"author":[{"embeddable":true,"href":"https:\/\/biharugra.reformatus.hu\/index.php?rest_route=\/wp\/v2\/users\/1"}],"replies":[{"embeddable":true,"href":"https:\/\/biharugra.reformatus.hu\/index.php?rest_route=%2Fwp%2Fv2%2Fcomments&post=516"}],"version-history":[{"count":5,"href":"https:\/\/biharugra.reformatus.hu\/index.php?rest_route=\/wp\/v2\/pages\/516\/revisions"}],"predecessor-version":[{"id":1682,"href":"https:\/\/biharugra.reformatus.hu\/index.php?rest_route=\/wp\/v2\/pages\/516\/revisions\/1682"}],"wp:attachment":[{"href":"https:\/\/biharugra.reformatus.hu\/index.php?rest_route=%2Fwp%2Fv2%2Fmedia&parent=516"}],"curies":[{"name":"wp","href":"https:\/\/api.w.org\/{rel}","templated":true}]}}