{"id":587,"date":"2014-08-17T11:56:15","date_gmt":"2014-08-17T09:56:15","guid":{"rendered":"http:\/\/biharugra.reformatus.hu\/?page_id=587"},"modified":"2025-07-10T13:12:50","modified_gmt":"2025-07-10T12:12:50","slug":"2014-tatarozas-es-felujitasi-tervek-biharugran-promenad-hu","status":"publish","type":"page","link":"https:\/\/biharugra.reformatus.hu\/?page_id=587","title":{"rendered":"Tataroz\u00e1s \u00e9s fel\u00faj\u00edt\u00e1si tervek Biharugr\u00e1n"},"content":{"rendered":"<div class=\"entry-content\" itemprop=\"text\">\n<p>A Tisz\u00e1nt\u00fali Reform\u00e1tus Egyh\u00e1zker\u00fclet egyik legr\u00e9gebbi, a Biharugrai Reform\u00e1tus Egyh\u00e1zk\u00f6zs\u00e9g templom\u00e1nak alapjai az \u00c1rp\u00e1d korra ny\u00falnak vissza. Ma jelent\u0151s fel\u00faj\u00edt\u00e1st terveznek. Az elk\u00e9pz\u00e9sek szerint, a k\u00fcls\u0151 fel\u00faj\u00edt\u00e1si munk\u00e1k mellett, l\u00e1togathat\u00f3v\u00e1 tenn\u00e9k a harangtornyot is, ahonnan p\u00e1ratlan kil\u00e1t\u00e1s ny\u00edlik a k\u00f6zs\u00e9gre \u00e9s a R\u00e9tk\u00f6zre. Keleten pedig, tiszta id\u0151ben, j\u00f3l l\u00e1tsz\u00f3dnak a Bihari havasok 1800 m\u00e9teres cs\u00facsai.<\/p>\n<p>Biharugra egy \u00e9vtizede m\u00e9g el\u00f6reged\u0151, mez\u0151gazdas\u00e1gi telep\u00fcl\u00e9snek sz\u00e1m\u00edtott. M\u00e1ra, itt a Tisz\u00e1nt\u00fal keleti szeglet\u00e9ben is hasonl\u00f3 fejleszt\u00e9seket val\u00f3s\u00edtottak meg, mint a Dun\u00e1nt\u00falon. Eur\u00f3pai uni\u00f3s forr\u00e1sokat felhaszn\u00e1lva siker\u00fclt \u00fajj\u00e1\u00e9p\u00edteni a k\u00f6zs\u00e9g piacter\u00e9t, megmentettek t\u00f6bb m\u0171eml\u00e9k jelleg\u0171 \u00e9p\u00fcletet is. A k\u00f6zs\u00e9g er\u0151fesz\u00edt\u00e9sei mellett, a K\u00f6r\u00f6s-Maros Nemzeti Park \u00e9s a biharugrai halastavakon megindul\u00f3 gazd\u00e1lkod\u00e1s is er\u0151s\u00edtette a falut \u2013 t\u00e1j\u00e9koztatott Makra Tibor, Biharugra polg\u00e1rmestere.<\/p>\n<p>A k\u00f6zs\u00e9g t\u00falnyom\u00f3an, ma m\u00e1r lassan 500 \u00e9ve, reform\u00e1tus. Biharugra az els\u0151k k\u00f6z\u00f6tt csatlakozott a reform\u00e1ci\u00f3hoz, templom\u00e1hoz a k\u00f6zs\u00e9g igen ragaszkod\u00f3 ma is. Az elm\u00falt \u00e9vekben technikai \u00e9s adminisztr\u00e1ci\u00f3s hib\u00e1k miatt a templom fel\u00faj\u00edt\u00e1si munk\u00e1i meghi\u00fasultak. A polg\u00e1rmester asszony azonban (FIDESZ-KDNP) \u00f6r\u00f6mmel sz\u00e1molt be arr\u00f3l, hogy lassan m\u00e1r nyolc h\u00f3napja a k\u00f6zs\u00e9gnek \u00f6n\u00e1ll\u00f3 reform\u00e1tus tiszteletese van: Szab\u00f3 \u00c1rp\u00e1d Csaba, akivel egy\u00fcttm\u0171k\u00f6dve \u00fajra\u00edrj\u00e1k a fel\u00faj\u00edt\u00e1shoz sz\u00fcks\u00e9ges p\u00e1ly\u00e1zatot, amelyben a k\u00fcls\u0151 fel\u00faj\u00edt\u00e1si munk\u00e1k mellett a torony l\u00e1togat\u00e1s\u00e1t is szeretn\u00e9k lehet\u0151v\u00e9 tenni.<\/p>\n<p>Ebben nagy seg\u00edts\u00e9get kapnak a K\u00f6r\u00f6s-S\u00e1rr\u00e9t Helyi Akci\u00f3csoportt\u00f3l, hiszen Biharugra tagja a Leader k\u00f6z\u00f6ss\u00e9gnek. Az elm\u00falt esztend\u0151kben a 22 telep\u00fcl\u00e9st t\u00f6m\u00f6r\u00edt\u0151 egyes\u00fcl\u00e9s k\u00f6z\u00fcl a legeredm\u00e9nyesebben Biharugra p\u00e1ly\u00e1zott az eur\u00f3pai uni\u00f3s forr\u00e1sokra \u00e9s azok leh\u00edv\u00e1s\u00e1ra \u2013 t\u00e1j\u00e9koztatott Makra Tibor polg\u00e1rmester. Nagy seg\u00edts\u00e9get kaptak Moln\u00e1r S\u00e1ndort\u00f3l, a csoport eln\u00f6k\u00e9t\u0151l, V\u00e9szt\u0151 polg\u00e1rmester\u00e9t\u0151l \u00e9s a munkaszervezet vezet\u0151j\u00e9t\u0151l, Sz\u00edv\u00f3s L\u00e1szl\u00f3t\u00f3l. A jelenleg is fut\u00f3 p\u00e1ly\u00e1zatok mellett kezdt\u00e9k meg a Reform\u00e1tus Egyh\u00e1zk\u00f6zs\u00e9ggel a templom fel\u00faj\u00edt\u00e1s\u00e1nak el\u0151k\u00e9sz\u00edt\u0151 munk\u00e1latait.<\/p>\n<p>Szab\u00f3 \u00c1rp\u00e1d Csaba reform\u00e1tus lelkip\u00e1sztort a templom torny\u00e1ban tal\u00e1lom meg. Meghagyta, ha \u00e9rkezem, hangosan ki\u00e1ltsak, akkor majd a sepr\u00e9st, miegym\u00e1st abbahagyj\u00e1k. \u201e\u00c1ld\u00e1s, b\u00e9kess\u00e9g!\u201d ki\u00e1ltok fel hangosan, amint a toronyba kanyarod\u00f3 csigal\u00e9pcs\u0151re l\u00e9pek. \u201e\u00c1ld\u00e1s, b\u00e9kess\u00e9g!\u201d \u2013 \u00e9rkezik a v\u00e1lasz.<br \/>\nKanyarg\u00f3, meredek l\u00e9pcs\u0151k\u00f6n indulok felfel\u00e9. \u00c9desany\u00e1m jut eszembe, aki sokat mes\u00e9lt arr\u00f3l, hogy gyerekk\u00e9nt milyen sokat voltak fent, mert a tiszteletes b\u00e1csi megengedte. A konfirm\u00e1ci\u00f3ra k\u00e9sz\u00fcl\u0151d\u00e9s mellett nagyokat j\u00e1tszottak a templomkertben a gyerekek. Fel\u00e9rkezem lassan a templomtoronyba, ahol k\u00e9t harang lakik. Most el\u0151sz\u00f6r l\u00e9pek mell\u00e9j\u00fck. Most l\u00e1tom \u0151ket el\u0151sz\u00f6r, eddig csak a hangjukat hallottam. A kisebbiken t\u00f6bbek k\u00f6z\u00f6tt ez \u00e1ll: \u201eECCLESIA HARANGM\u0170VEK RT. \u00d6NT\u00d6TT ENGEM\u201d.<\/p>\n<p>Szab\u00f3 \u00c1rp\u00e1d Csaba tiszteletest munk\u00e1ba mer\u00fclve, vedrekkel a kez\u00e9ben tal\u00e1lom meg, a gy\u00fclekezet egy fiatalja t\u00e1rsas\u00e1g\u00e1ban. Takar\u00edtunk, mondja. Addig, m\u00edg nem kezd\u0151dnek el a nagy fel\u00faj\u00edt\u00e1si munk\u00e1k, neki fogunk \u00e9s amit le tudunk hordani, vedrekkel a k\u00e9zben, megtessz\u00fck. Toll, por, leselejtezett eszk\u00f6z\u00f6k, miegym\u00e1s, amit a sz\u00e9l \u00e9s az \u00e9vtizedek leraktak, \u00f6sszeszedj\u00fck. Nyolc h\u00f3napja \u00e9rkeztem, v\u00e9gre erre is sor ker\u00fcl. Eddig Bel\u00e9nyessonkolyoson, Bihar megy\u00e9ben teljes\u00edtettem szolg\u00e1latot \u00e9s sok tennival\u00f3val \u00e9rkeztem feles\u00e9gemmel, h\u00e1rom gyermekemmel Biharugr\u00e1ra. A tiszteletessel a harangokt\u00f3l feljebb m\u00e1szunk, r\u00e9gi \u00e1csok, k\u0151m\u0171vesek munk\u00e1ja \u00fczen a m\u00faltb\u00f3l, k\u00f6zt\u00fck volt Mez\u0151sasr\u00f3l \u00e9desap\u00e1m egyik nagyb\u00e1tyja is.<\/p>\n<p>Szab\u00f3 \u00c1rp\u00e1d Csaba lelkip\u00e1sztor terveir\u0151l mes\u00e9l. Ek\u00f6zben a torony n\u00e9gy oldal\u00e1n \u00e1ll\u00f3 torony\u00f3ra mutat\u00f3i is megmozdulnak. M\u0171k\u00f6dnek, mert a szerkezet\u00fcket siker\u00fcl megmozd\u00edtanunk a tiszteletessel. J\u00f3 jel. Itt is, ott is akad egy-egy \u00e9rdekes hossz\u00fa vasr\u00fad, amelyet \u00f6sszeszedve r\u00e1j\u00f6v\u00fcnk, hogy a torony\u00f3ra valamikor sz\u00e9tszedett rudazatai lehetnek. K\u00f6zben felfigyel\u00fcnk a lejjebb tal\u00e1lhat\u00f3 \u00f3raszerkezetre is, amely r\u00e9gi id\u0151kb\u0151l k\u00f6sz\u00f6n r\u00e1nk, m\u00e9g a felh\u00faz\u00f3 karja is mellette fekszik.<\/p>\n<p>Szab\u00f3 \u00c1rp\u00e1d Csaba lelkip\u00e1sztor elmondja, hogy m\u00e9ly reform\u00e1tus gy\u00f6kerekkel rendelkez\u0151 gy\u00fclekezetbe \u00e9rkezett. Biharugr\u00e1ra elmondhat\u00f3, hogy hitvall\u00f3, hiszen nem csak a hagyom\u00e1nyokat tartja, hanem tudja is a hit\u00e9let alapjait. A k\u00f6z\u00f6ss\u00e9g \u00f6sszetart\u00f3 \u00e9s k\u00f6zs\u00e9g k\u00f6zep\u00e9n \u00e1ll\u00f3 templom \u00e9s a par\u00f3kia egy kicsit mindenki\u00e9 is. A faluban ma is term\u00e9szetes, ha meghallj\u00e1k, hogy harangoznak, felkapj\u00e1k a fej\u00fcket az emberek, hogy d\u00e9l van \u00e9s a templom fel\u00e9 fordulnak. Ehhez a templomhoz k\u00f6t\u0151dnek a biharugraiak, ez\u00e9rt engedni kell, hogy a vas\u00e1rnapi istentiszteleteken t\u00fal is bej\u00f6hessenek az emberek. Amellett persze, hogy \u0151t mindig meg lehet tal\u00e1lni &#8211; mosolyog.<\/p>\n<p>A templomtorony l\u00e1togat\u00e1s\u00e1ra tett l\u00e9p\u00e9sekkel az egyh\u00e1z is azon van, hogy n\u00f6velje, seg\u00edtse a falu turisztikai vonzerej\u00e9t. A nemzeti park programjai, a falu kultur\u00e1lis rendezv\u00e9nyei, \u00fajabb \u00e9s \u00fajabb fesztiv\u00e1ljai mellett azonban arra is energi\u00e1t kellene ford\u00edtani, hogy hosszabb id\u0151 elt\u00f6lt\u00e9s\u00e9re is lehet\u0151s\u00e9g ny\u00edlhasson Biharugr\u00e1n. Ehhez azonban a gazdas\u00e1gi t\u00e1rsas\u00e1goknak is l\u00e9pnie kellene, mint p\u00e9ld\u00e1ul a biharugrai horg\u00e1szati turizmus ki\u00e9p\u00edt\u00e9se.<\/p>\n<p>Solt\u00e9sz J\u00e1nos, egykori lelkip\u00e1sztor az 1842-ben \u00edrott &#8222;Jegyz\u00e9s&#8221;-\u00e9ben ezt \u00edrja: &#8222;&#8230; a most fenn\u00e1ll\u00f3 Templomnak, melly 1772-ik \u00e9vben \u00e9p\u00fclt, fundamentuma mikori, azt hom\u00e1ly fedi. Besz\u00e9lik azt is ugyan, ezen mostani Templom el\u0151tt vala egy s\u00f6v\u00e9nyb\u0151l k\u00e9sz\u00fclt Templom a mostaninak fundamentam\u00e1ra \u00e9p\u00edtve\u2026\u201d<\/p>\n<p>A fel\u00faj\u00edt\u00e1s sor\u00e1n h\u00e1tha titkaib\u00f3l is felfed az \u00c1rp\u00e1d kori templom\u2026\u2026.<\/p>\n<p>Forr\u00e1s:<br \/>\nSzil\u00e1gyi Bay P\u00e9ter<br \/>\n<a href=\"http:\/\/promenad.hu\/cikk\/tatarozas-es-felujitasi-tervek-biharugran-145876\" target=\"_blank\" rel=\"noopener\">http:\/\/promenad.hu\/cikk\/tatarozas-es-felujitasi-tervek-biharugran-145876<\/a><\/p>\n\n\n<\/div>\n","protected":false},"excerpt":{"rendered":"<div class=\"entry-summary\" itemprop=\"text\">\n<p>A Tisz\u00e1nt\u00fali Reform\u00e1tus Egyh\u00e1zker\u00fclet egyik legr\u00e9gebbi, a Biharugrai Reform\u00e1tus Egyh\u00e1zk\u00f6zs\u00e9g templom\u00e1nak alapjai az \u00c1rp\u00e1d korra ny\u00falnak vissza. Ma jelent\u0151s fel\u00faj\u00edt\u00e1st terveznek. Az elk\u00e9pz\u00e9sek szerint, a k\u00fcls\u0151 fel\u00faj\u00edt\u00e1si munk\u00e1k mellett, l\u00e1togathat\u00f3v\u00e1 tenn\u00e9k a harangtornyot is, ahonnan p\u00e1ratlan kil\u00e1t\u00e1s ny\u00edlik a k\u00f6zs\u00e9gre \u00e9s a R\u00e9tk\u00f6zre. Keleten pedig, tiszta id\u0151ben, j\u00f3l l\u00e1tsz\u00f3dnak a Bihari havasok 1800 m\u00e9teres cs\u00facsai. &#8230;<\/p>\n\n<\/div>\n","protected":false},"author":1,"featured_media":0,"parent":0,"menu_order":0,"comment_status":"closed","ping_status":"closed","template":"","meta":{"footnotes":""},"class_list":["post-587","page","type-page","status-publish","hentry","entry-lead"],"jetpack_shortlink":"https:\/\/wp.me\/P9cS46-9t","jetpack-related-posts":[{"id":516,"url":"https:\/\/biharugra.reformatus.hu\/?page_id=516","url_meta":{"origin":587,"position":0},"title":"Gyerekt\u00e1bor &#8211; 2014","author":"Webmester","date":"2014.08.15.","format":false,"excerpt":"\u0150szt\u0151l k\u00e9t tan\u00edt\u00f3val tov\u00e1bb folytatj\u00e1k az als\u00f3 tagozatos oktat\u00e1st Biharugr\u00e1n. V\u00edgh Ilona, Biharugra polg\u00e1rmestere (FIDSZ-KDNP) bejelentette hogy \u0151szt\u0151l k\u00e9t tan\u00edt\u00f3val tov\u00e1bb folytatj\u00e1k az als\u00f3 tagozatos oktat\u00e1st Biharugr\u00e1n \u2013 tudta meg a R\u00e1di\u00f37. A faluban \u00f3ri\u00e1si hagyom\u00e1nyai vannak az oktat\u00e1snak, hiszen \u00fagy tartj\u00e1k, hogy a m\u00falt sz\u00e1zad elej\u00e9n 50 \u00e9ven \u00e1t\u2026","rel":"","context":"Similar post","block_context":{"text":"Similar post","link":""},"img":{"alt_text":"","src":"","width":0,"height":0},"classes":[]},{"id":141,"url":"https:\/\/biharugra.reformatus.hu\/?page_id=141","url_meta":{"origin":587,"position":1},"title":"A gy\u00fclekezet lelkip\u00e1sztorai","author":"Webmester","date":"2014.04.11.","format":false,"excerpt":"H\u00e1rom \u00e9vsz\u00e1zad reform\u00e1tus lelk\u00e9szei Biharugr\u00e1n 1. Alf\u00f6ldi (Keresztneve ismeretlen) 2. F\u00f6ldesi (Keresztneve ismeretlen) 3. Marosi J\u00e1nos 4. S\u00e1rai Andr\u00e1s 5. B\u00e1tori Istv\u00e1n 6. Marosi J\u00e1nos 7. Hunyadi Istv\u00e1n 8. Tokai J\u00f3zsef 9. Hal\u00e1sz Istv\u00e1n (1765-ig szolg\u00e1lt Ugr\u00e1n), Ugr\u00e1n temett\u00e9k el. 10. H\u00e9ti (H\u00e9tyi) Ferencz (ugrai szolg\u00e1lati ideje: 1765-1774). \"hozatott p\u00fcsp\u00f6ki\u2026","rel":"","context":"Similar post","block_context":{"text":"Similar post","link":""},"img":{"alt_text":"","src":"","width":0,"height":0},"classes":[]},{"id":977,"url":"https:\/\/biharugra.reformatus.hu\/?page_id=977","url_meta":{"origin":587,"position":2},"title":"P\u00e9ld\u00e1tlan \u00f6sszefog\u00e1s \u00e9s \u00f6r\u00f6m Biharugr\u00e1n","author":"Webmester","date":"2015.06.23.","format":false,"excerpt":"A biharugrai reform\u00e1tus egyh\u00e1zk\u00f6zs\u00e9g \u00e9let\u00e9ben az elm\u00falt id\u0151ben sz\u00e1mos olyan nagyform\u00e1tum\u00fa esem\u00e9ny t\u00f6rt\u00e9nt, amely a kis k\u00f6z\u00f6ss\u00e9g \u00f6sszetartoz\u00e1s\u00e1t, \u00f6sszefog\u00e1s\u00e1nak erej\u00e9t bizony\u00edtotta. Az itt \u00e9l\u0151 emberek szem\u00e9lyes lehet\u0151s\u00e9g\u00fck f\u00fcggv\u00e9ny\u00e9ben felekezeti hovatartoz\u00e1sukt\u00f3l f\u00fcggetlen\u00fcl adakoz\u00e1ssal, munk\u00e1jukkal, sz\u00edves vend\u00e9gl\u00e1t\u00e1sukkal j\u00e1rultak hozz\u00e1 a telep\u00fcl\u00e9s fejl\u0151d\u00e9s\u00e9hez. \u00daj gy\u00fclekezeti terem \u00e9p\u00fclt \u00e9s k\u00f6zadakoz\u00e1sb\u00f3l meg\u00fajult a harangoz\u00f3szerkezet \u00e9s\u2026","rel":"","context":"Similar post","block_context":{"text":"Similar post","link":""},"img":{"alt_text":"","src":"","width":0,"height":0},"classes":[]},{"id":3715,"url":"https:\/\/biharugra.reformatus.hu\/?page_id=3715","url_meta":{"origin":587,"position":3},"title":"MFP-EKEB\/2022","author":"Webmester","date":"2024.04.16.","format":false,"excerpt":"MFP-EKEB\/2022 SZAKMAI BESZ\u00c1MOL\u00d3 a Magyar Falu Program keret\u00e9ben meghirdetett, \u201eEgyh\u00e1zi k\u00f6z\u00f6ss\u00e9gszervez\u00e9shez kapcsol\u00f3d\u00f3 eszk\u00f6zbeszerz\u00e9s \u00e9s k\u00f6z\u00f6ss\u00e9gszervez\u0151 b\u00e9rt\u00e1mogat\u00e1sa\u201d c\u00edm\u0171, MFP-EKEB\/2022 k\u00f3dsz\u00e1m\u00fa p\u00e1ly\u00e1zati ki\u00edr\u00e1sra beny\u00fajtott, 3345524428 iratazonos\u00edt\u00f3sz\u00e1mon nyilv\u00e1ntartott projekthez Biharugrai Reform\u00e1tus Egyh\u00e1zk\u00f6zs\u00e9g 2022.02.05. napon t\u00e1mogat\u00e1si k\u00e9relmet ny\u00fajtott be a Magyar Falu Program keret\u00e9ben meghirdetett, \u201eEgyh\u00e1zi k\u00f6z\u00f6ss\u00e9gszervez\u00e9shez kapcsol\u00f3d\u00f3 eszk\u00f6zbeszerz\u00e9s \u00e9s k\u00f6z\u00f6ss\u00e9gszervez\u0151 b\u00e9rt\u00e1mogat\u00e1sa - 2022\u201d\u2026","rel":"","context":"Similar post","block_context":{"text":"Similar post","link":""},"img":{"alt_text":"","src":"https:\/\/i0.wp.com\/biharugra.reformatus.hu\/wp-content\/uploads\/2024\/04\/304964413_5261388963929474_6269827510566790097_n.jpg?resize=350%2C200","width":350,"height":200,"srcset":"https:\/\/i0.wp.com\/biharugra.reformatus.hu\/wp-content\/uploads\/2024\/04\/304964413_5261388963929474_6269827510566790097_n.jpg?resize=350%2C200 1x, https:\/\/i0.wp.com\/biharugra.reformatus.hu\/wp-content\/uploads\/2024\/04\/304964413_5261388963929474_6269827510566790097_n.jpg?resize=525%2C300 1.5x, https:\/\/i0.wp.com\/biharugra.reformatus.hu\/wp-content\/uploads\/2024\/04\/304964413_5261388963929474_6269827510566790097_n.jpg?resize=700%2C400 2x, https:\/\/i0.wp.com\/biharugra.reformatus.hu\/wp-content\/uploads\/2024\/04\/304964413_5261388963929474_6269827510566790097_n.jpg?resize=1050%2C600 3x, https:\/\/i0.wp.com\/biharugra.reformatus.hu\/wp-content\/uploads\/2024\/04\/304964413_5261388963929474_6269827510566790097_n.jpg?resize=1400%2C800 4x"},"classes":[]},{"id":3187,"url":"https:\/\/biharugra.reformatus.hu\/?page_id=3187","url_meta":{"origin":587,"position":4},"title":"VP6-7.2.1-7.4.1.1-16","author":"Webmester","date":"2020.08.27.","format":false,"excerpt":"Biharugra egyh\u00e1zi telep\u00fcl\u00e9sk\u00e9pet meghat\u00e1roz\u00f3 \u00e9p\u00fcleteinek fejleszt\u00e9se Kedvezm\u00e9nyezett neve: Biharugrai Reform\u00e1tus Egyh\u00e1zk\u00f6zs\u00e9g P\u00e1ly\u00e1zati felh\u00edv\u00e1s neve, k\u00f3dsz\u00e1ma: A vid\u00e9ki t\u00e9rs\u00e9gek kism\u00e9ret\u0171 infrastrukt\u00far\u00e1j\u00e1nak \u00e9s alapvet\u0151 szolg\u00e1ltat\u00e1sainak fejleszt\u00e9s\u00e9re Telep\u00fcl\u00e9sk\u00e9pet meghat\u00e1roz\u00f3 \u00e9p\u00fcletek k\u00fcls\u0151 rekonstrukci\u00f3ja, t\u00f6bbfunkci\u00f3s k\u00f6z\u00f6ss\u00e9gi t\u00e9r l\u00e9trehoz\u00e1sa, fejleszt\u00e9se, energetikai korszer\u0171s\u00edt\u00e9s - VP6-7.2.1-7.4.1.1-16 Projekt c\u00edme: \u201eBiharugra egyh\u00e1zi telep\u00fcl\u00e9sk\u00e9pet meghat\u00e1roz\u00f3 \u00e9p\u00fcleteinek fejleszt\u00e9se\u201d Projekt azonos\u00edt\u00f3ja: 1775412993 A\u2026","rel":"","context":"Similar post","block_context":{"text":"Similar post","link":""},"img":{"alt_text":"","src":"https:\/\/i0.wp.com\/biharugra.reformatus.hu\/wp-content\/uploads\/2020\/11\/Sz%C3%A9cheny-log%C3%B3-1.png?resize=350%2C200&ssl=1","width":350,"height":200,"srcset":"https:\/\/i0.wp.com\/biharugra.reformatus.hu\/wp-content\/uploads\/2020\/11\/Sz%C3%A9cheny-log%C3%B3-1.png?resize=350%2C200&ssl=1 1x, https:\/\/i0.wp.com\/biharugra.reformatus.hu\/wp-content\/uploads\/2020\/11\/Sz%C3%A9cheny-log%C3%B3-1.png?resize=525%2C300&ssl=1 1.5x, https:\/\/i0.wp.com\/biharugra.reformatus.hu\/wp-content\/uploads\/2020\/11\/Sz%C3%A9cheny-log%C3%B3-1.png?resize=700%2C400&ssl=1 2x"},"classes":[]},{"id":521,"url":"https:\/\/biharugra.reformatus.hu\/?page_id=521","url_meta":{"origin":587,"position":5},"title":"Gy\u00fclekezeti csendes nap Biharugr\u00e1n","author":"Webmester","date":"2014.08.15.","format":false,"excerpt":"Biharugr\u00e1n 2006 \u00f3ta tartanak a reform\u00e1tusok gy\u00fclekezeti csendes napot, a testv\u00e9rgy\u00fclekezetekkel k\u00f6z\u00f6sen, amelyen kor\u00e1bban csak az egyh\u00e1z el\u00f6lj\u00e1r\u00f3k, a presbit\u00e9rium tagjai vettek r\u00e9szt. Ett\u0151l az \u00e9vt\u0151l kezd\u0151d\u0151en \u00fagy d\u00f6nt\u00f6ttek, hogy a gy\u00fclekezet is r\u00e9szt vehet a rendezv\u00e9nyen. Ebben az esztend\u0151ben \u00f6t\u00f6dik esztendeje, hogy a Trianoni szerz\u0151d\u00e9sek ut\u00e1n, 2009-ben \u00fajra megalakult\u2026","rel":"","context":"Similar post","block_context":{"text":"Similar post","link":""},"img":{"alt_text":"","src":"","width":0,"height":0},"classes":[]}],"jetpack_sharing_enabled":true,"_links":{"self":[{"href":"https:\/\/biharugra.reformatus.hu\/index.php?rest_route=\/wp\/v2\/pages\/587","targetHints":{"allow":["GET"]}}],"collection":[{"href":"https:\/\/biharugra.reformatus.hu\/index.php?rest_route=\/wp\/v2\/pages"}],"about":[{"href":"https:\/\/biharugra.reformatus.hu\/index.php?rest_route=\/wp\/v2\/types\/page"}],"author":[{"embeddable":true,"href":"https:\/\/biharugra.reformatus.hu\/index.php?rest_route=\/wp\/v2\/users\/1"}],"replies":[{"embeddable":true,"href":"https:\/\/biharugra.reformatus.hu\/index.php?rest_route=%2Fwp%2Fv2%2Fcomments&post=587"}],"version-history":[{"count":5,"href":"https:\/\/biharugra.reformatus.hu\/index.php?rest_route=\/wp\/v2\/pages\/587\/revisions"}],"predecessor-version":[{"id":3893,"href":"https:\/\/biharugra.reformatus.hu\/index.php?rest_route=\/wp\/v2\/pages\/587\/revisions\/3893"}],"wp:attachment":[{"href":"https:\/\/biharugra.reformatus.hu\/index.php?rest_route=%2Fwp%2Fv2%2Fmedia&parent=587"}],"curies":[{"name":"wp","href":"https:\/\/api.w.org\/{rel}","templated":true}]}}