{"id":866,"date":"2015-01-30T22:43:10","date_gmt":"2015-01-30T20:43:10","guid":{"rendered":"http:\/\/biharugra.reformatus.hu\/?page_id=866"},"modified":"2020-01-31T20:48:18","modified_gmt":"2020-01-31T19:48:18","slug":"alkalmi-igehirdetesek","status":"publish","type":"page","link":"https:\/\/biharugra.reformatus.hu\/?page_id=866","title":{"rendered":"Alkalmi igehirdet\u00e9sek"},"content":{"rendered":"<div class=\"entry-content\" itemprop=\"text\">\n<table class=\" table table-bordered table-striped\">\n<tbody>\n<tr>\n<th style=\"text-align: center;\" colspan=\"4\" width=\"75%\" align=\"center\">Alkalmi igehirdet&#xE9;sek<\/th>\n<\/tr>\n<tr>\n<th align=\"center\"><span style=\"text-decoration: underline;\">d&#xE1;tum<\/span><\/th>\n<th align=\"center\"><span style=\"text-decoration: underline;\">alkalom neve &#x2013; szolg&#xE1;l&#xF3;<\/span><\/th>\n<th align=\"center\"><span style=\"text-decoration: underline;\">alapige<\/span><\/th>\n<th align=\"center\"><span style=\"text-decoration: underline;\">mp3<\/span><\/th>\n<\/tr>\n<tr>\n<th align=\"center\">2020.01.31<\/th>\n<th align=\"center\">Imah&#xE9;t 5. &#x2013; Cs&#x171;ry Istv&#xE1;n<\/th>\n<th align=\"center\">ApCsel 28:1,2,7<\/th>\n<th align=\"center\"><a target=\"_blank\" href=\"https:\/\/my.pcloud.com\/publink\/show?code=XZFro2kZuPPokFPzlvp5Vh5YAqg3BywfdYTk\" rel=\"noopener noreferrer\">let&#xF6;lt&#xE9;s<\/a><\/th>\n<\/tr>\n<tr>\n<th align=\"center\">2020.01.30<\/th>\n<th align=\"center\">Imah&#xE9;t 4. &#x2013; Mer&#xE9;nyi Zolt&#xE1;n<\/th>\n<th align=\"center\">Mk 6:30-44<\/th>\n<th align=\"center\"><a target=\"_blank\" href=\"https:\/\/my.pcloud.com\/publink\/show?code=XZMni2kZx0YCfsnYBQYk6qbA8XDA08IV8QoX\" rel=\"noopener noreferrer\">let&#xF6;lt&#xE9;s<\/a><\/th>\n<\/tr>\n<tr>\n<th align=\"center\">2020.01.29<\/th>\n<th align=\"center\">Imah&#xE9;t 3. &#x2013; Szab&#xF3; &#xC1;rp&#xE1;d Csaba<\/th>\n<th align=\"center\">ApCsel 27:23-26<\/th>\n<th align=\"center\"><a target=\"_blank\" href=\"https:\/\/my.pcloud.com\/publink\/show?code=XZl0N2kZbcn7eWaXPoVevM7PK2botBPyAa3y\" rel=\"noopener noreferrer\">let&#xF6;lt&#xE9;s<\/a><\/th>\n<\/tr>\n<tr>\n<th align=\"center\">2020.01.28<\/th>\n<th align=\"center\">Imah&#xE9;t 2. &#x2013; Veres Imre<\/th>\n<th align=\"center\">ApCsel 27:22,27,34<\/th>\n<th align=\"center\"><a target=\"_blank\" href=\"https:\/\/my.pcloud.com\/publink\/show?code=XZE5t2kZroRWQFPXYVFhPG3xUe3X4yijQI17\" rel=\"noopener noreferrer\">let&#xF6;lt&#xE9;s<\/a><\/th>\n<\/tr>\n<tr>\n<th align=\"center\">2020.01.27<\/th>\n<th align=\"center\">Imah&#xE9;t 1. &#x2013; Mikl&#xF3; Istv&#xE1;n Boldizs&#xE1;r<\/th>\n<th align=\"center\">ApCsel 27:18-21<\/th>\n<th align=\"center\"><a target=\"_blank\" href=\"https:\/\/my.pcloud.com\/publink\/show?code=XZbvK2kZ4JaKGgIkep5h0TQL7vlu5QLp1OYX\" rel=\"noopener noreferrer\">let&#xF6;lt&#xE9;s<\/a><\/th>\n<\/tr>\n<tr>\n<th align=\"center\">2019.12.05<\/th>\n<th align=\"center\">Adventi Evangeliz&#xE1;ci&#xF3; 3. &#x2013; Demeter Szil&#xE1;rd<\/th>\n<th align=\"center\">Jn 5:24-25<\/th>\n<th align=\"center\"><a target=\"_blank\" href=\"https:\/\/my.pcloud.com\/publink\/show?code=XZojAmkZO8iyqNPhoK4uTnuRAP32iVNDQ7mk\" rel=\"noopener noreferrer\">let&#xF6;lt&#xE9;s<\/a><\/th>\n<\/tr>\n<tr>\n<th align=\"center\">2019.12.04<\/th>\n<th align=\"center\">Adventi Evangeliz&#xE1;ci&#xF3; 2. &#x2013; Ghitea-Szab&#xF3; J&#xF3;zsef Levente<\/th>\n<th align=\"center\">&#xC9;zs 40:1-5; Lk 3:2-6<\/th>\n<th align=\"center\"><a target=\"_blank\" href=\"https:\/\/my.pcloud.com\/publink\/show?code=XZ1FqmkZUO0Ynm76Fyp1clD5YzmpLjTPdAC7\" rel=\"noopener noreferrer\">let&#xF6;lt&#xE9;s<\/a><\/th>\n<\/tr>\n<tr>\n<th align=\"center\">2019.12.03<\/th>\n<th align=\"center\">Adventi Evangeliz&#xE1;ci&#xF3; 1. &#x2013; dr. Ger&#xE9;b Mikl&#xF3;s<\/th>\n<th align=\"center\">Lk 18:9-14<\/th>\n<th align=\"center\"><a target=\"_blank\" href=\"https:\/\/my.pcloud.com\/publink\/show?code=XZ43xmkZL4lGQevriF5cBQWCkMk7nH15m2lV\" rel=\"noopener noreferrer\">let&#xF6;lt&#xE9;s<\/a><\/th>\n<\/tr>\n<tr>\n<th align=\"center\">2019.02.01<\/th>\n<th align=\"center\">Imah&#xE9;t 5. &#x2013; Farkas Zsolt<\/th>\n<th align=\"center\">Mk 16:14-15<\/th>\n<th align=\"center\"><a target=\"_blank\" href=\"https:\/\/my.pcloud.com\/publink\/show?code=XZn0Tl7Z8Ioq2JLtQ7hRVVPW4GKLqFaHaFnk\" rel=\"noopener noreferrer\">let&#xF6;lt&#xE9;s<\/a><\/th>\n<\/tr>\n<tr>\n<th align=\"center\">2019.01.31<\/th>\n<th align=\"center\">Imah&#xE9;t 4. &#x2013; Veres Imre<\/th>\n<th align=\"center\">Lk 4:16-20<\/th>\n<th align=\"center\"><a target=\"_blank\" href=\"https:\/\/my.pcloud.com\/publink\/show?code=XZpVTl7ZSpTDdYYqLbzHP3c94blpoyyrMPEy\" rel=\"noopener noreferrer\">let&#xF6;lt&#xE9;s<\/a><\/th>\n<\/tr>\n<tr>\n<th align=\"center\">2019.01.30<\/th>\n<th align=\"center\">Imah&#xE9;t 3. &#x2013; P&#xE9;ter Istv&#xE1;n<\/th>\n<th align=\"center\">Zsid 13:1-6<\/th>\n<th align=\"center\"><a target=\"_blank\" href=\"https:\/\/my.pcloud.com\/publink\/show?code=XZSoMl7ZBQYggU8ifsXRC4qmFx3dmbkcVKak\" rel=\"noopener noreferrer\">let&#xF6;lt&#xE9;s<\/a><\/th>\n<\/tr>\n<tr>\n<th align=\"center\">2019.01.29<\/th>\n<th align=\"center\">Imah&#xE9;t 2. &#x2013; Balogh S&#xE1;ndor<\/th>\n<th align=\"center\">Jak 5:12-15<\/th>\n<th align=\"center\"><a target=\"_blank\" href=\"https:\/\/my.pcloud.com\/publink\/show?code=XZT88K7ZMRJvgDvFfdVSucDnAj2AtzMsOz8y\" rel=\"noopener noreferrer\">let&#xF6;lt&#xE9;s<\/a><\/th>\n<\/tr>\n<tr>\n<th align=\"center\">2019.01.28<\/th>\n<th align=\"center\">Imah&#xE9;t 1. &#x2013; F&#xFC;st&#xF6;s Gyula<\/th>\n<th align=\"center\">Mt 5:33-37<\/th>\n<th align=\"center\"><a target=\"_blank\" href=\"https:\/\/my.pcloud.com\/publink\/show?code=XZzgzK7ZWmaf1CIRbMurDBzO5Jgd6fATIzDV\" rel=\"noopener noreferrer\">let&#xF6;lt&#xE9;s<\/a><\/th>\n<\/tr>\n<tr>\n<th align=\"center\">2018.12.06<\/th>\n<th align=\"center\">Adventi Evangeliz&#xE1;ci&#xF3; 3. &#x2013; Szab&#xF3;n&#xE9; Kurucz Timea<\/th>\n<th align=\"center\">1 S&#xE1;m 1:1-20<\/th>\n<th align=\"center\"><a target=\"_blank\" href=\"https:\/\/my.pcloud.com\/publink\/show?code=XZoHuP7ZVJp5D8tzWwmV6n22t13FPbzgNCtk\" rel=\"noopener noreferrer\">let&#xF6;lt&#xE9;s<\/a><\/th>\n<\/tr>\n<tr>\n<th align=\"center\">2018.12.05<\/th>\n<th align=\"center\">Adventi Evangeliz&#xE1;ci&#xF3; 2. &#x2013; Kondor Endre<\/th>\n<th align=\"center\">Mt 11:2-6<\/th>\n<th align=\"center\"><a target=\"_blank\" href=\"https:\/\/my.pcloud.com\/publink\/show?code=XZBpuP7ZUj6B7f91oykAIEFNixAyjJCQh5Dk\" rel=\"noopener noreferrer\">let&#xF6;lt&#xE9;s<\/a><\/th>\n<\/tr>\n<tr>\n<th align=\"center\">2018.12.04<\/th>\n<th align=\"center\">Adventi Evangeliz&#xE1;ci&#xF3; 1. &#x2013; T&#xF3;th Tibor<\/th>\n<th align=\"center\">Lk 13:6-9<\/th>\n<th align=\"center\"><a target=\"_blank\" href=\"https:\/\/my.pcloud.com\/publink\/show?code=XZIJuP7ZqimyXWrJ57YSs2lBAnGzH07BF9Ny\" rel=\"noopener noreferrer\">let&#xF6;lt&#xE9;s<\/a><\/th>\n<\/tr>\n<tr>\n<th align=\"center\">2018.02.02<\/th>\n<th align=\"center\">Imah&#xE9;t 5. &#x2013; Veres Imre<\/th>\n<th align=\"center\">&#xC9;zs 25:1-9<\/th>\n<th align=\"center\"><a target=\"_blank\" href=\"https:\/\/my.pcloud.com\/publink\/show?code=XZo5lz7ZXBhnlcyllXz7mlfuI8c9e70zugc7\" rel=\"noopener noreferrer\">let&#xF6;lt&#xE9;s<\/a><\/th>\n<\/tr>\n<tr>\n<th align=\"center\">2018.02.01<\/th>\n<th align=\"center\">Imah&#xE9;t 4. &#x2013; Szab&#xF3; &#xC1;rp&#xE1;d Csaba<\/th>\n<th align=\"center\">Lk 18:35-43<\/th>\n<th align=\"center\"><a target=\"_blank\" href=\"https:\/\/my.pcloud.com\/publink\/show?code=XZxyBz7ZMt3kBu1U5LFcHGWe3sYs3Rp5hObX\" rel=\"noopener noreferrer\">let&#xF6;lt&#xE9;s<\/a><\/th>\n<\/tr>\n<tr>\n<th align=\"center\">2018.01.31<\/th>\n<th align=\"center\">Imah&#xE9;t 3. &#x2013; Sz&#xE1;sz Zolt&#xE1;n<\/th>\n<th align=\"center\">Jel 7:13-17<\/th>\n<th align=\"center\"><a target=\"_blank\" href=\"https:\/\/my.pcloud.com\/publink\/show?code=XZIlhz7ZyueROh5gc87Ex4sl5t62YfymrtwX\" rel=\"noopener noreferrer\">let&#xF6;lt&#xE9;s<\/a><\/th>\n<\/tr>\n<tr>\n<th align=\"center\">2018.01.30<\/th>\n<th align=\"center\">Imah&#xE9;t 2. &#x2013; Szab&#xF3; P&#xE1;l<\/th>\n<th align=\"center\">Mt 9:18-26<\/th>\n<th align=\"center\"><a target=\"_blank\" href=\"https:\/\/my.pcloud.com\/publink\/show?code=XZwG8z7ZfIBMmrOQwgVb50bJYUnk0LCmjytX\" rel=\"noopener noreferrer\">let&#xF6;lt&#xE9;s<\/a><\/th>\n<\/tr>\n<tr>\n<th align=\"center\">2018.01.29<\/th>\n<th align=\"center\">Imah&#xE9;t 1. &#x2013; Szab&#xF3; L&#xE1;szl&#xF3;<\/th>\n<th align=\"center\">Mk 4:1-9<\/th>\n<th align=\"center\"><a target=\"_blank\" href=\"https:\/\/my.pcloud.com\/publink\/show?code=XZ81Fz7ZvCBYuFh6CSRTfiP7Bel5hfi4mY97\" rel=\"noopener noreferrer\">let&#xF6;lt&#xE9;s<\/a><\/th>\n<\/tr>\n<tr>\n<th align=\"center\">2017.12.07<\/th>\n<th align=\"center\">Adventi Evangeliz&#xE1;ci&#xF3; 3. &#x2013; dr. Dobos &#xC1;goston<\/th>\n<th align=\"center\">&#xC9;zs 43:1-2, 14-21<\/th>\n<th align=\"center\"><a target=\"_blank\" href=\"https:\/\/my.pcloud.com\/publink\/show?code=XZAMo57ZtiOtjHYgtlkK1xY1AYb5ffrf8d6k\" rel=\"noopener noreferrer\">let&#xF6;lt&#xE9;s<\/a><\/th>\n<\/tr>\n<tr>\n<th align=\"center\">2017.12.06<\/th>\n<th align=\"center\">Adventi Evangeliz&#xE1;ci&#xF3; 2. &#x2013; R&#xE9;p&#xE1;si Istv&#xE1;n<\/th>\n<th align=\"center\">1 Kir 19:1-18<\/th>\n<th align=\"center\"><a target=\"_blank\" href=\"https:\/\/my.pcloud.com\/publink\/show?code=XZVva57Z5U9JbMokngjUpdQpinyWpjLIfc3y\" rel=\"noopener noreferrer\">let&#xF6;lt&#xE9;s<\/a><\/th>\n<\/tr>\n<tr>\n<th align=\"center\">2017.12.05<\/th>\n<th align=\"center\">Adventi Evangeliz&#xE1;ci&#xF3; 1. &#x2013; Moh&#xE1;csy Nikoletta<\/th>\n<th align=\"center\">Jn 14:1-7<\/th>\n<th align=\"center\"><a target=\"_blank\" href=\"https:\/\/my.pcloud.com\/publink\/show?code=XZogO57ZYuh7hax29xYJmLfRy8Q3nVaJ0auV\" rel=\"noopener noreferrer\">let&#xF6;lt&#xE9;s<\/a><\/th>\n<\/tr>\n<tr>\n<th align=\"center\">2017.01.27<\/th>\n<th align=\"center\">Imah&#xE9;t 5. &#x2013; B&#xE1;n Alp&#xE1;r<\/th>\n<th align=\"center\">Rm 5:6-11<\/th>\n<th align=\"center\"><a href=\"https:\/\/drive.google.com\/uc?export=download&amp;id=0B45EkTlhppYeSEVTY2JvNmVuMEk\">let&#xF6;lt&#xE9;s<\/a><\/th>\n<\/tr>\n<tr>\n<th align=\"center\">2017.01.26<\/th>\n<th align=\"center\">Imah&#xE9;t 4. &#x2013; Pentaller Attila<\/th>\n<th align=\"center\">Kol 3:9-17<\/th>\n<th align=\"center\"><a href=\"https:\/\/drive.google.com\/uc?export=download&amp;id=0B45EkTlhppYeVWtVTVk2cXh1QVU\">let&#xF6;lt&#xE9;s<\/a><\/th>\n<\/tr>\n<tr>\n<th align=\"center\">2017.01.25<\/th>\n<th align=\"center\">Imah&#xE9;t 3. &#x2013; Huli S&#xE1;ndor<\/th>\n<th align=\"center\">Lk 9:57-62<\/th>\n<th align=\"center\"><a href=\"https:\/\/drive.google.com\/uc?export=download&amp;id=0B45EkTlhppYebzBEejBXV241S0E\">let&#xF6;lt&#xE9;s<\/a><\/th>\n<\/tr>\n<tr>\n<th align=\"center\">2017.01.24<\/th>\n<th align=\"center\">Imah&#xE9;t 2. &#x2013; T&#xF3;th Zolt&#xE1;n<\/th>\n<th align=\"center\">2 Kor 5:16; Gal 3:3; 1 S&#xE1;m 16:7<\/th>\n<th align=\"center\"><a href=\"https:\/\/drive.google.com\/uc?export=download&amp;id=0B45EkTlhppYeZkR1azhfRUgweGc\">let&#xF6;lt&#xE9;s<\/a><\/th>\n<\/tr>\n<tr>\n<th align=\"center\">2017.01.23<\/th>\n<th align=\"center\">Imah&#xE9;t 1. &#x2013; Huli S&#xE1;ndor<\/th>\n<th align=\"center\">Zsolt 25:1-5<\/th>\n<th align=\"center\"><a href=\"https:\/\/drive.google.com\/uc?export=download&amp;id=0B45EkTlhppYeRHBONXQyLUJLXzg\">let&#xF6;lt&#xE9;s<\/a><\/th>\n<\/tr>\n<tr>\n<th align=\"center\">2016.12.01<\/th>\n<th align=\"center\">Adventi Evangeliz&#xE1;ci&#xF3; 3. &#x2013; Fazakas Ferenc<\/th>\n<th align=\"center\">Mt 25:1-13<\/th>\n<th align=\"center\"><a href=\"https:\/\/drive.google.com\/uc?export=download&amp;id=0B45EkTlhppYeR1NHaHpwRXdIeVE\">let&#xF6;lt&#xE9;s<\/a><\/th>\n<\/tr>\n<tr>\n<th align=\"center\">2016.11.30<\/th>\n<th align=\"center\">Adventi Evangeliz&#xE1;ci&#xF3; 2. &#x2013; Katona Gyula<\/th>\n<th align=\"center\">Jel 3:14-22<\/th>\n<th align=\"center\"><a href=\"https:\/\/drive.google.com\/uc?export=download&amp;id=0B45EkTlhppYeMnlzX2Z5amUzV0k\">let&#xF6;lt&#xE9;s<\/a><\/th>\n<\/tr>\n<tr>\n<th align=\"center\">2016.11.29<\/th>\n<th align=\"center\">Adventi Evangeliz&#xE1;ci&#xF3; 1. &#x2013; Bar&#xE1;th J&#xE1;nos<\/th>\n<th align=\"center\">Mt 11:1-6<\/th>\n<th align=\"center\"><a href=\"https:\/\/drive.google.com\/uc?export=download&amp;id=0B45EkTlhppYeNTU4c29sNnJJYzQ\">let&#xF6;lt&#xE9;s<\/a><\/th>\n<\/tr>\n<tr>\n<th align=\"center\">2016.02.12<\/th>\n<th align=\"center\">Imah&#xE9;t 5. &#x2013; Fut&#xF3; Zolt&#xE1;n<\/th>\n<th align=\"center\">1 M&#xF3;z 37:5-8; Rm 12:9-13<\/th>\n<th align=\"center\"><a href=\"https:\/\/drive.google.com\/uc?export=download&amp;id=0B45EkTlhppYeVUJwSERXam9JS0U\">let&#xF6;lt&#xE9;s<\/a><\/th>\n<\/tr>\n<tr>\n<th align=\"center\">2016.02.11<\/th>\n<th align=\"center\">Imah&#xE9;t 4. &#x2013; Szab&#xF3; &#xC1;rp&#xE1;d Csaba<\/th>\n<th align=\"center\">Rm 10:14<\/th>\n<th align=\"center\"><a href=\"https:\/\/drive.google.com\/uc?export=download&amp;id=0B45EkTlhppYeb0M0VDAyR2FGZlk\">let&#xF6;lt&#xE9;s<\/a><\/th>\n<\/tr>\n<tr>\n<th align=\"center\">2016.02.10<\/th>\n<th align=\"center\">Imah&#xE9;t 3. &#x2013; Marti Mikl&#xF3;s<\/th>\n<th align=\"center\">Jn 13:34-35<\/th>\n<th align=\"center\"><a href=\"https:\/\/drive.google.com\/uc?export=download&amp;id=0B45EkTlhppYeNWlReXItUFYtRlU\">let&#xF6;lt&#xE9;s<\/a><\/th>\n<\/tr>\n<tr>\n<th align=\"center\">2016.02.09<\/th>\n<th align=\"center\">Imah&#xE9;t 2. &#x2013; Kocsis &#xC1;d&#xE1;m<\/th>\n<th align=\"center\">1 Jn 4:16b-21<\/th>\n<th align=\"center\"><a href=\"https:\/\/drive.google.com\/uc?export=download&amp;id=0B45EkTlhppYeZTBNbjZEMklsZHc\">let&#xF6;lt&#xE9;s<\/a><\/th>\n<\/tr>\n<tr>\n<th align=\"center\">2016.02.08<\/th>\n<th align=\"center\">Imah&#xE9;t 1. &#x2013; Huli S&#xE1;ndor<\/th>\n<th align=\"center\">Jn 15:9-12<\/th>\n<th align=\"center\"><a href=\"https:\/\/drive.google.com\/uc?export=download&amp;id=0B45EkTlhppYedWNPMUdvVERNM0E\">let&#xF6;lt&#xE9;s<\/a><\/th>\n<\/tr>\n<tr>\n<th align=\"center\">2015.12.20<\/th>\n<th align=\"center\">Kar&#xE1;csonyi &#xD6;kumenikus Hangverseny<\/th>\n<th align=\"center\">1 M&#xF3;z 1:3; Zsolt 119:105; Jn 1:9<\/th>\n<th align=\"center\"><a href=\"https:\/\/drive.google.com\/uc?export=download&amp;id=0B45EkTlhppYeRkdaYXFtNllhZ3c\">let&#xF6;lt&#xE9;s<\/a><\/th>\n<\/tr>\n<tr>\n<th align=\"center\">2015.11.26<\/th>\n<th align=\"center\">Adventi Evangeliz&#xE1;ci&#xF3; 3.<\/th>\n<th align=\"center\">1M&#xF3;z 41:50-52; Lk 11:39-40<\/th>\n<th align=\"center\"><a href=\"https:\/\/drive.google.com\/uc?export=download&amp;id=0B45EkTlhppYeR0RDQ0ROVTZhdE0\">let&#xF6;lt&#xE9;s<\/a><\/th>\n<\/tr>\n<tr>\n<th align=\"center\">2015.11.25<\/th>\n<th align=\"center\">Adventi Evangeliz&#xE1;ci&#xF3; 2. &#x2013; Mike P&#xE1;l<\/th>\n<th align=\"center\">1M&#xF3;z 41:50-52; Lk 17:14-19<\/th>\n<th align=\"center\"><a href=\"https:\/\/drive.google.com\/uc?export=download&amp;id=0B45EkTlhppYeaW1RR0VlUnZtQjQ\">let&#xF6;lt&#xE9;s<\/a><\/th>\n<\/tr>\n<tr>\n<th align=\"center\">2015.11.24<\/th>\n<th align=\"center\">Adventi Evangeliz&#xE1;ci&#xF3; 1. &#x2013; Horv&#xE1;th Levente<\/th>\n<th align=\"center\">Kol 1:12-18<\/th>\n<th align=\"center\"><a href=\"https:\/\/drive.google.com\/uc?export=download&amp;id=0B45EkTlhppYeaFcwZGQyY1FZdUk\">let&#xF6;lt&#xE9;s<\/a><\/th>\n<\/tr>\n<tr>\n<th align=\"center\">2015.01.30<\/th>\n<th align=\"center\">Imah&#xE9;t 5. &#x2013; Berke Eszter<\/th>\n<th align=\"center\">Jn 4:28-30;39-42<\/th>\n<th align=\"center\">let&#xF6;lt&#xE9;s<\/th>\n<\/tr>\n<tr>\n<th align=\"center\">2015.01.29<\/th>\n<th align=\"center\">Imah&#xE9;t 4. &#x2013; Szab&#xF3; &#xC1;rp&#xE1;d Csaba<\/th>\n<th align=\"center\">Jn 4:13-14<\/th>\n<th align=\"center\">let&#xF6;lt&#xE9;s<\/th>\n<\/tr>\n<tr>\n<th align=\"center\">2015.01.28<\/th>\n<th align=\"center\">Imah&#xE9;t 3. &#x2013; Huli S&#xE1;ndor<\/th>\n<th align=\"center\">Jn 4:7-15<\/th>\n<th align=\"center\">let&#xF6;lt&#xE9;s<\/th>\n<\/tr>\n<tr>\n<th align=\"center\">2015.01.27<\/th>\n<th align=\"center\">Imah&#xE9;t 2. &#x2013; Kov&#xE1;csn&#xE9; Farkas Zsuzsanna<\/th>\n<th align=\"center\">Jn 4:25-30<\/th>\n<th align=\"center\">let&#xF6;lt&#xE9;s<\/th>\n<\/tr>\n<tr>\n<th align=\"center\">2015.01.26<\/th>\n<th align=\"center\">Imah&#xE9;t 1. &#x2013; Szab&#xF3; &#xC1;rp&#xE1;d Csaba<\/th>\n<th align=\"center\">Jn 4:4<\/th>\n<th align=\"center\">let&#xF6;lt&#xE9;s<\/th>\n<\/tr>\n<\/tbody>\n<\/table>\n<p><center><span style=\"font-size: large;\">Az igehirdet\u00e9sek meghallgat\u00e1sa,<\/span><br \/>\n<span style=\"font-size: xx-large;\"><span style=\"text-decoration: underline;\">NEM P\u00d3TOLJA<\/span><\/span><span style=\"font-size: large;\"><br \/>\nIsten, gy\u00fclekezeti k\u00f6z\u00f6ss\u00e9gben megnyerhet\u0151 \u00e1ld\u00e1sait!<br \/>\n<i>V\u00e1rjuk szeretettel!<\/i><\/span><\/center><\/p>\n\n\n<\/div>\n","protected":false},"excerpt":{"rendered":"<div class=\"entry-summary\" itemprop=\"text\">\n<p>Az igehirdet\u00e9sek meghallgat\u00e1sa, NEM P\u00d3TOLJA Isten, gy\u00fclekezeti k\u00f6z\u00f6ss\u00e9gben megnyerhet\u0151 \u00e1ld\u00e1sait! V\u00e1rjuk szeretettel!<\/p>\n\n<\/div>\n","protected":false},"author":1,"featured_media":0,"parent":0,"menu_order":0,"comment_status":"closed","ping_status":"closed","template":"","meta":{"footnotes":""},"class_list":["post-866","page","type-page","status-publish","hentry","entry-lead"],"jetpack_shortlink":"https:\/\/wp.me\/P9cS46-dY","jetpack-related-posts":[{"id":111,"url":"https:\/\/biharugra.reformatus.hu\/?page_id=111","url_meta":{"origin":866,"position":0},"title":"Igehirdet\u00e9sek 2014","author":"Webmester","date":"2014.04.01.","format":false,"excerpt":"Az igehirdet\u00e9sek meghallgat\u00e1sa, NEM P\u00d3TOLJAIsten, gy\u00fclekezeti k\u00f6z\u00f6ss\u00e9gben megnyerhet\u0151 \u00e1ld\u00e1sait! V\u00e1rjuk szeretettel!","rel":"","context":"Similar post","block_context":{"text":"Similar post","link":""},"img":{"alt_text":"","src":"","width":0,"height":0},"classes":[]},{"id":2932,"url":"https:\/\/biharugra.reformatus.hu\/?page_id=2932","url_meta":{"origin":866,"position":1},"title":"Igehirdet\u00e9sek 2020","author":"Webmester","date":"2019.12.31.","format":false,"excerpt":"Az igehirdet\u00e9sek meghallgat\u00e1sa, NEM P\u00d3TOLJA Isten, gy\u00fclekezeti k\u00f6z\u00f6ss\u00e9gben megnyerhet\u0151 \u00e1ld\u00e1sait! V\u00e1rjuk szeretettel!","rel":"","context":"Similar post","block_context":{"text":"Similar post","link":""},"img":{"alt_text":"","src":"","width":0,"height":0},"classes":[]},{"id":788,"url":"https:\/\/biharugra.reformatus.hu\/?page_id=788","url_meta":{"origin":866,"position":2},"title":"Igehirdet\u00e9sek 2015","author":"Webmester","date":"2015.01.02.","format":false,"excerpt":"Az igehirdet\u00e9sek meghallgat\u00e1sa, NEM P\u00d3TOLJAIsten, gy\u00fclekezeti k\u00f6z\u00f6ss\u00e9gben megnyerhet\u0151 \u00e1ld\u00e1sait! V\u00e1rjuk szeretettel!","rel":"","context":"Similar post","block_context":{"text":"Similar post","link":""},"img":{"alt_text":"","src":"","width":0,"height":0},"classes":[]},{"id":2163,"url":"https:\/\/biharugra.reformatus.hu\/?page_id=2163","url_meta":{"origin":866,"position":3},"title":"Igehirdet\u00e9sek 2018","author":"Webmester","date":"2017.12.31.","format":false,"excerpt":"Az igehirdet\u00e9sek meghallgat\u00e1sa, NEM P\u00d3TOLJA Isten, gy\u00fclekezeti k\u00f6z\u00f6ss\u00e9gben megnyerhet\u0151 \u00e1ld\u00e1sait! V\u00e1rjuk szeretettel!","rel":"","context":"Similar post","block_context":{"text":"Similar post","link":""},"img":{"alt_text":"","src":"","width":0,"height":0},"classes":[]},{"id":2593,"url":"https:\/\/biharugra.reformatus.hu\/?page_id=2593","url_meta":{"origin":866,"position":4},"title":"Igehirdet\u00e9sek 2019","author":"Webmester","date":"2019.01.02.","format":false,"excerpt":"Az igehirdet\u00e9sek meghallgat\u00e1sa, NEM P\u00d3TOLJA Isten, gy\u00fclekezeti k\u00f6z\u00f6ss\u00e9gben megnyerhet\u0151 \u00e1ld\u00e1sait! V\u00e1rjuk szeretettel!","rel":"","context":"Similar post","block_context":{"text":"Similar post","link":""},"img":{"alt_text":"","src":"","width":0,"height":0},"classes":[]},{"id":1213,"url":"https:\/\/biharugra.reformatus.hu\/?page_id=1213","url_meta":{"origin":866,"position":5},"title":"Igehirdet\u00e9sek 2016","author":"Webmester","date":"2016.01.05.","format":false,"excerpt":"Az igehirdet\u00e9sek meghallgat\u00e1sa, NEM P\u00d3TOLJAIsten, gy\u00fclekezeti k\u00f6z\u00f6ss\u00e9gben megnyerhet\u0151 \u00e1ld\u00e1sait! V\u00e1rjuk szeretettel!","rel":"","context":"Similar post","block_context":{"text":"Similar post","link":""},"img":{"alt_text":"","src":"","width":0,"height":0},"classes":[]}],"jetpack_sharing_enabled":true,"_links":{"self":[{"href":"https:\/\/biharugra.reformatus.hu\/index.php?rest_route=\/wp\/v2\/pages\/866","targetHints":{"allow":["GET"]}}],"collection":[{"href":"https:\/\/biharugra.reformatus.hu\/index.php?rest_route=\/wp\/v2\/pages"}],"about":[{"href":"https:\/\/biharugra.reformatus.hu\/index.php?rest_route=\/wp\/v2\/types\/page"}],"author":[{"embeddable":true,"href":"https:\/\/biharugra.reformatus.hu\/index.php?rest_route=\/wp\/v2\/users\/1"}],"replies":[{"embeddable":true,"href":"https:\/\/biharugra.reformatus.hu\/index.php?rest_route=%2Fwp%2Fv2%2Fcomments&post=866"}],"version-history":[{"count":70,"href":"https:\/\/biharugra.reformatus.hu\/index.php?rest_route=\/wp\/v2\/pages\/866\/revisions"}],"predecessor-version":[{"id":2999,"href":"https:\/\/biharugra.reformatus.hu\/index.php?rest_route=\/wp\/v2\/pages\/866\/revisions\/2999"}],"wp:attachment":[{"href":"https:\/\/biharugra.reformatus.hu\/index.php?rest_route=%2Fwp%2Fv2%2Fmedia&parent=866"}],"curies":[{"name":"wp","href":"https:\/\/api.w.org\/{rel}","templated":true}]}}