{"id":952,"date":"2015-06-05T09:17:03","date_gmt":"2015-06-05T08:17:03","guid":{"rendered":"http:\/\/biharugra.reformatus.hu\/?page_id=952"},"modified":"2017-09-22T11:05:02","modified_gmt":"2017-09-22T10:05:02","slug":"2015-halaado-istentisztelet-europa-radio","status":"publish","type":"page","link":"https:\/\/biharugra.reformatus.hu\/?page_id=952","title":{"rendered":"H\u00e1laad\u00f3 Istentisztelet"},"content":{"rendered":"<div class=\"entry-content\" itemprop=\"text\">\n<ul>\n<li>H\u00e1laad\u00f3 Istentisztelet\u00fcnk beharangoz\u00f3ja az Eur\u00f3pa R\u00e1di\u00f3ban &#8211; 2015. j\u00fanius 5.<\/li>\n<\/ul>\n<p>Biharugra reform\u00e1tus templom\u00e1nak torny\u00e1ban hossz\u00fa id\u0151 ut\u00e1n ett\u0151l az \u00e9vr\u0151l \u00fajra sz\u00f3lnak a harangok, \u00e9s \u00fajra j\u00e1r a torony\u00f3ra is. A szerkezeteket a helyi k\u00f6z\u00f6ss\u00e9g felaj\u00e1nl\u00e1saib\u00f3l tett\u00e9k \u00e9vtizedes sz\u00fcnet ut\u00e1n ism\u00e9t m\u0171k\u00f6d\u0151k\u00e9pess\u00e9. A megval\u00f3sult fel\u00faj\u00edt\u00e1sok\u00e9rt vas\u00e1rnap h\u00e1laad\u00f3 istentiszteleten mondanak k\u00f6sz\u00f6netet. Az alkalmon arr\u00f3l is megeml\u00e9keznek, hogy 10 \u00e9ve siker\u00fclt fel\u00e9p\u00edteni a reform\u00e1tusok sz\u00e1m\u00e1ra a gy\u00fclekezeti h\u00e1zat, ami az\u00f3ta is a k\u00f6z\u00f6ss\u00e9gi \u00e9let meghat\u00e1roz\u00f3 k\u00f6zpontja. A kis telep\u00fcl\u00e9s lelkip\u00e1sztor\u00e1val, Szab\u00f3 \u00c1rp\u00e1d Csab\u00e1val ennek aprop\u00f3j\u00e1n besz\u00e9lgetett Ol\u00e1h Ilona.<\/p>\n<audio class=\"wp-audio-shortcode\" id=\"audio-952-1\" preload=\"none\" style=\"width: 100%;\" controls=\"controls\"><source type=\"audio\/mpeg\" src=\"https:\/\/googledrive.com\/host\/0B45EkTlhppYeanVnS3V3SmFUXzg\/Biharugra_halaado_beharangozo_Europa_Radio.mp3?_=1\" \/><a href=\"https:\/\/googledrive.com\/host\/0B45EkTlhppYeanVnS3V3SmFUXzg\/Biharugra_halaado_beharangozo_Europa_Radio.mp3\">https:\/\/googledrive.com\/host\/0B45EkTlhppYeanVnS3V3SmFUXzg\/Biharugra_halaado_beharangozo_Europa_Radio.mp3<\/a><\/audio>\n\n\n<\/div>\n","protected":false},"excerpt":{"rendered":"<div class=\"entry-summary\" itemprop=\"text\">\n<p>H\u00e1laad\u00f3 Istentisztelet\u00fcnk beharangoz\u00f3ja az Eur\u00f3pa R\u00e1di\u00f3ban &#8211; 2015. j\u00fanius 5. Biharugra reform\u00e1tus templom\u00e1nak torny\u00e1ban hossz\u00fa id\u0151 ut\u00e1n ett\u0151l az \u00e9vr\u0151l \u00fajra sz\u00f3lnak a harangok, \u00e9s \u00fajra j\u00e1r a torony\u00f3ra is. A szerkezeteket a helyi k\u00f6z\u00f6ss\u00e9g felaj\u00e1nl\u00e1saib\u00f3l tett\u00e9k \u00e9vtizedes sz\u00fcnet ut\u00e1n ism\u00e9t m\u0171k\u00f6d\u0151k\u00e9pess\u00e9. A megval\u00f3sult fel\u00faj\u00edt\u00e1sok\u00e9rt vas\u00e1rnap h\u00e1laad\u00f3 istentiszteleten mondanak k\u00f6sz\u00f6netet. Az alkalmon arr\u00f3l is megeml\u00e9keznek, &#8230;<\/p>\n\n<\/div>\n","protected":false},"author":1,"featured_media":0,"parent":0,"menu_order":0,"comment_status":"closed","ping_status":"closed","template":"","meta":{"footnotes":""},"class_list":["post-952","page","type-page","status-publish","hentry","entry-lead"],"jetpack_shortlink":"https:\/\/wp.me\/P9cS46-fm","jetpack-related-posts":[{"id":3271,"url":"https:\/\/biharugra.reformatus.hu\/?page_id=3271","url_meta":{"origin":952,"position":0},"title":"EGYH-KCP-18-P-0054 \/ker\u00edt\u00e9s\/","author":"Webmester","date":"2020.10.12.","format":false,"excerpt":"EGYH-KCP-18-P-0054 Kedvezm\u00e9nyezett neve: Biharugrai Reform\u00e1tus Egyh\u00e1zk\u00f6zs\u00e9g Projekt c\u00edme: Fejleszt\u00e9s \u00e9s m\u0171k\u00f6d\u00e9si c\u00e9l\u00fa t\u00e1mogat\u00e1s Szerz\u0151d\u00f6tt t\u00e1mogat\u00e1s \u00f6sszege: 7.500.000 Ft T\u00e1mogat\u00e1s m\u00e9rt\u00e9ke: 100% Projekt tervezett\/t\u00e9nyleges befejez\u00e9si id\u0151pontja: 2020.12.31. Projekt azonos\u00edt\u00f3 sz\u00e1ma: EGYH-KCP-18-P-0054 Projekt tartalm\u00e1nak bemutat\u00e1sa: Projekt\u00fcnkben egyh\u00e1zk\u00f6zs\u00e9g\u00fcnk tulajdon\u00e1ban l\u00e9v\u0151 reform\u00e1tus par\u00f3kia fel\u00faj\u00edt\u00e1sa val\u00f3sul meg, mely \u00e1ltal a helyi k\u00f6z\u00f6ss\u00e9g\u00fcnk hit\u00e9leti tev\u00e9kenys\u00e9g\u00e9t, valamint\u2026","rel":"","context":"Similar post","block_context":{"text":"Similar post","link":""},"img":{"alt_text":"","src":"https:\/\/i0.wp.com\/biharugra.reformatus.hu\/wp-content\/uploads\/2020\/10\/DSC07256-scaled.jpg?resize=350%2C200","width":350,"height":200,"srcset":"https:\/\/i0.wp.com\/biharugra.reformatus.hu\/wp-content\/uploads\/2020\/10\/DSC07256-scaled.jpg?resize=350%2C200 1x, https:\/\/i0.wp.com\/biharugra.reformatus.hu\/wp-content\/uploads\/2020\/10\/DSC07256-scaled.jpg?resize=525%2C300 1.5x, https:\/\/i0.wp.com\/biharugra.reformatus.hu\/wp-content\/uploads\/2020\/10\/DSC07256-scaled.jpg?resize=700%2C400 2x, https:\/\/i0.wp.com\/biharugra.reformatus.hu\/wp-content\/uploads\/2020\/10\/DSC07256-scaled.jpg?resize=1050%2C600 3x, https:\/\/i0.wp.com\/biharugra.reformatus.hu\/wp-content\/uploads\/2020\/10\/DSC07256-scaled.jpg?resize=1400%2C800 4x"},"classes":[]},{"id":977,"url":"https:\/\/biharugra.reformatus.hu\/?page_id=977","url_meta":{"origin":952,"position":1},"title":"P\u00e9ld\u00e1tlan \u00f6sszefog\u00e1s \u00e9s \u00f6r\u00f6m Biharugr\u00e1n","author":"Webmester","date":"2015.06.23.","format":false,"excerpt":"A biharugrai reform\u00e1tus egyh\u00e1zk\u00f6zs\u00e9g \u00e9let\u00e9ben az elm\u00falt id\u0151ben sz\u00e1mos olyan nagyform\u00e1tum\u00fa esem\u00e9ny t\u00f6rt\u00e9nt, amely a kis k\u00f6z\u00f6ss\u00e9g \u00f6sszetartoz\u00e1s\u00e1t, \u00f6sszefog\u00e1s\u00e1nak erej\u00e9t bizony\u00edtotta. Az itt \u00e9l\u0151 emberek szem\u00e9lyes lehet\u0151s\u00e9g\u00fck f\u00fcggv\u00e9ny\u00e9ben felekezeti hovatartoz\u00e1sukt\u00f3l f\u00fcggetlen\u00fcl adakoz\u00e1ssal, munk\u00e1jukkal, sz\u00edves vend\u00e9gl\u00e1t\u00e1sukkal j\u00e1rultak hozz\u00e1 a telep\u00fcl\u00e9s fejl\u0151d\u00e9s\u00e9hez. \u00daj gy\u00fclekezeti terem \u00e9p\u00fclt \u00e9s k\u00f6zadakoz\u00e1sb\u00f3l meg\u00fajult a harangoz\u00f3szerkezet \u00e9s\u2026","rel":"","context":"Similar post","block_context":{"text":"Similar post","link":""},"img":{"alt_text":"","src":"","width":0,"height":0},"classes":[]},{"id":1696,"url":"https:\/\/biharugra.reformatus.hu\/?page_id=1696","url_meta":{"origin":952,"position":2},"title":"\u00d6kumenikus \u00e9nekcsoport","author":"Webmester","date":"2017.09.22.","format":false,"excerpt":"Szeretn\u00e9k \u00e9nekelni N\u00e9ked \u00a0 Szeretn\u00e9k \u00e9nekelni N\u00e9ked, Uram, nyisd meg az ajkamat, hogy szent legyen mindig az \u00e9nek, amely sz\u00edvemb\u0151l felfakad. \u00a0 Hadd zengjem el, hogy sz\u00e1zszor \u00e1ldott keresztedn\u00e9l ki megpihen, hadd zengjem el, hogy megtal\u00e1lt ott s b\u00e9k\u00e9re lelt az \u00e9n sz\u00edvem. \u00a0 Szeretn\u00e9k \u00e9nekelni m\u00e1snak hogy N\u00e9ked \u00e9nekelni\u2026","rel":"","context":"Similar post","block_context":{"text":"Similar post","link":""},"img":{"alt_text":"","src":"https:\/\/i0.wp.com\/biharugra.reformatus.hu\/wp-content\/uploads\/2017\/09\/22015628_124895474837275_1490268778_o-1024x683.jpg?resize=350%2C200","width":350,"height":200,"srcset":"https:\/\/i0.wp.com\/biharugra.reformatus.hu\/wp-content\/uploads\/2017\/09\/22015628_124895474837275_1490268778_o-1024x683.jpg?resize=350%2C200 1x, https:\/\/i0.wp.com\/biharugra.reformatus.hu\/wp-content\/uploads\/2017\/09\/22015628_124895474837275_1490268778_o-1024x683.jpg?resize=525%2C300 1.5x"},"classes":[]},{"id":3248,"url":"https:\/\/biharugra.reformatus.hu\/?page_id=3248","url_meta":{"origin":952,"position":3},"title":"EGYH-KCP-18-P-0054 \/eszk\u00f6z\u00f6k\/","author":"Webmester","date":"2020.10.12.","format":false,"excerpt":"EGYH-KCP-18-P-0054 Kedvezm\u00e9nyezett neve: Biharugrai Reform\u00e1tus Egyh\u00e1zk\u00f6zs\u00e9g Projekt c\u00edme: Fejleszt\u00e9s \u00e9s m\u0171k\u00f6d\u00e9si c\u00e9l\u00fa t\u00e1mogat\u00e1s Szerz\u0151d\u00f6tt t\u00e1mogat\u00e1s \u00f6sszege: 2.455.303 Ft T\u00e1mogat\u00e1s m\u00e9rt\u00e9ke: 100% Projekt tervezett\/t\u00e9nyleges befejez\u00e9si id\u0151pontja: 2020.09.31. Projekt azonos\u00edt\u00f3 sz\u00e1ma: EGYH-KCP-18-P-0054 Projekt tartalm\u00e1nak bemutat\u00e1sa: A projektben egyh\u00e1zk\u00f6zs\u00e9g\u00fcnk meger\u0151s\u00f6d\u00e9s\u00e9hez k\u00edv\u00e1njuk a sz\u00fcks\u00e9ges infrastruktur\u00e1lis h\u00e1tteret megteremteni, mely \u00e1ltal a helyi k\u00f6z\u00f6ss\u00e9g\u00fcnk hit\u00e9leti tev\u00e9kenys\u00e9ge,\u2026","rel":"","context":"Similar post","block_context":{"text":"Similar post","link":""},"img":{"alt_text":"","src":"https:\/\/i0.wp.com\/biharugra.reformatus.hu\/wp-content\/uploads\/2020\/10\/DSC_0440-1-scaled.jpg?resize=350%2C200","width":350,"height":200,"srcset":"https:\/\/i0.wp.com\/biharugra.reformatus.hu\/wp-content\/uploads\/2020\/10\/DSC_0440-1-scaled.jpg?resize=350%2C200 1x, https:\/\/i0.wp.com\/biharugra.reformatus.hu\/wp-content\/uploads\/2020\/10\/DSC_0440-1-scaled.jpg?resize=525%2C300 1.5x, https:\/\/i0.wp.com\/biharugra.reformatus.hu\/wp-content\/uploads\/2020\/10\/DSC_0440-1-scaled.jpg?resize=700%2C400 2x, https:\/\/i0.wp.com\/biharugra.reformatus.hu\/wp-content\/uploads\/2020\/10\/DSC_0440-1-scaled.jpg?resize=1050%2C600 3x, https:\/\/i0.wp.com\/biharugra.reformatus.hu\/wp-content\/uploads\/2020\/10\/DSC_0440-1-scaled.jpg?resize=1400%2C800 4x"},"classes":[]},{"id":521,"url":"https:\/\/biharugra.reformatus.hu\/?page_id=521","url_meta":{"origin":952,"position":4},"title":"Gy\u00fclekezeti csendes nap Biharugr\u00e1n","author":"Webmester","date":"2014.08.15.","format":false,"excerpt":"Biharugr\u00e1n 2006 \u00f3ta tartanak a reform\u00e1tusok gy\u00fclekezeti csendes napot, a testv\u00e9rgy\u00fclekezetekkel k\u00f6z\u00f6sen, amelyen kor\u00e1bban csak az egyh\u00e1z el\u00f6lj\u00e1r\u00f3k, a presbit\u00e9rium tagjai vettek r\u00e9szt. Ett\u0151l az \u00e9vt\u0151l kezd\u0151d\u0151en \u00fagy d\u00f6nt\u00f6ttek, hogy a gy\u00fclekezet is r\u00e9szt vehet a rendezv\u00e9nyen. Ebben az esztend\u0151ben \u00f6t\u00f6dik esztendeje, hogy a Trianoni szerz\u0151d\u00e9sek ut\u00e1n, 2009-ben \u00fajra megalakult\u2026","rel":"","context":"Similar post","block_context":{"text":"Similar post","link":""},"img":{"alt_text":"","src":"","width":0,"height":0},"classes":[]},{"id":3715,"url":"https:\/\/biharugra.reformatus.hu\/?page_id=3715","url_meta":{"origin":952,"position":5},"title":"MFP-EKEB\/2022","author":"Webmester","date":"2024.04.16.","format":false,"excerpt":"MFP-EKEB\/2022 SZAKMAI BESZ\u00c1MOL\u00d3 a Magyar Falu Program keret\u00e9ben meghirdetett, \u201eEgyh\u00e1zi k\u00f6z\u00f6ss\u00e9gszervez\u00e9shez kapcsol\u00f3d\u00f3 eszk\u00f6zbeszerz\u00e9s \u00e9s k\u00f6z\u00f6ss\u00e9gszervez\u0151 b\u00e9rt\u00e1mogat\u00e1sa\u201d c\u00edm\u0171, MFP-EKEB\/2022 k\u00f3dsz\u00e1m\u00fa p\u00e1ly\u00e1zati ki\u00edr\u00e1sra beny\u00fajtott, 3345524428 iratazonos\u00edt\u00f3sz\u00e1mon nyilv\u00e1ntartott projekthez Biharugrai Reform\u00e1tus Egyh\u00e1zk\u00f6zs\u00e9g 2022.02.05. napon t\u00e1mogat\u00e1si k\u00e9relmet ny\u00fajtott be a Magyar Falu Program keret\u00e9ben meghirdetett, \u201eEgyh\u00e1zi k\u00f6z\u00f6ss\u00e9gszervez\u00e9shez kapcsol\u00f3d\u00f3 eszk\u00f6zbeszerz\u00e9s \u00e9s k\u00f6z\u00f6ss\u00e9gszervez\u0151 b\u00e9rt\u00e1mogat\u00e1sa - 2022\u201d\u2026","rel":"","context":"Similar post","block_context":{"text":"Similar post","link":""},"img":{"alt_text":"","src":"https:\/\/i0.wp.com\/biharugra.reformatus.hu\/wp-content\/uploads\/2024\/04\/304964413_5261388963929474_6269827510566790097_n.jpg?resize=350%2C200","width":350,"height":200,"srcset":"https:\/\/i0.wp.com\/biharugra.reformatus.hu\/wp-content\/uploads\/2024\/04\/304964413_5261388963929474_6269827510566790097_n.jpg?resize=350%2C200 1x, https:\/\/i0.wp.com\/biharugra.reformatus.hu\/wp-content\/uploads\/2024\/04\/304964413_5261388963929474_6269827510566790097_n.jpg?resize=525%2C300 1.5x, https:\/\/i0.wp.com\/biharugra.reformatus.hu\/wp-content\/uploads\/2024\/04\/304964413_5261388963929474_6269827510566790097_n.jpg?resize=700%2C400 2x, https:\/\/i0.wp.com\/biharugra.reformatus.hu\/wp-content\/uploads\/2024\/04\/304964413_5261388963929474_6269827510566790097_n.jpg?resize=1050%2C600 3x, https:\/\/i0.wp.com\/biharugra.reformatus.hu\/wp-content\/uploads\/2024\/04\/304964413_5261388963929474_6269827510566790097_n.jpg?resize=1400%2C800 4x"},"classes":[]}],"jetpack_sharing_enabled":true,"_links":{"self":[{"href":"https:\/\/biharugra.reformatus.hu\/index.php?rest_route=\/wp\/v2\/pages\/952","targetHints":{"allow":["GET"]}}],"collection":[{"href":"https:\/\/biharugra.reformatus.hu\/index.php?rest_route=\/wp\/v2\/pages"}],"about":[{"href":"https:\/\/biharugra.reformatus.hu\/index.php?rest_route=\/wp\/v2\/types\/page"}],"author":[{"embeddable":true,"href":"https:\/\/biharugra.reformatus.hu\/index.php?rest_route=\/wp\/v2\/users\/1"}],"replies":[{"embeddable":true,"href":"https:\/\/biharugra.reformatus.hu\/index.php?rest_route=%2Fwp%2Fv2%2Fcomments&post=952"}],"version-history":[{"count":8,"href":"https:\/\/biharugra.reformatus.hu\/index.php?rest_route=\/wp\/v2\/pages\/952\/revisions"}],"predecessor-version":[{"id":1679,"href":"https:\/\/biharugra.reformatus.hu\/index.php?rest_route=\/wp\/v2\/pages\/952\/revisions\/1679"}],"wp:attachment":[{"href":"https:\/\/biharugra.reformatus.hu\/index.php?rest_route=%2Fwp%2Fv2%2Fmedia&parent=952"}],"curies":[{"name":"wp","href":"https:\/\/api.w.org\/{rel}","templated":true}]}}